{"id":8325,"date":"2022-05-17T15:14:49","date_gmt":"2022-05-17T15:14:49","guid":{"rendered":"https:\/\/store.eventsmtb.com\/blog\/"},"modified":"2025-08-13T13:35:42","modified_gmt":"2025-08-13T13:35:42","slug":"blog","status":"publish","type":"page","link":"https:\/\/store.eventsmtb.com\/es\/blog\/","title":{"rendered":"Blog"},"content":{"rendered":"\t\t<div data-elementor-type=\"wp-page\" data-elementor-id=\"8325\" class=\"elementor elementor-8325 elementor-261\" data-elementor-post-type=\"page\">\n\t\t\t\t<div class=\"elementor-element elementor-element-de10b08 e-flex e-con-boxed e-con e-parent\" data-id=\"de10b08\" data-element_type=\"container\" data-e-type=\"container\">\n\t\t\t\t\t<div class=\"e-con-inner\">\n\t\t\t\t<div class=\"elementor-element elementor-element-27c4403 elementor-widget elementor-widget-nutreko-post-grid\" data-id=\"27c4403\" data-element_type=\"widget\" data-e-type=\"widget\" data-widget_type=\"nutreko-post-grid.default\">\n\t\t\t\t<div class=\"elementor-widget-container\">\n\t\t\t\t\t            <div class=\"elementor-post-wrapper elementor-post-list\">\n                <div class=\"d-grid\">\n                                                                    <div class=\"grid-item\">\n                                <div class=\"post-inner blog-list\">\n    <div class=\"post-thumbnail\"><img fetchpriority=\"high\" decoding=\"async\" width=\"900\" height=\"600\" src=\"https:\/\/store.eventsmtb.com\/wp-content\/uploads\/2025\/06\/capa-blog.jpg\" class=\"attachment-nutreko-post-grid size-nutreko-post-grid wp-post-image wp-post-image\" alt=\"\" srcset=\"https:\/\/store.eventsmtb.com\/wp-content\/uploads\/2025\/06\/capa-blog.jpg 1167w, https:\/\/store.eventsmtb.com\/wp-content\/uploads\/2025\/06\/capa-blog-500x333.jpg 500w, https:\/\/store.eventsmtb.com\/wp-content\/uploads\/2025\/06\/capa-blog-300x200.jpg 300w, https:\/\/store.eventsmtb.com\/wp-content\/uploads\/2025\/06\/capa-blog-1024x683.jpg 1024w, https:\/\/store.eventsmtb.com\/wp-content\/uploads\/2025\/06\/capa-blog-768x512.jpg 768w\" sizes=\"(max-width: 900px) 100vw, 900px\" \/><\/div>    <div class=\"post-content\">\n        <div class=\"entry-meta\">\n            <div class=\"categories-link\"><span class=\"screen-reader-text\">Categorias<\/span><a href=\"https:\/\/store.eventsmtb.com\/es\/categorias\/consejos\/\" rel=\"category tag\">Consejos<\/a><\/div>          <\/div>\n        <h3 class=\"delta entry-title\"><a href=\"https:\/\/store.eventsmtb.com\/es\/correr-con-calor-consejos-para-correr-en-verano-y-superar-el-calor\/\" rel=\"bookmark\">Correr con calor: \u00a1consejos para correr en verano y superar el calor!<\/a><\/h3>        <div class=\"entry-excerpt\"> <p>Ha llegado el verano y aumentan las ganas de correr al aire libre, ya sea en la ciudad, en el campo o en la monta\u00f1a. Sin embargo, correr en el calor puede convertir un entrenamiento \u00e9pico en una verdadera prueba de resistencia. Por ello, es fundamental seguir algunos consejos para seguir evolucionando sin comprometer la [&hellip;]<\/p>\n<\/div>\n        <div class=\"more-link-wrap\">\n            <a class=\"more-link\" href=\"https:\/\/store.eventsmtb.com\/es\/correr-con-calor-consejos-para-correr-en-verano-y-superar-el-calor\/\"><span>Leer M\u00e1s <\/span><i class=\"nutreko-icon-chevron-right\"><\/i><\/a>        <\/div>\n    <\/div>\n<\/div>                            <\/div>\n                                                                <\/div>\n            <\/div>\n                                    \t\t\t\t<\/div>\n\t\t\t\t<\/div>\n\t\t\t\t<div class=\"elementor-element elementor-element-05ffc5f elementor-widget elementor-widget-nutreko-post-grid\" data-id=\"05ffc5f\" data-element_type=\"widget\" data-e-type=\"widget\" data-widget_type=\"nutreko-post-grid.default\">\n\t\t\t\t<div class=\"elementor-widget-container\">\n\t\t\t\t\t            <div class=\"elementor-post-wrapper elementor-post-grid\">\n                <div class=\"d-grid\">\n                                                                    <div class=\"grid-item\">\n                                <div class=\"post-inner blog-grid\">\n    <div class=\"post-thumbnail\"><div class=\"categories-link\"><a href=\"https:\/\/store.eventsmtb.com\/es\/categorias\/consejos\/\" rel=\"category tag\">Consejos<\/a><\/div><img fetchpriority=\"high\" decoding=\"async\" width=\"900\" height=\"600\" src=\"https:\/\/store.eventsmtb.com\/wp-content\/uploads\/2025\/06\/capa-blog.jpg\" class=\"attachment-nutreko-post-grid size-nutreko-post-grid wp-post-image wp-post-image\" alt=\"\" srcset=\"https:\/\/store.eventsmtb.com\/wp-content\/uploads\/2025\/06\/capa-blog.jpg 1167w, https:\/\/store.eventsmtb.com\/wp-content\/uploads\/2025\/06\/capa-blog-500x333.jpg 500w, https:\/\/store.eventsmtb.com\/wp-content\/uploads\/2025\/06\/capa-blog-300x200.jpg 300w, https:\/\/store.eventsmtb.com\/wp-content\/uploads\/2025\/06\/capa-blog-1024x683.jpg 1024w, https:\/\/store.eventsmtb.com\/wp-content\/uploads\/2025\/06\/capa-blog-768x512.jpg 768w\" sizes=\"(max-width: 900px) 100vw, 900px\" \/><\/div>    <div class=\"post-content\">\n        <h3 class=\"omega entry-title\"><a href=\"https:\/\/store.eventsmtb.com\/es\/correr-con-calor-consejos-para-correr-en-verano-y-superar-el-calor\/\" rel=\"bookmark\">Correr con calor: \u00a1consejos para correr en verano y superar el calor!<\/a><\/h3>        <div class=\"entry-excerpt\"> <p>Ha llegado el verano y aumentan las ganas de correr al aire libre, ya sea en la ciudad, en el campo o en la monta\u00f1a. Sin embargo, correr en el calor puede convertir un entrenamiento \u00e9pico en una verdadera prueba de resistencia. Por ello, es fundamental seguir algunos consejos para seguir evolucionando sin comprometer la [&hellip;]<\/p>\n<\/div>\n        <div class=\"more-link-wrap\">\n            <a class=\"more-link\" href=\"https:\/\/store.eventsmtb.com\/es\/correr-con-calor-consejos-para-correr-en-verano-y-superar-el-calor\/\"><span>Leer M\u00e1s <\/span><i class=\"nutreko-icon-chevron-right\"><\/i><\/a>        <\/div>\n    <\/div>\n<\/div>                            <\/div>\n                                                        <div class=\"grid-item\">\n                                <div class=\"post-inner blog-grid\">\n    <div class=\"post-thumbnail\"><div class=\"categories-link\"><a href=\"https:\/\/store.eventsmtb.com\/es\/categorias\/deporte\/\" rel=\"category tag\">Deporte<\/a><\/div><img decoding=\"async\" width=\"900\" height=\"600\" src=\"https:\/\/store.eventsmtb.com\/wp-content\/uploads\/2025\/01\/capa-blog-01.jpg\" class=\"attachment-nutreko-post-grid size-nutreko-post-grid wp-post-image wp-post-image\" alt=\"\" srcset=\"https:\/\/store.eventsmtb.com\/wp-content\/uploads\/2025\/01\/capa-blog-01.jpg 2000w, https:\/\/store.eventsmtb.com\/wp-content\/uploads\/2025\/01\/capa-blog-01-500x333.jpg 500w, https:\/\/store.eventsmtb.com\/wp-content\/uploads\/2025\/01\/capa-blog-01-300x200.jpg 300w, https:\/\/store.eventsmtb.com\/wp-content\/uploads\/2025\/01\/capa-blog-01-1024x682.jpg 1024w, https:\/\/store.eventsmtb.com\/wp-content\/uploads\/2025\/01\/capa-blog-01-768x512.jpg 768w, https:\/\/store.eventsmtb.com\/wp-content\/uploads\/2025\/01\/capa-blog-01-1536x1024.jpg 1536w\" sizes=\"(max-width: 900px) 100vw, 900px\" \/><\/div>    <div class=\"post-content\">\n        <h3 class=\"omega entry-title\"><a href=\"https:\/\/store.eventsmtb.com\/es\/ciclismo-de-invierno-consejos-para-rodar-en-frio\/\" rel=\"bookmark\">Ciclismo de invierno: consejos para rodar en fr\u00edo<\/a><\/h3>        <div class=\"entry-excerpt\"> <p>El ciclismo de invierno pone a prueba tus l\u00edmites, determinaci\u00f3n y planificaci\u00f3n.  <\/p>\n<\/div>\n        <div class=\"more-link-wrap\">\n            <a class=\"more-link\" href=\"https:\/\/store.eventsmtb.com\/es\/ciclismo-de-invierno-consejos-para-rodar-en-frio\/\"><span>Leer M\u00e1s <\/span><i class=\"nutreko-icon-chevron-right\"><\/i><\/a>        <\/div>\n    <\/div>\n<\/div>                            <\/div>\n                                                        <div class=\"grid-item\">\n                                <div class=\"post-inner blog-grid\">\n    <div class=\"post-thumbnail\"><div class=\"categories-link\"><a href=\"https:\/\/store.eventsmtb.com\/es\/categorias\/deporte\/\" rel=\"category tag\">Deporte<\/a><\/div><img decoding=\"async\" width=\"900\" height=\"600\" src=\"https:\/\/store.eventsmtb.com\/wp-content\/uploads\/2024\/12\/pexels-runffwpu-10226374-1.jpg\" class=\"attachment-nutreko-post-grid size-nutreko-post-grid wp-post-image wp-post-image\" alt=\"\" srcset=\"https:\/\/store.eventsmtb.com\/wp-content\/uploads\/2024\/12\/pexels-runffwpu-10226374-1.jpg 1920w, https:\/\/store.eventsmtb.com\/wp-content\/uploads\/2024\/12\/pexels-runffwpu-10226374-1-500x333.jpg 500w, https:\/\/store.eventsmtb.com\/wp-content\/uploads\/2024\/12\/pexels-runffwpu-10226374-1-300x200.jpg 300w, https:\/\/store.eventsmtb.com\/wp-content\/uploads\/2024\/12\/pexels-runffwpu-10226374-1-1024x683.jpg 1024w, https:\/\/store.eventsmtb.com\/wp-content\/uploads\/2024\/12\/pexels-runffwpu-10226374-1-768x512.jpg 768w, https:\/\/store.eventsmtb.com\/wp-content\/uploads\/2024\/12\/pexels-runffwpu-10226374-1-1536x1024.jpg 1536w\" sizes=\"(max-width: 900px) 100vw, 900px\" \/><\/div>    <div class=\"post-content\">\n        <h3 class=\"omega entry-title\"><a href=\"https:\/\/store.eventsmtb.com\/es\/nutricion-e-hidratacion-para-deportistas-de-alto-rendimiento\/\" rel=\"bookmark\">Nutrici\u00f3n e hidrataci\u00f3n para deportistas de alto rendimiento<\/a><\/h3>        <div class=\"entry-excerpt\"> <p>Mantener una nutrici\u00f3n e hidrataci\u00f3n adecuadas es crucial para los deportistas de alto rendimiento. No se trata solo de asegurar la energ\u00eda durante la actividad, sino de prolongar la resistencia, evitar lesiones y promover una recuperaci\u00f3n r\u00e1pida. <\/p>\n<\/div>\n        <div class=\"more-link-wrap\">\n            <a class=\"more-link\" href=\"https:\/\/store.eventsmtb.com\/es\/nutricion-e-hidratacion-para-deportistas-de-alto-rendimiento\/\"><span>Leer M\u00e1s <\/span><i class=\"nutreko-icon-chevron-right\"><\/i><\/a>        <\/div>\n    <\/div>\n<\/div>                            <\/div>\n                                                        <div class=\"grid-item\">\n                                <div class=\"post-inner blog-grid\">\n    <div class=\"post-thumbnail\"><div class=\"categories-link\"><a href=\"https:\/\/store.eventsmtb.com\/es\/categorias\/consejos\/\" rel=\"category tag\">Consejos<\/a><\/div><img loading=\"lazy\" decoding=\"async\" width=\"900\" height=\"600\" src=\"https:\/\/store.eventsmtb.com\/wp-content\/uploads\/2024\/11\/store-eventsmtb-blog-trail-running.jpg\" class=\"attachment-nutreko-post-grid size-nutreko-post-grid wp-post-image wp-post-image\" alt=\"\" srcset=\"https:\/\/store.eventsmtb.com\/wp-content\/uploads\/2024\/11\/store-eventsmtb-blog-trail-running.jpg 2000w, https:\/\/store.eventsmtb.com\/wp-content\/uploads\/2024\/11\/store-eventsmtb-blog-trail-running-500x333.jpg 500w, https:\/\/store.eventsmtb.com\/wp-content\/uploads\/2024\/11\/store-eventsmtb-blog-trail-running-300x200.jpg 300w, https:\/\/store.eventsmtb.com\/wp-content\/uploads\/2024\/11\/store-eventsmtb-blog-trail-running-1024x682.jpg 1024w, https:\/\/store.eventsmtb.com\/wp-content\/uploads\/2024\/11\/store-eventsmtb-blog-trail-running-768x512.jpg 768w, https:\/\/store.eventsmtb.com\/wp-content\/uploads\/2024\/11\/store-eventsmtb-blog-trail-running-1536x1024.jpg 1536w\" sizes=\"(max-width: 900px) 100vw, 900px\" \/><\/div>    <div class=\"post-content\">\n        <h3 class=\"omega entry-title\"><a href=\"https:\/\/store.eventsmtb.com\/es\/guia-completa-de-nutricion-para-el-trail-running\/\" rel=\"bookmark\">Gu\u00eda completa de nutrici\u00f3n para el trail running<\/a><\/h3>        <div class=\"entry-excerpt\"> <p>En el mundo del trail running, la nutrici\u00f3n es uno de los pilares para mantener la energ\u00eda y el rendimiento altos. Este deporte exige mucho del cuerpo, y una dieta inadecuada puede comprometer el rendimiento e incluso poner en riesgo la salud&#8230; <\/p>\n<\/div>\n        <div class=\"more-link-wrap\">\n            <a class=\"more-link\" href=\"https:\/\/store.eventsmtb.com\/es\/guia-completa-de-nutricion-para-el-trail-running\/\"><span>Leer M\u00e1s <\/span><i class=\"nutreko-icon-chevron-right\"><\/i><\/a>        <\/div>\n    <\/div>\n<\/div>                            <\/div>\n                                                        <div class=\"grid-item\">\n                                <div class=\"post-inner blog-grid\">\n    <div class=\"post-thumbnail\"><div class=\"categories-link\"><a href=\"https:\/\/store.eventsmtb.com\/es\/categorias\/consejos\/\" rel=\"category tag\">Consejos<\/a><\/div><img loading=\"lazy\" decoding=\"async\" width=\"900\" height=\"600\" src=\"https:\/\/store.eventsmtb.com\/wp-content\/uploads\/2024\/10\/sao-silvestre-banner.jpg\" class=\"attachment-nutreko-post-grid size-nutreko-post-grid wp-post-image wp-post-image\" alt=\"\" srcset=\"https:\/\/store.eventsmtb.com\/wp-content\/uploads\/2024\/10\/sao-silvestre-banner.jpg 2000w, https:\/\/store.eventsmtb.com\/wp-content\/uploads\/2024\/10\/sao-silvestre-banner-500x333.jpg 500w, https:\/\/store.eventsmtb.com\/wp-content\/uploads\/2024\/10\/sao-silvestre-banner-300x200.jpg 300w, https:\/\/store.eventsmtb.com\/wp-content\/uploads\/2024\/10\/sao-silvestre-banner-1024x682.jpg 1024w, https:\/\/store.eventsmtb.com\/wp-content\/uploads\/2024\/10\/sao-silvestre-banner-768x512.jpg 768w, https:\/\/store.eventsmtb.com\/wp-content\/uploads\/2024\/10\/sao-silvestre-banner-1536x1024.jpg 1536w\" sizes=\"(max-width: 900px) 100vw, 900px\" \/><\/div>    <div class=\"post-content\">\n        <h3 class=\"omega entry-title\"><a href=\"https:\/\/store.eventsmtb.com\/es\/como-prepararse-para-sao-silvestre-consejos-esenciales-para-corredores\/\" rel=\"bookmark\">C\u00f3mo prepararse para S\u00e3o Silvestre: consejos esenciales para corredores<\/a><\/h3>        <div class=\"entry-excerpt\"> <p>Las carreras de S\u00e3o Silvestre son una de las carreras m\u00e1s emblem\u00e1ticas de fin de a\u00f1o y, para muchos corredores, el \u00faltimo gran desaf\u00edo antes de entrar en el nuevo a\u00f1o. Con recorridos que van desde los 5 km hasta los 10 km, esta carrera de fin de a\u00f1o atrae tanto a principiantes como a deportistas experimentados&#8230; <\/p>\n<\/div>\n        <div class=\"more-link-wrap\">\n            <a class=\"more-link\" href=\"https:\/\/store.eventsmtb.com\/es\/como-prepararse-para-sao-silvestre-consejos-esenciales-para-corredores\/\"><span>Leer M\u00e1s <\/span><i class=\"nutreko-icon-chevron-right\"><\/i><\/a>        <\/div>\n    <\/div>\n<\/div>                            <\/div>\n                                                                <\/div>\n            <\/div>\n                                                                \t\t\t\t<\/div>\n\t\t\t\t<\/div>\n\t\t\t\t\t<\/div>\n\t\t\t\t<\/div>\n\t\t\t\t<\/div>\n\t\t","protected":false},"excerpt":{"rendered":"<p>CategoriesDicas Correr no Calor: Dicas para Correres no Ver\u00e3o e Superares o Calor! O ver\u00e3o chegou e a vontade de correr ao ar livre aumenta, seja na cidade, no campo ou nas montanhas. Read More Dicas Correr no Calor: Dicas para Correres no Ver\u00e3o e Superares o Calor! O ver\u00e3o chegou e a vontade de [&hellip;]<\/p>\n","protected":false},"author":1,"featured_media":0,"parent":0,"menu_order":0,"comment_status":"closed","ping_status":"closed","template":"elementor_header_footer","meta":{"footnotes":""},"class_list":["post-8325","page","type-page","status-publish","hentry"],"yoast_head":"<!-- This site is optimized with the Yoast SEO plugin v27.2 - https:\/\/yoast.com\/product\/yoast-seo-wordpress\/ -->\n<title>Blog - Store.Eventsmtb<\/title>\n<meta name=\"robots\" content=\"index, follow, max-snippet:-1, max-image-preview:large, max-video-preview:-1\" \/>\n<link rel=\"canonical\" href=\"https:\/\/store.eventsmtb.com\/es\/blog\/\" \/>\n<meta property=\"og:locale\" content=\"es_ES\" \/>\n<meta property=\"og:type\" content=\"article\" \/>\n<meta property=\"og:title\" content=\"Blog - Store.Eventsmtb\" \/>\n<meta property=\"og:description\" content=\"CategoriesDicas Correr no Calor: Dicas para Correres no Ver\u00e3o e Superares o Calor! O ver\u00e3o chegou e a vontade de correr ao ar livre aumenta, seja na cidade, no campo ou nas montanhas. Read More Dicas Correr no Calor: Dicas para Correres no Ver\u00e3o e Superares o Calor! O ver\u00e3o chegou e a vontade de [&hellip;]\" \/>\n<meta property=\"og:url\" content=\"https:\/\/store.eventsmtb.com\/es\/blog\/\" \/>\n<meta property=\"og:site_name\" content=\"Store.Eventsmtb\" \/>\n<meta property=\"article:publisher\" content=\"https:\/\/www.facebook.com\/profile.php?id=100083151405925&amp;locale=pt_PT\" \/>\n<meta property=\"article:modified_time\" content=\"2025-08-13T13:35:42+00:00\" \/>\n<meta property=\"og:image\" content=\"https:\/\/store.eventsmtb.com\/wp-content\/uploads\/2025\/06\/capa-blog.jpg\" \/>\n\t<meta property=\"og:image:width\" content=\"1167\" \/>\n\t<meta property=\"og:image:height\" content=\"778\" \/>\n\t<meta property=\"og:image:type\" content=\"image\/jpeg\" \/>\n<meta name=\"twitter:card\" content=\"summary_large_image\" \/>\n<meta name=\"twitter:label1\" content=\"Tiempo de lectura\" \/>\n\t<meta name=\"twitter:data1\" content=\"1 minuto\" \/>\n<script type=\"application\/ld+json\" class=\"yoast-schema-graph\">{\"@context\":\"https:\/\/schema.org\",\"@graph\":[{\"@type\":\"WebPage\",\"@id\":\"https:\/\/store.eventsmtb.com\/es\/blog\/\",\"url\":\"https:\/\/store.eventsmtb.com\/es\/blog\/\",\"name\":\"Blog - Store.Eventsmtb\",\"isPartOf\":{\"@id\":\"https:\/\/store.eventsmtb.com\/es\/#website\"},\"primaryImageOfPage\":{\"@id\":\"https:\/\/store.eventsmtb.com\/es\/blog\/#primaryimage\"},\"image\":{\"@id\":\"https:\/\/store.eventsmtb.com\/es\/blog\/#primaryimage\"},\"thumbnailUrl\":\"https:\/\/store.eventsmtb.com\/wp-content\/uploads\/2025\/06\/capa-blog.jpg\",\"datePublished\":\"2022-05-17T15:14:49+00:00\",\"dateModified\":\"2025-08-13T13:35:42+00:00\",\"breadcrumb\":{\"@id\":\"https:\/\/store.eventsmtb.com\/es\/blog\/#breadcrumb\"},\"inLanguage\":\"es\",\"potentialAction\":[{\"@type\":\"ReadAction\",\"target\":[\"https:\/\/store.eventsmtb.com\/es\/blog\/\"]}]},{\"@type\":\"ImageObject\",\"inLanguage\":\"es\",\"@id\":\"https:\/\/store.eventsmtb.com\/es\/blog\/#primaryimage\",\"url\":\"https:\/\/store.eventsmtb.com\/wp-content\/uploads\/2025\/06\/capa-blog.jpg\",\"contentUrl\":\"https:\/\/store.eventsmtb.com\/wp-content\/uploads\/2025\/06\/capa-blog.jpg\"},{\"@type\":\"BreadcrumbList\",\"@id\":\"https:\/\/store.eventsmtb.com\/es\/blog\/#breadcrumb\",\"itemListElement\":[{\"@type\":\"ListItem\",\"position\":1,\"name\":\"In\u00edcio\",\"item\":\"https:\/\/store.eventsmtb.com\/es\/\"},{\"@type\":\"ListItem\",\"position\":2,\"name\":\"Blog\"}]},{\"@type\":\"WebSite\",\"@id\":\"https:\/\/store.eventsmtb.com\/es\/#website\",\"url\":\"https:\/\/store.eventsmtb.com\/es\/\",\"name\":\"Store.Eventsmtb\",\"description\":\"Boost Yourself\",\"publisher\":{\"@id\":\"https:\/\/store.eventsmtb.com\/es\/#organization\"},\"potentialAction\":[{\"@type\":\"SearchAction\",\"target\":{\"@type\":\"EntryPoint\",\"urlTemplate\":\"https:\/\/store.eventsmtb.com\/es\/?s={search_term_string}\"},\"query-input\":{\"@type\":\"PropertyValueSpecification\",\"valueRequired\":true,\"valueName\":\"search_term_string\"}}],\"inLanguage\":\"es\"},{\"@type\":\"Organization\",\"@id\":\"https:\/\/store.eventsmtb.com\/es\/#organization\",\"name\":\"Store.Eventsmtb\",\"url\":\"https:\/\/store.eventsmtb.com\/es\/\",\"logo\":{\"@type\":\"ImageObject\",\"inLanguage\":\"es\",\"@id\":\"https:\/\/store.eventsmtb.com\/es\/#\/schema\/logo\/image\/\",\"url\":\"https:\/\/store.eventsmtb.com\/wp-content\/uploads\/2024\/08\/mtbstore-02-e1723109277246.png\",\"contentUrl\":\"https:\/\/store.eventsmtb.com\/wp-content\/uploads\/2024\/08\/mtbstore-02-e1723109277246.png\",\"width\":1925,\"height\":1765,\"caption\":\"Store.Eventsmtb\"},\"image\":{\"@id\":\"https:\/\/store.eventsmtb.com\/es\/#\/schema\/logo\/image\/\"},\"sameAs\":[\"https:\/\/www.facebook.com\/profile.php?id=100083151405925&locale=pt_PT\"]}]}<\/script>\n<!-- \/ Yoast SEO plugin. -->","yoast_head_json":{"title":"Blog - Store.Eventsmtb","robots":{"index":"index","follow":"follow","max-snippet":"max-snippet:-1","max-image-preview":"max-image-preview:large","max-video-preview":"max-video-preview:-1"},"canonical":"https:\/\/store.eventsmtb.com\/es\/blog\/","og_locale":"es_ES","og_type":"article","og_title":"Blog - Store.Eventsmtb","og_description":"CategoriesDicas Correr no Calor: Dicas para Correres no Ver\u00e3o e Superares o Calor! O ver\u00e3o chegou e a vontade de correr ao ar livre aumenta, seja na cidade, no campo ou nas montanhas. Read More Dicas Correr no Calor: Dicas para Correres no Ver\u00e3o e Superares o Calor! O ver\u00e3o chegou e a vontade de [&hellip;]","og_url":"https:\/\/store.eventsmtb.com\/es\/blog\/","og_site_name":"Store.Eventsmtb","article_publisher":"https:\/\/www.facebook.com\/profile.php?id=100083151405925&locale=pt_PT","article_modified_time":"2025-08-13T13:35:42+00:00","og_image":[{"width":1167,"height":778,"url":"https:\/\/store.eventsmtb.com\/wp-content\/uploads\/2025\/06\/capa-blog.jpg","type":"image\/jpeg"}],"twitter_card":"summary_large_image","twitter_misc":{"Tiempo de lectura":"1 minuto"},"schema":{"@context":"https:\/\/schema.org","@graph":[{"@type":"WebPage","@id":"https:\/\/store.eventsmtb.com\/es\/blog\/","url":"https:\/\/store.eventsmtb.com\/es\/blog\/","name":"Blog - Store.Eventsmtb","isPartOf":{"@id":"https:\/\/store.eventsmtb.com\/es\/#website"},"primaryImageOfPage":{"@id":"https:\/\/store.eventsmtb.com\/es\/blog\/#primaryimage"},"image":{"@id":"https:\/\/store.eventsmtb.com\/es\/blog\/#primaryimage"},"thumbnailUrl":"https:\/\/store.eventsmtb.com\/wp-content\/uploads\/2025\/06\/capa-blog.jpg","datePublished":"2022-05-17T15:14:49+00:00","dateModified":"2025-08-13T13:35:42+00:00","breadcrumb":{"@id":"https:\/\/store.eventsmtb.com\/es\/blog\/#breadcrumb"},"inLanguage":"es","potentialAction":[{"@type":"ReadAction","target":["https:\/\/store.eventsmtb.com\/es\/blog\/"]}]},{"@type":"ImageObject","inLanguage":"es","@id":"https:\/\/store.eventsmtb.com\/es\/blog\/#primaryimage","url":"https:\/\/store.eventsmtb.com\/wp-content\/uploads\/2025\/06\/capa-blog.jpg","contentUrl":"https:\/\/store.eventsmtb.com\/wp-content\/uploads\/2025\/06\/capa-blog.jpg"},{"@type":"BreadcrumbList","@id":"https:\/\/store.eventsmtb.com\/es\/blog\/#breadcrumb","itemListElement":[{"@type":"ListItem","position":1,"name":"In\u00edcio","item":"https:\/\/store.eventsmtb.com\/es\/"},{"@type":"ListItem","position":2,"name":"Blog"}]},{"@type":"WebSite","@id":"https:\/\/store.eventsmtb.com\/es\/#website","url":"https:\/\/store.eventsmtb.com\/es\/","name":"Store.Eventsmtb","description":"Boost Yourself","publisher":{"@id":"https:\/\/store.eventsmtb.com\/es\/#organization"},"potentialAction":[{"@type":"SearchAction","target":{"@type":"EntryPoint","urlTemplate":"https:\/\/store.eventsmtb.com\/es\/?s={search_term_string}"},"query-input":{"@type":"PropertyValueSpecification","valueRequired":true,"valueName":"search_term_string"}}],"inLanguage":"es"},{"@type":"Organization","@id":"https:\/\/store.eventsmtb.com\/es\/#organization","name":"Store.Eventsmtb","url":"https:\/\/store.eventsmtb.com\/es\/","logo":{"@type":"ImageObject","inLanguage":"es","@id":"https:\/\/store.eventsmtb.com\/es\/#\/schema\/logo\/image\/","url":"https:\/\/store.eventsmtb.com\/wp-content\/uploads\/2024\/08\/mtbstore-02-e1723109277246.png","contentUrl":"https:\/\/store.eventsmtb.com\/wp-content\/uploads\/2024\/08\/mtbstore-02-e1723109277246.png","width":1925,"height":1765,"caption":"Store.Eventsmtb"},"image":{"@id":"https:\/\/store.eventsmtb.com\/es\/#\/schema\/logo\/image\/"},"sameAs":["https:\/\/www.facebook.com\/profile.php?id=100083151405925&locale=pt_PT"]}]}},"_links":{"self":[{"href":"https:\/\/store.eventsmtb.com\/es\/wp-json\/wp\/v2\/pages\/8325","targetHints":{"allow":["GET"]}}],"collection":[{"href":"https:\/\/store.eventsmtb.com\/es\/wp-json\/wp\/v2\/pages"}],"about":[{"href":"https:\/\/store.eventsmtb.com\/es\/wp-json\/wp\/v2\/types\/page"}],"author":[{"embeddable":true,"href":"https:\/\/store.eventsmtb.com\/es\/wp-json\/wp\/v2\/users\/1"}],"replies":[{"embeddable":true,"href":"https:\/\/store.eventsmtb.com\/es\/wp-json\/wp\/v2\/comments?post=8325"}],"version-history":[{"count":3,"href":"https:\/\/store.eventsmtb.com\/es\/wp-json\/wp\/v2\/pages\/8325\/revisions"}],"predecessor-version":[{"id":9699,"href":"https:\/\/store.eventsmtb.com\/es\/wp-json\/wp\/v2\/pages\/8325\/revisions\/9699"}],"wp:attachment":[{"href":"https:\/\/store.eventsmtb.com\/es\/wp-json\/wp\/v2\/media?parent=8325"}],"curies":[{"name":"wp","href":"https:\/\/api.w.org\/{rel}","templated":true}]}}