{"id":10105,"date":"2025-10-07T11:43:41","date_gmt":"2025-10-07T11:43:41","guid":{"rendered":"https:\/\/store.eventsmtb.com\/produto\/nutricion-cientifica-omega-3\/"},"modified":"2025-11-03T12:15:57","modified_gmt":"2025-11-03T12:15:57","slug":"nutricion-cientifica-omega-3","status":"publish","type":"product","link":"https:\/\/store.eventsmtb.com\/es\/produto\/nutricion-cientifica-omega-3\/","title":{"rendered":"Nutrici\u00f3n cient\u00edfica-Omega 3"},"content":{"rendered":"<h1>Nutrici\u00f3n Cient\u00edfica &#8211; Omega 3<\/h1>\n<div class=\"mb-1 mt-2 whitespace-pre-line leading-relaxed first:mt-0\" data-sentry-component=\"P\" data-sentry-source-file=\"p.tsx\">Omega 3 de Scientific Nutrition es el suplemento perfecto para aquellos que quieren cuidar su coraz\u00f3n y asegurar el bienestar diario. Con \u00e1cidos grasos omega-3 de alta calidad procedentes del aceite de pescado Goldenomega\u00ae patentado, este producto proporciona un 33% de EPA y un 23% de DHA, las dosis ideales para apoyar la salud cardiovascular. <\/div>\n<div data-sentry-component=\"P\" data-sentry-source-file=\"p.tsx\"><\/div>\n<div class=\"mb-1 mt-2 whitespace-pre-line leading-relaxed first:mt-0\" data-sentry-component=\"P\" data-sentry-source-file=\"p.tsx\">Adem\u00e1s, el omega 3 de Scientific Nutrition incluye vitamina E, un poderoso antioxidante que protege las c\u00e9lulas del cuerpo. Las perlas son f\u00e1ciles de tomar y ayudan a reducir los triglic\u00e9ridos, manteniendo el coraz\u00f3n funcionando normalmente y promoviendo una mejor salud en general. <\/div>\n<div data-sentry-component=\"P\" data-sentry-source-file=\"p.tsx\"><\/div>\n<div class=\"mb-1 mt-2 whitespace-pre-line leading-relaxed first:mt-0\" data-sentry-component=\"P\" data-sentry-source-file=\"p.tsx\">Los \u00e1cidos grasos omega 3 tambi\u00e9n tienen efectos antiinflamatorios, siendo esenciales para los deportistas y aquellos que buscan un estilo de vida saludable. Ya sea para mejorar el rendimiento en el entrenamiento o simplemente para garantizar que su cuerpo reciba lo mejor, este suplemento es la elecci\u00f3n correcta. <\/div>\n<div data-sentry-component=\"P\" data-sentry-source-file=\"p.tsx\"><\/div>\n<div class=\"mb-1 mt-2 whitespace-pre-line leading-relaxed first:mt-0\" data-sentry-component=\"P\" data-sentry-source-file=\"p.tsx\"><strong>Res\u00famenes:<\/strong><\/div>\n<ul>\n<li>Aceite de pescado Goldenomega\u00ae<\/li>\n<li>33% EPA y 23% DHA<\/li>\n<li>Con vitamina E antioxidante<\/li>\n<li>Cuentas f\u00e1ciles de tomar<\/li>\n<li>Ayuda a reducir los triglic\u00e9ridos<\/li>\n<li>Ideal para deportistas y vida cotidiana<\/li>\n<\/ul>\n<div class=\"mb-1 mt-2 whitespace-pre-line leading-relaxed first:mt-0\" data-sentry-component=\"P\" data-sentry-source-file=\"p.tsx\">\u00a1Apuesta por el omega3 de Scientific Nutrition y siente la diferencia en tu coraz\u00f3n, tu energ\u00eda y tu bienestar!<\/div>\n","protected":false},"excerpt":{"rendered":"<p>Nutrici\u00f3n Cient\u00edfica &#8211; Omega 3 Omega 3 de Scientific Nutrition es el suplemento perfecto para aquellos que quieren cuidar su coraz\u00f3n y asegurar el bienestar diario. Con \u00e1cidos grasos omega-3 de alta calidad procedentes del aceite de pescado Goldenomega\u00ae patentado, este producto proporciona un 33% de EPA y un 23% de DHA, las dosis ideales [&hellip;]<\/p>\n","protected":false},"featured_media":10096,"comment_status":"closed","ping_status":"closed","template":"","meta":[],"product_cat":[217,370,233,224],"product_tag":[],"class_list":{"0":"post-10105","1":"product","2":"type-product","3":"status-publish","4":"has-post-thumbnail","6":"product_brand-scientiffic-nutrition-es","7":"product_cat-nutricion-de-rendimiento","8":"product_cat-omega-3-es","9":"product_cat-preparacion","10":"product_cat-recuperacion","12":"first","13":"instock","14":"taxable","15":"shipping-taxable","16":"purchasable","17":"product-type-simple"},"yoast_head":"<!-- This site is optimized with the Yoast SEO plugin v27.2 - https:\/\/yoast.com\/product\/yoast-seo-wordpress\/ -->\n<title>Nutrici\u00f3n Cient\u00edfica - Omega 3<\/title>\n<meta name=\"description\" content=\"Omega 3 Scientific Nutrition: EPA, DHA y vitamina E. Protege el coraz\u00f3n, reduce los triglic\u00e9ridos y mejora la salud. Ideal para deportistas.\" \/>\n<meta name=\"robots\" content=\"index, follow, max-snippet:-1, max-image-preview:large, max-video-preview:-1\" \/>\n<link rel=\"canonical\" href=\"https:\/\/store.eventsmtb.com\/es\/produto\/nutricion-cientifica-omega-3\/\" \/>\n<meta property=\"og:locale\" content=\"es_ES\" \/>\n<meta property=\"og:type\" content=\"article\" \/>\n<meta property=\"og:title\" content=\"Nutrici\u00f3n Cient\u00edfica - Omega 3\" \/>\n<meta property=\"og:description\" content=\"Omega 3 Scientific Nutrition: EPA, DHA y vitamina E. Protege el coraz\u00f3n, reduce los triglic\u00e9ridos y mejora la salud. Ideal para deportistas.\" \/>\n<meta property=\"og:url\" content=\"https:\/\/store.eventsmtb.com\/es\/produto\/nutricion-cientifica-omega-3\/\" \/>\n<meta property=\"og:site_name\" content=\"Store.Eventsmtb\" \/>\n<meta property=\"article:publisher\" content=\"https:\/\/www.facebook.com\/profile.php?id=100083151405925&amp;locale=pt_PT\" \/>\n<meta property=\"article:modified_time\" content=\"2025-11-03T12:15:57+00:00\" \/>\n<meta property=\"og:image\" content=\"https:\/\/store.eventsmtb.com\/wp-content\/uploads\/2025\/10\/Design-sem-nome-5.png\" \/>\n\t<meta property=\"og:image:width\" content=\"1080\" \/>\n\t<meta property=\"og:image:height\" content=\"1080\" \/>\n\t<meta property=\"og:image:type\" content=\"image\/png\" \/>\n<meta name=\"twitter:card\" content=\"summary_large_image\" \/>\n<meta name=\"twitter:label1\" content=\"Tiempo de lectura\" \/>\n\t<meta name=\"twitter:data1\" content=\"1 minuto\" \/>\n<script type=\"application\/ld+json\" class=\"yoast-schema-graph\">{\"@context\":\"https:\/\/schema.org\",\"@graph\":[{\"@type\":\"WebPage\",\"@id\":\"https:\/\/store.eventsmtb.com\/es\/produto\/nutricion-cientifica-omega-3\/\",\"url\":\"https:\/\/store.eventsmtb.com\/es\/produto\/nutricion-cientifica-omega-3\/\",\"name\":\"Nutrici\u00f3n Cient\u00edfica - Omega 3\",\"isPartOf\":{\"@id\":\"https:\/\/store.eventsmtb.com\/es\/#website\"},\"primaryImageOfPage\":{\"@id\":\"https:\/\/store.eventsmtb.com\/es\/produto\/nutricion-cientifica-omega-3\/#primaryimage\"},\"image\":{\"@id\":\"https:\/\/store.eventsmtb.com\/es\/produto\/nutricion-cientifica-omega-3\/#primaryimage\"},\"thumbnailUrl\":\"https:\/\/store.eventsmtb.com\/wp-content\/uploads\/2025\/10\/Design-sem-nome-5.png\",\"datePublished\":\"2025-10-07T11:43:41+00:00\",\"dateModified\":\"2025-11-03T12:15:57+00:00\",\"description\":\"Omega 3 Scientific Nutrition: EPA, DHA y vitamina E. Protege el coraz\u00f3n, reduce los triglic\u00e9ridos y mejora la salud. Ideal para deportistas.\",\"breadcrumb\":{\"@id\":\"https:\/\/store.eventsmtb.com\/es\/produto\/nutricion-cientifica-omega-3\/#breadcrumb\"},\"inLanguage\":\"es\",\"potentialAction\":[{\"@type\":\"ReadAction\",\"target\":[\"https:\/\/store.eventsmtb.com\/es\/produto\/nutricion-cientifica-omega-3\/\"]}]},{\"@type\":\"ImageObject\",\"inLanguage\":\"es\",\"@id\":\"https:\/\/store.eventsmtb.com\/es\/produto\/nutricion-cientifica-omega-3\/#primaryimage\",\"url\":\"https:\/\/store.eventsmtb.com\/wp-content\/uploads\/2025\/10\/Design-sem-nome-5.png\",\"contentUrl\":\"https:\/\/store.eventsmtb.com\/wp-content\/uploads\/2025\/10\/Design-sem-nome-5.png\",\"width\":1080,\"height\":1080,\"caption\":\"Omega3 Scientific Nutrition: EPA, DHA y vitamina E. Protege el coraz\u00f3n, reduce los triglic\u00e9ridos y mejora la salud. Ideal para deportistas.\"},{\"@type\":\"BreadcrumbList\",\"@id\":\"https:\/\/store.eventsmtb.com\/es\/produto\/nutricion-cientifica-omega-3\/#breadcrumb\",\"itemListElement\":[{\"@type\":\"ListItem\",\"position\":1,\"name\":\"In\u00edcio\",\"item\":\"https:\/\/store.eventsmtb.com\/es\/\"},{\"@type\":\"ListItem\",\"position\":2,\"name\":\"Tienda\",\"item\":\"https:\/\/store.eventsmtb.com\/es\/tienda\/\"},{\"@type\":\"ListItem\",\"position\":3,\"name\":\"Nutrici\u00f3n cient\u00edfica-Omega 3\"}]},{\"@type\":\"WebSite\",\"@id\":\"https:\/\/store.eventsmtb.com\/es\/#website\",\"url\":\"https:\/\/store.eventsmtb.com\/es\/\",\"name\":\"Store.Eventsmtb\",\"description\":\"Boost Yourself\",\"publisher\":{\"@id\":\"https:\/\/store.eventsmtb.com\/es\/#organization\"},\"potentialAction\":[{\"@type\":\"SearchAction\",\"target\":{\"@type\":\"EntryPoint\",\"urlTemplate\":\"https:\/\/store.eventsmtb.com\/es\/?s={search_term_string}\"},\"query-input\":{\"@type\":\"PropertyValueSpecification\",\"valueRequired\":true,\"valueName\":\"search_term_string\"}}],\"inLanguage\":\"es\"},{\"@type\":\"Organization\",\"@id\":\"https:\/\/store.eventsmtb.com\/es\/#organization\",\"name\":\"Store.Eventsmtb\",\"url\":\"https:\/\/store.eventsmtb.com\/es\/\",\"logo\":{\"@type\":\"ImageObject\",\"inLanguage\":\"es\",\"@id\":\"https:\/\/store.eventsmtb.com\/es\/#\/schema\/logo\/image\/\",\"url\":\"https:\/\/store.eventsmtb.com\/wp-content\/uploads\/2024\/08\/mtbstore-02-e1723109277246.png\",\"contentUrl\":\"https:\/\/store.eventsmtb.com\/wp-content\/uploads\/2024\/08\/mtbstore-02-e1723109277246.png\",\"width\":1925,\"height\":1765,\"caption\":\"Store.Eventsmtb\"},\"image\":{\"@id\":\"https:\/\/store.eventsmtb.com\/es\/#\/schema\/logo\/image\/\"},\"sameAs\":[\"https:\/\/www.facebook.com\/profile.php?id=100083151405925&locale=pt_PT\"]}]}<\/script>\n<!-- \/ Yoast SEO plugin. -->","yoast_head_json":{"title":"Nutrici\u00f3n Cient\u00edfica - Omega 3","description":"Omega 3 Scientific Nutrition: EPA, DHA y vitamina E. Protege el coraz\u00f3n, reduce los triglic\u00e9ridos y mejora la salud. Ideal para deportistas.","robots":{"index":"index","follow":"follow","max-snippet":"max-snippet:-1","max-image-preview":"max-image-preview:large","max-video-preview":"max-video-preview:-1"},"canonical":"https:\/\/store.eventsmtb.com\/es\/produto\/nutricion-cientifica-omega-3\/","og_locale":"es_ES","og_type":"article","og_title":"Nutrici\u00f3n Cient\u00edfica - Omega 3","og_description":"Omega 3 Scientific Nutrition: EPA, DHA y vitamina E. Protege el coraz\u00f3n, reduce los triglic\u00e9ridos y mejora la salud. Ideal para deportistas.","og_url":"https:\/\/store.eventsmtb.com\/es\/produto\/nutricion-cientifica-omega-3\/","og_site_name":"Store.Eventsmtb","article_publisher":"https:\/\/www.facebook.com\/profile.php?id=100083151405925&locale=pt_PT","article_modified_time":"2025-11-03T12:15:57+00:00","og_image":[{"width":1080,"height":1080,"url":"https:\/\/store.eventsmtb.com\/wp-content\/uploads\/2025\/10\/Design-sem-nome-5.png","type":"image\/png"}],"twitter_card":"summary_large_image","twitter_misc":{"Tiempo de lectura":"1 minuto"},"schema":{"@context":"https:\/\/schema.org","@graph":[{"@type":"WebPage","@id":"https:\/\/store.eventsmtb.com\/es\/produto\/nutricion-cientifica-omega-3\/","url":"https:\/\/store.eventsmtb.com\/es\/produto\/nutricion-cientifica-omega-3\/","name":"Nutrici\u00f3n Cient\u00edfica - Omega 3","isPartOf":{"@id":"https:\/\/store.eventsmtb.com\/es\/#website"},"primaryImageOfPage":{"@id":"https:\/\/store.eventsmtb.com\/es\/produto\/nutricion-cientifica-omega-3\/#primaryimage"},"image":{"@id":"https:\/\/store.eventsmtb.com\/es\/produto\/nutricion-cientifica-omega-3\/#primaryimage"},"thumbnailUrl":"https:\/\/store.eventsmtb.com\/wp-content\/uploads\/2025\/10\/Design-sem-nome-5.png","datePublished":"2025-10-07T11:43:41+00:00","dateModified":"2025-11-03T12:15:57+00:00","description":"Omega 3 Scientific Nutrition: EPA, DHA y vitamina E. Protege el coraz\u00f3n, reduce los triglic\u00e9ridos y mejora la salud. Ideal para deportistas.","breadcrumb":{"@id":"https:\/\/store.eventsmtb.com\/es\/produto\/nutricion-cientifica-omega-3\/#breadcrumb"},"inLanguage":"es","potentialAction":[{"@type":"ReadAction","target":["https:\/\/store.eventsmtb.com\/es\/produto\/nutricion-cientifica-omega-3\/"]}]},{"@type":"ImageObject","inLanguage":"es","@id":"https:\/\/store.eventsmtb.com\/es\/produto\/nutricion-cientifica-omega-3\/#primaryimage","url":"https:\/\/store.eventsmtb.com\/wp-content\/uploads\/2025\/10\/Design-sem-nome-5.png","contentUrl":"https:\/\/store.eventsmtb.com\/wp-content\/uploads\/2025\/10\/Design-sem-nome-5.png","width":1080,"height":1080,"caption":"Omega3 Scientific Nutrition: EPA, DHA y vitamina E. Protege el coraz\u00f3n, reduce los triglic\u00e9ridos y mejora la salud. Ideal para deportistas."},{"@type":"BreadcrumbList","@id":"https:\/\/store.eventsmtb.com\/es\/produto\/nutricion-cientifica-omega-3\/#breadcrumb","itemListElement":[{"@type":"ListItem","position":1,"name":"In\u00edcio","item":"https:\/\/store.eventsmtb.com\/es\/"},{"@type":"ListItem","position":2,"name":"Tienda","item":"https:\/\/store.eventsmtb.com\/es\/tienda\/"},{"@type":"ListItem","position":3,"name":"Nutrici\u00f3n cient\u00edfica-Omega 3"}]},{"@type":"WebSite","@id":"https:\/\/store.eventsmtb.com\/es\/#website","url":"https:\/\/store.eventsmtb.com\/es\/","name":"Store.Eventsmtb","description":"Boost Yourself","publisher":{"@id":"https:\/\/store.eventsmtb.com\/es\/#organization"},"potentialAction":[{"@type":"SearchAction","target":{"@type":"EntryPoint","urlTemplate":"https:\/\/store.eventsmtb.com\/es\/?s={search_term_string}"},"query-input":{"@type":"PropertyValueSpecification","valueRequired":true,"valueName":"search_term_string"}}],"inLanguage":"es"},{"@type":"Organization","@id":"https:\/\/store.eventsmtb.com\/es\/#organization","name":"Store.Eventsmtb","url":"https:\/\/store.eventsmtb.com\/es\/","logo":{"@type":"ImageObject","inLanguage":"es","@id":"https:\/\/store.eventsmtb.com\/es\/#\/schema\/logo\/image\/","url":"https:\/\/store.eventsmtb.com\/wp-content\/uploads\/2024\/08\/mtbstore-02-e1723109277246.png","contentUrl":"https:\/\/store.eventsmtb.com\/wp-content\/uploads\/2024\/08\/mtbstore-02-e1723109277246.png","width":1925,"height":1765,"caption":"Store.Eventsmtb"},"image":{"@id":"https:\/\/store.eventsmtb.com\/es\/#\/schema\/logo\/image\/"},"sameAs":["https:\/\/www.facebook.com\/profile.php?id=100083151405925&locale=pt_PT"]}]}},"_links":{"self":[{"href":"https:\/\/store.eventsmtb.com\/es\/wp-json\/wp\/v2\/product\/10105","targetHints":{"allow":["GET"]}}],"collection":[{"href":"https:\/\/store.eventsmtb.com\/es\/wp-json\/wp\/v2\/product"}],"about":[{"href":"https:\/\/store.eventsmtb.com\/es\/wp-json\/wp\/v2\/types\/product"}],"replies":[{"embeddable":true,"href":"https:\/\/store.eventsmtb.com\/es\/wp-json\/wp\/v2\/comments?post=10105"}],"wp:featuredmedia":[{"embeddable":true,"href":"https:\/\/store.eventsmtb.com\/es\/wp-json\/wp\/v2\/media\/10096"}],"wp:attachment":[{"href":"https:\/\/store.eventsmtb.com\/es\/wp-json\/wp\/v2\/media?parent=10105"}],"wp:term":[{"taxonomy":"product_cat","embeddable":true,"href":"https:\/\/store.eventsmtb.com\/es\/wp-json\/wp\/v2\/product_cat?post=10105"},{"taxonomy":"product_tag","embeddable":true,"href":"https:\/\/store.eventsmtb.com\/es\/wp-json\/wp\/v2\/product_tag?post=10105"}],"curies":[{"name":"wp","href":"https:\/\/api.w.org\/{rel}","templated":true}]}}