{"id":10106,"date":"2025-10-07T11:56:43","date_gmt":"2025-10-07T11:56:43","guid":{"rendered":"https:\/\/store.eventsmtb.com\/produto\/scientific-nutrition-magnesio-en-capsulas\/"},"modified":"2025-10-09T16:15:54","modified_gmt":"2025-10-09T16:15:54","slug":"scientific-nutrition-magnesio-en-capsulas","status":"publish","type":"product","link":"https:\/\/store.eventsmtb.com\/es\/produto\/scientific-nutrition-magnesio-en-capsulas\/","title":{"rendered":"Scientific Nutrition Magnesio &#8211; en c\u00e1psulas"},"content":{"rendered":"<h1 class=\"mb-1 mt-2 whitespace-pre-line leading-relaxed first:mt-0\" data-sentry-component=\"P\" data-sentry-source-file=\"p.tsx\">Scientific Nutrition Magnesio &#8211; en c\u00e1psulas<\/h1>\n<div data-sentry-component=\"P\" data-sentry-source-file=\"p.tsx\"><\/div>\n<div class=\"mb-1 mt-2 whitespace-pre-line leading-relaxed first:mt-0\" data-sentry-component=\"P\" data-sentry-source-file=\"p.tsx\">El magnesio es esencial para cualquier persona que quiera sentirse llena de energ\u00eda y libre de fatiga. El bisglicinato de magnesio con vitamina B6 fue desarrollado para apoyar el funcionamiento normal del sistema nervioso, ayudar en el metabolismo de carbohidratos, prote\u00ednas y grasas, y tambi\u00e9n minimizar los s\u00edntomas de fatiga y fatiga. <\/div>\n<div data-sentry-component=\"P\" data-sentry-source-file=\"p.tsx\"><\/div>\n<div class=\"mb-1 mt-2 whitespace-pre-line leading-relaxed first:mt-0\" data-sentry-component=\"P\" data-sentry-source-file=\"p.tsx\">Con comprimidos de 300 mg de f\u00e1cil absorci\u00f3n, este suplemento de magnesio es perfecto para quienes practican deporte o simplemente quieren mejorar su bienestar diario. Adem\u00e1s, promueve la protecci\u00f3n muscular y contribuye a mantener el cuerpo funcionando de la mejor manera. <\/div>\n<div data-sentry-component=\"P\" data-sentry-source-file=\"p.tsx\"><\/div>\n<div class=\"mb-1 mt-2 whitespace-pre-line leading-relaxed first:mt-0\" data-sentry-component=\"P\" data-sentry-source-file=\"p.tsx\">Si tiendes a sentirte cansado, fatigado o incluso cansado, el bisglicinato de magnesio es la soluci\u00f3n pr\u00e1ctica y eficaz para tu d\u00eda a d\u00eda.<\/div>\n<div data-sentry-component=\"P\" data-sentry-source-file=\"p.tsx\"><\/div>\n<div class=\"mb-1 mt-2 whitespace-pre-line leading-relaxed first:mt-0\" data-sentry-component=\"P\" data-sentry-source-file=\"p.tsx\"><strong>Res\u00famenes:<\/strong><\/div>\n<ul>\n<li>Bisglicinato de magnesio + vitamina B6<\/li>\n<li>300 mg por comprimido<\/li>\n<li>F\u00e1cil absorci\u00f3n<\/li>\n<li>Reduce el cansancio y la fatiga<\/li>\n<li>Protege los m\u00fasculos y el sistema nervioso<\/li>\n<li>Ayuda con el metabolismo de los nutrientes<\/li>\n<\/ul>\n<div class=\"mb-1 mt-2 whitespace-pre-line leading-relaxed first:mt-0\" data-sentry-component=\"P\" data-sentry-source-file=\"p.tsx\">\u00a1Cuida tu cuerpo con magnesio de calidad y siente la diferencia en tu energ\u00eda y bienestar!<\/div>\n","protected":false},"excerpt":{"rendered":"<p>Scientific Nutrition Magnesio &#8211; en c\u00e1psulas El magnesio es esencial para cualquier persona que quiera sentirse llena de energ\u00eda y libre de fatiga. El bisglicinato de magnesio con vitamina B6 fue desarrollado para apoyar el funcionamiento normal del sistema nervioso, ayudar en el metabolismo de carbohidratos, prote\u00ednas y grasas, y tambi\u00e9n minimizar los s\u00edntomas de [&hellip;]<\/p>\n","protected":false},"featured_media":10099,"comment_status":"closed","ping_status":"closed","template":"","meta":[],"product_cat":[217,233,224,232],"product_tag":[],"class_list":{"0":"post-10106","1":"product","2":"type-product","3":"status-publish","4":"has-post-thumbnail","6":"product_brand-scientiffic-nutrition-es","7":"product_cat-nutricion-de-rendimiento","8":"product_cat-preparacion","9":"product_cat-recuperacion","10":"product_cat-resistencia","12":"first","13":"instock","14":"taxable","15":"shipping-taxable","16":"purchasable","17":"product-type-simple"},"yoast_head":"<!-- This site is optimized with the Yoast SEO plugin v27.2 - https:\/\/yoast.com\/product\/yoast-seo-wordpress\/ -->\n<title>Scientific Nutrition Magnesio - en c\u00e1psulas<\/title>\n<meta name=\"description\" content=\"Magnesio de Scientific Nutrition: reduce el cansancio, protege los m\u00fasculos y apoya el sistema nervioso. F\u00e1cil absorci\u00f3n y con vitamina B6.\" \/>\n<meta name=\"robots\" content=\"index, follow, max-snippet:-1, max-image-preview:large, max-video-preview:-1\" \/>\n<link rel=\"canonical\" href=\"https:\/\/store.eventsmtb.com\/es\/produto\/scientific-nutrition-magnesio-en-capsulas\/\" \/>\n<meta property=\"og:locale\" content=\"es_ES\" \/>\n<meta property=\"og:type\" content=\"article\" \/>\n<meta property=\"og:title\" content=\"Scientific Nutrition Magnesio - en c\u00e1psulas\" \/>\n<meta property=\"og:description\" content=\"Magnesio de Scientific Nutrition: reduce el cansancio, protege los m\u00fasculos y apoya el sistema nervioso. F\u00e1cil absorci\u00f3n y con vitamina B6.\" \/>\n<meta property=\"og:url\" content=\"https:\/\/store.eventsmtb.com\/es\/produto\/scientific-nutrition-magnesio-en-capsulas\/\" \/>\n<meta property=\"og:site_name\" content=\"Store.Eventsmtb\" \/>\n<meta property=\"article:publisher\" content=\"https:\/\/www.facebook.com\/profile.php?id=100083151405925&amp;locale=pt_PT\" \/>\n<meta property=\"article:modified_time\" content=\"2025-10-09T16:15:54+00:00\" \/>\n<meta property=\"og:image\" content=\"https:\/\/store.eventsmtb.com\/wp-content\/uploads\/2025\/10\/Design-sem-nome-6.png\" \/>\n\t<meta property=\"og:image:width\" content=\"1080\" \/>\n\t<meta property=\"og:image:height\" content=\"1080\" \/>\n\t<meta property=\"og:image:type\" content=\"image\/png\" \/>\n<meta name=\"twitter:card\" content=\"summary_large_image\" \/>\n<meta name=\"twitter:label1\" content=\"Tiempo de lectura\" \/>\n\t<meta name=\"twitter:data1\" content=\"1 minuto\" \/>\n<script type=\"application\/ld+json\" class=\"yoast-schema-graph\">{\"@context\":\"https:\/\/schema.org\",\"@graph\":[{\"@type\":\"WebPage\",\"@id\":\"https:\/\/store.eventsmtb.com\/es\/produto\/scientific-nutrition-magnesio-en-capsulas\/\",\"url\":\"https:\/\/store.eventsmtb.com\/es\/produto\/scientific-nutrition-magnesio-en-capsulas\/\",\"name\":\"Scientific Nutrition Magnesio - en c\u00e1psulas\",\"isPartOf\":{\"@id\":\"https:\/\/store.eventsmtb.com\/es\/#website\"},\"primaryImageOfPage\":{\"@id\":\"https:\/\/store.eventsmtb.com\/es\/produto\/scientific-nutrition-magnesio-en-capsulas\/#primaryimage\"},\"image\":{\"@id\":\"https:\/\/store.eventsmtb.com\/es\/produto\/scientific-nutrition-magnesio-en-capsulas\/#primaryimage\"},\"thumbnailUrl\":\"https:\/\/store.eventsmtb.com\/wp-content\/uploads\/2025\/10\/Design-sem-nome-6.png\",\"datePublished\":\"2025-10-07T11:56:43+00:00\",\"dateModified\":\"2025-10-09T16:15:54+00:00\",\"description\":\"Magnesio de Scientific Nutrition: reduce el cansancio, protege los m\u00fasculos y apoya el sistema nervioso. F\u00e1cil absorci\u00f3n y con vitamina B6.\",\"breadcrumb\":{\"@id\":\"https:\/\/store.eventsmtb.com\/es\/produto\/scientific-nutrition-magnesio-en-capsulas\/#breadcrumb\"},\"inLanguage\":\"es\",\"potentialAction\":[{\"@type\":\"ReadAction\",\"target\":[\"https:\/\/store.eventsmtb.com\/es\/produto\/scientific-nutrition-magnesio-en-capsulas\/\"]}]},{\"@type\":\"ImageObject\",\"inLanguage\":\"es\",\"@id\":\"https:\/\/store.eventsmtb.com\/es\/produto\/scientific-nutrition-magnesio-en-capsulas\/#primaryimage\",\"url\":\"https:\/\/store.eventsmtb.com\/wp-content\/uploads\/2025\/10\/Design-sem-nome-6.png\",\"contentUrl\":\"https:\/\/store.eventsmtb.com\/wp-content\/uploads\/2025\/10\/Design-sem-nome-6.png\",\"width\":1080,\"height\":1080,\"caption\":\"Scientific Nutrition Magnesio - en c\u00e1psulas\"},{\"@type\":\"BreadcrumbList\",\"@id\":\"https:\/\/store.eventsmtb.com\/es\/produto\/scientific-nutrition-magnesio-en-capsulas\/#breadcrumb\",\"itemListElement\":[{\"@type\":\"ListItem\",\"position\":1,\"name\":\"In\u00edcio\",\"item\":\"https:\/\/store.eventsmtb.com\/es\/\"},{\"@type\":\"ListItem\",\"position\":2,\"name\":\"Tienda\",\"item\":\"https:\/\/store.eventsmtb.com\/es\/tienda\/\"},{\"@type\":\"ListItem\",\"position\":3,\"name\":\"Scientific Nutrition Magnesio &#8211; en c\u00e1psulas\"}]},{\"@type\":\"WebSite\",\"@id\":\"https:\/\/store.eventsmtb.com\/es\/#website\",\"url\":\"https:\/\/store.eventsmtb.com\/es\/\",\"name\":\"Store.Eventsmtb\",\"description\":\"Boost Yourself\",\"publisher\":{\"@id\":\"https:\/\/store.eventsmtb.com\/es\/#organization\"},\"potentialAction\":[{\"@type\":\"SearchAction\",\"target\":{\"@type\":\"EntryPoint\",\"urlTemplate\":\"https:\/\/store.eventsmtb.com\/es\/?s={search_term_string}\"},\"query-input\":{\"@type\":\"PropertyValueSpecification\",\"valueRequired\":true,\"valueName\":\"search_term_string\"}}],\"inLanguage\":\"es\"},{\"@type\":\"Organization\",\"@id\":\"https:\/\/store.eventsmtb.com\/es\/#organization\",\"name\":\"Store.Eventsmtb\",\"url\":\"https:\/\/store.eventsmtb.com\/es\/\",\"logo\":{\"@type\":\"ImageObject\",\"inLanguage\":\"es\",\"@id\":\"https:\/\/store.eventsmtb.com\/es\/#\/schema\/logo\/image\/\",\"url\":\"https:\/\/store.eventsmtb.com\/wp-content\/uploads\/2024\/08\/mtbstore-02-e1723109277246.png\",\"contentUrl\":\"https:\/\/store.eventsmtb.com\/wp-content\/uploads\/2024\/08\/mtbstore-02-e1723109277246.png\",\"width\":1925,\"height\":1765,\"caption\":\"Store.Eventsmtb\"},\"image\":{\"@id\":\"https:\/\/store.eventsmtb.com\/es\/#\/schema\/logo\/image\/\"},\"sameAs\":[\"https:\/\/www.facebook.com\/profile.php?id=100083151405925&locale=pt_PT\"]}]}<\/script>\n<!-- \/ Yoast SEO plugin. -->","yoast_head_json":{"title":"Scientific Nutrition Magnesio - en c\u00e1psulas","description":"Magnesio de Scientific Nutrition: reduce el cansancio, protege los m\u00fasculos y apoya el sistema nervioso. F\u00e1cil absorci\u00f3n y con vitamina B6.","robots":{"index":"index","follow":"follow","max-snippet":"max-snippet:-1","max-image-preview":"max-image-preview:large","max-video-preview":"max-video-preview:-1"},"canonical":"https:\/\/store.eventsmtb.com\/es\/produto\/scientific-nutrition-magnesio-en-capsulas\/","og_locale":"es_ES","og_type":"article","og_title":"Scientific Nutrition Magnesio - en c\u00e1psulas","og_description":"Magnesio de Scientific Nutrition: reduce el cansancio, protege los m\u00fasculos y apoya el sistema nervioso. F\u00e1cil absorci\u00f3n y con vitamina B6.","og_url":"https:\/\/store.eventsmtb.com\/es\/produto\/scientific-nutrition-magnesio-en-capsulas\/","og_site_name":"Store.Eventsmtb","article_publisher":"https:\/\/www.facebook.com\/profile.php?id=100083151405925&locale=pt_PT","article_modified_time":"2025-10-09T16:15:54+00:00","og_image":[{"width":1080,"height":1080,"url":"https:\/\/store.eventsmtb.com\/wp-content\/uploads\/2025\/10\/Design-sem-nome-6.png","type":"image\/png"}],"twitter_card":"summary_large_image","twitter_misc":{"Tiempo de lectura":"1 minuto"},"schema":{"@context":"https:\/\/schema.org","@graph":[{"@type":"WebPage","@id":"https:\/\/store.eventsmtb.com\/es\/produto\/scientific-nutrition-magnesio-en-capsulas\/","url":"https:\/\/store.eventsmtb.com\/es\/produto\/scientific-nutrition-magnesio-en-capsulas\/","name":"Scientific Nutrition Magnesio - en c\u00e1psulas","isPartOf":{"@id":"https:\/\/store.eventsmtb.com\/es\/#website"},"primaryImageOfPage":{"@id":"https:\/\/store.eventsmtb.com\/es\/produto\/scientific-nutrition-magnesio-en-capsulas\/#primaryimage"},"image":{"@id":"https:\/\/store.eventsmtb.com\/es\/produto\/scientific-nutrition-magnesio-en-capsulas\/#primaryimage"},"thumbnailUrl":"https:\/\/store.eventsmtb.com\/wp-content\/uploads\/2025\/10\/Design-sem-nome-6.png","datePublished":"2025-10-07T11:56:43+00:00","dateModified":"2025-10-09T16:15:54+00:00","description":"Magnesio de Scientific Nutrition: reduce el cansancio, protege los m\u00fasculos y apoya el sistema nervioso. F\u00e1cil absorci\u00f3n y con vitamina B6.","breadcrumb":{"@id":"https:\/\/store.eventsmtb.com\/es\/produto\/scientific-nutrition-magnesio-en-capsulas\/#breadcrumb"},"inLanguage":"es","potentialAction":[{"@type":"ReadAction","target":["https:\/\/store.eventsmtb.com\/es\/produto\/scientific-nutrition-magnesio-en-capsulas\/"]}]},{"@type":"ImageObject","inLanguage":"es","@id":"https:\/\/store.eventsmtb.com\/es\/produto\/scientific-nutrition-magnesio-en-capsulas\/#primaryimage","url":"https:\/\/store.eventsmtb.com\/wp-content\/uploads\/2025\/10\/Design-sem-nome-6.png","contentUrl":"https:\/\/store.eventsmtb.com\/wp-content\/uploads\/2025\/10\/Design-sem-nome-6.png","width":1080,"height":1080,"caption":"Scientific Nutrition Magnesio - en c\u00e1psulas"},{"@type":"BreadcrumbList","@id":"https:\/\/store.eventsmtb.com\/es\/produto\/scientific-nutrition-magnesio-en-capsulas\/#breadcrumb","itemListElement":[{"@type":"ListItem","position":1,"name":"In\u00edcio","item":"https:\/\/store.eventsmtb.com\/es\/"},{"@type":"ListItem","position":2,"name":"Tienda","item":"https:\/\/store.eventsmtb.com\/es\/tienda\/"},{"@type":"ListItem","position":3,"name":"Scientific Nutrition Magnesio &#8211; en c\u00e1psulas"}]},{"@type":"WebSite","@id":"https:\/\/store.eventsmtb.com\/es\/#website","url":"https:\/\/store.eventsmtb.com\/es\/","name":"Store.Eventsmtb","description":"Boost Yourself","publisher":{"@id":"https:\/\/store.eventsmtb.com\/es\/#organization"},"potentialAction":[{"@type":"SearchAction","target":{"@type":"EntryPoint","urlTemplate":"https:\/\/store.eventsmtb.com\/es\/?s={search_term_string}"},"query-input":{"@type":"PropertyValueSpecification","valueRequired":true,"valueName":"search_term_string"}}],"inLanguage":"es"},{"@type":"Organization","@id":"https:\/\/store.eventsmtb.com\/es\/#organization","name":"Store.Eventsmtb","url":"https:\/\/store.eventsmtb.com\/es\/","logo":{"@type":"ImageObject","inLanguage":"es","@id":"https:\/\/store.eventsmtb.com\/es\/#\/schema\/logo\/image\/","url":"https:\/\/store.eventsmtb.com\/wp-content\/uploads\/2024\/08\/mtbstore-02-e1723109277246.png","contentUrl":"https:\/\/store.eventsmtb.com\/wp-content\/uploads\/2024\/08\/mtbstore-02-e1723109277246.png","width":1925,"height":1765,"caption":"Store.Eventsmtb"},"image":{"@id":"https:\/\/store.eventsmtb.com\/es\/#\/schema\/logo\/image\/"},"sameAs":["https:\/\/www.facebook.com\/profile.php?id=100083151405925&locale=pt_PT"]}]}},"_links":{"self":[{"href":"https:\/\/store.eventsmtb.com\/es\/wp-json\/wp\/v2\/product\/10106","targetHints":{"allow":["GET"]}}],"collection":[{"href":"https:\/\/store.eventsmtb.com\/es\/wp-json\/wp\/v2\/product"}],"about":[{"href":"https:\/\/store.eventsmtb.com\/es\/wp-json\/wp\/v2\/types\/product"}],"replies":[{"embeddable":true,"href":"https:\/\/store.eventsmtb.com\/es\/wp-json\/wp\/v2\/comments?post=10106"}],"wp:featuredmedia":[{"embeddable":true,"href":"https:\/\/store.eventsmtb.com\/es\/wp-json\/wp\/v2\/media\/10099"}],"wp:attachment":[{"href":"https:\/\/store.eventsmtb.com\/es\/wp-json\/wp\/v2\/media?parent=10106"}],"wp:term":[{"taxonomy":"product_cat","embeddable":true,"href":"https:\/\/store.eventsmtb.com\/es\/wp-json\/wp\/v2\/product_cat?post=10106"},{"taxonomy":"product_tag","embeddable":true,"href":"https:\/\/store.eventsmtb.com\/es\/wp-json\/wp\/v2\/product_tag?post=10106"}],"curies":[{"name":"wp","href":"https:\/\/api.w.org\/{rel}","templated":true}]}}