{"id":10438,"date":"2025-12-03T17:26:49","date_gmt":"2025-12-03T17:26:49","guid":{"rendered":"https:\/\/store.eventsmtb.com\/produto\/meltonic-electrolitos-de-limon\/"},"modified":"2026-02-04T16:01:59","modified_gmt":"2026-02-04T16:01:59","slug":"meltonic-electrolitos-de-limon","status":"publish","type":"product","link":"https:\/\/store.eventsmtb.com\/es\/produto\/meltonic-electrolitos-de-limon\/","title":{"rendered":"Meltonic &#8211; Electrolitos de lim\u00f3n"},"content":{"rendered":"<p data-start=\"629\" data-end=\"822\">Mant\u00e9n tu hidrataci\u00f3n estable y el rendimiento en el punto adecuado con los <strong data-start=\"698\" data-end=\"734\">Electrolitos Naturales de Lim\u00f3n<\/strong>, creados para deportistas que buscan una soluci\u00f3n m\u00e1s limpia, eficaz y totalmente natural.<\/p>\n<p data-start=\"824\" data-end=\"1205\">La f\u00f3rmula combina <strong data-start=\"842\" data-end=\"857\">sal marina<\/strong> y <strong data-start=\"860\" data-end=\"882\">plantas org\u00e1nicas<\/strong>, junto con magnesio de origen natural extra\u00eddo de <em data-start=\"938\" data-end=\"953\">laitue de mer<\/em> , un mineral esencial para la funci\u00f3n muscular y la reducci\u00f3n de la fatiga durante el esfuerzo. Tambi\u00e9n incluye <strong data-start=\"1057\" data-end=\"1069\">potasio<\/strong>, importante para el equilibrio electrol\u00edtico, y <strong data-start=\"1116\" data-end=\"1159\">vitaminas B y C de la acerola<\/strong>, que contribuyen a la energ\u00eda y la recuperaci\u00f3n. <\/p>\n<p data-start=\"1207\" data-end=\"1325\">El sabor lim\u00f3n ofrece una hidrataci\u00f3n ligera y revitalizante, perfecta para entrenamientos intensos, competiciones o d\u00edas activos.<\/p>\n<p data-start=\"1327\" data-end=\"1473\">\u2714 100% natural<br data-start=\"1342\" data-end=\"1345\">\u2714 Sin conservantes<br data-start=\"1363\" data-end=\"1366\">\u2714 No hay sabores artificiales<br data-start=\"1390\" data-end=\"1393\">\u2714 Perfecto para la hidrataci\u00f3n y la resistencia<br data-start=\"1432\" data-end=\"1435\">\u2714 Tambi\u00e9n disponible en Fruits Rouges<\/p>\n<p data-start=\"1601\" data-end=\"1639\"><strong data-start=\"1601\" data-end=\"1616\">Cantidad:<\/strong> 10 pastillas por tubo.<\/p>\n<p data-start=\"1641\" data-end=\"1748\">Una forma pr\u00e1ctica, natural y refrescante de mantener tu cuerpo hidratado y preparado para cualquier desaf\u00edo.<\/p>\n","protected":false},"excerpt":{"rendered":"<p>Mant\u00e9n tu hidrataci\u00f3n estable y el rendimiento en el punto adecuado con los Electrolitos Naturales de Lim\u00f3n, creados para deportistas que buscan una soluci\u00f3n m\u00e1s limpia, eficaz y totalmente natural. La f\u00f3rmula combina sal marina y plantas org\u00e1nicas, junto con magnesio de origen natural extra\u00eddo de laitue de mer , un mineral esencial para la [&hellip;]<\/p>\n","protected":false},"featured_media":10432,"comment_status":"closed","ping_status":"closed","template":"","meta":[],"product_cat":[222,217,232],"product_tag":[],"class_list":{"0":"post-10438","1":"product","2":"type-product","3":"status-publish","4":"has-post-thumbnail","6":"product_brand-meltonic-es","7":"product_cat-mezcla-de-bebidas","8":"product_cat-nutricion-de-rendimiento","9":"product_cat-resistencia","11":"first","12":"instock","13":"taxable","14":"shipping-taxable","15":"purchasable","16":"product-type-simple"},"yoast_head":"<!-- This site is optimized with the Yoast SEO plugin v27.2 - https:\/\/yoast.com\/product\/yoast-seo-wordpress\/ -->\n<title>Electrolitos naturales lim\u00f3n \u2013 Hidrataci\u00f3n y rendimiento<\/title>\n<meta name=\"description\" content=\"Electrolitos naturales de sabor a lim\u00f3n con magnesio, potasio y vitaminas. Sin conservantes. Ideal para hidrataci\u00f3n y resistencia. 1 comprimido por cada 500 ml.\" \/>\n<meta name=\"robots\" content=\"index, follow, max-snippet:-1, max-image-preview:large, max-video-preview:-1\" \/>\n<link rel=\"canonical\" href=\"https:\/\/store.eventsmtb.com\/es\/produto\/meltonic-electrolitos-de-limon\/\" \/>\n<meta property=\"og:locale\" content=\"es_ES\" \/>\n<meta property=\"og:type\" content=\"article\" \/>\n<meta property=\"og:title\" content=\"Electrolitos naturales lim\u00f3n \u2013 Hidrataci\u00f3n y rendimiento\" \/>\n<meta property=\"og:description\" content=\"Electrolitos naturales de sabor a lim\u00f3n con magnesio, potasio y vitaminas. Sin conservantes. Ideal para hidrataci\u00f3n y resistencia. 1 comprimido por cada 500 ml.\" \/>\n<meta property=\"og:url\" content=\"https:\/\/store.eventsmtb.com\/es\/produto\/meltonic-electrolitos-de-limon\/\" \/>\n<meta property=\"og:site_name\" content=\"Store.Eventsmtb\" \/>\n<meta property=\"article:publisher\" content=\"https:\/\/www.facebook.com\/profile.php?id=100083151405925&amp;locale=pt_PT\" \/>\n<meta property=\"article:modified_time\" content=\"2026-02-04T16:01:59+00:00\" \/>\n<meta property=\"og:image\" content=\"https:\/\/store.eventsmtb.com\/wp-content\/uploads\/2025\/12\/electrolytes-citron.jpg\" \/>\n\t<meta property=\"og:image:width\" content=\"800\" \/>\n\t<meta property=\"og:image:height\" content=\"800\" \/>\n\t<meta property=\"og:image:type\" content=\"image\/jpeg\" \/>\n<meta name=\"twitter:card\" content=\"summary_large_image\" \/>\n<meta name=\"twitter:label1\" content=\"Tiempo de lectura\" \/>\n\t<meta name=\"twitter:data1\" content=\"1 minuto\" \/>\n<script type=\"application\/ld+json\" class=\"yoast-schema-graph\">{\"@context\":\"https:\/\/schema.org\",\"@graph\":[{\"@type\":\"WebPage\",\"@id\":\"https:\/\/store.eventsmtb.com\/es\/produto\/meltonic-electrolitos-de-limon\/\",\"url\":\"https:\/\/store.eventsmtb.com\/es\/produto\/meltonic-electrolitos-de-limon\/\",\"name\":\"Electrolitos naturales lim\u00f3n \u2013 Hidrataci\u00f3n y rendimiento\",\"isPartOf\":{\"@id\":\"https:\/\/store.eventsmtb.com\/es\/#website\"},\"primaryImageOfPage\":{\"@id\":\"https:\/\/store.eventsmtb.com\/es\/produto\/meltonic-electrolitos-de-limon\/#primaryimage\"},\"image\":{\"@id\":\"https:\/\/store.eventsmtb.com\/es\/produto\/meltonic-electrolitos-de-limon\/#primaryimage\"},\"thumbnailUrl\":\"https:\/\/store.eventsmtb.com\/wp-content\/uploads\/2025\/12\/electrolytes-citron.jpg\",\"datePublished\":\"2025-12-03T17:26:49+00:00\",\"dateModified\":\"2026-02-04T16:01:59+00:00\",\"description\":\"Electrolitos naturales de sabor a lim\u00f3n con magnesio, potasio y vitaminas. Sin conservantes. Ideal para hidrataci\u00f3n y resistencia. 1 comprimido por cada 500 ml.\",\"breadcrumb\":{\"@id\":\"https:\/\/store.eventsmtb.com\/es\/produto\/meltonic-electrolitos-de-limon\/#breadcrumb\"},\"inLanguage\":\"es\",\"potentialAction\":[{\"@type\":\"ReadAction\",\"target\":[\"https:\/\/store.eventsmtb.com\/es\/produto\/meltonic-electrolitos-de-limon\/\"]}]},{\"@type\":\"ImageObject\",\"inLanguage\":\"es\",\"@id\":\"https:\/\/store.eventsmtb.com\/es\/produto\/meltonic-electrolitos-de-limon\/#primaryimage\",\"url\":\"https:\/\/store.eventsmtb.com\/wp-content\/uploads\/2025\/12\/electrolytes-citron.jpg\",\"contentUrl\":\"https:\/\/store.eventsmtb.com\/wp-content\/uploads\/2025\/12\/electrolytes-citron.jpg\",\"width\":800,\"height\":800,\"caption\":\"Meltonic - Electrolitos de lim\u00f3n\"},{\"@type\":\"BreadcrumbList\",\"@id\":\"https:\/\/store.eventsmtb.com\/es\/produto\/meltonic-electrolitos-de-limon\/#breadcrumb\",\"itemListElement\":[{\"@type\":\"ListItem\",\"position\":1,\"name\":\"In\u00edcio\",\"item\":\"https:\/\/store.eventsmtb.com\/es\/\"},{\"@type\":\"ListItem\",\"position\":2,\"name\":\"Tienda\",\"item\":\"https:\/\/store.eventsmtb.com\/es\/tienda\/\"},{\"@type\":\"ListItem\",\"position\":3,\"name\":\"Meltonic &#8211; Electrolitos de lim\u00f3n\"}]},{\"@type\":\"WebSite\",\"@id\":\"https:\/\/store.eventsmtb.com\/es\/#website\",\"url\":\"https:\/\/store.eventsmtb.com\/es\/\",\"name\":\"Store.Eventsmtb\",\"description\":\"Boost Yourself\",\"publisher\":{\"@id\":\"https:\/\/store.eventsmtb.com\/es\/#organization\"},\"potentialAction\":[{\"@type\":\"SearchAction\",\"target\":{\"@type\":\"EntryPoint\",\"urlTemplate\":\"https:\/\/store.eventsmtb.com\/es\/?s={search_term_string}\"},\"query-input\":{\"@type\":\"PropertyValueSpecification\",\"valueRequired\":true,\"valueName\":\"search_term_string\"}}],\"inLanguage\":\"es\"},{\"@type\":\"Organization\",\"@id\":\"https:\/\/store.eventsmtb.com\/es\/#organization\",\"name\":\"Store.Eventsmtb\",\"url\":\"https:\/\/store.eventsmtb.com\/es\/\",\"logo\":{\"@type\":\"ImageObject\",\"inLanguage\":\"es\",\"@id\":\"https:\/\/store.eventsmtb.com\/es\/#\/schema\/logo\/image\/\",\"url\":\"https:\/\/store.eventsmtb.com\/wp-content\/uploads\/2024\/08\/mtbstore-02-e1723109277246.png\",\"contentUrl\":\"https:\/\/store.eventsmtb.com\/wp-content\/uploads\/2024\/08\/mtbstore-02-e1723109277246.png\",\"width\":1925,\"height\":1765,\"caption\":\"Store.Eventsmtb\"},\"image\":{\"@id\":\"https:\/\/store.eventsmtb.com\/es\/#\/schema\/logo\/image\/\"},\"sameAs\":[\"https:\/\/www.facebook.com\/profile.php?id=100083151405925&locale=pt_PT\"]}]}<\/script>\n<!-- \/ Yoast SEO plugin. -->","yoast_head_json":{"title":"Electrolitos naturales lim\u00f3n \u2013 Hidrataci\u00f3n y rendimiento","description":"Electrolitos naturales de sabor a lim\u00f3n con magnesio, potasio y vitaminas. Sin conservantes. Ideal para hidrataci\u00f3n y resistencia. 1 comprimido por cada 500 ml.","robots":{"index":"index","follow":"follow","max-snippet":"max-snippet:-1","max-image-preview":"max-image-preview:large","max-video-preview":"max-video-preview:-1"},"canonical":"https:\/\/store.eventsmtb.com\/es\/produto\/meltonic-electrolitos-de-limon\/","og_locale":"es_ES","og_type":"article","og_title":"Electrolitos naturales lim\u00f3n \u2013 Hidrataci\u00f3n y rendimiento","og_description":"Electrolitos naturales de sabor a lim\u00f3n con magnesio, potasio y vitaminas. Sin conservantes. Ideal para hidrataci\u00f3n y resistencia. 1 comprimido por cada 500 ml.","og_url":"https:\/\/store.eventsmtb.com\/es\/produto\/meltonic-electrolitos-de-limon\/","og_site_name":"Store.Eventsmtb","article_publisher":"https:\/\/www.facebook.com\/profile.php?id=100083151405925&locale=pt_PT","article_modified_time":"2026-02-04T16:01:59+00:00","og_image":[{"width":800,"height":800,"url":"https:\/\/store.eventsmtb.com\/wp-content\/uploads\/2025\/12\/electrolytes-citron.jpg","type":"image\/jpeg"}],"twitter_card":"summary_large_image","twitter_misc":{"Tiempo de lectura":"1 minuto"},"schema":{"@context":"https:\/\/schema.org","@graph":[{"@type":"WebPage","@id":"https:\/\/store.eventsmtb.com\/es\/produto\/meltonic-electrolitos-de-limon\/","url":"https:\/\/store.eventsmtb.com\/es\/produto\/meltonic-electrolitos-de-limon\/","name":"Electrolitos naturales lim\u00f3n \u2013 Hidrataci\u00f3n y rendimiento","isPartOf":{"@id":"https:\/\/store.eventsmtb.com\/es\/#website"},"primaryImageOfPage":{"@id":"https:\/\/store.eventsmtb.com\/es\/produto\/meltonic-electrolitos-de-limon\/#primaryimage"},"image":{"@id":"https:\/\/store.eventsmtb.com\/es\/produto\/meltonic-electrolitos-de-limon\/#primaryimage"},"thumbnailUrl":"https:\/\/store.eventsmtb.com\/wp-content\/uploads\/2025\/12\/electrolytes-citron.jpg","datePublished":"2025-12-03T17:26:49+00:00","dateModified":"2026-02-04T16:01:59+00:00","description":"Electrolitos naturales de sabor a lim\u00f3n con magnesio, potasio y vitaminas. Sin conservantes. Ideal para hidrataci\u00f3n y resistencia. 1 comprimido por cada 500 ml.","breadcrumb":{"@id":"https:\/\/store.eventsmtb.com\/es\/produto\/meltonic-electrolitos-de-limon\/#breadcrumb"},"inLanguage":"es","potentialAction":[{"@type":"ReadAction","target":["https:\/\/store.eventsmtb.com\/es\/produto\/meltonic-electrolitos-de-limon\/"]}]},{"@type":"ImageObject","inLanguage":"es","@id":"https:\/\/store.eventsmtb.com\/es\/produto\/meltonic-electrolitos-de-limon\/#primaryimage","url":"https:\/\/store.eventsmtb.com\/wp-content\/uploads\/2025\/12\/electrolytes-citron.jpg","contentUrl":"https:\/\/store.eventsmtb.com\/wp-content\/uploads\/2025\/12\/electrolytes-citron.jpg","width":800,"height":800,"caption":"Meltonic - Electrolitos de lim\u00f3n"},{"@type":"BreadcrumbList","@id":"https:\/\/store.eventsmtb.com\/es\/produto\/meltonic-electrolitos-de-limon\/#breadcrumb","itemListElement":[{"@type":"ListItem","position":1,"name":"In\u00edcio","item":"https:\/\/store.eventsmtb.com\/es\/"},{"@type":"ListItem","position":2,"name":"Tienda","item":"https:\/\/store.eventsmtb.com\/es\/tienda\/"},{"@type":"ListItem","position":3,"name":"Meltonic &#8211; Electrolitos de lim\u00f3n"}]},{"@type":"WebSite","@id":"https:\/\/store.eventsmtb.com\/es\/#website","url":"https:\/\/store.eventsmtb.com\/es\/","name":"Store.Eventsmtb","description":"Boost Yourself","publisher":{"@id":"https:\/\/store.eventsmtb.com\/es\/#organization"},"potentialAction":[{"@type":"SearchAction","target":{"@type":"EntryPoint","urlTemplate":"https:\/\/store.eventsmtb.com\/es\/?s={search_term_string}"},"query-input":{"@type":"PropertyValueSpecification","valueRequired":true,"valueName":"search_term_string"}}],"inLanguage":"es"},{"@type":"Organization","@id":"https:\/\/store.eventsmtb.com\/es\/#organization","name":"Store.Eventsmtb","url":"https:\/\/store.eventsmtb.com\/es\/","logo":{"@type":"ImageObject","inLanguage":"es","@id":"https:\/\/store.eventsmtb.com\/es\/#\/schema\/logo\/image\/","url":"https:\/\/store.eventsmtb.com\/wp-content\/uploads\/2024\/08\/mtbstore-02-e1723109277246.png","contentUrl":"https:\/\/store.eventsmtb.com\/wp-content\/uploads\/2024\/08\/mtbstore-02-e1723109277246.png","width":1925,"height":1765,"caption":"Store.Eventsmtb"},"image":{"@id":"https:\/\/store.eventsmtb.com\/es\/#\/schema\/logo\/image\/"},"sameAs":["https:\/\/www.facebook.com\/profile.php?id=100083151405925&locale=pt_PT"]}]}},"_links":{"self":[{"href":"https:\/\/store.eventsmtb.com\/es\/wp-json\/wp\/v2\/product\/10438","targetHints":{"allow":["GET"]}}],"collection":[{"href":"https:\/\/store.eventsmtb.com\/es\/wp-json\/wp\/v2\/product"}],"about":[{"href":"https:\/\/store.eventsmtb.com\/es\/wp-json\/wp\/v2\/types\/product"}],"replies":[{"embeddable":true,"href":"https:\/\/store.eventsmtb.com\/es\/wp-json\/wp\/v2\/comments?post=10438"}],"wp:featuredmedia":[{"embeddable":true,"href":"https:\/\/store.eventsmtb.com\/es\/wp-json\/wp\/v2\/media\/10432"}],"wp:attachment":[{"href":"https:\/\/store.eventsmtb.com\/es\/wp-json\/wp\/v2\/media?parent=10438"}],"wp:term":[{"taxonomy":"product_cat","embeddable":true,"href":"https:\/\/store.eventsmtb.com\/es\/wp-json\/wp\/v2\/product_cat?post=10438"},{"taxonomy":"product_tag","embeddable":true,"href":"https:\/\/store.eventsmtb.com\/es\/wp-json\/wp\/v2\/product_tag?post=10438"}],"curies":[{"name":"wp","href":"https:\/\/api.w.org\/{rel}","templated":true}]}}