{"id":10439,"date":"2025-12-03T17:06:45","date_gmt":"2025-12-03T17:06:45","guid":{"rendered":"https:\/\/store.eventsmtb.com\/produto\/meltonic-electrolitos-de-fruta-roja\/"},"modified":"2025-12-03T17:06:45","modified_gmt":"2025-12-03T17:06:45","slug":"meltonic-electrolitos-de-fruta-roja","status":"publish","type":"product","link":"https:\/\/store.eventsmtb.com\/es\/produto\/meltonic-electrolitos-de-fruta-roja\/","title":{"rendered":"Meltonic &#8211; Electrolitos de fruta roja"},"content":{"rendered":"<p data-start=\"575\" data-end=\"777\">Mant\u00e9n tu hidrataci\u00f3n al nivel adecuado con <strong data-start=\"621\" data-end=\"659\">los Electrolitos Naturales de Fruits Rouges<\/strong>, formulados para quienes practican deporte y buscan un sustituto mineral m\u00e1s limpio y eficaz sin aditivos artificiales.<\/p>\n<p data-start=\"779\" data-end=\"1101\">Cada pastilla combina <strong data-start=\"801\" data-end=\"816\">sal marina<\/strong>, <strong data-start=\"818\" data-end=\"840\">plantas org\u00e1nicas<\/strong> y una fuente natural de <strong data-start=\"864\" data-end=\"912\">magnesio procedente de las algas &#8220;laitue de mer&#8221;,<\/strong> esenciales para reducir la fatiga muscular. Tambi\u00e9n contiene <strong data-start=\"973\" data-end=\"985\">potasio<\/strong>, crucial para el equilibrio electrol\u00edtico, y <strong data-start=\"1032\" data-end=\"1062\">las vitaminas B y C de la acerola<\/strong>, que favorecen la energ\u00eda y la recuperaci\u00f3n. <\/p>\n<p data-start=\"1103\" data-end=\"1266\">Con un refrescante sabor <strong data-start=\"1130\" data-end=\"1150\">a fruta roja<\/strong>, esta versi\u00f3n transforma la hidrataci\u00f3n en un momento ligero y sabroso, perfecto para entrenamientos, carreras o d\u00edas exigentes.<\/p>\n<p data-start=\"1268\" data-end=\"1459\">\u2714 100% natural<br data-start=\"1283\" data-end=\"1286\">\u2714 Sin conservantes ni sabores artificiales<br data-start=\"1327\" data-end=\"1330\">\u2714 Mezcla limpia y f\u00e1cil de absorber<br data-start=\"1365\" data-end=\"1368\">\u2714 Ideal para aumentar la resistencia y la hidrataci\u00f3n<br data-start=\"1419\" data-end=\"1422\">\u2714 Tambi\u00e9n disponible en sabor lim\u00f3n<\/p>\n<p data-start=\"1461\" data-end=\"1601\">Disuelve <strong data-start=\"1496\" data-end=\"1541\">1 pastilla efervescente en 500 ml de agua<\/strong>. Ideal para entrenamientos, competiciones o actividades prolongadas. <\/p>\n<p data-start=\"1603\" data-end=\"1641\"><strong data-start=\"1603\" data-end=\"1618\">Cantidad:<\/strong> 10 pastillas por tubo.<\/p>\n<p data-start=\"1643\" data-end=\"1731\">Mantente hidratado, resistente y en tu mejor versi\u00f3n, con la pureza de la naturaleza en cada sorbo.<\/p>\n","protected":false},"excerpt":{"rendered":"<p>Mant\u00e9n tu hidrataci\u00f3n al nivel adecuado con los Electrolitos Naturales de Fruits Rouges, formulados para quienes practican deporte y buscan un sustituto mineral m\u00e1s limpio y eficaz sin aditivos artificiales. Cada pastilla combina sal marina, plantas org\u00e1nicas y una fuente natural de magnesio procedente de las algas &#8220;laitue de mer&#8221;, esenciales para reducir la fatiga [&hellip;]<\/p>\n","protected":false},"featured_media":10422,"comment_status":"closed","ping_status":"closed","template":"","meta":[],"product_cat":[222,217,232],"product_tag":[],"class_list":{"0":"post-10439","1":"product","2":"type-product","3":"status-publish","4":"has-post-thumbnail","6":"product_brand-meltonic-es","7":"product_cat-mezcla-de-bebidas","8":"product_cat-nutricion-de-rendimiento","9":"product_cat-resistencia","11":"first","12":"instock","13":"taxable","14":"shipping-taxable","15":"purchasable","16":"product-type-simple"},"yoast_head":"<!-- This site is optimized with the Yoast SEO plugin v27.2 - https:\/\/yoast.com\/product\/yoast-seo-wordpress\/ -->\n<title>Electrolitos naturales Frutas rojas \u2013 Hidrataci\u00f3n y resistencia<\/title>\n<meta name=\"description\" content=\"Electrolitos naturales de sabor a fruta roja con magnesio, potasio y vitaminas. Sin conservantes. Ideal para hidrataci\u00f3n y resistencia. 1 tableta por 500 ml.\" \/>\n<meta name=\"robots\" content=\"index, follow, max-snippet:-1, max-image-preview:large, max-video-preview:-1\" \/>\n<link rel=\"canonical\" href=\"https:\/\/store.eventsmtb.com\/es\/produto\/meltonic-electrolitos-de-fruta-roja\/\" \/>\n<meta property=\"og:locale\" content=\"es_ES\" \/>\n<meta property=\"og:type\" content=\"article\" \/>\n<meta property=\"og:title\" content=\"Electrolitos naturales Frutas rojas \u2013 Hidrataci\u00f3n y resistencia\" \/>\n<meta property=\"og:description\" content=\"Electrolitos naturales de sabor a fruta roja con magnesio, potasio y vitaminas. Sin conservantes. Ideal para hidrataci\u00f3n y resistencia. 1 tableta por 500 ml.\" \/>\n<meta property=\"og:url\" content=\"https:\/\/store.eventsmtb.com\/es\/produto\/meltonic-electrolitos-de-fruta-roja\/\" \/>\n<meta property=\"og:site_name\" content=\"Store.Eventsmtb\" \/>\n<meta property=\"article:publisher\" content=\"https:\/\/www.facebook.com\/profile.php?id=100083151405925&amp;locale=pt_PT\" \/>\n<meta property=\"og:image\" content=\"https:\/\/store.eventsmtb.com\/wp-content\/uploads\/2025\/12\/electrolytes-fruits-rouges.jpg\" \/>\n\t<meta property=\"og:image:width\" content=\"800\" \/>\n\t<meta property=\"og:image:height\" content=\"800\" \/>\n\t<meta property=\"og:image:type\" content=\"image\/jpeg\" \/>\n<meta name=\"twitter:card\" content=\"summary_large_image\" \/>\n<meta name=\"twitter:label1\" content=\"Tiempo de lectura\" \/>\n\t<meta name=\"twitter:data1\" content=\"1 minuto\" \/>\n<script type=\"application\/ld+json\" class=\"yoast-schema-graph\">{\"@context\":\"https:\/\/schema.org\",\"@graph\":[{\"@type\":\"WebPage\",\"@id\":\"https:\/\/store.eventsmtb.com\/es\/produto\/meltonic-electrolitos-de-fruta-roja\/\",\"url\":\"https:\/\/store.eventsmtb.com\/es\/produto\/meltonic-electrolitos-de-fruta-roja\/\",\"name\":\"Electrolitos naturales Frutas rojas \u2013 Hidrataci\u00f3n y resistencia\",\"isPartOf\":{\"@id\":\"https:\/\/store.eventsmtb.com\/es\/#website\"},\"primaryImageOfPage\":{\"@id\":\"https:\/\/store.eventsmtb.com\/es\/produto\/meltonic-electrolitos-de-fruta-roja\/#primaryimage\"},\"image\":{\"@id\":\"https:\/\/store.eventsmtb.com\/es\/produto\/meltonic-electrolitos-de-fruta-roja\/#primaryimage\"},\"thumbnailUrl\":\"https:\/\/store.eventsmtb.com\/wp-content\/uploads\/2025\/12\/electrolytes-fruits-rouges.jpg\",\"datePublished\":\"2025-12-03T17:06:45+00:00\",\"description\":\"Electrolitos naturales de sabor a fruta roja con magnesio, potasio y vitaminas. Sin conservantes. Ideal para hidrataci\u00f3n y resistencia. 1 tableta por 500 ml.\",\"breadcrumb\":{\"@id\":\"https:\/\/store.eventsmtb.com\/es\/produto\/meltonic-electrolitos-de-fruta-roja\/#breadcrumb\"},\"inLanguage\":\"es\",\"potentialAction\":[{\"@type\":\"ReadAction\",\"target\":[\"https:\/\/store.eventsmtb.com\/es\/produto\/meltonic-electrolitos-de-fruta-roja\/\"]}]},{\"@type\":\"ImageObject\",\"inLanguage\":\"es\",\"@id\":\"https:\/\/store.eventsmtb.com\/es\/produto\/meltonic-electrolitos-de-fruta-roja\/#primaryimage\",\"url\":\"https:\/\/store.eventsmtb.com\/wp-content\/uploads\/2025\/12\/electrolytes-fruits-rouges.jpg\",\"contentUrl\":\"https:\/\/store.eventsmtb.com\/wp-content\/uploads\/2025\/12\/electrolytes-fruits-rouges.jpg\",\"width\":800,\"height\":800,\"caption\":\"Meltonic - Electrolitos de fruta roja\"},{\"@type\":\"BreadcrumbList\",\"@id\":\"https:\/\/store.eventsmtb.com\/es\/produto\/meltonic-electrolitos-de-fruta-roja\/#breadcrumb\",\"itemListElement\":[{\"@type\":\"ListItem\",\"position\":1,\"name\":\"In\u00edcio\",\"item\":\"https:\/\/store.eventsmtb.com\/es\/\"},{\"@type\":\"ListItem\",\"position\":2,\"name\":\"Tienda\",\"item\":\"https:\/\/store.eventsmtb.com\/es\/tienda\/\"},{\"@type\":\"ListItem\",\"position\":3,\"name\":\"Meltonic &#8211; Electrolitos de fruta roja\"}]},{\"@type\":\"WebSite\",\"@id\":\"https:\/\/store.eventsmtb.com\/es\/#website\",\"url\":\"https:\/\/store.eventsmtb.com\/es\/\",\"name\":\"Store.Eventsmtb\",\"description\":\"Boost Yourself\",\"publisher\":{\"@id\":\"https:\/\/store.eventsmtb.com\/es\/#organization\"},\"potentialAction\":[{\"@type\":\"SearchAction\",\"target\":{\"@type\":\"EntryPoint\",\"urlTemplate\":\"https:\/\/store.eventsmtb.com\/es\/?s={search_term_string}\"},\"query-input\":{\"@type\":\"PropertyValueSpecification\",\"valueRequired\":true,\"valueName\":\"search_term_string\"}}],\"inLanguage\":\"es\"},{\"@type\":\"Organization\",\"@id\":\"https:\/\/store.eventsmtb.com\/es\/#organization\",\"name\":\"Store.Eventsmtb\",\"url\":\"https:\/\/store.eventsmtb.com\/es\/\",\"logo\":{\"@type\":\"ImageObject\",\"inLanguage\":\"es\",\"@id\":\"https:\/\/store.eventsmtb.com\/es\/#\/schema\/logo\/image\/\",\"url\":\"https:\/\/store.eventsmtb.com\/wp-content\/uploads\/2024\/08\/mtbstore-02-e1723109277246.png\",\"contentUrl\":\"https:\/\/store.eventsmtb.com\/wp-content\/uploads\/2024\/08\/mtbstore-02-e1723109277246.png\",\"width\":1925,\"height\":1765,\"caption\":\"Store.Eventsmtb\"},\"image\":{\"@id\":\"https:\/\/store.eventsmtb.com\/es\/#\/schema\/logo\/image\/\"},\"sameAs\":[\"https:\/\/www.facebook.com\/profile.php?id=100083151405925&locale=pt_PT\"]}]}<\/script>\n<!-- \/ Yoast SEO plugin. -->","yoast_head_json":{"title":"Electrolitos naturales Frutas rojas \u2013 Hidrataci\u00f3n y resistencia","description":"Electrolitos naturales de sabor a fruta roja con magnesio, potasio y vitaminas. Sin conservantes. Ideal para hidrataci\u00f3n y resistencia. 1 tableta por 500 ml.","robots":{"index":"index","follow":"follow","max-snippet":"max-snippet:-1","max-image-preview":"max-image-preview:large","max-video-preview":"max-video-preview:-1"},"canonical":"https:\/\/store.eventsmtb.com\/es\/produto\/meltonic-electrolitos-de-fruta-roja\/","og_locale":"es_ES","og_type":"article","og_title":"Electrolitos naturales Frutas rojas \u2013 Hidrataci\u00f3n y resistencia","og_description":"Electrolitos naturales de sabor a fruta roja con magnesio, potasio y vitaminas. Sin conservantes. Ideal para hidrataci\u00f3n y resistencia. 1 tableta por 500 ml.","og_url":"https:\/\/store.eventsmtb.com\/es\/produto\/meltonic-electrolitos-de-fruta-roja\/","og_site_name":"Store.Eventsmtb","article_publisher":"https:\/\/www.facebook.com\/profile.php?id=100083151405925&locale=pt_PT","og_image":[{"width":800,"height":800,"url":"https:\/\/store.eventsmtb.com\/wp-content\/uploads\/2025\/12\/electrolytes-fruits-rouges.jpg","type":"image\/jpeg"}],"twitter_card":"summary_large_image","twitter_misc":{"Tiempo de lectura":"1 minuto"},"schema":{"@context":"https:\/\/schema.org","@graph":[{"@type":"WebPage","@id":"https:\/\/store.eventsmtb.com\/es\/produto\/meltonic-electrolitos-de-fruta-roja\/","url":"https:\/\/store.eventsmtb.com\/es\/produto\/meltonic-electrolitos-de-fruta-roja\/","name":"Electrolitos naturales Frutas rojas \u2013 Hidrataci\u00f3n y resistencia","isPartOf":{"@id":"https:\/\/store.eventsmtb.com\/es\/#website"},"primaryImageOfPage":{"@id":"https:\/\/store.eventsmtb.com\/es\/produto\/meltonic-electrolitos-de-fruta-roja\/#primaryimage"},"image":{"@id":"https:\/\/store.eventsmtb.com\/es\/produto\/meltonic-electrolitos-de-fruta-roja\/#primaryimage"},"thumbnailUrl":"https:\/\/store.eventsmtb.com\/wp-content\/uploads\/2025\/12\/electrolytes-fruits-rouges.jpg","datePublished":"2025-12-03T17:06:45+00:00","description":"Electrolitos naturales de sabor a fruta roja con magnesio, potasio y vitaminas. Sin conservantes. Ideal para hidrataci\u00f3n y resistencia. 1 tableta por 500 ml.","breadcrumb":{"@id":"https:\/\/store.eventsmtb.com\/es\/produto\/meltonic-electrolitos-de-fruta-roja\/#breadcrumb"},"inLanguage":"es","potentialAction":[{"@type":"ReadAction","target":["https:\/\/store.eventsmtb.com\/es\/produto\/meltonic-electrolitos-de-fruta-roja\/"]}]},{"@type":"ImageObject","inLanguage":"es","@id":"https:\/\/store.eventsmtb.com\/es\/produto\/meltonic-electrolitos-de-fruta-roja\/#primaryimage","url":"https:\/\/store.eventsmtb.com\/wp-content\/uploads\/2025\/12\/electrolytes-fruits-rouges.jpg","contentUrl":"https:\/\/store.eventsmtb.com\/wp-content\/uploads\/2025\/12\/electrolytes-fruits-rouges.jpg","width":800,"height":800,"caption":"Meltonic - Electrolitos de fruta roja"},{"@type":"BreadcrumbList","@id":"https:\/\/store.eventsmtb.com\/es\/produto\/meltonic-electrolitos-de-fruta-roja\/#breadcrumb","itemListElement":[{"@type":"ListItem","position":1,"name":"In\u00edcio","item":"https:\/\/store.eventsmtb.com\/es\/"},{"@type":"ListItem","position":2,"name":"Tienda","item":"https:\/\/store.eventsmtb.com\/es\/tienda\/"},{"@type":"ListItem","position":3,"name":"Meltonic &#8211; Electrolitos de fruta roja"}]},{"@type":"WebSite","@id":"https:\/\/store.eventsmtb.com\/es\/#website","url":"https:\/\/store.eventsmtb.com\/es\/","name":"Store.Eventsmtb","description":"Boost Yourself","publisher":{"@id":"https:\/\/store.eventsmtb.com\/es\/#organization"},"potentialAction":[{"@type":"SearchAction","target":{"@type":"EntryPoint","urlTemplate":"https:\/\/store.eventsmtb.com\/es\/?s={search_term_string}"},"query-input":{"@type":"PropertyValueSpecification","valueRequired":true,"valueName":"search_term_string"}}],"inLanguage":"es"},{"@type":"Organization","@id":"https:\/\/store.eventsmtb.com\/es\/#organization","name":"Store.Eventsmtb","url":"https:\/\/store.eventsmtb.com\/es\/","logo":{"@type":"ImageObject","inLanguage":"es","@id":"https:\/\/store.eventsmtb.com\/es\/#\/schema\/logo\/image\/","url":"https:\/\/store.eventsmtb.com\/wp-content\/uploads\/2024\/08\/mtbstore-02-e1723109277246.png","contentUrl":"https:\/\/store.eventsmtb.com\/wp-content\/uploads\/2024\/08\/mtbstore-02-e1723109277246.png","width":1925,"height":1765,"caption":"Store.Eventsmtb"},"image":{"@id":"https:\/\/store.eventsmtb.com\/es\/#\/schema\/logo\/image\/"},"sameAs":["https:\/\/www.facebook.com\/profile.php?id=100083151405925&locale=pt_PT"]}]}},"_links":{"self":[{"href":"https:\/\/store.eventsmtb.com\/es\/wp-json\/wp\/v2\/product\/10439","targetHints":{"allow":["GET"]}}],"collection":[{"href":"https:\/\/store.eventsmtb.com\/es\/wp-json\/wp\/v2\/product"}],"about":[{"href":"https:\/\/store.eventsmtb.com\/es\/wp-json\/wp\/v2\/types\/product"}],"replies":[{"embeddable":true,"href":"https:\/\/store.eventsmtb.com\/es\/wp-json\/wp\/v2\/comments?post=10439"}],"wp:featuredmedia":[{"embeddable":true,"href":"https:\/\/store.eventsmtb.com\/es\/wp-json\/wp\/v2\/media\/10422"}],"wp:attachment":[{"href":"https:\/\/store.eventsmtb.com\/es\/wp-json\/wp\/v2\/media?parent=10439"}],"wp:term":[{"taxonomy":"product_cat","embeddable":true,"href":"https:\/\/store.eventsmtb.com\/es\/wp-json\/wp\/v2\/product_cat?post=10439"},{"taxonomy":"product_tag","embeddable":true,"href":"https:\/\/store.eventsmtb.com\/es\/wp-json\/wp\/v2\/product_tag?post=10439"}],"curies":[{"name":"wp","href":"https:\/\/api.w.org\/{rel}","templated":true}]}}