{"id":8384,"date":"2024-08-23T10:31:29","date_gmt":"2024-08-23T10:31:29","guid":{"rendered":"https:\/\/store.eventsmtb.com\/produto\/naak-ultra-energy-mezcla-para-bebidas-lima-720g\/"},"modified":"2025-10-07T15:25:30","modified_gmt":"2025-10-07T15:25:30","slug":"naak-ultra-energy-mezcla-para-bebidas-lima-720g","status":"publish","type":"product","link":"https:\/\/store.eventsmtb.com\/es\/produto\/naak-ultra-energy-mezcla-para-bebidas-lima-720g\/","title":{"rendered":"N\u00e4ak Ultra Energy\u2122 &#8211; Mezcla para..."},"content":{"rendered":"<div class=\"flex-shrink-0 flex flex-col relative items-end\">\n<div>\n<div class=\"pt-0\">\n<div class=\"gizmo-bot-avatar flex h-8 w-8 items-center justify-center overflow-hidden rounded-full\">\n<div class=\"relative p-1 rounded-sm flex items-center justify-center bg-token-main-surface-primary text-token-text-primary h-8 w-8\"><\/div>\n<\/div>\n<\/div>\n<\/div>\n<\/div>\n<div class=\"group\/conversation-turn relative flex w-full min-w-0 flex-col agent-turn\">\n<div class=\"flex-col gap-1 md:gap-3\">\n<div class=\"flex max-w-full flex-col flex-grow\">\n<div class=\"min-h-[20px] text-message flex w-full flex-col items-end gap-2 break-words [.text-message+&amp;]:mt-5 overflow-x-auto whitespace-pre-wrap\" dir=\"auto\" data-message-author-role=\"assistant\" data-message-id=\"f4551331-c0ab-4cd3-b6a2-def92bda4653\">\n<div class=\"flex w-full flex-col gap-1 empty:hidden first:pt-[3px]\">\n<div class=\"markdown prose w-full break-words dark:prose-invert dark\">\n<p>Descubre nuestra nueva y mejorada receta, ahora con una diluci\u00f3n perfecta. Potencia tus carreras de ultradistancia con energ\u00eda l\u00edquida. Elaborada con un 11 % de ingredientes reutilizados, la mezcla de bebidas N\u00e4ak Ultra Energy\u2122 aporta 250 calor\u00edas por cada 500 ml de agua. De acci\u00f3n r\u00e1pida y f\u00e1cil de ingerir, ofrece todos los nutrientes que necesitas para competir en ultra.   <\/p>\n<p>Desarrollada con atletas profesionales, la mezcla de bebidas N\u00e4ak Ultra Energy\u2122 es la primera en proporcionar prote\u00ednas completas (EAA) y BCAA a niveles optimizados para esfuerzos duraderos. Previene la degradaci\u00f3n de las fibras musculares durante actividades f\u00edsicas largas e intensas. <\/p>\n<ul>\n<li>250 calor\u00edas: obt\u00e9n todas tus calor\u00edas en forma l\u00edquida<\/li>\n<li>55g de hidratos de carbono: hidratos de carbono naturales simples y complejos<\/li>\n<li>650mg de electrolitos: repone los minerales perdidos a trav\u00e9s del sudor y previene los calambres<\/li>\n<li>1300mg de BCAAs: previene la degradaci\u00f3n muscular durante el ejercicio<\/li>\n<li>8g de prote\u00edna: todos los amino\u00e1cidos esenciales para reducir la fatiga muscular<\/li>\n<\/ul>\n<p>Ahora hecho con:<\/p>\n<ul>\n<li>Palatinosa\u2122: sustituye a la harina de avena. Elaborado a partir de la remolacha azucarera, proporciona una liberaci\u00f3n sostenida de energ\u00eda, favoreciendo una mejor oxidaci\u00f3n de las grasas y preservando las reservas de hidratos de carbono para una mayor resistencia. <\/li>\n<li>Aislado de prote\u00edna de canola: sustituye a las prote\u00ednas de soja y guisante. Proporciona el perfil de amino\u00e1cidos m\u00e1s completo posible. <\/li>\n<\/ul>\n<\/div>\n<\/div>\n<\/div>\n<\/div>\n<\/div>\n<\/div>\n","protected":false},"excerpt":{"rendered":"<p>N\u00e4ak Ultra Energy\u2122<\/p>\n","protected":false},"featured_media":7431,"comment_status":"open","ping_status":"closed","template":"","meta":[],"product_cat":[222,217],"product_tag":[225],"class_list":{"0":"post-8384","1":"product","2":"type-product","3":"status-publish","4":"has-post-thumbnail","6":"product_brand-naak-ultra-energy-es","7":"product_cat-mezcla-de-bebidas","8":"product_cat-nutricion-de-rendimiento","9":"product_tag-viernes-negro","11":"first","12":"instock","13":"taxable","14":"shipping-taxable","15":"purchasable","16":"product-type-simple"},"yoast_head":"<!-- This site is optimized with the Yoast SEO plugin v27.2 - https:\/\/yoast.com\/product\/yoast-seo-wordpress\/ -->\n<title>N\u00e4ak Ultra Energy\u2122 - Mezcla para bebidas, lima, 720g - Store.Eventsmtb<\/title>\n<meta name=\"description\" content=\"N\u00e4ak Ultra Energy\u2122 - Mezcla para bebidas, lima, 720g -\" \/>\n<meta name=\"robots\" content=\"index, follow, max-snippet:-1, max-image-preview:large, max-video-preview:-1\" \/>\n<link rel=\"canonical\" href=\"https:\/\/store.eventsmtb.com\/es\/produto\/naak-ultra-energy-mezcla-para-bebidas-lima-720g\/\" \/>\n<meta property=\"og:locale\" content=\"es_ES\" \/>\n<meta property=\"og:type\" content=\"article\" \/>\n<meta property=\"og:title\" content=\"N\u00e4ak Ultra Energy\u2122 - Mezcla para bebidas, lima, 720g - Store.Eventsmtb\" \/>\n<meta property=\"og:description\" content=\"N\u00e4ak Ultra Energy\u2122 - Mezcla para bebidas, lima, 720g -\" \/>\n<meta property=\"og:url\" content=\"https:\/\/store.eventsmtb.com\/es\/produto\/naak-ultra-energy-mezcla-para-bebidas-lima-720g\/\" \/>\n<meta property=\"og:site_name\" content=\"Store.Eventsmtb\" \/>\n<meta property=\"article:publisher\" content=\"https:\/\/www.facebook.com\/profile.php?id=100083151405925&amp;locale=pt_PT\" \/>\n<meta property=\"article:modified_time\" content=\"2025-10-07T15:25:30+00:00\" \/>\n<meta property=\"og:image\" content=\"https:\/\/store.eventsmtb.com\/wp-content\/uploads\/2024\/08\/naak-energy-drink-mix-1-bag-4-00-serving-energy-drink-mix-lime-new-44778680418608_600x.webp\" \/>\n\t<meta property=\"og:image:width\" content=\"600\" \/>\n\t<meta property=\"og:image:height\" content=\"600\" \/>\n\t<meta property=\"og:image:type\" content=\"image\/webp\" \/>\n<meta name=\"twitter:card\" content=\"summary_large_image\" \/>\n<meta name=\"twitter:label1\" content=\"Tiempo de lectura\" \/>\n\t<meta name=\"twitter:data1\" content=\"1 minuto\" \/>\n<script type=\"application\/ld+json\" class=\"yoast-schema-graph\">{\"@context\":\"https:\/\/schema.org\",\"@graph\":[{\"@type\":\"WebPage\",\"@id\":\"https:\/\/store.eventsmtb.com\/es\/produto\/naak-ultra-energy-mezcla-para-bebidas-lima-720g\/\",\"url\":\"https:\/\/store.eventsmtb.com\/es\/produto\/naak-ultra-energy-mezcla-para-bebidas-lima-720g\/\",\"name\":\"N\u00e4ak Ultra Energy\u2122 - Mezcla para bebidas, lima, 720g - Store.Eventsmtb\",\"isPartOf\":{\"@id\":\"https:\/\/store.eventsmtb.com\/es\/#website\"},\"primaryImageOfPage\":{\"@id\":\"https:\/\/store.eventsmtb.com\/es\/produto\/naak-ultra-energy-mezcla-para-bebidas-lima-720g\/#primaryimage\"},\"image\":{\"@id\":\"https:\/\/store.eventsmtb.com\/es\/produto\/naak-ultra-energy-mezcla-para-bebidas-lima-720g\/#primaryimage\"},\"thumbnailUrl\":\"https:\/\/store.eventsmtb.com\/wp-content\/uploads\/2024\/08\/naak-energy-drink-mix-1-bag-4-00-serving-energy-drink-mix-lime-new-44778680418608_600x.webp\",\"datePublished\":\"2024-08-23T10:31:29+00:00\",\"dateModified\":\"2025-10-07T15:25:30+00:00\",\"description\":\"N\u00e4ak Ultra Energy\u2122 - Mezcla para bebidas, lima, 720g -\",\"breadcrumb\":{\"@id\":\"https:\/\/store.eventsmtb.com\/es\/produto\/naak-ultra-energy-mezcla-para-bebidas-lima-720g\/#breadcrumb\"},\"inLanguage\":\"es\",\"potentialAction\":[{\"@type\":\"ReadAction\",\"target\":[\"https:\/\/store.eventsmtb.com\/es\/produto\/naak-ultra-energy-mezcla-para-bebidas-lima-720g\/\"]}]},{\"@type\":\"ImageObject\",\"inLanguage\":\"es\",\"@id\":\"https:\/\/store.eventsmtb.com\/es\/produto\/naak-ultra-energy-mezcla-para-bebidas-lima-720g\/#primaryimage\",\"url\":\"https:\/\/store.eventsmtb.com\/wp-content\/uploads\/2024\/08\/naak-energy-drink-mix-1-bag-4-00-serving-energy-drink-mix-lime-new-44778680418608_600x.webp\",\"contentUrl\":\"https:\/\/store.eventsmtb.com\/wp-content\/uploads\/2024\/08\/naak-energy-drink-mix-1-bag-4-00-serving-energy-drink-mix-lime-new-44778680418608_600x.webp\",\"width\":600,\"height\":600},{\"@type\":\"BreadcrumbList\",\"@id\":\"https:\/\/store.eventsmtb.com\/es\/produto\/naak-ultra-energy-mezcla-para-bebidas-lima-720g\/#breadcrumb\",\"itemListElement\":[{\"@type\":\"ListItem\",\"position\":1,\"name\":\"In\u00edcio\",\"item\":\"https:\/\/store.eventsmtb.com\/es\/\"},{\"@type\":\"ListItem\",\"position\":2,\"name\":\"Tienda\",\"item\":\"https:\/\/store.eventsmtb.com\/es\/tienda\/\"},{\"@type\":\"ListItem\",\"position\":3,\"name\":\"N\u00e4ak Ultra Energy\u2122 &#8211; Mezcla para bebidas, lima, 720g\"}]},{\"@type\":\"WebSite\",\"@id\":\"https:\/\/store.eventsmtb.com\/es\/#website\",\"url\":\"https:\/\/store.eventsmtb.com\/es\/\",\"name\":\"Store.Eventsmtb\",\"description\":\"Boost Yourself\",\"publisher\":{\"@id\":\"https:\/\/store.eventsmtb.com\/es\/#organization\"},\"potentialAction\":[{\"@type\":\"SearchAction\",\"target\":{\"@type\":\"EntryPoint\",\"urlTemplate\":\"https:\/\/store.eventsmtb.com\/es\/?s={search_term_string}\"},\"query-input\":{\"@type\":\"PropertyValueSpecification\",\"valueRequired\":true,\"valueName\":\"search_term_string\"}}],\"inLanguage\":\"es\"},{\"@type\":\"Organization\",\"@id\":\"https:\/\/store.eventsmtb.com\/es\/#organization\",\"name\":\"Store.Eventsmtb\",\"url\":\"https:\/\/store.eventsmtb.com\/es\/\",\"logo\":{\"@type\":\"ImageObject\",\"inLanguage\":\"es\",\"@id\":\"https:\/\/store.eventsmtb.com\/es\/#\/schema\/logo\/image\/\",\"url\":\"https:\/\/store.eventsmtb.com\/wp-content\/uploads\/2024\/08\/mtbstore-02-e1723109277246.png\",\"contentUrl\":\"https:\/\/store.eventsmtb.com\/wp-content\/uploads\/2024\/08\/mtbstore-02-e1723109277246.png\",\"width\":1925,\"height\":1765,\"caption\":\"Store.Eventsmtb\"},\"image\":{\"@id\":\"https:\/\/store.eventsmtb.com\/es\/#\/schema\/logo\/image\/\"},\"sameAs\":[\"https:\/\/www.facebook.com\/profile.php?id=100083151405925&locale=pt_PT\"]}]}<\/script>\n<!-- \/ Yoast SEO plugin. -->","yoast_head_json":{"title":"N\u00e4ak Ultra Energy\u2122 - Mezcla para bebidas, lima, 720g - Store.Eventsmtb","description":"N\u00e4ak Ultra Energy\u2122 - Mezcla para bebidas, lima, 720g -","robots":{"index":"index","follow":"follow","max-snippet":"max-snippet:-1","max-image-preview":"max-image-preview:large","max-video-preview":"max-video-preview:-1"},"canonical":"https:\/\/store.eventsmtb.com\/es\/produto\/naak-ultra-energy-mezcla-para-bebidas-lima-720g\/","og_locale":"es_ES","og_type":"article","og_title":"N\u00e4ak Ultra Energy\u2122 - Mezcla para bebidas, lima, 720g - Store.Eventsmtb","og_description":"N\u00e4ak Ultra Energy\u2122 - Mezcla para bebidas, lima, 720g -","og_url":"https:\/\/store.eventsmtb.com\/es\/produto\/naak-ultra-energy-mezcla-para-bebidas-lima-720g\/","og_site_name":"Store.Eventsmtb","article_publisher":"https:\/\/www.facebook.com\/profile.php?id=100083151405925&locale=pt_PT","article_modified_time":"2025-10-07T15:25:30+00:00","og_image":[{"width":600,"height":600,"url":"https:\/\/store.eventsmtb.com\/wp-content\/uploads\/2024\/08\/naak-energy-drink-mix-1-bag-4-00-serving-energy-drink-mix-lime-new-44778680418608_600x.webp","type":"image\/webp"}],"twitter_card":"summary_large_image","twitter_misc":{"Tiempo de lectura":"1 minuto"},"schema":{"@context":"https:\/\/schema.org","@graph":[{"@type":"WebPage","@id":"https:\/\/store.eventsmtb.com\/es\/produto\/naak-ultra-energy-mezcla-para-bebidas-lima-720g\/","url":"https:\/\/store.eventsmtb.com\/es\/produto\/naak-ultra-energy-mezcla-para-bebidas-lima-720g\/","name":"N\u00e4ak Ultra Energy\u2122 - Mezcla para bebidas, lima, 720g - Store.Eventsmtb","isPartOf":{"@id":"https:\/\/store.eventsmtb.com\/es\/#website"},"primaryImageOfPage":{"@id":"https:\/\/store.eventsmtb.com\/es\/produto\/naak-ultra-energy-mezcla-para-bebidas-lima-720g\/#primaryimage"},"image":{"@id":"https:\/\/store.eventsmtb.com\/es\/produto\/naak-ultra-energy-mezcla-para-bebidas-lima-720g\/#primaryimage"},"thumbnailUrl":"https:\/\/store.eventsmtb.com\/wp-content\/uploads\/2024\/08\/naak-energy-drink-mix-1-bag-4-00-serving-energy-drink-mix-lime-new-44778680418608_600x.webp","datePublished":"2024-08-23T10:31:29+00:00","dateModified":"2025-10-07T15:25:30+00:00","description":"N\u00e4ak Ultra Energy\u2122 - Mezcla para bebidas, lima, 720g -","breadcrumb":{"@id":"https:\/\/store.eventsmtb.com\/es\/produto\/naak-ultra-energy-mezcla-para-bebidas-lima-720g\/#breadcrumb"},"inLanguage":"es","potentialAction":[{"@type":"ReadAction","target":["https:\/\/store.eventsmtb.com\/es\/produto\/naak-ultra-energy-mezcla-para-bebidas-lima-720g\/"]}]},{"@type":"ImageObject","inLanguage":"es","@id":"https:\/\/store.eventsmtb.com\/es\/produto\/naak-ultra-energy-mezcla-para-bebidas-lima-720g\/#primaryimage","url":"https:\/\/store.eventsmtb.com\/wp-content\/uploads\/2024\/08\/naak-energy-drink-mix-1-bag-4-00-serving-energy-drink-mix-lime-new-44778680418608_600x.webp","contentUrl":"https:\/\/store.eventsmtb.com\/wp-content\/uploads\/2024\/08\/naak-energy-drink-mix-1-bag-4-00-serving-energy-drink-mix-lime-new-44778680418608_600x.webp","width":600,"height":600},{"@type":"BreadcrumbList","@id":"https:\/\/store.eventsmtb.com\/es\/produto\/naak-ultra-energy-mezcla-para-bebidas-lima-720g\/#breadcrumb","itemListElement":[{"@type":"ListItem","position":1,"name":"In\u00edcio","item":"https:\/\/store.eventsmtb.com\/es\/"},{"@type":"ListItem","position":2,"name":"Tienda","item":"https:\/\/store.eventsmtb.com\/es\/tienda\/"},{"@type":"ListItem","position":3,"name":"N\u00e4ak Ultra Energy\u2122 &#8211; Mezcla para bebidas, lima, 720g"}]},{"@type":"WebSite","@id":"https:\/\/store.eventsmtb.com\/es\/#website","url":"https:\/\/store.eventsmtb.com\/es\/","name":"Store.Eventsmtb","description":"Boost Yourself","publisher":{"@id":"https:\/\/store.eventsmtb.com\/es\/#organization"},"potentialAction":[{"@type":"SearchAction","target":{"@type":"EntryPoint","urlTemplate":"https:\/\/store.eventsmtb.com\/es\/?s={search_term_string}"},"query-input":{"@type":"PropertyValueSpecification","valueRequired":true,"valueName":"search_term_string"}}],"inLanguage":"es"},{"@type":"Organization","@id":"https:\/\/store.eventsmtb.com\/es\/#organization","name":"Store.Eventsmtb","url":"https:\/\/store.eventsmtb.com\/es\/","logo":{"@type":"ImageObject","inLanguage":"es","@id":"https:\/\/store.eventsmtb.com\/es\/#\/schema\/logo\/image\/","url":"https:\/\/store.eventsmtb.com\/wp-content\/uploads\/2024\/08\/mtbstore-02-e1723109277246.png","contentUrl":"https:\/\/store.eventsmtb.com\/wp-content\/uploads\/2024\/08\/mtbstore-02-e1723109277246.png","width":1925,"height":1765,"caption":"Store.Eventsmtb"},"image":{"@id":"https:\/\/store.eventsmtb.com\/es\/#\/schema\/logo\/image\/"},"sameAs":["https:\/\/www.facebook.com\/profile.php?id=100083151405925&locale=pt_PT"]}]}},"_links":{"self":[{"href":"https:\/\/store.eventsmtb.com\/es\/wp-json\/wp\/v2\/product\/8384","targetHints":{"allow":["GET"]}}],"collection":[{"href":"https:\/\/store.eventsmtb.com\/es\/wp-json\/wp\/v2\/product"}],"about":[{"href":"https:\/\/store.eventsmtb.com\/es\/wp-json\/wp\/v2\/types\/product"}],"replies":[{"embeddable":true,"href":"https:\/\/store.eventsmtb.com\/es\/wp-json\/wp\/v2\/comments?post=8384"}],"wp:featuredmedia":[{"embeddable":true,"href":"https:\/\/store.eventsmtb.com\/es\/wp-json\/wp\/v2\/media\/7431"}],"wp:attachment":[{"href":"https:\/\/store.eventsmtb.com\/es\/wp-json\/wp\/v2\/media?parent=8384"}],"wp:term":[{"taxonomy":"product_cat","embeddable":true,"href":"https:\/\/store.eventsmtb.com\/es\/wp-json\/wp\/v2\/product_cat?post=8384"},{"taxonomy":"product_tag","embeddable":true,"href":"https:\/\/store.eventsmtb.com\/es\/wp-json\/wp\/v2\/product_tag?post=8384"}],"curies":[{"name":"wp","href":"https:\/\/api.w.org\/{rel}","templated":true}]}}