{"id":8397,"date":"2024-09-05T15:05:36","date_gmt":"2024-09-05T15:05:36","guid":{"rendered":"https:\/\/store.eventsmtb.com\/produto\/nutrend-chupito-varios-sabores-60ml\/"},"modified":"2025-10-07T16:38:55","modified_gmt":"2025-10-07T16:38:55","slug":"nutrend-chupito-varios-sabores-60ml","status":"publish","type":"product","link":"https:\/\/store.eventsmtb.com\/es\/produto\/nutrend-chupito-varios-sabores-60ml\/","title":{"rendered":"Nutrend &#8211; Chupito, Varios Sabores, 60ml"},"content":{"rendered":"<p>N1 Shots 20x60ml es un suplemento pre-entrenamiento altamente concentrado dise\u00f1ado para proporcionar un impulso m\u00e1ximo de energ\u00eda, concentraci\u00f3n y resistencia durante los entrenamientos m\u00e1s exigentes. Cada disparo de 60 ml contiene una potente combinaci\u00f3n de ingredientes activos, como beta-alanina, L-arginina, taurina y cafe\u00edna, que trabajan de forma sin\u00e9rgica para aumentar el rendimiento f\u00edsico, mejorar la concentraci\u00f3n y reducir la fatiga. La beta-alanina ayuda a retrasar la fatiga muscular, lo que permite entrenamientos m\u00e1s intensos y prolongados, mientras que la L-arginina contribuye a la vasodilataci\u00f3n, mejorando el flujo sangu\u00edneo y el transporte de nutrientes a los m\u00fasculos.  <\/p>\n<p>Con la adici\u00f3n de extractos de plantas como el ginseng siberiano y el guaran\u00e1, N1 Shots ofrece un apoyo natural para aumentar la energ\u00eda y la resistencia, aumentando el rendimiento en cada sesi\u00f3n de entrenamiento. La f\u00f3rmula l\u00edquida permite una absorci\u00f3n r\u00e1pida y eficiente, haciendo que los efectos se sientan casi inmediatamente despu\u00e9s de su consumo. Pr\u00e1ctico y f\u00e1cil de transportar, N1 Shots es ideal para aquellos que buscan un pre-entrenamiento c\u00f3modo y eficaz que se adapte a su estilo de vida activo. Sin az\u00facares a\u00f1adidos, es una opci\u00f3n inteligente para maximizar los resultados sin comprometer la salud.   <\/p>\n<p>Disponible en packs de 20 unidades de 60ml, N1 Shots te asegura que siempre tendr\u00e1s a tu disposici\u00f3n un potente pre-entrenamiento, ayud\u00e1ndote a alcanzar tus objetivos con energ\u00eda y determinaci\u00f3n.<\/p>\n","protected":false},"excerpt":{"rendered":"<p>Nutrend<\/p>\n","protected":false},"featured_media":7481,"comment_status":"open","ping_status":"closed","template":"","meta":[],"product_cat":[217,233],"product_tag":[],"class_list":{"0":"post-8397","1":"product","2":"type-product","3":"status-publish","4":"has-post-thumbnail","6":"product_brand-nutrend-es","7":"product_cat-nutricion-de-rendimiento","8":"product_cat-preparacion","9":"pa_quantidade-caja-20un","10":"pa_quantidade-unidad1","11":"pa_sabor-cereza","12":"pa_sabor-frutos-del-bosque","13":"pa_sabor-mezclar-sabores","14":"pa_sabor-naranja","16":"first","17":"instock","18":"taxable","19":"shipping-taxable","20":"purchasable","21":"product-type-variable","22":"rtwpvs-product"},"yoast_head":"<!-- This site is optimized with the Yoast SEO plugin v27.2 - https:\/\/yoast.com\/product\/yoast-seo-wordpress\/ -->\n<title>Nutrend - Chupito, Varios Sabores, 60ml - Store.Eventsmtb<\/title>\n<meta name=\"description\" content=\"Nutrend - Chupito, Varios Sabores, 60ml - N1 Shots 20x60ml es un suplemento pre-entrenamiento altamente concentrado dise\u00f1ado para proporcionar un impulso m...\" \/>\n<meta name=\"robots\" content=\"index, follow, max-snippet:-1, max-image-preview:large, max-video-preview:-1\" \/>\n<link rel=\"canonical\" href=\"https:\/\/store.eventsmtb.com\/es\/produto\/nutrend-chupito-varios-sabores-60ml\/\" \/>\n<meta property=\"og:locale\" content=\"es_ES\" \/>\n<meta property=\"og:type\" content=\"article\" \/>\n<meta property=\"og:title\" content=\"Nutrend - Chupito, Varios Sabores, 60ml - Store.Eventsmtb\" \/>\n<meta property=\"og:description\" content=\"Nutrend - Chupito, Varios Sabores, 60ml - N1 Shots 20x60ml es un suplemento pre-entrenamiento altamente concentrado dise\u00f1ado para proporcionar un impulso m...\" \/>\n<meta property=\"og:url\" content=\"https:\/\/store.eventsmtb.com\/es\/produto\/nutrend-chupito-varios-sabores-60ml\/\" \/>\n<meta property=\"og:site_name\" content=\"Store.Eventsmtb\" \/>\n<meta property=\"article:publisher\" content=\"https:\/\/www.facebook.com\/profile.php?id=100083151405925&amp;locale=pt_PT\" \/>\n<meta property=\"article:modified_time\" content=\"2025-10-07T16:38:55+00:00\" \/>\n<meta property=\"og:image\" content=\"https:\/\/store.eventsmtb.com\/wp-content\/uploads\/2024\/09\/Design-sem-nome-30.png\" \/>\n\t<meta property=\"og:image:width\" content=\"500\" \/>\n\t<meta property=\"og:image:height\" content=\"500\" \/>\n\t<meta property=\"og:image:type\" content=\"image\/png\" \/>\n<meta name=\"twitter:card\" content=\"summary_large_image\" \/>\n<meta name=\"twitter:label1\" content=\"Tiempo de lectura\" \/>\n\t<meta name=\"twitter:data1\" content=\"1 minuto\" \/>\n<script type=\"application\/ld+json\" class=\"yoast-schema-graph\">{\"@context\":\"https:\/\/schema.org\",\"@graph\":[{\"@type\":\"WebPage\",\"@id\":\"https:\/\/store.eventsmtb.com\/es\/produto\/nutrend-chupito-varios-sabores-60ml\/\",\"url\":\"https:\/\/store.eventsmtb.com\/es\/produto\/nutrend-chupito-varios-sabores-60ml\/\",\"name\":\"Nutrend - Chupito, Varios Sabores, 60ml - Store.Eventsmtb\",\"isPartOf\":{\"@id\":\"https:\/\/store.eventsmtb.com\/es\/#website\"},\"primaryImageOfPage\":{\"@id\":\"https:\/\/store.eventsmtb.com\/es\/produto\/nutrend-chupito-varios-sabores-60ml\/#primaryimage\"},\"image\":{\"@id\":\"https:\/\/store.eventsmtb.com\/es\/produto\/nutrend-chupito-varios-sabores-60ml\/#primaryimage\"},\"thumbnailUrl\":\"https:\/\/store.eventsmtb.com\/wp-content\/uploads\/2024\/09\/Design-sem-nome-30.png\",\"datePublished\":\"2024-09-05T15:05:36+00:00\",\"dateModified\":\"2025-10-07T16:38:55+00:00\",\"description\":\"Nutrend - Chupito, Varios Sabores, 60ml - N1 Shots 20x60ml es un suplemento pre-entrenamiento altamente concentrado dise\u00f1ado para proporcionar un impulso m...\",\"breadcrumb\":{\"@id\":\"https:\/\/store.eventsmtb.com\/es\/produto\/nutrend-chupito-varios-sabores-60ml\/#breadcrumb\"},\"inLanguage\":\"es\",\"potentialAction\":[{\"@type\":\"ReadAction\",\"target\":[\"https:\/\/store.eventsmtb.com\/es\/produto\/nutrend-chupito-varios-sabores-60ml\/\"]}]},{\"@type\":\"ImageObject\",\"inLanguage\":\"es\",\"@id\":\"https:\/\/store.eventsmtb.com\/es\/produto\/nutrend-chupito-varios-sabores-60ml\/#primaryimage\",\"url\":\"https:\/\/store.eventsmtb.com\/wp-content\/uploads\/2024\/09\/Design-sem-nome-30.png\",\"contentUrl\":\"https:\/\/store.eventsmtb.com\/wp-content\/uploads\/2024\/09\/Design-sem-nome-30.png\",\"width\":500,\"height\":500,\"caption\":\"N1 Shots - 20x60ml Nutrend\"},{\"@type\":\"BreadcrumbList\",\"@id\":\"https:\/\/store.eventsmtb.com\/es\/produto\/nutrend-chupito-varios-sabores-60ml\/#breadcrumb\",\"itemListElement\":[{\"@type\":\"ListItem\",\"position\":1,\"name\":\"In\u00edcio\",\"item\":\"https:\/\/store.eventsmtb.com\/es\/\"},{\"@type\":\"ListItem\",\"position\":2,\"name\":\"Tienda\",\"item\":\"https:\/\/store.eventsmtb.com\/es\/tienda\/\"},{\"@type\":\"ListItem\",\"position\":3,\"name\":\"Nutrend &#8211; Chupito, Varios Sabores, 60ml\"}]},{\"@type\":\"WebSite\",\"@id\":\"https:\/\/store.eventsmtb.com\/es\/#website\",\"url\":\"https:\/\/store.eventsmtb.com\/es\/\",\"name\":\"Store.Eventsmtb\",\"description\":\"Boost Yourself\",\"publisher\":{\"@id\":\"https:\/\/store.eventsmtb.com\/es\/#organization\"},\"potentialAction\":[{\"@type\":\"SearchAction\",\"target\":{\"@type\":\"EntryPoint\",\"urlTemplate\":\"https:\/\/store.eventsmtb.com\/es\/?s={search_term_string}\"},\"query-input\":{\"@type\":\"PropertyValueSpecification\",\"valueRequired\":true,\"valueName\":\"search_term_string\"}}],\"inLanguage\":\"es\"},{\"@type\":\"Organization\",\"@id\":\"https:\/\/store.eventsmtb.com\/es\/#organization\",\"name\":\"Store.Eventsmtb\",\"url\":\"https:\/\/store.eventsmtb.com\/es\/\",\"logo\":{\"@type\":\"ImageObject\",\"inLanguage\":\"es\",\"@id\":\"https:\/\/store.eventsmtb.com\/es\/#\/schema\/logo\/image\/\",\"url\":\"https:\/\/store.eventsmtb.com\/wp-content\/uploads\/2024\/08\/mtbstore-02-e1723109277246.png\",\"contentUrl\":\"https:\/\/store.eventsmtb.com\/wp-content\/uploads\/2024\/08\/mtbstore-02-e1723109277246.png\",\"width\":1925,\"height\":1765,\"caption\":\"Store.Eventsmtb\"},\"image\":{\"@id\":\"https:\/\/store.eventsmtb.com\/es\/#\/schema\/logo\/image\/\"},\"sameAs\":[\"https:\/\/www.facebook.com\/profile.php?id=100083151405925&locale=pt_PT\"]}]}<\/script>\n<!-- \/ Yoast SEO plugin. -->","yoast_head_json":{"title":"Nutrend - Chupito, Varios Sabores, 60ml - Store.Eventsmtb","description":"Nutrend - Chupito, Varios Sabores, 60ml - N1 Shots 20x60ml es un suplemento pre-entrenamiento altamente concentrado dise\u00f1ado para proporcionar un impulso m...","robots":{"index":"index","follow":"follow","max-snippet":"max-snippet:-1","max-image-preview":"max-image-preview:large","max-video-preview":"max-video-preview:-1"},"canonical":"https:\/\/store.eventsmtb.com\/es\/produto\/nutrend-chupito-varios-sabores-60ml\/","og_locale":"es_ES","og_type":"article","og_title":"Nutrend - Chupito, Varios Sabores, 60ml - Store.Eventsmtb","og_description":"Nutrend - Chupito, Varios Sabores, 60ml - N1 Shots 20x60ml es un suplemento pre-entrenamiento altamente concentrado dise\u00f1ado para proporcionar un impulso m...","og_url":"https:\/\/store.eventsmtb.com\/es\/produto\/nutrend-chupito-varios-sabores-60ml\/","og_site_name":"Store.Eventsmtb","article_publisher":"https:\/\/www.facebook.com\/profile.php?id=100083151405925&locale=pt_PT","article_modified_time":"2025-10-07T16:38:55+00:00","og_image":[{"width":500,"height":500,"url":"https:\/\/store.eventsmtb.com\/wp-content\/uploads\/2024\/09\/Design-sem-nome-30.png","type":"image\/png"}],"twitter_card":"summary_large_image","twitter_misc":{"Tiempo de lectura":"1 minuto"},"schema":{"@context":"https:\/\/schema.org","@graph":[{"@type":"WebPage","@id":"https:\/\/store.eventsmtb.com\/es\/produto\/nutrend-chupito-varios-sabores-60ml\/","url":"https:\/\/store.eventsmtb.com\/es\/produto\/nutrend-chupito-varios-sabores-60ml\/","name":"Nutrend - Chupito, Varios Sabores, 60ml - Store.Eventsmtb","isPartOf":{"@id":"https:\/\/store.eventsmtb.com\/es\/#website"},"primaryImageOfPage":{"@id":"https:\/\/store.eventsmtb.com\/es\/produto\/nutrend-chupito-varios-sabores-60ml\/#primaryimage"},"image":{"@id":"https:\/\/store.eventsmtb.com\/es\/produto\/nutrend-chupito-varios-sabores-60ml\/#primaryimage"},"thumbnailUrl":"https:\/\/store.eventsmtb.com\/wp-content\/uploads\/2024\/09\/Design-sem-nome-30.png","datePublished":"2024-09-05T15:05:36+00:00","dateModified":"2025-10-07T16:38:55+00:00","description":"Nutrend - Chupito, Varios Sabores, 60ml - N1 Shots 20x60ml es un suplemento pre-entrenamiento altamente concentrado dise\u00f1ado para proporcionar un impulso m...","breadcrumb":{"@id":"https:\/\/store.eventsmtb.com\/es\/produto\/nutrend-chupito-varios-sabores-60ml\/#breadcrumb"},"inLanguage":"es","potentialAction":[{"@type":"ReadAction","target":["https:\/\/store.eventsmtb.com\/es\/produto\/nutrend-chupito-varios-sabores-60ml\/"]}]},{"@type":"ImageObject","inLanguage":"es","@id":"https:\/\/store.eventsmtb.com\/es\/produto\/nutrend-chupito-varios-sabores-60ml\/#primaryimage","url":"https:\/\/store.eventsmtb.com\/wp-content\/uploads\/2024\/09\/Design-sem-nome-30.png","contentUrl":"https:\/\/store.eventsmtb.com\/wp-content\/uploads\/2024\/09\/Design-sem-nome-30.png","width":500,"height":500,"caption":"N1 Shots - 20x60ml Nutrend"},{"@type":"BreadcrumbList","@id":"https:\/\/store.eventsmtb.com\/es\/produto\/nutrend-chupito-varios-sabores-60ml\/#breadcrumb","itemListElement":[{"@type":"ListItem","position":1,"name":"In\u00edcio","item":"https:\/\/store.eventsmtb.com\/es\/"},{"@type":"ListItem","position":2,"name":"Tienda","item":"https:\/\/store.eventsmtb.com\/es\/tienda\/"},{"@type":"ListItem","position":3,"name":"Nutrend &#8211; Chupito, Varios Sabores, 60ml"}]},{"@type":"WebSite","@id":"https:\/\/store.eventsmtb.com\/es\/#website","url":"https:\/\/store.eventsmtb.com\/es\/","name":"Store.Eventsmtb","description":"Boost Yourself","publisher":{"@id":"https:\/\/store.eventsmtb.com\/es\/#organization"},"potentialAction":[{"@type":"SearchAction","target":{"@type":"EntryPoint","urlTemplate":"https:\/\/store.eventsmtb.com\/es\/?s={search_term_string}"},"query-input":{"@type":"PropertyValueSpecification","valueRequired":true,"valueName":"search_term_string"}}],"inLanguage":"es"},{"@type":"Organization","@id":"https:\/\/store.eventsmtb.com\/es\/#organization","name":"Store.Eventsmtb","url":"https:\/\/store.eventsmtb.com\/es\/","logo":{"@type":"ImageObject","inLanguage":"es","@id":"https:\/\/store.eventsmtb.com\/es\/#\/schema\/logo\/image\/","url":"https:\/\/store.eventsmtb.com\/wp-content\/uploads\/2024\/08\/mtbstore-02-e1723109277246.png","contentUrl":"https:\/\/store.eventsmtb.com\/wp-content\/uploads\/2024\/08\/mtbstore-02-e1723109277246.png","width":1925,"height":1765,"caption":"Store.Eventsmtb"},"image":{"@id":"https:\/\/store.eventsmtb.com\/es\/#\/schema\/logo\/image\/"},"sameAs":["https:\/\/www.facebook.com\/profile.php?id=100083151405925&locale=pt_PT"]}]}},"_links":{"self":[{"href":"https:\/\/store.eventsmtb.com\/es\/wp-json\/wp\/v2\/product\/8397","targetHints":{"allow":["GET"]}}],"collection":[{"href":"https:\/\/store.eventsmtb.com\/es\/wp-json\/wp\/v2\/product"}],"about":[{"href":"https:\/\/store.eventsmtb.com\/es\/wp-json\/wp\/v2\/types\/product"}],"replies":[{"embeddable":true,"href":"https:\/\/store.eventsmtb.com\/es\/wp-json\/wp\/v2\/comments?post=8397"}],"wp:featuredmedia":[{"embeddable":true,"href":"https:\/\/store.eventsmtb.com\/es\/wp-json\/wp\/v2\/media\/7481"}],"wp:attachment":[{"href":"https:\/\/store.eventsmtb.com\/es\/wp-json\/wp\/v2\/media?parent=8397"}],"wp:term":[{"taxonomy":"product_cat","embeddable":true,"href":"https:\/\/store.eventsmtb.com\/es\/wp-json\/wp\/v2\/product_cat?post=8397"},{"taxonomy":"product_tag","embeddable":true,"href":"https:\/\/store.eventsmtb.com\/es\/wp-json\/wp\/v2\/product_tag?post=8397"}],"curies":[{"name":"wp","href":"https:\/\/api.w.org\/{rel}","templated":true}]}}