{"id":8410,"date":"2024-09-12T09:54:31","date_gmt":"2024-09-12T09:54:31","guid":{"rendered":"https:\/\/store.eventsmtb.com\/produto\/crown-sports-nutrition-barritas-energeticas-de-goma-64-mg\/"},"modified":"2025-11-06T09:23:11","modified_gmt":"2025-11-06T09:23:11","slug":"crown-sports-nutrition-barritas-energeticas-de-goma-64-mg","status":"publish","type":"product","link":"https:\/\/store.eventsmtb.com\/es\/produto\/crown-sports-nutrition-barritas-energeticas-de-goma-64-mg\/","title":{"rendered":"Crown Sports Nutrition &#8211; Barras de..."},"content":{"rendered":"<p>La Energy Gum Bar es una innovadora barrita masticable dise\u00f1ada para proporcionar una fuente de energ\u00eda r\u00e1pida y eficiente durante los entrenamientos y las competiciones. Cada barrita contiene una alta concentraci\u00f3n de hidratos de carbono de r\u00e1pida absorci\u00f3n, combinando az\u00facares simples y complejos que aseguran un suministro continuo de energ\u00eda para mantener las actividades f\u00edsicas de alta intensidad. Con una f\u00f3rmula nutricionalmente equilibrada, estas barritas son ideales para mantener estables los niveles de glucosa en sangre, evitar ca\u00eddas de energ\u00eda y mejorar la resistencia durante el ejercicio.  <\/p>\n<p>Adem\u00e1s de los hidratos de carbono, Energy Gum Bar est\u00e1 formulado para ser f\u00e1cilmente digerible, minimizando las molestias gastrointestinales comunes en los suplementos energ\u00e9ticos tradicionales. La textura masticable y suave permite un consumo r\u00e1pido y c\u00f3modo, sin necesidad de parar o ralentizar el ritmo de entrenamiento. Las barritas tambi\u00e9n est\u00e1n enriquecidas con sodio, un electrolito crucial que ayuda a mantener el equilibrio h\u00eddrico y a prevenir los calambres durante un esfuerzo prolongado. Sin az\u00facares artificiales a\u00f1adidos, Energy Gum Bar ofrece una opci\u00f3n saludable y pr\u00e1ctica para los deportistas que buscan maximizar el rendimiento y la recuperaci\u00f3n, todo ello en un formato compacto y f\u00e1cil de transportar.   <\/p>\n","protected":false},"excerpt":{"rendered":"<p>Nutrici\u00f3n Deportiva de la Corona<\/p>\n","protected":false},"featured_media":7494,"comment_status":"open","ping_status":"closed","template":"","meta":[],"product_cat":[223,247,217],"product_tag":[],"class_list":{"0":"post-8410","1":"product","2":"type-product","3":"status-publish","4":"has-post-thumbnail","6":"product_brand-crown-sports-nutrition-es","7":"product_cat-geles-energeticos","8":"product_cat-goma","9":"product_cat-nutricion-de-rendimiento","10":"pa_sabor-cacahuetes-salados","11":"pa_sabor-fresa","12":"pa_sabor-limon-con-cafeina","13":"pa_sabor-refrescos-de-cola-con-cafeina","15":"first","16":"instock","17":"taxable","18":"shipping-taxable","19":"purchasable","20":"product-type-variable","21":"rtwpvs-product"},"yoast_head":"<!-- This site is optimized with the Yoast SEO plugin v27.2 - https:\/\/yoast.com\/product\/yoast-seo-wordpress\/ -->\n<title>Crown Sports Nutrition - Barras de gomita energ\u00e9tica, 64mg - Store.Eventsmtb<\/title>\n<meta name=\"description\" content=\"Crown Sports Nutrition - Barras de gomita energ\u00e9tica, 64mg - La Energy Gum Bar es una innovadora barrita masticable dise\u00f1ada para proporcionar una fuente ...\" \/>\n<meta name=\"robots\" content=\"index, follow, max-snippet:-1, max-image-preview:large, max-video-preview:-1\" \/>\n<link rel=\"canonical\" href=\"https:\/\/store.eventsmtb.com\/es\/produto\/crown-sports-nutrition-barritas-energeticas-de-goma-64-mg\/\" \/>\n<meta property=\"og:locale\" content=\"es_ES\" \/>\n<meta property=\"og:type\" content=\"article\" \/>\n<meta property=\"og:title\" content=\"Crown Sports Nutrition - Barras de gomita energ\u00e9tica, 64mg - Store.Eventsmtb\" \/>\n<meta property=\"og:description\" content=\"Crown Sports Nutrition - Barras de gomita energ\u00e9tica, 64mg - La Energy Gum Bar es una innovadora barrita masticable dise\u00f1ada para proporcionar una fuente ...\" \/>\n<meta property=\"og:url\" content=\"https:\/\/store.eventsmtb.com\/es\/produto\/crown-sports-nutrition-barritas-energeticas-de-goma-64-mg\/\" \/>\n<meta property=\"og:site_name\" content=\"Store.Eventsmtb\" \/>\n<meta property=\"article:publisher\" content=\"https:\/\/www.facebook.com\/profile.php?id=100083151405925&amp;locale=pt_PT\" \/>\n<meta property=\"article:modified_time\" content=\"2025-11-06T09:23:11+00:00\" \/>\n<meta property=\"og:image\" content=\"https:\/\/store.eventsmtb.com\/wp-content\/uploads\/2024\/09\/Vais-precisar-de-Endurance-para-escapar-desta-1.png\" \/>\n\t<meta property=\"og:image:width\" content=\"1080\" \/>\n\t<meta property=\"og:image:height\" content=\"1080\" \/>\n\t<meta property=\"og:image:type\" content=\"image\/png\" \/>\n<meta name=\"twitter:card\" content=\"summary_large_image\" \/>\n<meta name=\"twitter:label1\" content=\"Tiempo de lectura\" \/>\n\t<meta name=\"twitter:data1\" content=\"2 minutos\" \/>\n<script type=\"application\/ld+json\" class=\"yoast-schema-graph\">{\"@context\":\"https:\/\/schema.org\",\"@graph\":[{\"@type\":\"WebPage\",\"@id\":\"https:\/\/store.eventsmtb.com\/es\/produto\/crown-sports-nutrition-barritas-energeticas-de-goma-64-mg\/\",\"url\":\"https:\/\/store.eventsmtb.com\/es\/produto\/crown-sports-nutrition-barritas-energeticas-de-goma-64-mg\/\",\"name\":\"Crown Sports Nutrition - Barras de gomita energ\u00e9tica, 64mg - Store.Eventsmtb\",\"isPartOf\":{\"@id\":\"https:\/\/store.eventsmtb.com\/es\/#website\"},\"primaryImageOfPage\":{\"@id\":\"https:\/\/store.eventsmtb.com\/es\/produto\/crown-sports-nutrition-barritas-energeticas-de-goma-64-mg\/#primaryimage\"},\"image\":{\"@id\":\"https:\/\/store.eventsmtb.com\/es\/produto\/crown-sports-nutrition-barritas-energeticas-de-goma-64-mg\/#primaryimage\"},\"thumbnailUrl\":\"https:\/\/store.eventsmtb.com\/wp-content\/uploads\/2024\/09\/Vais-precisar-de-Endurance-para-escapar-desta-1.png\",\"datePublished\":\"2024-09-12T09:54:31+00:00\",\"dateModified\":\"2025-11-06T09:23:11+00:00\",\"description\":\"Crown Sports Nutrition - Barras de gomita energ\u00e9tica, 64mg - La Energy Gum Bar es una innovadora barrita masticable dise\u00f1ada para proporcionar una fuente ...\",\"breadcrumb\":{\"@id\":\"https:\/\/store.eventsmtb.com\/es\/produto\/crown-sports-nutrition-barritas-energeticas-de-goma-64-mg\/#breadcrumb\"},\"inLanguage\":\"es\",\"potentialAction\":[{\"@type\":\"ReadAction\",\"target\":[\"https:\/\/store.eventsmtb.com\/es\/produto\/crown-sports-nutrition-barritas-energeticas-de-goma-64-mg\/\"]}]},{\"@type\":\"ImageObject\",\"inLanguage\":\"es\",\"@id\":\"https:\/\/store.eventsmtb.com\/es\/produto\/crown-sports-nutrition-barritas-energeticas-de-goma-64-mg\/#primaryimage\",\"url\":\"https:\/\/store.eventsmtb.com\/wp-content\/uploads\/2024\/09\/Vais-precisar-de-Endurance-para-escapar-desta-1.png\",\"contentUrl\":\"https:\/\/store.eventsmtb.com\/wp-content\/uploads\/2024\/09\/Vais-precisar-de-Endurance-para-escapar-desta-1.png\",\"width\":1080,\"height\":1080,\"caption\":\"Gomitas Crown Sport Nutrition\"},{\"@type\":\"BreadcrumbList\",\"@id\":\"https:\/\/store.eventsmtb.com\/es\/produto\/crown-sports-nutrition-barritas-energeticas-de-goma-64-mg\/#breadcrumb\",\"itemListElement\":[{\"@type\":\"ListItem\",\"position\":1,\"name\":\"In\u00edcio\",\"item\":\"https:\/\/store.eventsmtb.com\/es\/\"},{\"@type\":\"ListItem\",\"position\":2,\"name\":\"Tienda\",\"item\":\"https:\/\/store.eventsmtb.com\/es\/tienda\/\"},{\"@type\":\"ListItem\",\"position\":3,\"name\":\"Crown Sports Nutrition &#8211; Barras de gomita energ\u00e9tica, 64mg\"}]},{\"@type\":\"WebSite\",\"@id\":\"https:\/\/store.eventsmtb.com\/es\/#website\",\"url\":\"https:\/\/store.eventsmtb.com\/es\/\",\"name\":\"Store.Eventsmtb\",\"description\":\"Boost Yourself\",\"publisher\":{\"@id\":\"https:\/\/store.eventsmtb.com\/es\/#organization\"},\"potentialAction\":[{\"@type\":\"SearchAction\",\"target\":{\"@type\":\"EntryPoint\",\"urlTemplate\":\"https:\/\/store.eventsmtb.com\/es\/?s={search_term_string}\"},\"query-input\":{\"@type\":\"PropertyValueSpecification\",\"valueRequired\":true,\"valueName\":\"search_term_string\"}}],\"inLanguage\":\"es\"},{\"@type\":\"Organization\",\"@id\":\"https:\/\/store.eventsmtb.com\/es\/#organization\",\"name\":\"Store.Eventsmtb\",\"url\":\"https:\/\/store.eventsmtb.com\/es\/\",\"logo\":{\"@type\":\"ImageObject\",\"inLanguage\":\"es\",\"@id\":\"https:\/\/store.eventsmtb.com\/es\/#\/schema\/logo\/image\/\",\"url\":\"https:\/\/store.eventsmtb.com\/wp-content\/uploads\/2024\/08\/mtbstore-02-e1723109277246.png\",\"contentUrl\":\"https:\/\/store.eventsmtb.com\/wp-content\/uploads\/2024\/08\/mtbstore-02-e1723109277246.png\",\"width\":1925,\"height\":1765,\"caption\":\"Store.Eventsmtb\"},\"image\":{\"@id\":\"https:\/\/store.eventsmtb.com\/es\/#\/schema\/logo\/image\/\"},\"sameAs\":[\"https:\/\/www.facebook.com\/profile.php?id=100083151405925&locale=pt_PT\"]}]}<\/script>\n<!-- \/ Yoast SEO plugin. -->","yoast_head_json":{"title":"Crown Sports Nutrition - Barras de gomita energ\u00e9tica, 64mg - Store.Eventsmtb","description":"Crown Sports Nutrition - Barras de gomita energ\u00e9tica, 64mg - La Energy Gum Bar es una innovadora barrita masticable dise\u00f1ada para proporcionar una fuente ...","robots":{"index":"index","follow":"follow","max-snippet":"max-snippet:-1","max-image-preview":"max-image-preview:large","max-video-preview":"max-video-preview:-1"},"canonical":"https:\/\/store.eventsmtb.com\/es\/produto\/crown-sports-nutrition-barritas-energeticas-de-goma-64-mg\/","og_locale":"es_ES","og_type":"article","og_title":"Crown Sports Nutrition - Barras de gomita energ\u00e9tica, 64mg - Store.Eventsmtb","og_description":"Crown Sports Nutrition - Barras de gomita energ\u00e9tica, 64mg - La Energy Gum Bar es una innovadora barrita masticable dise\u00f1ada para proporcionar una fuente ...","og_url":"https:\/\/store.eventsmtb.com\/es\/produto\/crown-sports-nutrition-barritas-energeticas-de-goma-64-mg\/","og_site_name":"Store.Eventsmtb","article_publisher":"https:\/\/www.facebook.com\/profile.php?id=100083151405925&locale=pt_PT","article_modified_time":"2025-11-06T09:23:11+00:00","og_image":[{"width":1080,"height":1080,"url":"https:\/\/store.eventsmtb.com\/wp-content\/uploads\/2024\/09\/Vais-precisar-de-Endurance-para-escapar-desta-1.png","type":"image\/png"}],"twitter_card":"summary_large_image","twitter_misc":{"Tiempo de lectura":"2 minutos"},"schema":{"@context":"https:\/\/schema.org","@graph":[{"@type":"WebPage","@id":"https:\/\/store.eventsmtb.com\/es\/produto\/crown-sports-nutrition-barritas-energeticas-de-goma-64-mg\/","url":"https:\/\/store.eventsmtb.com\/es\/produto\/crown-sports-nutrition-barritas-energeticas-de-goma-64-mg\/","name":"Crown Sports Nutrition - Barras de gomita energ\u00e9tica, 64mg - Store.Eventsmtb","isPartOf":{"@id":"https:\/\/store.eventsmtb.com\/es\/#website"},"primaryImageOfPage":{"@id":"https:\/\/store.eventsmtb.com\/es\/produto\/crown-sports-nutrition-barritas-energeticas-de-goma-64-mg\/#primaryimage"},"image":{"@id":"https:\/\/store.eventsmtb.com\/es\/produto\/crown-sports-nutrition-barritas-energeticas-de-goma-64-mg\/#primaryimage"},"thumbnailUrl":"https:\/\/store.eventsmtb.com\/wp-content\/uploads\/2024\/09\/Vais-precisar-de-Endurance-para-escapar-desta-1.png","datePublished":"2024-09-12T09:54:31+00:00","dateModified":"2025-11-06T09:23:11+00:00","description":"Crown Sports Nutrition - Barras de gomita energ\u00e9tica, 64mg - La Energy Gum Bar es una innovadora barrita masticable dise\u00f1ada para proporcionar una fuente ...","breadcrumb":{"@id":"https:\/\/store.eventsmtb.com\/es\/produto\/crown-sports-nutrition-barritas-energeticas-de-goma-64-mg\/#breadcrumb"},"inLanguage":"es","potentialAction":[{"@type":"ReadAction","target":["https:\/\/store.eventsmtb.com\/es\/produto\/crown-sports-nutrition-barritas-energeticas-de-goma-64-mg\/"]}]},{"@type":"ImageObject","inLanguage":"es","@id":"https:\/\/store.eventsmtb.com\/es\/produto\/crown-sports-nutrition-barritas-energeticas-de-goma-64-mg\/#primaryimage","url":"https:\/\/store.eventsmtb.com\/wp-content\/uploads\/2024\/09\/Vais-precisar-de-Endurance-para-escapar-desta-1.png","contentUrl":"https:\/\/store.eventsmtb.com\/wp-content\/uploads\/2024\/09\/Vais-precisar-de-Endurance-para-escapar-desta-1.png","width":1080,"height":1080,"caption":"Gomitas Crown Sport Nutrition"},{"@type":"BreadcrumbList","@id":"https:\/\/store.eventsmtb.com\/es\/produto\/crown-sports-nutrition-barritas-energeticas-de-goma-64-mg\/#breadcrumb","itemListElement":[{"@type":"ListItem","position":1,"name":"In\u00edcio","item":"https:\/\/store.eventsmtb.com\/es\/"},{"@type":"ListItem","position":2,"name":"Tienda","item":"https:\/\/store.eventsmtb.com\/es\/tienda\/"},{"@type":"ListItem","position":3,"name":"Crown Sports Nutrition &#8211; Barras de gomita energ\u00e9tica, 64mg"}]},{"@type":"WebSite","@id":"https:\/\/store.eventsmtb.com\/es\/#website","url":"https:\/\/store.eventsmtb.com\/es\/","name":"Store.Eventsmtb","description":"Boost Yourself","publisher":{"@id":"https:\/\/store.eventsmtb.com\/es\/#organization"},"potentialAction":[{"@type":"SearchAction","target":{"@type":"EntryPoint","urlTemplate":"https:\/\/store.eventsmtb.com\/es\/?s={search_term_string}"},"query-input":{"@type":"PropertyValueSpecification","valueRequired":true,"valueName":"search_term_string"}}],"inLanguage":"es"},{"@type":"Organization","@id":"https:\/\/store.eventsmtb.com\/es\/#organization","name":"Store.Eventsmtb","url":"https:\/\/store.eventsmtb.com\/es\/","logo":{"@type":"ImageObject","inLanguage":"es","@id":"https:\/\/store.eventsmtb.com\/es\/#\/schema\/logo\/image\/","url":"https:\/\/store.eventsmtb.com\/wp-content\/uploads\/2024\/08\/mtbstore-02-e1723109277246.png","contentUrl":"https:\/\/store.eventsmtb.com\/wp-content\/uploads\/2024\/08\/mtbstore-02-e1723109277246.png","width":1925,"height":1765,"caption":"Store.Eventsmtb"},"image":{"@id":"https:\/\/store.eventsmtb.com\/es\/#\/schema\/logo\/image\/"},"sameAs":["https:\/\/www.facebook.com\/profile.php?id=100083151405925&locale=pt_PT"]}]}},"_links":{"self":[{"href":"https:\/\/store.eventsmtb.com\/es\/wp-json\/wp\/v2\/product\/8410","targetHints":{"allow":["GET"]}}],"collection":[{"href":"https:\/\/store.eventsmtb.com\/es\/wp-json\/wp\/v2\/product"}],"about":[{"href":"https:\/\/store.eventsmtb.com\/es\/wp-json\/wp\/v2\/types\/product"}],"replies":[{"embeddable":true,"href":"https:\/\/store.eventsmtb.com\/es\/wp-json\/wp\/v2\/comments?post=8410"}],"wp:featuredmedia":[{"embeddable":true,"href":"https:\/\/store.eventsmtb.com\/es\/wp-json\/wp\/v2\/media\/7494"}],"wp:attachment":[{"href":"https:\/\/store.eventsmtb.com\/es\/wp-json\/wp\/v2\/media?parent=8410"}],"wp:term":[{"taxonomy":"product_cat","embeddable":true,"href":"https:\/\/store.eventsmtb.com\/es\/wp-json\/wp\/v2\/product_cat?post=8410"},{"taxonomy":"product_tag","embeddable":true,"href":"https:\/\/store.eventsmtb.com\/es\/wp-json\/wp\/v2\/product_tag?post=8410"}],"curies":[{"name":"wp","href":"https:\/\/api.w.org\/{rel}","templated":true}]}}