{"id":8432,"date":"2024-12-02T15:06:58","date_gmt":"2024-12-02T15:06:58","guid":{"rendered":"https:\/\/store.eventsmtb.com\/produto\/scientiffic-nutrition-chupito-de-nitratos-60ml\/"},"modified":"2026-03-29T16:38:14","modified_gmt":"2026-03-29T16:38:14","slug":"scientiffic-nutrition-chupito-de-nitratos-60ml","status":"publish","type":"product","link":"https:\/\/store.eventsmtb.com\/es\/produto\/scientiffic-nutrition-chupito-de-nitratos-60ml\/","title":{"rendered":"Scientiffic Nutrition &#8211; Chupito de nitratos..."},"content":{"rendered":"<h1>Nitrato Shot: tu aliado en el rendimiento deportivo<\/h1>\n<h2>Mejora tus resultados con el Disparo de Nitratos<\/h2>\n<p>Nitrates Shot de Scientiffic Nutrition ha sido desarrollado especialmente para ti, que quieres maximizar tu rendimiento en entrenamientos y competiciones. Este complemento l\u00edquido es ideal ya que combina la potencia de los nitratos de remolacha con un formato pr\u00e1ctico y sabroso. Con una sola porci\u00f3n, puedes sentir m\u00e1s energ\u00eda y resistencia cuando m\u00e1s lo necesitas. Con 500 mg de nitratos por 60 ml, el producto te ayuda a mejorar el flujo sangu\u00edneo y optimizar el suministro de ox\u00edgeno a tus m\u00fasculos. Adem\u00e1s, acelera la recuperaci\u00f3n, lo que le permite estar siempre en su mejor momento.    <\/p>\n<h2>\u00bfPor qu\u00e9 elegir Nitrates Shot?<\/h2>\n<p>Elegir el Nitrates Shot es invertir en tu rendimiento deportivo. Debido a sus beneficios comprobados, este suplemento es un aliado indispensable para los atletas de todos los deportes. <\/p>\n<ul>\n<li>Aumento del flujo sangu\u00edneo: Mejora la circulaci\u00f3n, lo que se traduce en una mayor entrega de nutrientes y ox\u00edgeno a los m\u00fasculos.<\/li>\n<li>Aumento de la resistencia aer\u00f3bica: Es perfecto para actividades intensas, ya que mejora el uso del ox\u00edgeno y prolonga tu rendimiento.<\/li>\n<li>Recuperaci\u00f3n r\u00e1pida: Acelera la regeneraci\u00f3n muscular, por lo que est\u00e1s listo para asumir el pr\u00f3ximo desaf\u00edo.<\/li>\n<\/ul>\n<p>En definitiva, sea cual sea tu objetivo, el Nitrates Shot se ajusta a tus necesidades, mejorando los resultados con cada entrenamiento. Sin embargo, no olvides combinar el consumo del suplemento con una rutina equilibrada. <\/p>\n<h3>\u00bfC\u00f3mo tomarlo?<\/h3>\n<p>Para maximizar los resultados, consume un vial (60 ml) entre 2 y 3 horas antes del entrenamiento. Esta estrategia permite que los beneficios se sientan en el momento adecuado. Sin embargo, es importante respetar la dosis recomendada.  <\/p>\n<h3>Composici\u00f3n<\/h3>\n<p>El secreto del Disparo de Nitratos reside en su composici\u00f3n cuidadosamente formulada:<\/p>\n<ul>\n<li>Extracto de remolacha (Beta Vulgaris): Fuente natural de nitratos, conocidos por mejorar el flujo sangu\u00edneo.<\/li>\n<li>Nitratos: 500 mg por porci\u00f3n, una cantidad ideal para apoyar su rendimiento.<\/li>\n<li>Otros ingredientes: Agua purificada, glicerina, sabores naturales y edulcorantes para un sabor irresistible.<\/li>\n<\/ul>\n<h3>Cu\u00eddate mientras entrenas<\/h3>\n<p>A pesar de los numerosos beneficios, la inyecci\u00f3n de nitratos no es un sustituto de una dieta variada o un estilo de vida saludable. Por lo tanto, consuma de manera responsable y mantenga el producto fuera del alcance de los ni\u00f1os. Adem\u00e1s, recuerda que el consumo excesivo puede tener efectos laxantes.  <\/p>\n<p>Con el Nitrate Shot, tienes la oportunidad de superar tus l\u00edmites y alcanzar un nuevo nivel de rendimiento. As\u00ed que pru\u00e9balo ahora y siente la diferencia en tus entrenamientos. Despu\u00e9s de todo, \u00a1el \u00e9xito comienza con las decisiones correctas!  <\/p>\n","protected":false},"excerpt":{"rendered":"<p>Nitrato Shot: tu aliado en el rendimiento deportivo Mejora tus resultados con el Disparo de Nitratos Nitrates Shot de Scientiffic Nutrition ha sido desarrollado especialmente para ti, que quieres maximizar tu rendimiento en entrenamientos y competiciones. Este complemento l\u00edquido es ideal ya que combina la potencia de los nitratos de remolacha con un formato pr\u00e1ctico [&hellip;]<\/p>\n","protected":false},"featured_media":7591,"comment_status":"open","ping_status":"closed","template":"","meta":[],"product_cat":[217,233],"product_tag":[],"class_list":{"0":"post-8432","1":"product","2":"type-product","3":"status-publish","4":"has-post-thumbnail","6":"product_brand-scientiffic-nutrition-es","7":"product_cat-nutricion-de-rendimiento","8":"product_cat-preparacion","10":"first","11":"outofstock","12":"taxable","13":"shipping-taxable","14":"purchasable","15":"product-type-simple"},"yoast_head":"<!-- This site is optimized with the Yoast SEO plugin v27.2 - https:\/\/yoast.com\/product\/yoast-seo-wordpress\/ -->\n<title>Scientiffic Nutrition - Chupito de nitratos - 60ml<\/title>\n<meta name=\"description\" content=\"Scientiffic Nutrition Nitrate Shot ha sido desarrollado especialmente para ti, que buscas maximizar el rendimiento durante el entrenamiento y las competiciones.\" \/>\n<meta name=\"robots\" content=\"index, follow, max-snippet:-1, max-image-preview:large, max-video-preview:-1\" \/>\n<link rel=\"canonical\" href=\"https:\/\/store.eventsmtb.com\/es\/produto\/scientiffic-nutrition-chupito-de-nitratos-60ml\/\" \/>\n<meta property=\"og:locale\" content=\"es_ES\" \/>\n<meta property=\"og:type\" content=\"article\" \/>\n<meta property=\"og:title\" content=\"Scientiffic Nutrition - Chupito de nitratos - 60ml\" \/>\n<meta property=\"og:description\" content=\"Scientiffic Nutrition Nitrate Shot ha sido desarrollado especialmente para ti, que buscas maximizar el rendimiento durante el entrenamiento y las competiciones.\" \/>\n<meta property=\"og:url\" content=\"https:\/\/store.eventsmtb.com\/es\/produto\/scientiffic-nutrition-chupito-de-nitratos-60ml\/\" \/>\n<meta property=\"og:site_name\" content=\"Store.Eventsmtb\" \/>\n<meta property=\"article:publisher\" content=\"https:\/\/www.facebook.com\/profile.php?id=100083151405925&amp;locale=pt_PT\" \/>\n<meta property=\"article:modified_time\" content=\"2026-03-29T16:38:14+00:00\" \/>\n<meta property=\"og:image\" content=\"https:\/\/store.eventsmtb.com\/wp-content\/uploads\/2024\/12\/Nitrates-shot-1.webp\" \/>\n\t<meta property=\"og:image:width\" content=\"750\" \/>\n\t<meta property=\"og:image:height\" content=\"754\" \/>\n\t<meta property=\"og:image:type\" content=\"image\/webp\" \/>\n<meta name=\"twitter:card\" content=\"summary_large_image\" \/>\n<meta name=\"twitter:label1\" content=\"Tiempo de lectura\" \/>\n\t<meta name=\"twitter:data1\" content=\"2 minutos\" \/>\n<script type=\"application\/ld+json\" class=\"yoast-schema-graph\">{\"@context\":\"https:\/\/schema.org\",\"@graph\":[{\"@type\":\"WebPage\",\"@id\":\"https:\/\/store.eventsmtb.com\/es\/produto\/scientiffic-nutrition-chupito-de-nitratos-60ml\/\",\"url\":\"https:\/\/store.eventsmtb.com\/es\/produto\/scientiffic-nutrition-chupito-de-nitratos-60ml\/\",\"name\":\"Scientiffic Nutrition - Chupito de nitratos - 60ml\",\"isPartOf\":{\"@id\":\"https:\/\/store.eventsmtb.com\/es\/#website\"},\"primaryImageOfPage\":{\"@id\":\"https:\/\/store.eventsmtb.com\/es\/produto\/scientiffic-nutrition-chupito-de-nitratos-60ml\/#primaryimage\"},\"image\":{\"@id\":\"https:\/\/store.eventsmtb.com\/es\/produto\/scientiffic-nutrition-chupito-de-nitratos-60ml\/#primaryimage\"},\"thumbnailUrl\":\"https:\/\/store.eventsmtb.com\/wp-content\/uploads\/2024\/12\/Nitrates-shot-1.webp\",\"datePublished\":\"2024-12-02T15:06:58+00:00\",\"dateModified\":\"2026-03-29T16:38:14+00:00\",\"description\":\"Scientiffic Nutrition Nitrate Shot ha sido desarrollado especialmente para ti, que buscas maximizar el rendimiento durante el entrenamiento y las competiciones.\",\"breadcrumb\":{\"@id\":\"https:\/\/store.eventsmtb.com\/es\/produto\/scientiffic-nutrition-chupito-de-nitratos-60ml\/#breadcrumb\"},\"inLanguage\":\"es\",\"potentialAction\":[{\"@type\":\"ReadAction\",\"target\":[\"https:\/\/store.eventsmtb.com\/es\/produto\/scientiffic-nutrition-chupito-de-nitratos-60ml\/\"]}]},{\"@type\":\"ImageObject\",\"inLanguage\":\"es\",\"@id\":\"https:\/\/store.eventsmtb.com\/es\/produto\/scientiffic-nutrition-chupito-de-nitratos-60ml\/#primaryimage\",\"url\":\"https:\/\/store.eventsmtb.com\/wp-content\/uploads\/2024\/12\/Nitrates-shot-1.webp\",\"contentUrl\":\"https:\/\/store.eventsmtb.com\/wp-content\/uploads\/2024\/12\/Nitrates-shot-1.webp\",\"width\":750,\"height\":754,\"caption\":\"Disparo de nitratos\"},{\"@type\":\"BreadcrumbList\",\"@id\":\"https:\/\/store.eventsmtb.com\/es\/produto\/scientiffic-nutrition-chupito-de-nitratos-60ml\/#breadcrumb\",\"itemListElement\":[{\"@type\":\"ListItem\",\"position\":1,\"name\":\"In\u00edcio\",\"item\":\"https:\/\/store.eventsmtb.com\/es\/\"},{\"@type\":\"ListItem\",\"position\":2,\"name\":\"Tienda\",\"item\":\"https:\/\/store.eventsmtb.com\/es\/tienda\/\"},{\"@type\":\"ListItem\",\"position\":3,\"name\":\"Scientiffic Nutrition &#8211; Chupito de nitratos...\"}]},{\"@type\":\"WebSite\",\"@id\":\"https:\/\/store.eventsmtb.com\/es\/#website\",\"url\":\"https:\/\/store.eventsmtb.com\/es\/\",\"name\":\"Store.Eventsmtb\",\"description\":\"Boost Yourself\",\"publisher\":{\"@id\":\"https:\/\/store.eventsmtb.com\/es\/#organization\"},\"potentialAction\":[{\"@type\":\"SearchAction\",\"target\":{\"@type\":\"EntryPoint\",\"urlTemplate\":\"https:\/\/store.eventsmtb.com\/es\/?s={search_term_string}\"},\"query-input\":{\"@type\":\"PropertyValueSpecification\",\"valueRequired\":true,\"valueName\":\"search_term_string\"}}],\"inLanguage\":\"es\"},{\"@type\":\"Organization\",\"@id\":\"https:\/\/store.eventsmtb.com\/es\/#organization\",\"name\":\"Store.Eventsmtb\",\"url\":\"https:\/\/store.eventsmtb.com\/es\/\",\"logo\":{\"@type\":\"ImageObject\",\"inLanguage\":\"es\",\"@id\":\"https:\/\/store.eventsmtb.com\/es\/#\/schema\/logo\/image\/\",\"url\":\"https:\/\/store.eventsmtb.com\/wp-content\/uploads\/2024\/08\/mtbstore-02-e1723109277246.png\",\"contentUrl\":\"https:\/\/store.eventsmtb.com\/wp-content\/uploads\/2024\/08\/mtbstore-02-e1723109277246.png\",\"width\":1925,\"height\":1765,\"caption\":\"Store.Eventsmtb\"},\"image\":{\"@id\":\"https:\/\/store.eventsmtb.com\/es\/#\/schema\/logo\/image\/\"},\"sameAs\":[\"https:\/\/www.facebook.com\/profile.php?id=100083151405925&locale=pt_PT\"]}]}<\/script>\n<!-- \/ Yoast SEO plugin. -->","yoast_head_json":{"title":"Scientiffic Nutrition - Chupito de nitratos - 60ml","description":"Scientiffic Nutrition Nitrate Shot ha sido desarrollado especialmente para ti, que buscas maximizar el rendimiento durante el entrenamiento y las competiciones.","robots":{"index":"index","follow":"follow","max-snippet":"max-snippet:-1","max-image-preview":"max-image-preview:large","max-video-preview":"max-video-preview:-1"},"canonical":"https:\/\/store.eventsmtb.com\/es\/produto\/scientiffic-nutrition-chupito-de-nitratos-60ml\/","og_locale":"es_ES","og_type":"article","og_title":"Scientiffic Nutrition - Chupito de nitratos - 60ml","og_description":"Scientiffic Nutrition Nitrate Shot ha sido desarrollado especialmente para ti, que buscas maximizar el rendimiento durante el entrenamiento y las competiciones.","og_url":"https:\/\/store.eventsmtb.com\/es\/produto\/scientiffic-nutrition-chupito-de-nitratos-60ml\/","og_site_name":"Store.Eventsmtb","article_publisher":"https:\/\/www.facebook.com\/profile.php?id=100083151405925&locale=pt_PT","article_modified_time":"2026-03-29T16:38:14+00:00","og_image":[{"width":750,"height":754,"url":"https:\/\/store.eventsmtb.com\/wp-content\/uploads\/2024\/12\/Nitrates-shot-1.webp","type":"image\/webp"}],"twitter_card":"summary_large_image","twitter_misc":{"Tiempo de lectura":"2 minutos"},"schema":{"@context":"https:\/\/schema.org","@graph":[{"@type":"WebPage","@id":"https:\/\/store.eventsmtb.com\/es\/produto\/scientiffic-nutrition-chupito-de-nitratos-60ml\/","url":"https:\/\/store.eventsmtb.com\/es\/produto\/scientiffic-nutrition-chupito-de-nitratos-60ml\/","name":"Scientiffic Nutrition - Chupito de nitratos - 60ml","isPartOf":{"@id":"https:\/\/store.eventsmtb.com\/es\/#website"},"primaryImageOfPage":{"@id":"https:\/\/store.eventsmtb.com\/es\/produto\/scientiffic-nutrition-chupito-de-nitratos-60ml\/#primaryimage"},"image":{"@id":"https:\/\/store.eventsmtb.com\/es\/produto\/scientiffic-nutrition-chupito-de-nitratos-60ml\/#primaryimage"},"thumbnailUrl":"https:\/\/store.eventsmtb.com\/wp-content\/uploads\/2024\/12\/Nitrates-shot-1.webp","datePublished":"2024-12-02T15:06:58+00:00","dateModified":"2026-03-29T16:38:14+00:00","description":"Scientiffic Nutrition Nitrate Shot ha sido desarrollado especialmente para ti, que buscas maximizar el rendimiento durante el entrenamiento y las competiciones.","breadcrumb":{"@id":"https:\/\/store.eventsmtb.com\/es\/produto\/scientiffic-nutrition-chupito-de-nitratos-60ml\/#breadcrumb"},"inLanguage":"es","potentialAction":[{"@type":"ReadAction","target":["https:\/\/store.eventsmtb.com\/es\/produto\/scientiffic-nutrition-chupito-de-nitratos-60ml\/"]}]},{"@type":"ImageObject","inLanguage":"es","@id":"https:\/\/store.eventsmtb.com\/es\/produto\/scientiffic-nutrition-chupito-de-nitratos-60ml\/#primaryimage","url":"https:\/\/store.eventsmtb.com\/wp-content\/uploads\/2024\/12\/Nitrates-shot-1.webp","contentUrl":"https:\/\/store.eventsmtb.com\/wp-content\/uploads\/2024\/12\/Nitrates-shot-1.webp","width":750,"height":754,"caption":"Disparo de nitratos"},{"@type":"BreadcrumbList","@id":"https:\/\/store.eventsmtb.com\/es\/produto\/scientiffic-nutrition-chupito-de-nitratos-60ml\/#breadcrumb","itemListElement":[{"@type":"ListItem","position":1,"name":"In\u00edcio","item":"https:\/\/store.eventsmtb.com\/es\/"},{"@type":"ListItem","position":2,"name":"Tienda","item":"https:\/\/store.eventsmtb.com\/es\/tienda\/"},{"@type":"ListItem","position":3,"name":"Scientiffic Nutrition &#8211; Chupito de nitratos..."}]},{"@type":"WebSite","@id":"https:\/\/store.eventsmtb.com\/es\/#website","url":"https:\/\/store.eventsmtb.com\/es\/","name":"Store.Eventsmtb","description":"Boost Yourself","publisher":{"@id":"https:\/\/store.eventsmtb.com\/es\/#organization"},"potentialAction":[{"@type":"SearchAction","target":{"@type":"EntryPoint","urlTemplate":"https:\/\/store.eventsmtb.com\/es\/?s={search_term_string}"},"query-input":{"@type":"PropertyValueSpecification","valueRequired":true,"valueName":"search_term_string"}}],"inLanguage":"es"},{"@type":"Organization","@id":"https:\/\/store.eventsmtb.com\/es\/#organization","name":"Store.Eventsmtb","url":"https:\/\/store.eventsmtb.com\/es\/","logo":{"@type":"ImageObject","inLanguage":"es","@id":"https:\/\/store.eventsmtb.com\/es\/#\/schema\/logo\/image\/","url":"https:\/\/store.eventsmtb.com\/wp-content\/uploads\/2024\/08\/mtbstore-02-e1723109277246.png","contentUrl":"https:\/\/store.eventsmtb.com\/wp-content\/uploads\/2024\/08\/mtbstore-02-e1723109277246.png","width":1925,"height":1765,"caption":"Store.Eventsmtb"},"image":{"@id":"https:\/\/store.eventsmtb.com\/es\/#\/schema\/logo\/image\/"},"sameAs":["https:\/\/www.facebook.com\/profile.php?id=100083151405925&locale=pt_PT"]}]}},"_links":{"self":[{"href":"https:\/\/store.eventsmtb.com\/es\/wp-json\/wp\/v2\/product\/8432","targetHints":{"allow":["GET"]}}],"collection":[{"href":"https:\/\/store.eventsmtb.com\/es\/wp-json\/wp\/v2\/product"}],"about":[{"href":"https:\/\/store.eventsmtb.com\/es\/wp-json\/wp\/v2\/types\/product"}],"replies":[{"embeddable":true,"href":"https:\/\/store.eventsmtb.com\/es\/wp-json\/wp\/v2\/comments?post=8432"}],"wp:featuredmedia":[{"embeddable":true,"href":"https:\/\/store.eventsmtb.com\/es\/wp-json\/wp\/v2\/media\/7591"}],"wp:attachment":[{"href":"https:\/\/store.eventsmtb.com\/es\/wp-json\/wp\/v2\/media?parent=8432"}],"wp:term":[{"taxonomy":"product_cat","embeddable":true,"href":"https:\/\/store.eventsmtb.com\/es\/wp-json\/wp\/v2\/product_cat?post=8432"},{"taxonomy":"product_tag","embeddable":true,"href":"https:\/\/store.eventsmtb.com\/es\/wp-json\/wp\/v2\/product_tag?post=8432"}],"curies":[{"name":"wp","href":"https:\/\/api.w.org\/{rel}","templated":true}]}}