{"id":8433,"date":"2024-10-24T09:33:34","date_gmt":"2024-10-24T09:33:34","guid":{"rendered":"https:\/\/store.eventsmtb.com\/produto\/amacx-gel-de-hielo-citricos-60ml\/"},"modified":"2026-02-04T16:01:58","modified_gmt":"2026-02-04T16:01:58","slug":"amacx-gel-de-hielo-citricos-60ml","status":"publish","type":"product","link":"https:\/\/store.eventsmtb.com\/es\/produto\/amacx-gel-de-hielo-citricos-60ml\/","title":{"rendered":"Amacx &#8211; Gel Helado, Lima Lim\u00f3n"},"content":{"rendered":"<p><strong>AMACX Ice Gel &#8211; \u00a1Energ\u00eda r\u00e1pida con frescura garantizada!<\/strong><\/p>\n<p>AMACX <em>Ice Gel<\/em> es tu compa\u00f1ero ideal para entrenamientos intensos y competiciones. \u00bfNecesitas un impulso inmediato de energ\u00eda y un extra de frescura? Este gel hace todo eso y m\u00e1s, con una f\u00f3rmula dise\u00f1ada para brindarle el m\u00e1ximo rendimiento, incluso en las condiciones m\u00e1s desafiantes. \ud83c\udfc3\u200d\u2642\ufe0f\ud83d\udeb4\u200d\u2640\ufe0f\u2744\ufe0f   <\/p>\n<p><strong>30g de Hidratos de Carbono por Gel<\/strong><br \/>\nCada sobre de <em>AMACX Ice Gel<\/em> te aporta 39g de hidratos de carbono, en una proporci\u00f3n perfecta de 2:1 de maltodextrina y fructosa. Esta combinaci\u00f3n permite una r\u00e1pida absorci\u00f3n de energ\u00eda, asegurando que su cuerpo reciba los nutrientes adecuados en el momento adecuado, sin sobrecargar su est\u00f3mago. <\/p>\n<p><strong>Absorci\u00f3n r\u00e1pida y sin<\/strong><br \/>\n molestiasCon su f\u00f3rmula avanzada, <em>Ice Gel<\/em> se absorbe f\u00e1cilmente, ofreci\u00e9ndote energ\u00eda sin sentirte pesado o inc\u00f3modo. Ideal para deportes de resistencia, te permite ingerir hasta 90-120 g de carbohidratos por hora, manteni\u00e9ndote en tu mejor momento durante esfuerzos prolongados. <\/p>\n<p><strong>Reposici\u00f3n de<\/strong><br \/>\n sodio esencialCada gel contiene 200 mg de sodio, que es crucial para reponer los electrolitos perdidos durante la sudoraci\u00f3n, especialmente en condiciones de calor y humedad. Esta cantidad ayuda a prevenir los calambres y mantiene el equilibrio de electrolitos en el cuerpo. <\/p>\n<p><strong>Frescura para climas c\u00e1lidos y h\u00famedos<\/strong><br \/>\n<em>Ice Gel<\/em> ofrece una sensaci\u00f3n refrescante que te ayuda a mantenerte mentalmente fresco, incluso en ambientes c\u00e1lidos y h\u00famedos. Esta caracter\u00edstica marca la diferencia cuando las temperaturas suben y necesitas mantenerte concentrado y rendir. <\/p>\n<p><strong>Apto para vegetarianos<\/strong><br \/>\nCon una f\u00f3rmula 100% vegetal, <em>AMACX Ice Gel<\/em> es apto para vegetarianos, sin comprometer la calidad ni la eficacia.<\/p>\n","protected":false},"excerpt":{"rendered":"<p>AMACX Ice Gel &#8211; \u00a1Energ\u00eda r\u00e1pida con frescura garantizada! AMACX Ice Gel es tu compa\u00f1ero ideal para entrenamientos intensos y competiciones. \u00bfNecesitas un impulso inmediato de energ\u00eda y un extra de frescura? Este gel hace todo eso y m\u00e1s, con una f\u00f3rmula dise\u00f1ada para brindarle el m\u00e1ximo rendimiento, incluso en las condiciones m\u00e1s desafiantes. \ud83c\udfc3\u200d\u2642\ufe0f\ud83d\udeb4\u200d\u2640\ufe0f\u2744\ufe0f [&hellip;]<\/p>\n","protected":false},"featured_media":10202,"comment_status":"open","ping_status":"closed","template":"","meta":[],"product_cat":[223,217],"product_tag":[225],"class_list":{"0":"post-8433","1":"product","2":"type-product","3":"status-publish","4":"has-post-thumbnail","6":"product_brand-amacx-es","7":"product_cat-geles-energeticos","8":"product_cat-nutricion-de-rendimiento","9":"product_tag-viernes-negro","11":"first","12":"instock","13":"taxable","14":"shipping-taxable","15":"purchasable","16":"product-type-simple"},"yoast_head":"<!-- This site is optimized with the Yoast SEO plugin v27.2 - https:\/\/yoast.com\/product\/yoast-seo-wordpress\/ -->\n<title>Amacx - Gel Helado, Lima Lim\u00f3n, 77ml<\/title>\n<meta name=\"description\" content=\"AMACX Ice Gel es tu compa\u00f1ero ideal para entrenamientos intensos y competiciones. \u00bfNecesitas un impulso inmediato de energ\u00eda y un extra de frescura?\" \/>\n<meta name=\"robots\" content=\"index, follow, max-snippet:-1, max-image-preview:large, max-video-preview:-1\" \/>\n<link rel=\"canonical\" href=\"https:\/\/store.eventsmtb.com\/es\/produto\/amacx-gel-de-hielo-citricos-60ml\/\" \/>\n<meta property=\"og:locale\" content=\"es_ES\" \/>\n<meta property=\"og:type\" content=\"article\" \/>\n<meta property=\"og:title\" content=\"Amacx - Gel Helado, Lima Lim\u00f3n, 77ml\" \/>\n<meta property=\"og:description\" content=\"AMACX Ice Gel es tu compa\u00f1ero ideal para entrenamientos intensos y competiciones. \u00bfNecesitas un impulso inmediato de energ\u00eda y un extra de frescura?\" \/>\n<meta property=\"og:url\" content=\"https:\/\/store.eventsmtb.com\/es\/produto\/amacx-gel-de-hielo-citricos-60ml\/\" \/>\n<meta property=\"og:site_name\" content=\"Store.Eventsmtb\" \/>\n<meta property=\"article:publisher\" content=\"https:\/\/www.facebook.com\/profile.php?id=100083151405925&amp;locale=pt_PT\" \/>\n<meta property=\"article:modified_time\" content=\"2026-02-04T16:01:58+00:00\" \/>\n<meta property=\"og:image\" content=\"https:\/\/store.eventsmtb.com\/wp-content\/uploads\/2024\/10\/1.png\" \/>\n\t<meta property=\"og:image:width\" content=\"1080\" \/>\n\t<meta property=\"og:image:height\" content=\"1080\" \/>\n\t<meta property=\"og:image:type\" content=\"image\/png\" \/>\n<meta name=\"twitter:card\" content=\"summary_large_image\" \/>\n<meta name=\"twitter:label1\" content=\"Tiempo de lectura\" \/>\n\t<meta name=\"twitter:data1\" content=\"1 minuto\" \/>\n<script type=\"application\/ld+json\" class=\"yoast-schema-graph\">{\"@context\":\"https:\/\/schema.org\",\"@graph\":[{\"@type\":\"WebPage\",\"@id\":\"https:\/\/store.eventsmtb.com\/es\/produto\/amacx-gel-de-hielo-citricos-60ml\/\",\"url\":\"https:\/\/store.eventsmtb.com\/es\/produto\/amacx-gel-de-hielo-citricos-60ml\/\",\"name\":\"Amacx - Gel Helado, Lima Lim\u00f3n, 77ml\",\"isPartOf\":{\"@id\":\"https:\/\/store.eventsmtb.com\/es\/#website\"},\"primaryImageOfPage\":{\"@id\":\"https:\/\/store.eventsmtb.com\/es\/produto\/amacx-gel-de-hielo-citricos-60ml\/#primaryimage\"},\"image\":{\"@id\":\"https:\/\/store.eventsmtb.com\/es\/produto\/amacx-gel-de-hielo-citricos-60ml\/#primaryimage\"},\"thumbnailUrl\":\"https:\/\/store.eventsmtb.com\/wp-content\/uploads\/2024\/10\/1.png\",\"datePublished\":\"2024-10-24T09:33:34+00:00\",\"dateModified\":\"2026-02-04T16:01:58+00:00\",\"description\":\"AMACX Ice Gel es tu compa\u00f1ero ideal para entrenamientos intensos y competiciones. \u00bfNecesitas un impulso inmediato de energ\u00eda y un extra de frescura?\",\"breadcrumb\":{\"@id\":\"https:\/\/store.eventsmtb.com\/es\/produto\/amacx-gel-de-hielo-citricos-60ml\/#breadcrumb\"},\"inLanguage\":\"es\",\"potentialAction\":[{\"@type\":\"ReadAction\",\"target\":[\"https:\/\/store.eventsmtb.com\/es\/produto\/amacx-gel-de-hielo-citricos-60ml\/\"]}]},{\"@type\":\"ImageObject\",\"inLanguage\":\"es\",\"@id\":\"https:\/\/store.eventsmtb.com\/es\/produto\/amacx-gel-de-hielo-citricos-60ml\/#primaryimage\",\"url\":\"https:\/\/store.eventsmtb.com\/wp-content\/uploads\/2024\/10\/1.png\",\"contentUrl\":\"https:\/\/store.eventsmtb.com\/wp-content\/uploads\/2024\/10\/1.png\",\"width\":1080,\"height\":1080,\"caption\":\"Amacx - Gel Helado, Lima Lim\u00f3n, 77ml\"},{\"@type\":\"BreadcrumbList\",\"@id\":\"https:\/\/store.eventsmtb.com\/es\/produto\/amacx-gel-de-hielo-citricos-60ml\/#breadcrumb\",\"itemListElement\":[{\"@type\":\"ListItem\",\"position\":1,\"name\":\"In\u00edcio\",\"item\":\"https:\/\/store.eventsmtb.com\/es\/\"},{\"@type\":\"ListItem\",\"position\":2,\"name\":\"Tienda\",\"item\":\"https:\/\/store.eventsmtb.com\/es\/tienda\/\"},{\"@type\":\"ListItem\",\"position\":3,\"name\":\"Amacx &#8211; Gel Helado, Lima Lim\u00f3n\"}]},{\"@type\":\"WebSite\",\"@id\":\"https:\/\/store.eventsmtb.com\/es\/#website\",\"url\":\"https:\/\/store.eventsmtb.com\/es\/\",\"name\":\"Store.Eventsmtb\",\"description\":\"Boost Yourself\",\"publisher\":{\"@id\":\"https:\/\/store.eventsmtb.com\/es\/#organization\"},\"potentialAction\":[{\"@type\":\"SearchAction\",\"target\":{\"@type\":\"EntryPoint\",\"urlTemplate\":\"https:\/\/store.eventsmtb.com\/es\/?s={search_term_string}\"},\"query-input\":{\"@type\":\"PropertyValueSpecification\",\"valueRequired\":true,\"valueName\":\"search_term_string\"}}],\"inLanguage\":\"es\"},{\"@type\":\"Organization\",\"@id\":\"https:\/\/store.eventsmtb.com\/es\/#organization\",\"name\":\"Store.Eventsmtb\",\"url\":\"https:\/\/store.eventsmtb.com\/es\/\",\"logo\":{\"@type\":\"ImageObject\",\"inLanguage\":\"es\",\"@id\":\"https:\/\/store.eventsmtb.com\/es\/#\/schema\/logo\/image\/\",\"url\":\"https:\/\/store.eventsmtb.com\/wp-content\/uploads\/2024\/08\/mtbstore-02-e1723109277246.png\",\"contentUrl\":\"https:\/\/store.eventsmtb.com\/wp-content\/uploads\/2024\/08\/mtbstore-02-e1723109277246.png\",\"width\":1925,\"height\":1765,\"caption\":\"Store.Eventsmtb\"},\"image\":{\"@id\":\"https:\/\/store.eventsmtb.com\/es\/#\/schema\/logo\/image\/\"},\"sameAs\":[\"https:\/\/www.facebook.com\/profile.php?id=100083151405925&locale=pt_PT\"]}]}<\/script>\n<!-- \/ Yoast SEO plugin. -->","yoast_head_json":{"title":"Amacx - Gel Helado, Lima Lim\u00f3n, 77ml","description":"AMACX Ice Gel es tu compa\u00f1ero ideal para entrenamientos intensos y competiciones. \u00bfNecesitas un impulso inmediato de energ\u00eda y un extra de frescura?","robots":{"index":"index","follow":"follow","max-snippet":"max-snippet:-1","max-image-preview":"max-image-preview:large","max-video-preview":"max-video-preview:-1"},"canonical":"https:\/\/store.eventsmtb.com\/es\/produto\/amacx-gel-de-hielo-citricos-60ml\/","og_locale":"es_ES","og_type":"article","og_title":"Amacx - Gel Helado, Lima Lim\u00f3n, 77ml","og_description":"AMACX Ice Gel es tu compa\u00f1ero ideal para entrenamientos intensos y competiciones. \u00bfNecesitas un impulso inmediato de energ\u00eda y un extra de frescura?","og_url":"https:\/\/store.eventsmtb.com\/es\/produto\/amacx-gel-de-hielo-citricos-60ml\/","og_site_name":"Store.Eventsmtb","article_publisher":"https:\/\/www.facebook.com\/profile.php?id=100083151405925&locale=pt_PT","article_modified_time":"2026-02-04T16:01:58+00:00","og_image":[{"width":1080,"height":1080,"url":"https:\/\/store.eventsmtb.com\/wp-content\/uploads\/2024\/10\/1.png","type":"image\/png"}],"twitter_card":"summary_large_image","twitter_misc":{"Tiempo de lectura":"1 minuto"},"schema":{"@context":"https:\/\/schema.org","@graph":[{"@type":"WebPage","@id":"https:\/\/store.eventsmtb.com\/es\/produto\/amacx-gel-de-hielo-citricos-60ml\/","url":"https:\/\/store.eventsmtb.com\/es\/produto\/amacx-gel-de-hielo-citricos-60ml\/","name":"Amacx - Gel Helado, Lima Lim\u00f3n, 77ml","isPartOf":{"@id":"https:\/\/store.eventsmtb.com\/es\/#website"},"primaryImageOfPage":{"@id":"https:\/\/store.eventsmtb.com\/es\/produto\/amacx-gel-de-hielo-citricos-60ml\/#primaryimage"},"image":{"@id":"https:\/\/store.eventsmtb.com\/es\/produto\/amacx-gel-de-hielo-citricos-60ml\/#primaryimage"},"thumbnailUrl":"https:\/\/store.eventsmtb.com\/wp-content\/uploads\/2024\/10\/1.png","datePublished":"2024-10-24T09:33:34+00:00","dateModified":"2026-02-04T16:01:58+00:00","description":"AMACX Ice Gel es tu compa\u00f1ero ideal para entrenamientos intensos y competiciones. \u00bfNecesitas un impulso inmediato de energ\u00eda y un extra de frescura?","breadcrumb":{"@id":"https:\/\/store.eventsmtb.com\/es\/produto\/amacx-gel-de-hielo-citricos-60ml\/#breadcrumb"},"inLanguage":"es","potentialAction":[{"@type":"ReadAction","target":["https:\/\/store.eventsmtb.com\/es\/produto\/amacx-gel-de-hielo-citricos-60ml\/"]}]},{"@type":"ImageObject","inLanguage":"es","@id":"https:\/\/store.eventsmtb.com\/es\/produto\/amacx-gel-de-hielo-citricos-60ml\/#primaryimage","url":"https:\/\/store.eventsmtb.com\/wp-content\/uploads\/2024\/10\/1.png","contentUrl":"https:\/\/store.eventsmtb.com\/wp-content\/uploads\/2024\/10\/1.png","width":1080,"height":1080,"caption":"Amacx - Gel Helado, Lima Lim\u00f3n, 77ml"},{"@type":"BreadcrumbList","@id":"https:\/\/store.eventsmtb.com\/es\/produto\/amacx-gel-de-hielo-citricos-60ml\/#breadcrumb","itemListElement":[{"@type":"ListItem","position":1,"name":"In\u00edcio","item":"https:\/\/store.eventsmtb.com\/es\/"},{"@type":"ListItem","position":2,"name":"Tienda","item":"https:\/\/store.eventsmtb.com\/es\/tienda\/"},{"@type":"ListItem","position":3,"name":"Amacx &#8211; Gel Helado, Lima Lim\u00f3n"}]},{"@type":"WebSite","@id":"https:\/\/store.eventsmtb.com\/es\/#website","url":"https:\/\/store.eventsmtb.com\/es\/","name":"Store.Eventsmtb","description":"Boost Yourself","publisher":{"@id":"https:\/\/store.eventsmtb.com\/es\/#organization"},"potentialAction":[{"@type":"SearchAction","target":{"@type":"EntryPoint","urlTemplate":"https:\/\/store.eventsmtb.com\/es\/?s={search_term_string}"},"query-input":{"@type":"PropertyValueSpecification","valueRequired":true,"valueName":"search_term_string"}}],"inLanguage":"es"},{"@type":"Organization","@id":"https:\/\/store.eventsmtb.com\/es\/#organization","name":"Store.Eventsmtb","url":"https:\/\/store.eventsmtb.com\/es\/","logo":{"@type":"ImageObject","inLanguage":"es","@id":"https:\/\/store.eventsmtb.com\/es\/#\/schema\/logo\/image\/","url":"https:\/\/store.eventsmtb.com\/wp-content\/uploads\/2024\/08\/mtbstore-02-e1723109277246.png","contentUrl":"https:\/\/store.eventsmtb.com\/wp-content\/uploads\/2024\/08\/mtbstore-02-e1723109277246.png","width":1925,"height":1765,"caption":"Store.Eventsmtb"},"image":{"@id":"https:\/\/store.eventsmtb.com\/es\/#\/schema\/logo\/image\/"},"sameAs":["https:\/\/www.facebook.com\/profile.php?id=100083151405925&locale=pt_PT"]}]}},"_links":{"self":[{"href":"https:\/\/store.eventsmtb.com\/es\/wp-json\/wp\/v2\/product\/8433","targetHints":{"allow":["GET"]}}],"collection":[{"href":"https:\/\/store.eventsmtb.com\/es\/wp-json\/wp\/v2\/product"}],"about":[{"href":"https:\/\/store.eventsmtb.com\/es\/wp-json\/wp\/v2\/types\/product"}],"replies":[{"embeddable":true,"href":"https:\/\/store.eventsmtb.com\/es\/wp-json\/wp\/v2\/comments?post=8433"}],"wp:featuredmedia":[{"embeddable":true,"href":"https:\/\/store.eventsmtb.com\/es\/wp-json\/wp\/v2\/media\/10202"}],"wp:attachment":[{"href":"https:\/\/store.eventsmtb.com\/es\/wp-json\/wp\/v2\/media?parent=8433"}],"wp:term":[{"taxonomy":"product_cat","embeddable":true,"href":"https:\/\/store.eventsmtb.com\/es\/wp-json\/wp\/v2\/product_cat?post=8433"},{"taxonomy":"product_tag","embeddable":true,"href":"https:\/\/store.eventsmtb.com\/es\/wp-json\/wp\/v2\/product_tag?post=8433"}],"curies":[{"name":"wp","href":"https:\/\/api.w.org\/{rel}","templated":true}]}}