{"id":8434,"date":"2024-10-24T09:48:06","date_gmt":"2024-10-24T09:48:06","guid":{"rendered":"https:\/\/store.eventsmtb.com\/produto\/santa-madre-barrita-inusual-neutra-65g\/"},"modified":"2025-10-07T15:25:08","modified_gmt":"2025-10-07T15:25:08","slug":"santa-madre-barrita-inusual-neutra-65g","status":"publish","type":"product","link":"https:\/\/store.eventsmtb.com\/es\/produto\/santa-madre-barrita-inusual-neutra-65g\/","title":{"rendered":"Santa Madre &#8211; Barrita Inusual, Neutro"},"content":{"rendered":"<p><strong>Santa Madre Unusual Bar 65g &#8211; \u00a1Energ\u00eda simple, rendimiento excepcional!<\/strong><\/p>\n<p>\u00bfNecesitas una barrita energ\u00e9tica que te aporte la dosis justa de energ\u00eda sin complicaciones? El <em>Unusual Bar<\/em> de Santa Madre es todo lo que est\u00e1s buscando. Dise\u00f1ado para atletas que necesitan una fuente de energ\u00eda r\u00e1pida pero ligera en el est\u00f3mago. Esta barra te mantendr\u00e1 en el ritmo adecuado durante los entrenamientos o carreras m\u00e1s exigentes. \ud83d\udeb4\u200d\u2642\ufe0f\ud83c\udfc3\u200d\u2640\ufe0f\ud83d\udcaa    <\/p>\n<p><strong>50g de Hidratos de Carbono por Barrita<\/strong><br \/>\nCon una impresionante dosis de 50 g de hidratos de carbono por barrita, <em>Unusual Bar<\/em> utiliza una matriz de hidratos de carbono en una proporci\u00f3n equilibrada de 1:1, lo que garantiza una absorci\u00f3n r\u00e1pida y eficaz, sin provocar ca\u00eddas de energ\u00eda. Es la opci\u00f3n ideal para garantizar un suministro constante de energ\u00eda durante tus entrenamientos a largo plazo. <\/p>\n<p>Digesti\u00f3n<br \/>\n <strong>f\u00e1cil y sin esfuerzo<\/strong><em>La f\u00f3rmula de Unusual Bar<\/em> est\u00e1 dise\u00f1ada para no sobrecargar el est\u00f3mago. Ligero y f\u00e1cil de digerir, es perfecto para ser consumido durante el ejercicio f\u00edsico, sin riesgo de molestias gastrointestinales. <\/p>\n<p><strong>Reposici\u00f3n de<\/strong><br \/>\n sodio esencialCada barrita contiene 165 mg de sodio, lo que ayuda a reponer los electrolitos perdidos durante el esfuerzo f\u00edsico. Este equilibrio es esencial para evitar calambres y mantener tu rendimiento al m\u00e1ximo, especialmente en entrenamientos intensos o de larga duraci\u00f3n. <\/p>\n<p>Textura<br \/>\n <strong>suave y f\u00e1cil de masticar<\/strong>Con una textura suave, esta barra es f\u00e1cil de masticar, lo que la hace pr\u00e1ctica y conveniente para consumir durante su carrera o entrenamiento, sin interrumpir su ritmo.<\/p>\n<p><strong>Sin aceite de palma, sin lactosa, sin<\/strong><br \/>\n gluten <em>Santa Madre Unusual Bar<\/em> tambi\u00e9n se destaca por ser una opci\u00f3n saludable: libre de aceite de palma, lactosa y gluten. Con una cuidada f\u00f3rmula, tambi\u00e9n es apto para vegetarianos, manteniendo siempre un enfoque en la calidad y la sostenibilidad. <\/p>\n","protected":false},"excerpt":{"rendered":"<p>Santa Madre Unusual Bar 65g &#8211; \u00a1Energ\u00eda simple, rendimiento excepcional! \u00bfNecesitas una barrita energ\u00e9tica que te aporte la dosis justa de energ\u00eda sin complicaciones? El Unusual Bar de Santa Madre es todo lo que est\u00e1s buscando. Dise\u00f1ado para atletas que necesitan una fuente de energ\u00eda r\u00e1pida pero ligera en el est\u00f3mago. Esta barra te mantendr\u00e1 [&hellip;]<\/p>\n","protected":false},"featured_media":7575,"comment_status":"open","ping_status":"closed","template":"","meta":[],"product_cat":[236,217],"product_tag":[225],"class_list":{"0":"post-8434","1":"product","2":"type-product","3":"status-publish","4":"has-post-thumbnail","6":"product_brand-santa-madre-es","7":"product_cat-barritas-energeticas","8":"product_cat-nutricion-de-rendimiento","9":"product_tag-viernes-negro","11":"first","12":"outofstock","13":"taxable","14":"shipping-taxable","15":"purchasable","16":"product-type-simple"},"yoast_head":"<!-- This site is optimized with the Yoast SEO plugin v27.2 - https:\/\/yoast.com\/product\/yoast-seo-wordpress\/ -->\n<title>Santa Madre - Barrita Inusual, Neutro, 65g - Store.Eventsmtb<\/title>\n<meta name=\"description\" content=\"Santa Madre Unusual Bar 65g - \u00a1Energ\u00eda simple, rendimiento excepcional! \u00bfNecesitas una barrita energ\u00e9tica que te aporte la dosis justa de energ\u00eda sin complicaciones?\" \/>\n<meta name=\"robots\" content=\"index, follow, max-snippet:-1, max-image-preview:large, max-video-preview:-1\" \/>\n<link rel=\"canonical\" href=\"https:\/\/store.eventsmtb.com\/es\/produto\/santa-madre-barrita-inusual-neutra-65g\/\" \/>\n<meta property=\"og:locale\" content=\"es_ES\" \/>\n<meta property=\"og:type\" content=\"article\" \/>\n<meta property=\"og:title\" content=\"Santa Madre - Barrita Inusual, Neutro, 65g - Store.Eventsmtb\" \/>\n<meta property=\"og:description\" content=\"Santa Madre Unusual Bar 65g - \u00a1Energ\u00eda simple, rendimiento excepcional! \u00bfNecesitas una barrita energ\u00e9tica que te aporte la dosis justa de energ\u00eda sin complicaciones?\" \/>\n<meta property=\"og:url\" content=\"https:\/\/store.eventsmtb.com\/es\/produto\/santa-madre-barrita-inusual-neutra-65g\/\" \/>\n<meta property=\"og:site_name\" content=\"Store.Eventsmtb\" \/>\n<meta property=\"article:publisher\" content=\"https:\/\/www.facebook.com\/profile.php?id=100083151405925&amp;locale=pt_PT\" \/>\n<meta property=\"article:modified_time\" content=\"2025-10-07T15:25:08+00:00\" \/>\n<meta property=\"og:image\" content=\"https:\/\/store.eventsmtb.com\/wp-content\/uploads\/2024\/10\/Design-sem-nome-2.png\" \/>\n\t<meta property=\"og:image:width\" content=\"1080\" \/>\n\t<meta property=\"og:image:height\" content=\"1080\" \/>\n\t<meta property=\"og:image:type\" content=\"image\/png\" \/>\n<meta name=\"twitter:card\" content=\"summary_large_image\" \/>\n<meta name=\"twitter:label1\" content=\"Tiempo de lectura\" \/>\n\t<meta name=\"twitter:data1\" content=\"2 minutos\" \/>\n<script type=\"application\/ld+json\" class=\"yoast-schema-graph\">{\"@context\":\"https:\/\/schema.org\",\"@graph\":[{\"@type\":\"WebPage\",\"@id\":\"https:\/\/store.eventsmtb.com\/es\/produto\/santa-madre-barrita-inusual-neutra-65g\/\",\"url\":\"https:\/\/store.eventsmtb.com\/es\/produto\/santa-madre-barrita-inusual-neutra-65g\/\",\"name\":\"Santa Madre - Barrita Inusual, Neutro, 65g - Store.Eventsmtb\",\"isPartOf\":{\"@id\":\"https:\/\/store.eventsmtb.com\/es\/#website\"},\"primaryImageOfPage\":{\"@id\":\"https:\/\/store.eventsmtb.com\/es\/produto\/santa-madre-barrita-inusual-neutra-65g\/#primaryimage\"},\"image\":{\"@id\":\"https:\/\/store.eventsmtb.com\/es\/produto\/santa-madre-barrita-inusual-neutra-65g\/#primaryimage\"},\"thumbnailUrl\":\"https:\/\/store.eventsmtb.com\/wp-content\/uploads\/2024\/10\/Design-sem-nome-2.png\",\"datePublished\":\"2024-10-24T09:48:06+00:00\",\"dateModified\":\"2025-10-07T15:25:08+00:00\",\"description\":\"Santa Madre Unusual Bar 65g - \u00a1Energ\u00eda simple, rendimiento excepcional! \u00bfNecesitas una barrita energ\u00e9tica que te aporte la dosis justa de energ\u00eda sin complicaciones?\",\"breadcrumb\":{\"@id\":\"https:\/\/store.eventsmtb.com\/es\/produto\/santa-madre-barrita-inusual-neutra-65g\/#breadcrumb\"},\"inLanguage\":\"es\",\"potentialAction\":[{\"@type\":\"ReadAction\",\"target\":[\"https:\/\/store.eventsmtb.com\/es\/produto\/santa-madre-barrita-inusual-neutra-65g\/\"]}]},{\"@type\":\"ImageObject\",\"inLanguage\":\"es\",\"@id\":\"https:\/\/store.eventsmtb.com\/es\/produto\/santa-madre-barrita-inusual-neutra-65g\/#primaryimage\",\"url\":\"https:\/\/store.eventsmtb.com\/wp-content\/uploads\/2024\/10\/Design-sem-nome-2.png\",\"contentUrl\":\"https:\/\/store.eventsmtb.com\/wp-content\/uploads\/2024\/10\/Design-sem-nome-2.png\",\"width\":1080,\"height\":1080,\"caption\":\"Santa Madre - Bar Ins\u00f3lito\"},{\"@type\":\"BreadcrumbList\",\"@id\":\"https:\/\/store.eventsmtb.com\/es\/produto\/santa-madre-barrita-inusual-neutra-65g\/#breadcrumb\",\"itemListElement\":[{\"@type\":\"ListItem\",\"position\":1,\"name\":\"In\u00edcio\",\"item\":\"https:\/\/store.eventsmtb.com\/es\/\"},{\"@type\":\"ListItem\",\"position\":2,\"name\":\"Tienda\",\"item\":\"https:\/\/store.eventsmtb.com\/es\/tienda\/\"},{\"@type\":\"ListItem\",\"position\":3,\"name\":\"Santa Madre &#8211; Barrita Inusual, Neutro\"}]},{\"@type\":\"WebSite\",\"@id\":\"https:\/\/store.eventsmtb.com\/es\/#website\",\"url\":\"https:\/\/store.eventsmtb.com\/es\/\",\"name\":\"Store.Eventsmtb\",\"description\":\"Boost Yourself\",\"publisher\":{\"@id\":\"https:\/\/store.eventsmtb.com\/es\/#organization\"},\"potentialAction\":[{\"@type\":\"SearchAction\",\"target\":{\"@type\":\"EntryPoint\",\"urlTemplate\":\"https:\/\/store.eventsmtb.com\/es\/?s={search_term_string}\"},\"query-input\":{\"@type\":\"PropertyValueSpecification\",\"valueRequired\":true,\"valueName\":\"search_term_string\"}}],\"inLanguage\":\"es\"},{\"@type\":\"Organization\",\"@id\":\"https:\/\/store.eventsmtb.com\/es\/#organization\",\"name\":\"Store.Eventsmtb\",\"url\":\"https:\/\/store.eventsmtb.com\/es\/\",\"logo\":{\"@type\":\"ImageObject\",\"inLanguage\":\"es\",\"@id\":\"https:\/\/store.eventsmtb.com\/es\/#\/schema\/logo\/image\/\",\"url\":\"https:\/\/store.eventsmtb.com\/wp-content\/uploads\/2024\/08\/mtbstore-02-e1723109277246.png\",\"contentUrl\":\"https:\/\/store.eventsmtb.com\/wp-content\/uploads\/2024\/08\/mtbstore-02-e1723109277246.png\",\"width\":1925,\"height\":1765,\"caption\":\"Store.Eventsmtb\"},\"image\":{\"@id\":\"https:\/\/store.eventsmtb.com\/es\/#\/schema\/logo\/image\/\"},\"sameAs\":[\"https:\/\/www.facebook.com\/profile.php?id=100083151405925&locale=pt_PT\"]}]}<\/script>\n<!-- \/ Yoast SEO plugin. -->","yoast_head_json":{"title":"Santa Madre - Barrita Inusual, Neutro, 65g - Store.Eventsmtb","description":"Santa Madre Unusual Bar 65g - \u00a1Energ\u00eda simple, rendimiento excepcional! \u00bfNecesitas una barrita energ\u00e9tica que te aporte la dosis justa de energ\u00eda sin complicaciones?","robots":{"index":"index","follow":"follow","max-snippet":"max-snippet:-1","max-image-preview":"max-image-preview:large","max-video-preview":"max-video-preview:-1"},"canonical":"https:\/\/store.eventsmtb.com\/es\/produto\/santa-madre-barrita-inusual-neutra-65g\/","og_locale":"es_ES","og_type":"article","og_title":"Santa Madre - Barrita Inusual, Neutro, 65g - Store.Eventsmtb","og_description":"Santa Madre Unusual Bar 65g - \u00a1Energ\u00eda simple, rendimiento excepcional! \u00bfNecesitas una barrita energ\u00e9tica que te aporte la dosis justa de energ\u00eda sin complicaciones?","og_url":"https:\/\/store.eventsmtb.com\/es\/produto\/santa-madre-barrita-inusual-neutra-65g\/","og_site_name":"Store.Eventsmtb","article_publisher":"https:\/\/www.facebook.com\/profile.php?id=100083151405925&locale=pt_PT","article_modified_time":"2025-10-07T15:25:08+00:00","og_image":[{"width":1080,"height":1080,"url":"https:\/\/store.eventsmtb.com\/wp-content\/uploads\/2024\/10\/Design-sem-nome-2.png","type":"image\/png"}],"twitter_card":"summary_large_image","twitter_misc":{"Tiempo de lectura":"2 minutos"},"schema":{"@context":"https:\/\/schema.org","@graph":[{"@type":"WebPage","@id":"https:\/\/store.eventsmtb.com\/es\/produto\/santa-madre-barrita-inusual-neutra-65g\/","url":"https:\/\/store.eventsmtb.com\/es\/produto\/santa-madre-barrita-inusual-neutra-65g\/","name":"Santa Madre - Barrita Inusual, Neutro, 65g - Store.Eventsmtb","isPartOf":{"@id":"https:\/\/store.eventsmtb.com\/es\/#website"},"primaryImageOfPage":{"@id":"https:\/\/store.eventsmtb.com\/es\/produto\/santa-madre-barrita-inusual-neutra-65g\/#primaryimage"},"image":{"@id":"https:\/\/store.eventsmtb.com\/es\/produto\/santa-madre-barrita-inusual-neutra-65g\/#primaryimage"},"thumbnailUrl":"https:\/\/store.eventsmtb.com\/wp-content\/uploads\/2024\/10\/Design-sem-nome-2.png","datePublished":"2024-10-24T09:48:06+00:00","dateModified":"2025-10-07T15:25:08+00:00","description":"Santa Madre Unusual Bar 65g - \u00a1Energ\u00eda simple, rendimiento excepcional! \u00bfNecesitas una barrita energ\u00e9tica que te aporte la dosis justa de energ\u00eda sin complicaciones?","breadcrumb":{"@id":"https:\/\/store.eventsmtb.com\/es\/produto\/santa-madre-barrita-inusual-neutra-65g\/#breadcrumb"},"inLanguage":"es","potentialAction":[{"@type":"ReadAction","target":["https:\/\/store.eventsmtb.com\/es\/produto\/santa-madre-barrita-inusual-neutra-65g\/"]}]},{"@type":"ImageObject","inLanguage":"es","@id":"https:\/\/store.eventsmtb.com\/es\/produto\/santa-madre-barrita-inusual-neutra-65g\/#primaryimage","url":"https:\/\/store.eventsmtb.com\/wp-content\/uploads\/2024\/10\/Design-sem-nome-2.png","contentUrl":"https:\/\/store.eventsmtb.com\/wp-content\/uploads\/2024\/10\/Design-sem-nome-2.png","width":1080,"height":1080,"caption":"Santa Madre - Bar Ins\u00f3lito"},{"@type":"BreadcrumbList","@id":"https:\/\/store.eventsmtb.com\/es\/produto\/santa-madre-barrita-inusual-neutra-65g\/#breadcrumb","itemListElement":[{"@type":"ListItem","position":1,"name":"In\u00edcio","item":"https:\/\/store.eventsmtb.com\/es\/"},{"@type":"ListItem","position":2,"name":"Tienda","item":"https:\/\/store.eventsmtb.com\/es\/tienda\/"},{"@type":"ListItem","position":3,"name":"Santa Madre &#8211; Barrita Inusual, Neutro"}]},{"@type":"WebSite","@id":"https:\/\/store.eventsmtb.com\/es\/#website","url":"https:\/\/store.eventsmtb.com\/es\/","name":"Store.Eventsmtb","description":"Boost Yourself","publisher":{"@id":"https:\/\/store.eventsmtb.com\/es\/#organization"},"potentialAction":[{"@type":"SearchAction","target":{"@type":"EntryPoint","urlTemplate":"https:\/\/store.eventsmtb.com\/es\/?s={search_term_string}"},"query-input":{"@type":"PropertyValueSpecification","valueRequired":true,"valueName":"search_term_string"}}],"inLanguage":"es"},{"@type":"Organization","@id":"https:\/\/store.eventsmtb.com\/es\/#organization","name":"Store.Eventsmtb","url":"https:\/\/store.eventsmtb.com\/es\/","logo":{"@type":"ImageObject","inLanguage":"es","@id":"https:\/\/store.eventsmtb.com\/es\/#\/schema\/logo\/image\/","url":"https:\/\/store.eventsmtb.com\/wp-content\/uploads\/2024\/08\/mtbstore-02-e1723109277246.png","contentUrl":"https:\/\/store.eventsmtb.com\/wp-content\/uploads\/2024\/08\/mtbstore-02-e1723109277246.png","width":1925,"height":1765,"caption":"Store.Eventsmtb"},"image":{"@id":"https:\/\/store.eventsmtb.com\/es\/#\/schema\/logo\/image\/"},"sameAs":["https:\/\/www.facebook.com\/profile.php?id=100083151405925&locale=pt_PT"]}]}},"_links":{"self":[{"href":"https:\/\/store.eventsmtb.com\/es\/wp-json\/wp\/v2\/product\/8434","targetHints":{"allow":["GET"]}}],"collection":[{"href":"https:\/\/store.eventsmtb.com\/es\/wp-json\/wp\/v2\/product"}],"about":[{"href":"https:\/\/store.eventsmtb.com\/es\/wp-json\/wp\/v2\/types\/product"}],"replies":[{"embeddable":true,"href":"https:\/\/store.eventsmtb.com\/es\/wp-json\/wp\/v2\/comments?post=8434"}],"wp:featuredmedia":[{"embeddable":true,"href":"https:\/\/store.eventsmtb.com\/es\/wp-json\/wp\/v2\/media\/7575"}],"wp:attachment":[{"href":"https:\/\/store.eventsmtb.com\/es\/wp-json\/wp\/v2\/media?parent=8434"}],"wp:term":[{"taxonomy":"product_cat","embeddable":true,"href":"https:\/\/store.eventsmtb.com\/es\/wp-json\/wp\/v2\/product_cat?post=8434"},{"taxonomy":"product_tag","embeddable":true,"href":"https:\/\/store.eventsmtb.com\/es\/wp-json\/wp\/v2\/product_tag?post=8434"}],"curies":[{"name":"wp","href":"https:\/\/api.w.org\/{rel}","templated":true}]}}