{"id":8451,"date":"2025-02-03T16:45:09","date_gmt":"2025-02-03T16:45:09","guid":{"rendered":"https:\/\/store.eventsmtb.com\/produto\/meltonic-gel-energetico-ultra-resistencia-miel-y-curcuma-20g\/"},"modified":"2025-10-07T15:27:13","modified_gmt":"2025-10-07T15:27:13","slug":"meltonic-gel-energetico-ultra-resistencia-miel-y-curcuma-20g","status":"publish","type":"product","link":"https:\/\/store.eventsmtb.com\/es\/produto\/meltonic-gel-energetico-ultra-resistencia-miel-y-curcuma-20g\/","title":{"rendered":"MelTonic &#8211; Gel Energ\u00e9tico, Ultra Resistencia"},"content":{"rendered":"<p><strong>Meltonic Ultra Endurance Energy Gel \u2013 energ\u00eda natural y sostenida para deportistas<\/strong><\/p>\n<p>Si buscas un <strong>gel energ\u00e9tico<\/strong> natural y eficaz para mejorar tu rendimiento en deportes de resistencia, <strong>Meltonic Ultra Endurance<\/strong> es la opci\u00f3n ideal. Desarrollado para deportistas exigentes, este gel combina ingredientes naturales y org\u00e1nicos para garantizar una energ\u00eda duradera y una digesti\u00f3n \u00f3ptima. <\/p>\n<h3><strong>\u00bfPor qu\u00e9 elegir Meltonic Ultra Endurance Energy Gel?<\/strong><\/h3>\n<p>\u2705 <strong>\u00cdndice gluc\u00e9mico moderado<\/strong> : proporciona un suministro de energ\u00eda constante, sin picos repentinos de az\u00facar.<br \/>\n\u2705 <strong>Digesti\u00f3n \u00f3ptima \u2013 F\u00f3rmula<\/strong> ligera y de f\u00e1cil asimilaci\u00f3n, ideal para esfuerzos prolongados.<br \/>\n\u2705 <strong>Pr\u00e1ctico formato de 20 g \u2013 F\u00e1cil<\/strong> de transportar y consumir durante el entrenamiento o la competici\u00f3n.<br \/>\n\u2705 <strong>Ingredientes naturales y org\u00e1nicos<\/strong> : elaborado con miel org\u00e1nica y jalea real, lo que garantiza energ\u00eda pura y saludable.<br \/>\n\u2705 <strong>Sin gluten<\/strong> \u2013 Apto para aquellas personas que tienen intolerancias o prefieren una dieta m\u00e1s equilibrada.<br \/>\n\u2705 <strong>Made in France<\/strong> \u2013 Calidad e innovaci\u00f3n garantizadas por una marca de confianza.<\/p>\n<h3><strong>Ideal para deportes de ultra resistencia y resistencia<\/strong><\/h3>\n<p>Ya sea que practiques <strong>triatl\u00f3n, trail running, ciclismo o maratones<\/strong>, <strong>Meltonic Ultra Endurance Energy Gel<\/strong> te ayuda a mantener tu energ\u00eda estable y evitar ca\u00eddas en el rendimiento. Con una textura fluida y un sabor natural, este gel te permite afrontar retos duraderos con m\u00e1s fuerza y vitalidad. <\/p>\n<p>\ud83d\udcaa <strong>\u00a1Consigue ya tu Gel Meltonic y maximiza tu resistencia con energ\u00eda 100% natural!<\/strong><\/p>\n","protected":false},"excerpt":{"rendered":"<p>Meltonic<\/p>\n","protected":false},"featured_media":7672,"comment_status":"open","ping_status":"closed","template":"","meta":[],"product_cat":[223,217],"product_tag":[],"class_list":{"0":"post-8451","1":"product","2":"type-product","3":"status-publish","4":"has-post-thumbnail","6":"product_brand-meltonic-es","7":"product_cat-geles-energeticos","8":"product_cat-nutricion-de-rendimiento","10":"first","11":"instock","12":"taxable","13":"shipping-taxable","14":"purchasable","15":"product-type-simple"},"yoast_head":"<!-- This site is optimized with the Yoast SEO plugin v27.2 - https:\/\/yoast.com\/product\/yoast-seo-wordpress\/ -->\n<title>MelTonic - Gel Energ\u00e9tico, Ultra Resistencia - Store.Eventsmtb<\/title>\n<meta name=\"description\" content=\"Meltonic Ultra Endurance Energy Gel \u2013 Energ\u00eda Natural y Sostenida para Atletas- Si est\u00e1s buscando un gel energ\u00e9tico natural y eficaz, \u00a1lo acabas de encontrar!\" \/>\n<meta name=\"robots\" content=\"index, follow, max-snippet:-1, max-image-preview:large, max-video-preview:-1\" \/>\n<link rel=\"canonical\" href=\"https:\/\/store.eventsmtb.com\/es\/produto\/meltonic-gel-energetico-ultra-resistencia-miel-y-curcuma-20g\/\" \/>\n<meta property=\"og:locale\" content=\"es_ES\" \/>\n<meta property=\"og:type\" content=\"article\" \/>\n<meta property=\"og:title\" content=\"MelTonic - Gel Energ\u00e9tico, Ultra Resistencia - Store.Eventsmtb\" \/>\n<meta property=\"og:description\" content=\"Meltonic Ultra Endurance Energy Gel \u2013 Energ\u00eda Natural y Sostenida para Atletas- Si est\u00e1s buscando un gel energ\u00e9tico natural y eficaz, \u00a1lo acabas de encontrar!\" \/>\n<meta property=\"og:url\" content=\"https:\/\/store.eventsmtb.com\/es\/produto\/meltonic-gel-energetico-ultra-resistencia-miel-y-curcuma-20g\/\" \/>\n<meta property=\"og:site_name\" content=\"Store.Eventsmtb\" \/>\n<meta property=\"article:publisher\" content=\"https:\/\/www.facebook.com\/profile.php?id=100083151405925&amp;locale=pt_PT\" \/>\n<meta property=\"article:modified_time\" content=\"2025-10-07T15:27:13+00:00\" \/>\n<meta property=\"og:image\" content=\"https:\/\/store.eventsmtb.com\/wp-content\/uploads\/2025\/02\/Design-sem-nome-4.png\" \/>\n\t<meta property=\"og:image:width\" content=\"1080\" \/>\n\t<meta property=\"og:image:height\" content=\"1080\" \/>\n\t<meta property=\"og:image:type\" content=\"image\/png\" \/>\n<meta name=\"twitter:card\" content=\"summary_large_image\" \/>\n<meta name=\"twitter:label1\" content=\"Tiempo de lectura\" \/>\n\t<meta name=\"twitter:data1\" content=\"2 minutos\" \/>\n<script type=\"application\/ld+json\" class=\"yoast-schema-graph\">{\"@context\":\"https:\/\/schema.org\",\"@graph\":[{\"@type\":\"WebPage\",\"@id\":\"https:\/\/store.eventsmtb.com\/es\/produto\/meltonic-gel-energetico-ultra-resistencia-miel-y-curcuma-20g\/\",\"url\":\"https:\/\/store.eventsmtb.com\/es\/produto\/meltonic-gel-energetico-ultra-resistencia-miel-y-curcuma-20g\/\",\"name\":\"MelTonic - Gel Energ\u00e9tico, Ultra Resistencia - Store.Eventsmtb\",\"isPartOf\":{\"@id\":\"https:\/\/store.eventsmtb.com\/es\/#website\"},\"primaryImageOfPage\":{\"@id\":\"https:\/\/store.eventsmtb.com\/es\/produto\/meltonic-gel-energetico-ultra-resistencia-miel-y-curcuma-20g\/#primaryimage\"},\"image\":{\"@id\":\"https:\/\/store.eventsmtb.com\/es\/produto\/meltonic-gel-energetico-ultra-resistencia-miel-y-curcuma-20g\/#primaryimage\"},\"thumbnailUrl\":\"https:\/\/store.eventsmtb.com\/wp-content\/uploads\/2025\/02\/Design-sem-nome-4.png\",\"datePublished\":\"2025-02-03T16:45:09+00:00\",\"dateModified\":\"2025-10-07T15:27:13+00:00\",\"description\":\"Meltonic Ultra Endurance Energy Gel \u2013 Energ\u00eda Natural y Sostenida para Atletas- Si est\u00e1s buscando un gel energ\u00e9tico natural y eficaz, \u00a1lo acabas de encontrar!\",\"breadcrumb\":{\"@id\":\"https:\/\/store.eventsmtb.com\/es\/produto\/meltonic-gel-energetico-ultra-resistencia-miel-y-curcuma-20g\/#breadcrumb\"},\"inLanguage\":\"es\",\"potentialAction\":[{\"@type\":\"ReadAction\",\"target\":[\"https:\/\/store.eventsmtb.com\/es\/produto\/meltonic-gel-energetico-ultra-resistencia-miel-y-curcuma-20g\/\"]}]},{\"@type\":\"ImageObject\",\"inLanguage\":\"es\",\"@id\":\"https:\/\/store.eventsmtb.com\/es\/produto\/meltonic-gel-energetico-ultra-resistencia-miel-y-curcuma-20g\/#primaryimage\",\"url\":\"https:\/\/store.eventsmtb.com\/wp-content\/uploads\/2025\/02\/Design-sem-nome-4.png\",\"contentUrl\":\"https:\/\/store.eventsmtb.com\/wp-content\/uploads\/2025\/02\/Design-sem-nome-4.png\",\"width\":1080,\"height\":1080,\"caption\":\"Meltonic- Gel Energ\u00e9tico, Ultra Resistencia, Miel y Azafr\u00e1n, 20g\"},{\"@type\":\"BreadcrumbList\",\"@id\":\"https:\/\/store.eventsmtb.com\/es\/produto\/meltonic-gel-energetico-ultra-resistencia-miel-y-curcuma-20g\/#breadcrumb\",\"itemListElement\":[{\"@type\":\"ListItem\",\"position\":1,\"name\":\"In\u00edcio\",\"item\":\"https:\/\/store.eventsmtb.com\/es\/\"},{\"@type\":\"ListItem\",\"position\":2,\"name\":\"Tienda\",\"item\":\"https:\/\/store.eventsmtb.com\/es\/tienda\/\"},{\"@type\":\"ListItem\",\"position\":3,\"name\":\"MelTonic &#8211; Gel Energ\u00e9tico, Ultra Resistencia\"}]},{\"@type\":\"WebSite\",\"@id\":\"https:\/\/store.eventsmtb.com\/es\/#website\",\"url\":\"https:\/\/store.eventsmtb.com\/es\/\",\"name\":\"Store.Eventsmtb\",\"description\":\"Boost Yourself\",\"publisher\":{\"@id\":\"https:\/\/store.eventsmtb.com\/es\/#organization\"},\"potentialAction\":[{\"@type\":\"SearchAction\",\"target\":{\"@type\":\"EntryPoint\",\"urlTemplate\":\"https:\/\/store.eventsmtb.com\/es\/?s={search_term_string}\"},\"query-input\":{\"@type\":\"PropertyValueSpecification\",\"valueRequired\":true,\"valueName\":\"search_term_string\"}}],\"inLanguage\":\"es\"},{\"@type\":\"Organization\",\"@id\":\"https:\/\/store.eventsmtb.com\/es\/#organization\",\"name\":\"Store.Eventsmtb\",\"url\":\"https:\/\/store.eventsmtb.com\/es\/\",\"logo\":{\"@type\":\"ImageObject\",\"inLanguage\":\"es\",\"@id\":\"https:\/\/store.eventsmtb.com\/es\/#\/schema\/logo\/image\/\",\"url\":\"https:\/\/store.eventsmtb.com\/wp-content\/uploads\/2024\/08\/mtbstore-02-e1723109277246.png\",\"contentUrl\":\"https:\/\/store.eventsmtb.com\/wp-content\/uploads\/2024\/08\/mtbstore-02-e1723109277246.png\",\"width\":1925,\"height\":1765,\"caption\":\"Store.Eventsmtb\"},\"image\":{\"@id\":\"https:\/\/store.eventsmtb.com\/es\/#\/schema\/logo\/image\/\"},\"sameAs\":[\"https:\/\/www.facebook.com\/profile.php?id=100083151405925&locale=pt_PT\"]}]}<\/script>\n<!-- \/ Yoast SEO plugin. -->","yoast_head_json":{"title":"MelTonic - Gel Energ\u00e9tico, Ultra Resistencia - Store.Eventsmtb","description":"Meltonic Ultra Endurance Energy Gel \u2013 Energ\u00eda Natural y Sostenida para Atletas- Si est\u00e1s buscando un gel energ\u00e9tico natural y eficaz, \u00a1lo acabas de encontrar!","robots":{"index":"index","follow":"follow","max-snippet":"max-snippet:-1","max-image-preview":"max-image-preview:large","max-video-preview":"max-video-preview:-1"},"canonical":"https:\/\/store.eventsmtb.com\/es\/produto\/meltonic-gel-energetico-ultra-resistencia-miel-y-curcuma-20g\/","og_locale":"es_ES","og_type":"article","og_title":"MelTonic - Gel Energ\u00e9tico, Ultra Resistencia - Store.Eventsmtb","og_description":"Meltonic Ultra Endurance Energy Gel \u2013 Energ\u00eda Natural y Sostenida para Atletas- Si est\u00e1s buscando un gel energ\u00e9tico natural y eficaz, \u00a1lo acabas de encontrar!","og_url":"https:\/\/store.eventsmtb.com\/es\/produto\/meltonic-gel-energetico-ultra-resistencia-miel-y-curcuma-20g\/","og_site_name":"Store.Eventsmtb","article_publisher":"https:\/\/www.facebook.com\/profile.php?id=100083151405925&locale=pt_PT","article_modified_time":"2025-10-07T15:27:13+00:00","og_image":[{"width":1080,"height":1080,"url":"https:\/\/store.eventsmtb.com\/wp-content\/uploads\/2025\/02\/Design-sem-nome-4.png","type":"image\/png"}],"twitter_card":"summary_large_image","twitter_misc":{"Tiempo de lectura":"2 minutos"},"schema":{"@context":"https:\/\/schema.org","@graph":[{"@type":"WebPage","@id":"https:\/\/store.eventsmtb.com\/es\/produto\/meltonic-gel-energetico-ultra-resistencia-miel-y-curcuma-20g\/","url":"https:\/\/store.eventsmtb.com\/es\/produto\/meltonic-gel-energetico-ultra-resistencia-miel-y-curcuma-20g\/","name":"MelTonic - Gel Energ\u00e9tico, Ultra Resistencia - Store.Eventsmtb","isPartOf":{"@id":"https:\/\/store.eventsmtb.com\/es\/#website"},"primaryImageOfPage":{"@id":"https:\/\/store.eventsmtb.com\/es\/produto\/meltonic-gel-energetico-ultra-resistencia-miel-y-curcuma-20g\/#primaryimage"},"image":{"@id":"https:\/\/store.eventsmtb.com\/es\/produto\/meltonic-gel-energetico-ultra-resistencia-miel-y-curcuma-20g\/#primaryimage"},"thumbnailUrl":"https:\/\/store.eventsmtb.com\/wp-content\/uploads\/2025\/02\/Design-sem-nome-4.png","datePublished":"2025-02-03T16:45:09+00:00","dateModified":"2025-10-07T15:27:13+00:00","description":"Meltonic Ultra Endurance Energy Gel \u2013 Energ\u00eda Natural y Sostenida para Atletas- Si est\u00e1s buscando un gel energ\u00e9tico natural y eficaz, \u00a1lo acabas de encontrar!","breadcrumb":{"@id":"https:\/\/store.eventsmtb.com\/es\/produto\/meltonic-gel-energetico-ultra-resistencia-miel-y-curcuma-20g\/#breadcrumb"},"inLanguage":"es","potentialAction":[{"@type":"ReadAction","target":["https:\/\/store.eventsmtb.com\/es\/produto\/meltonic-gel-energetico-ultra-resistencia-miel-y-curcuma-20g\/"]}]},{"@type":"ImageObject","inLanguage":"es","@id":"https:\/\/store.eventsmtb.com\/es\/produto\/meltonic-gel-energetico-ultra-resistencia-miel-y-curcuma-20g\/#primaryimage","url":"https:\/\/store.eventsmtb.com\/wp-content\/uploads\/2025\/02\/Design-sem-nome-4.png","contentUrl":"https:\/\/store.eventsmtb.com\/wp-content\/uploads\/2025\/02\/Design-sem-nome-4.png","width":1080,"height":1080,"caption":"Meltonic- Gel Energ\u00e9tico, Ultra Resistencia, Miel y Azafr\u00e1n, 20g"},{"@type":"BreadcrumbList","@id":"https:\/\/store.eventsmtb.com\/es\/produto\/meltonic-gel-energetico-ultra-resistencia-miel-y-curcuma-20g\/#breadcrumb","itemListElement":[{"@type":"ListItem","position":1,"name":"In\u00edcio","item":"https:\/\/store.eventsmtb.com\/es\/"},{"@type":"ListItem","position":2,"name":"Tienda","item":"https:\/\/store.eventsmtb.com\/es\/tienda\/"},{"@type":"ListItem","position":3,"name":"MelTonic &#8211; Gel Energ\u00e9tico, Ultra Resistencia"}]},{"@type":"WebSite","@id":"https:\/\/store.eventsmtb.com\/es\/#website","url":"https:\/\/store.eventsmtb.com\/es\/","name":"Store.Eventsmtb","description":"Boost Yourself","publisher":{"@id":"https:\/\/store.eventsmtb.com\/es\/#organization"},"potentialAction":[{"@type":"SearchAction","target":{"@type":"EntryPoint","urlTemplate":"https:\/\/store.eventsmtb.com\/es\/?s={search_term_string}"},"query-input":{"@type":"PropertyValueSpecification","valueRequired":true,"valueName":"search_term_string"}}],"inLanguage":"es"},{"@type":"Organization","@id":"https:\/\/store.eventsmtb.com\/es\/#organization","name":"Store.Eventsmtb","url":"https:\/\/store.eventsmtb.com\/es\/","logo":{"@type":"ImageObject","inLanguage":"es","@id":"https:\/\/store.eventsmtb.com\/es\/#\/schema\/logo\/image\/","url":"https:\/\/store.eventsmtb.com\/wp-content\/uploads\/2024\/08\/mtbstore-02-e1723109277246.png","contentUrl":"https:\/\/store.eventsmtb.com\/wp-content\/uploads\/2024\/08\/mtbstore-02-e1723109277246.png","width":1925,"height":1765,"caption":"Store.Eventsmtb"},"image":{"@id":"https:\/\/store.eventsmtb.com\/es\/#\/schema\/logo\/image\/"},"sameAs":["https:\/\/www.facebook.com\/profile.php?id=100083151405925&locale=pt_PT"]}]}},"_links":{"self":[{"href":"https:\/\/store.eventsmtb.com\/es\/wp-json\/wp\/v2\/product\/8451","targetHints":{"allow":["GET"]}}],"collection":[{"href":"https:\/\/store.eventsmtb.com\/es\/wp-json\/wp\/v2\/product"}],"about":[{"href":"https:\/\/store.eventsmtb.com\/es\/wp-json\/wp\/v2\/types\/product"}],"replies":[{"embeddable":true,"href":"https:\/\/store.eventsmtb.com\/es\/wp-json\/wp\/v2\/comments?post=8451"}],"wp:featuredmedia":[{"embeddable":true,"href":"https:\/\/store.eventsmtb.com\/es\/wp-json\/wp\/v2\/media\/7672"}],"wp:attachment":[{"href":"https:\/\/store.eventsmtb.com\/es\/wp-json\/wp\/v2\/media?parent=8451"}],"wp:term":[{"taxonomy":"product_cat","embeddable":true,"href":"https:\/\/store.eventsmtb.com\/es\/wp-json\/wp\/v2\/product_cat?post=8451"},{"taxonomy":"product_tag","embeddable":true,"href":"https:\/\/store.eventsmtb.com\/es\/wp-json\/wp\/v2\/product_tag?post=8451"}],"curies":[{"name":"wp","href":"https:\/\/api.w.org\/{rel}","templated":true}]}}