{"id":8455,"date":"2025-01-22T17:13:13","date_gmt":"2025-01-22T17:13:13","guid":{"rendered":"https:\/\/store.eventsmtb.com\/produto\/naak-ultra-energy-barrita-energetica-moca-50g\/"},"modified":"2025-10-07T16:38:59","modified_gmt":"2025-10-07T16:38:59","slug":"naak-ultra-energy-barrita-energetica-moca-50g","status":"publish","type":"product","link":"https:\/\/store.eventsmtb.com\/es\/produto\/naak-ultra-energy-barrita-energetica-moca-50g\/","title":{"rendered":"N\u00e4ak Ultra Energy\u2122 &#8211; Barrita energ\u00e9tica"},"content":{"rendered":"<h2>N\u00e4ak Ultra Energy\u2122 &#8211; Barrita energ\u00e9tica, Moca, 50g<\/h2>\n<p class=\"mb-2 last:mb-0\">Descubre la barrita energ\u00e9tica N\u00e4ak Ultra Energy\u2122 Mocha, la elecci\u00f3n perfecta para los atletas de resistencia que buscan energ\u00eda duradera y un impulso de cafe\u00edna. Con un sabor suave y cremoso, esta barrita es ideal para ser consumida antes o durante el ejercicio, ya que proporciona energ\u00eda constante sin picos de az\u00facar. <\/p>\n<p class=\"mb-2 last:mb-0\"><strong>Caracter\u00edsticas del producto:<\/strong><\/p>\n<ul>\n<li><strong>Calor\u00edas:<\/strong> 180 para una energ\u00eda prolongada sin bajones de az\u00facar.<\/li>\n<li><strong>Cafe\u00edna:<\/strong> 65 mg para aumentar la concentraci\u00f3n y la resistencia.<\/li>\n<li><strong>Hidratos de carbono:<\/strong> 29g de hidratos de carbono naturales simples y complejos.<\/li>\n<li><strong>Electrolitos:<\/strong> 480mg para reposici\u00f3n de minerales perdidos en el sudor.<\/li>\n<li><strong>Prote\u00edna:<\/strong> 7g de prote\u00edna esencial para reducir la fatiga muscular.<\/li>\n<\/ul>\n<p class=\"mb-2 last:mb-0\"><strong>Beneficios:<\/strong><\/p>\n<ul>\n<li><strong>Aumento de cafe\u00edna:<\/strong> Equivalente a un chupito de espresso para reducir la fatiga.<\/li>\n<li><strong>Energ\u00eda de larga duraci\u00f3n:<\/strong> Mantiene la aventura sin gotas de energ\u00eda, sin embargo, la textura masticable es f\u00e1cil de consumir durante cualquier actividad.<\/li>\n<li><strong>Prote\u00edna sostenible:<\/strong> Elaborado con prote\u00ednas de origen vegetal e ingredientes no transg\u00e9nicos, debido a su composici\u00f3n, es una opci\u00f3n sostenible.<\/li>\n<\/ul>\n<p class=\"mb-2 last:mb-0\"><strong>Instrucciones de uso:<\/strong> Ideal para ser consumido antes, durante o despu\u00e9s del ejercicio, o como sustituto del caf\u00e9 de la ma\u00f1ana.<\/p>\n<p class=\"mb-2 last:mb-0\"><strong>\u00bfPor qu\u00e9 elegir N\u00e4ak?<\/strong>  Desarrollado en colaboraci\u00f3n con atletas de \u00e9lite, N\u00e4ak Ultra Energy\u2122 es una fuente de nutrici\u00f3n eficiente y sostenible para deportes de ultra resistencia.<\/p>\n<p class=\"mb-2 last:mb-0\"><strong>Consejos de uso:<\/strong><\/p>\n<ul>\n<li><strong>Durante las tiradas largas:<\/strong> Consume una barrita cada 45 minutos para mantener los niveles de energ\u00eda.<\/li>\n<li><strong>Antes del entrenamiento:<\/strong> \u00daselo como pre-entrenamiento para garantizar suficiente energ\u00eda y concentraci\u00f3n.<\/li>\n<li><strong>Recuperaci\u00f3n:<\/strong> Ideal para la fase de recuperaci\u00f3n, aportando prote\u00ednas y electrolitos esenciales.<\/li>\n<\/ul>\n<p class=\"mb-2 last:mb-0\"><strong>Combinaciones perfectas:<\/strong> Combina la barrita N\u00e4ak Ultra Energy\u2122 con nuestra mezcla de combustible Tailwind Endurance para una hidrataci\u00f3n y nutrici\u00f3n completas durante tus aventuras. <strong>En definitiva<\/strong>, aprovecha nuestra oferta de env\u00edo gratuito en compras superiores a 75\u20ac para abastecerte de todos tus productos favoritos.<\/p>\n<p>Store.Eventsmtb &#8211; Impulsarse a s\u00ed mismo \ud83c\udfc3\u200d\u2642\ufe0f\u200d\u27a1\ufe0f<\/p>\n","protected":false},"excerpt":{"rendered":"<p>N\u00e4ak Ultra Energy\u2122 &#8211; Barrita energ\u00e9tica, Moca, 50g Descubre la barrita energ\u00e9tica N\u00e4ak Ultra Energy\u2122 Mocha, la elecci\u00f3n perfecta para los atletas de resistencia que buscan energ\u00eda duradera y un impulso de cafe\u00edna. Con un sabor suave y cremoso, esta barrita es ideal para ser consumida antes o durante el ejercicio, ya que proporciona energ\u00eda [&hellip;]<\/p>\n","protected":false},"featured_media":7630,"comment_status":"open","ping_status":"closed","template":"","meta":[],"product_cat":[236,217],"product_tag":[],"class_list":{"0":"post-8455","1":"product","2":"type-product","3":"status-publish","4":"has-post-thumbnail","6":"product_brand-naak-ultra-energy-es","7":"product_cat-barritas-energeticas","8":"product_cat-nutricion-de-rendimiento","10":"first","11":"instock","12":"taxable","13":"shipping-taxable","14":"purchasable","15":"product-type-simple"},"yoast_head":"<!-- This site is optimized with the Yoast SEO plugin v27.2 - https:\/\/yoast.com\/product\/yoast-seo-wordpress\/ -->\n<title>N\u00e4ak Ultra Energy\u2122 - Barrita energ\u00e9tica, Moca, 50g - Store.Eventsmtb<\/title>\n<meta name=\"description\" content=\"Descubre el sabor Mocha de N\u00e4ak Ultra Energy\u2122 Bar, la elecci\u00f3n perfecta para los atletas de resistencia que buscan energ\u00eda duradera y un impulso.\" \/>\n<meta name=\"robots\" content=\"index, follow, max-snippet:-1, max-image-preview:large, max-video-preview:-1\" \/>\n<link rel=\"canonical\" href=\"https:\/\/store.eventsmtb.com\/es\/produto\/naak-ultra-energy-barrita-energetica-moca-50g\/\" \/>\n<meta property=\"og:locale\" content=\"es_ES\" \/>\n<meta property=\"og:type\" content=\"article\" \/>\n<meta property=\"og:title\" content=\"N\u00e4ak Ultra Energy\u2122 - Barrita energ\u00e9tica, Moca, 50g - Store.Eventsmtb\" \/>\n<meta property=\"og:description\" content=\"Descubre el sabor Mocha de N\u00e4ak Ultra Energy\u2122 Bar, la elecci\u00f3n perfecta para los atletas de resistencia que buscan energ\u00eda duradera y un impulso.\" \/>\n<meta property=\"og:url\" content=\"https:\/\/store.eventsmtb.com\/es\/produto\/naak-ultra-energy-barrita-energetica-moca-50g\/\" \/>\n<meta property=\"og:site_name\" content=\"Store.Eventsmtb\" \/>\n<meta property=\"article:publisher\" content=\"https:\/\/www.facebook.com\/profile.php?id=100083151405925&amp;locale=pt_PT\" \/>\n<meta property=\"article:modified_time\" content=\"2025-10-07T16:38:59+00:00\" \/>\n<meta property=\"og:image\" content=\"https:\/\/store.eventsmtb.com\/wp-content\/uploads\/2025\/01\/Design-sem-nome-1.png\" \/>\n\t<meta property=\"og:image:width\" content=\"1080\" \/>\n\t<meta property=\"og:image:height\" content=\"1080\" \/>\n\t<meta property=\"og:image:type\" content=\"image\/png\" \/>\n<meta name=\"twitter:card\" content=\"summary_large_image\" \/>\n<meta name=\"twitter:label1\" content=\"Tiempo de lectura\" \/>\n\t<meta name=\"twitter:data1\" content=\"2 minutos\" \/>\n<script type=\"application\/ld+json\" class=\"yoast-schema-graph\">{\"@context\":\"https:\/\/schema.org\",\"@graph\":[{\"@type\":\"WebPage\",\"@id\":\"https:\/\/store.eventsmtb.com\/es\/produto\/naak-ultra-energy-barrita-energetica-moca-50g\/\",\"url\":\"https:\/\/store.eventsmtb.com\/es\/produto\/naak-ultra-energy-barrita-energetica-moca-50g\/\",\"name\":\"N\u00e4ak Ultra Energy\u2122 - Barrita energ\u00e9tica, Moca, 50g - Store.Eventsmtb\",\"isPartOf\":{\"@id\":\"https:\/\/store.eventsmtb.com\/es\/#website\"},\"primaryImageOfPage\":{\"@id\":\"https:\/\/store.eventsmtb.com\/es\/produto\/naak-ultra-energy-barrita-energetica-moca-50g\/#primaryimage\"},\"image\":{\"@id\":\"https:\/\/store.eventsmtb.com\/es\/produto\/naak-ultra-energy-barrita-energetica-moca-50g\/#primaryimage\"},\"thumbnailUrl\":\"https:\/\/store.eventsmtb.com\/wp-content\/uploads\/2025\/01\/Design-sem-nome-1.png\",\"datePublished\":\"2025-01-22T17:13:13+00:00\",\"dateModified\":\"2025-10-07T16:38:59+00:00\",\"description\":\"Descubre el sabor Mocha de N\u00e4ak Ultra Energy\u2122 Bar, la elecci\u00f3n perfecta para los atletas de resistencia que buscan energ\u00eda duradera y un impulso.\",\"breadcrumb\":{\"@id\":\"https:\/\/store.eventsmtb.com\/es\/produto\/naak-ultra-energy-barrita-energetica-moca-50g\/#breadcrumb\"},\"inLanguage\":\"es\",\"potentialAction\":[{\"@type\":\"ReadAction\",\"target\":[\"https:\/\/store.eventsmtb.com\/es\/produto\/naak-ultra-energy-barrita-energetica-moca-50g\/\"]}]},{\"@type\":\"ImageObject\",\"inLanguage\":\"es\",\"@id\":\"https:\/\/store.eventsmtb.com\/es\/produto\/naak-ultra-energy-barrita-energetica-moca-50g\/#primaryimage\",\"url\":\"https:\/\/store.eventsmtb.com\/wp-content\/uploads\/2025\/01\/Design-sem-nome-1.png\",\"contentUrl\":\"https:\/\/store.eventsmtb.com\/wp-content\/uploads\/2025\/01\/Design-sem-nome-1.png\",\"width\":1080,\"height\":1080,\"caption\":\"N\u00e4ak Ultra Energy\u2122 - Barrita energ\u00e9tica, Moca, 50g\"},{\"@type\":\"BreadcrumbList\",\"@id\":\"https:\/\/store.eventsmtb.com\/es\/produto\/naak-ultra-energy-barrita-energetica-moca-50g\/#breadcrumb\",\"itemListElement\":[{\"@type\":\"ListItem\",\"position\":1,\"name\":\"In\u00edcio\",\"item\":\"https:\/\/store.eventsmtb.com\/es\/\"},{\"@type\":\"ListItem\",\"position\":2,\"name\":\"Tienda\",\"item\":\"https:\/\/store.eventsmtb.com\/es\/tienda\/\"},{\"@type\":\"ListItem\",\"position\":3,\"name\":\"N\u00e4ak Ultra Energy\u2122 &#8211; Barrita energ\u00e9tica\"}]},{\"@type\":\"WebSite\",\"@id\":\"https:\/\/store.eventsmtb.com\/es\/#website\",\"url\":\"https:\/\/store.eventsmtb.com\/es\/\",\"name\":\"Store.Eventsmtb\",\"description\":\"Boost Yourself\",\"publisher\":{\"@id\":\"https:\/\/store.eventsmtb.com\/es\/#organization\"},\"potentialAction\":[{\"@type\":\"SearchAction\",\"target\":{\"@type\":\"EntryPoint\",\"urlTemplate\":\"https:\/\/store.eventsmtb.com\/es\/?s={search_term_string}\"},\"query-input\":{\"@type\":\"PropertyValueSpecification\",\"valueRequired\":true,\"valueName\":\"search_term_string\"}}],\"inLanguage\":\"es\"},{\"@type\":\"Organization\",\"@id\":\"https:\/\/store.eventsmtb.com\/es\/#organization\",\"name\":\"Store.Eventsmtb\",\"url\":\"https:\/\/store.eventsmtb.com\/es\/\",\"logo\":{\"@type\":\"ImageObject\",\"inLanguage\":\"es\",\"@id\":\"https:\/\/store.eventsmtb.com\/es\/#\/schema\/logo\/image\/\",\"url\":\"https:\/\/store.eventsmtb.com\/wp-content\/uploads\/2024\/08\/mtbstore-02-e1723109277246.png\",\"contentUrl\":\"https:\/\/store.eventsmtb.com\/wp-content\/uploads\/2024\/08\/mtbstore-02-e1723109277246.png\",\"width\":1925,\"height\":1765,\"caption\":\"Store.Eventsmtb\"},\"image\":{\"@id\":\"https:\/\/store.eventsmtb.com\/es\/#\/schema\/logo\/image\/\"},\"sameAs\":[\"https:\/\/www.facebook.com\/profile.php?id=100083151405925&locale=pt_PT\"]}]}<\/script>\n<!-- \/ Yoast SEO plugin. -->","yoast_head_json":{"title":"N\u00e4ak Ultra Energy\u2122 - Barrita energ\u00e9tica, Moca, 50g - Store.Eventsmtb","description":"Descubre el sabor Mocha de N\u00e4ak Ultra Energy\u2122 Bar, la elecci\u00f3n perfecta para los atletas de resistencia que buscan energ\u00eda duradera y un impulso.","robots":{"index":"index","follow":"follow","max-snippet":"max-snippet:-1","max-image-preview":"max-image-preview:large","max-video-preview":"max-video-preview:-1"},"canonical":"https:\/\/store.eventsmtb.com\/es\/produto\/naak-ultra-energy-barrita-energetica-moca-50g\/","og_locale":"es_ES","og_type":"article","og_title":"N\u00e4ak Ultra Energy\u2122 - Barrita energ\u00e9tica, Moca, 50g - Store.Eventsmtb","og_description":"Descubre el sabor Mocha de N\u00e4ak Ultra Energy\u2122 Bar, la elecci\u00f3n perfecta para los atletas de resistencia que buscan energ\u00eda duradera y un impulso.","og_url":"https:\/\/store.eventsmtb.com\/es\/produto\/naak-ultra-energy-barrita-energetica-moca-50g\/","og_site_name":"Store.Eventsmtb","article_publisher":"https:\/\/www.facebook.com\/profile.php?id=100083151405925&locale=pt_PT","article_modified_time":"2025-10-07T16:38:59+00:00","og_image":[{"width":1080,"height":1080,"url":"https:\/\/store.eventsmtb.com\/wp-content\/uploads\/2025\/01\/Design-sem-nome-1.png","type":"image\/png"}],"twitter_card":"summary_large_image","twitter_misc":{"Tiempo de lectura":"2 minutos"},"schema":{"@context":"https:\/\/schema.org","@graph":[{"@type":"WebPage","@id":"https:\/\/store.eventsmtb.com\/es\/produto\/naak-ultra-energy-barrita-energetica-moca-50g\/","url":"https:\/\/store.eventsmtb.com\/es\/produto\/naak-ultra-energy-barrita-energetica-moca-50g\/","name":"N\u00e4ak Ultra Energy\u2122 - Barrita energ\u00e9tica, Moca, 50g - Store.Eventsmtb","isPartOf":{"@id":"https:\/\/store.eventsmtb.com\/es\/#website"},"primaryImageOfPage":{"@id":"https:\/\/store.eventsmtb.com\/es\/produto\/naak-ultra-energy-barrita-energetica-moca-50g\/#primaryimage"},"image":{"@id":"https:\/\/store.eventsmtb.com\/es\/produto\/naak-ultra-energy-barrita-energetica-moca-50g\/#primaryimage"},"thumbnailUrl":"https:\/\/store.eventsmtb.com\/wp-content\/uploads\/2025\/01\/Design-sem-nome-1.png","datePublished":"2025-01-22T17:13:13+00:00","dateModified":"2025-10-07T16:38:59+00:00","description":"Descubre el sabor Mocha de N\u00e4ak Ultra Energy\u2122 Bar, la elecci\u00f3n perfecta para los atletas de resistencia que buscan energ\u00eda duradera y un impulso.","breadcrumb":{"@id":"https:\/\/store.eventsmtb.com\/es\/produto\/naak-ultra-energy-barrita-energetica-moca-50g\/#breadcrumb"},"inLanguage":"es","potentialAction":[{"@type":"ReadAction","target":["https:\/\/store.eventsmtb.com\/es\/produto\/naak-ultra-energy-barrita-energetica-moca-50g\/"]}]},{"@type":"ImageObject","inLanguage":"es","@id":"https:\/\/store.eventsmtb.com\/es\/produto\/naak-ultra-energy-barrita-energetica-moca-50g\/#primaryimage","url":"https:\/\/store.eventsmtb.com\/wp-content\/uploads\/2025\/01\/Design-sem-nome-1.png","contentUrl":"https:\/\/store.eventsmtb.com\/wp-content\/uploads\/2025\/01\/Design-sem-nome-1.png","width":1080,"height":1080,"caption":"N\u00e4ak Ultra Energy\u2122 - Barrita energ\u00e9tica, Moca, 50g"},{"@type":"BreadcrumbList","@id":"https:\/\/store.eventsmtb.com\/es\/produto\/naak-ultra-energy-barrita-energetica-moca-50g\/#breadcrumb","itemListElement":[{"@type":"ListItem","position":1,"name":"In\u00edcio","item":"https:\/\/store.eventsmtb.com\/es\/"},{"@type":"ListItem","position":2,"name":"Tienda","item":"https:\/\/store.eventsmtb.com\/es\/tienda\/"},{"@type":"ListItem","position":3,"name":"N\u00e4ak Ultra Energy\u2122 &#8211; Barrita energ\u00e9tica"}]},{"@type":"WebSite","@id":"https:\/\/store.eventsmtb.com\/es\/#website","url":"https:\/\/store.eventsmtb.com\/es\/","name":"Store.Eventsmtb","description":"Boost Yourself","publisher":{"@id":"https:\/\/store.eventsmtb.com\/es\/#organization"},"potentialAction":[{"@type":"SearchAction","target":{"@type":"EntryPoint","urlTemplate":"https:\/\/store.eventsmtb.com\/es\/?s={search_term_string}"},"query-input":{"@type":"PropertyValueSpecification","valueRequired":true,"valueName":"search_term_string"}}],"inLanguage":"es"},{"@type":"Organization","@id":"https:\/\/store.eventsmtb.com\/es\/#organization","name":"Store.Eventsmtb","url":"https:\/\/store.eventsmtb.com\/es\/","logo":{"@type":"ImageObject","inLanguage":"es","@id":"https:\/\/store.eventsmtb.com\/es\/#\/schema\/logo\/image\/","url":"https:\/\/store.eventsmtb.com\/wp-content\/uploads\/2024\/08\/mtbstore-02-e1723109277246.png","contentUrl":"https:\/\/store.eventsmtb.com\/wp-content\/uploads\/2024\/08\/mtbstore-02-e1723109277246.png","width":1925,"height":1765,"caption":"Store.Eventsmtb"},"image":{"@id":"https:\/\/store.eventsmtb.com\/es\/#\/schema\/logo\/image\/"},"sameAs":["https:\/\/www.facebook.com\/profile.php?id=100083151405925&locale=pt_PT"]}]}},"_links":{"self":[{"href":"https:\/\/store.eventsmtb.com\/es\/wp-json\/wp\/v2\/product\/8455","targetHints":{"allow":["GET"]}}],"collection":[{"href":"https:\/\/store.eventsmtb.com\/es\/wp-json\/wp\/v2\/product"}],"about":[{"href":"https:\/\/store.eventsmtb.com\/es\/wp-json\/wp\/v2\/types\/product"}],"replies":[{"embeddable":true,"href":"https:\/\/store.eventsmtb.com\/es\/wp-json\/wp\/v2\/comments?post=8455"}],"wp:featuredmedia":[{"embeddable":true,"href":"https:\/\/store.eventsmtb.com\/es\/wp-json\/wp\/v2\/media\/7630"}],"wp:attachment":[{"href":"https:\/\/store.eventsmtb.com\/es\/wp-json\/wp\/v2\/media?parent=8455"}],"wp:term":[{"taxonomy":"product_cat","embeddable":true,"href":"https:\/\/store.eventsmtb.com\/es\/wp-json\/wp\/v2\/product_cat?post=8455"},{"taxonomy":"product_tag","embeddable":true,"href":"https:\/\/store.eventsmtb.com\/es\/wp-json\/wp\/v2\/product_tag?post=8455"}],"curies":[{"name":"wp","href":"https:\/\/api.w.org\/{rel}","templated":true}]}}