{"id":8456,"date":"2025-02-04T15:03:52","date_gmt":"2025-02-04T15:03:52","guid":{"rendered":"https:\/\/store.eventsmtb.com\/produto\/meltonic-gel-energetico-resistencia-miel-naranja-20g\/"},"modified":"2026-01-15T15:30:07","modified_gmt":"2026-01-15T15:30:07","slug":"meltonic-gel-energetico-resistencia-miel-naranja-20g","status":"publish","type":"product","link":"https:\/\/store.eventsmtb.com\/es\/produto\/meltonic-gel-energetico-resistencia-miel-naranja-20g\/","title":{"rendered":"MelTonic \u2013 Gel Energ\u00e9tico, Resistencia, Miel"},"content":{"rendered":"<p><strong style=\"font-family: -apple-system, BlinkMacSystemFont, 'Segoe UI', Roboto, 'Helvetica Neue', Arial, 'Noto Sans', sans-serif, 'Apple Color Emoji', 'Segoe UI Emoji', 'Segoe UI Symbol', 'Noto Color Emoji'\">Meltonic Endurance Energy Gel \u2013 Energ\u00eda Natural con Sabor a Naranja Dulce y Lim\u00f3n<\/strong><span style=\"font-family: -apple-system, BlinkMacSystemFont, 'Segoe UI', Roboto, 'Helvetica Neue', Arial, 'Noto Sans', sans-serif, 'Apple Color Emoji', 'Segoe UI Emoji', 'Segoe UI Symbol', 'Noto Color Emoji'\"> \ud83c\udf4a\ud83c\udf4b<\/span><\/p>\n<p><strong>Meltonic Endurance Energy Gel<\/strong> est\u00e1 dise\u00f1ado para atletas que buscan <strong>energ\u00eda duradera y resistencia prolongada<\/strong> durante el entrenamiento y las competiciones. Con una f\u00f3rmula natural y org\u00e1nica a base <strong>de miel de acacia, jalea real y ginseng siberiano<\/strong>, este gel ayuda a <strong>reducir la fatiga, aumentar la vitalidad y mejorar el rendimiento f\u00edsico<\/strong>.<\/p>\n<p>Gracias al <strong>zumo de lim\u00f3n ecol\u00f3gico y al aceite esencial de naranja dulce<\/strong>, proporciona un <strong>sabor afrutado y tonificante<\/strong>, ideal para mantener la motivaci\u00f3n y la energ\u00eda durante esfuerzos prolongados.<\/p>\n<hr>\n<h2><strong>Beneficios de Meltonic Endurance Energy Gel<\/strong><\/h2>\n<p>\u2705 <strong>Aumenta la energ\u00eda y la resistencia<\/strong> : el <strong>ginseng siberiano<\/strong> mejora la resistencia f\u00edsica y mental, lo que ayuda a prolongar el rendimiento.<br \/>\n\u2705 <strong>Reduce la fatiga durante el ejercicio<\/strong> : la <strong>jalea real<\/strong> apoya el metabolismo energ\u00e9tico, combate la fatiga y promueve la vitalidad.<br \/>\n\u2705 <strong>Liberaci\u00f3n progresiva de energ\u00eda<\/strong> : <strong>la miel de acacia org\u00e1nica (85,95%)<\/strong> proporciona una fuente de energ\u00eda natural y de absorci\u00f3n gradual.<br \/>\n\u2705 <strong>Sabor afrutado y vigorizante<\/strong> : la combinaci\u00f3n <strong>de jugo de lim\u00f3n org\u00e1nico y aceite esencial de naranja dulce<\/strong> proporciona un efecto refrescante.<br \/>\n\u2705 <strong>Gran digesti\u00f3n<\/strong> \u2013 F\u00f3rmula ligera y de f\u00e1cil asimilaci\u00f3n, sin molestias gastrointestinales.<br \/>\n\u2705 <strong>100% natural y org\u00e1nico<\/strong> : elaborado con ingredientes org\u00e1nicos certificados, sin gluten, sin jarabe de glucosa y sin aditivos artificiales.<br \/>\n\u2705 <strong>Respeta el cuerpo y el medio ambiente<\/strong> \u2013 Creado con ingredientes sostenibles y de acuerdo con los principios de la nutrici\u00f3n deportiva saludable.<\/p>\n<hr>\n<p><img fetchpriority=\"high\" decoding=\"async\" class=\" wp-image-7693\" src=\"https:\/\/store.eventsmtb.com\/wp-content\/uploads\/2025\/02\/gel-energetique-endurance-2-300x300.jpg\" alt=\"Gel energ\u00e9tico Meltonic Endurance\" width=\"317\" height=\"317\" srcset=\"https:\/\/store.eventsmtb.com\/wp-content\/uploads\/2025\/02\/gel-energetique-endurance-2-300x300.jpg 300w, https:\/\/store.eventsmtb.com\/wp-content\/uploads\/2025\/02\/gel-energetique-endurance-2-600x600.jpg 600w, https:\/\/store.eventsmtb.com\/wp-content\/uploads\/2025\/02\/gel-energetique-endurance-2-100x100.jpg 100w, https:\/\/store.eventsmtb.com\/wp-content\/uploads\/2025\/02\/gel-energetique-endurance-2-500x500.jpg 500w, https:\/\/store.eventsmtb.com\/wp-content\/uploads\/2025\/02\/gel-energetique-endurance-2-150x150.jpg 150w, https:\/\/store.eventsmtb.com\/wp-content\/uploads\/2025\/02\/gel-energetique-endurance-2-768x768.jpg 768w, https:\/\/store.eventsmtb.com\/wp-content\/uploads\/2025\/02\/gel-energetique-endurance-2.jpg 800w\" sizes=\"(max-width: 317px) 100vw, 317px\" \/><\/p>\n<h2><strong>Ingredientes del gel energ\u00e9tico Meltonic Endurance<\/strong><\/h2>\n<p>\ud83c\udf6f <strong>Miel de Acacia Org\u00e1nica (85.95%)<\/strong> \u2013 Fuente natural de energ\u00eda de liberaci\u00f3n progresiva.<br \/>\n\ud83c\udf4b <strong>Jugo de lim\u00f3n org\u00e1nico<\/strong> : rico en antioxidantes, ayuda con la digesti\u00f3n y la recuperaci\u00f3n muscular.<br \/>\n\ud83c\udf3f <strong>Extracto concentrado de ra\u00edz de eleuterococo (ginseng siberiano) (3%)<\/strong> \u2013 Aumenta la resistencia y reduce la fatiga.<br \/>\n\ud83d\udc1d <strong>Jalea Real Org\u00e1nica (2.5%)<\/strong> \u2013 Fortalece el metabolismo y mejora la vitalidad.<br \/>\n\ud83c\udf4a <strong>Aceite Esencial de Naranja Dulce Org\u00e1nica (0.05%)<\/strong> \u2013 Proporciona un sabor fresco y vigorizante.<\/p>\n<h2><strong>Ideal para deportes de resistencia y resistencia<\/strong><\/h2>\n<p><strong>Meltonic Endurance Energy Gel<\/strong> es apto para <strong>atletas de ciclismo, trail running, triatl\u00f3n y ultra resistencia<\/strong>, ayuda a mantener la energ\u00eda constante y a reducir la fatiga a lo largo del esfuerzo f\u00edsico.<\/p>\n<p>\ud83d\udd25 <strong>\u00a1Experimenta y supera tus l\u00edmites con energ\u00eda natural y sostenible!<\/strong><\/p>\n","protected":false},"excerpt":{"rendered":"<p>MelTonic<\/p>\n","protected":false},"featured_media":7688,"comment_status":"open","ping_status":"closed","template":"","meta":[],"product_cat":[223,217],"product_tag":[],"class_list":{"0":"post-8456","1":"product","2":"type-product","3":"status-publish","4":"has-post-thumbnail","6":"product_brand-meltonic-es","7":"product_cat-geles-energeticos","8":"product_cat-nutricion-de-rendimiento","10":"first","11":"instock","12":"taxable","13":"shipping-taxable","14":"purchasable","15":"product-type-simple"},"yoast_head":"<!-- This site is optimized with the Yoast SEO plugin v27.2 - https:\/\/yoast.com\/product\/yoast-seo-wordpress\/ -->\n<title>MelTonic \u2013 Gel Energ\u00e9tico, Resistencia, Miel, Naranja - Store.Eventsmtb<\/title>\n<meta name=\"description\" content=\"Meltonic Endurance Energy Gel est\u00e1 dise\u00f1ado para atletas que buscan energ\u00eda duradera y resistencia prolongada durante los entrenamientos y las competiciones.\" \/>\n<meta name=\"robots\" content=\"index, follow, max-snippet:-1, max-image-preview:large, max-video-preview:-1\" \/>\n<link rel=\"canonical\" href=\"https:\/\/store.eventsmtb.com\/es\/produto\/meltonic-gel-energetico-resistencia-miel-naranja-20g\/\" \/>\n<meta property=\"og:locale\" content=\"es_ES\" \/>\n<meta property=\"og:type\" content=\"article\" \/>\n<meta property=\"og:title\" content=\"MelTonic \u2013 Gel Energ\u00e9tico, Resistencia, Miel, Naranja - Store.Eventsmtb\" \/>\n<meta property=\"og:description\" content=\"Meltonic Endurance Energy Gel est\u00e1 dise\u00f1ado para atletas que buscan energ\u00eda duradera y resistencia prolongada durante los entrenamientos y las competiciones.\" \/>\n<meta property=\"og:url\" content=\"https:\/\/store.eventsmtb.com\/es\/produto\/meltonic-gel-energetico-resistencia-miel-naranja-20g\/\" \/>\n<meta property=\"og:site_name\" content=\"Store.Eventsmtb\" \/>\n<meta property=\"article:publisher\" content=\"https:\/\/www.facebook.com\/profile.php?id=100083151405925&amp;locale=pt_PT\" \/>\n<meta property=\"article:modified_time\" content=\"2026-01-15T15:30:07+00:00\" \/>\n<meta property=\"og:image\" content=\"https:\/\/store.eventsmtb.com\/wp-content\/uploads\/2025\/02\/Design-sem-nome-6.png\" \/>\n\t<meta property=\"og:image:width\" content=\"810\" \/>\n\t<meta property=\"og:image:height\" content=\"810\" \/>\n\t<meta property=\"og:image:type\" content=\"image\/png\" \/>\n<meta name=\"twitter:card\" content=\"summary_large_image\" \/>\n<meta name=\"twitter:label1\" content=\"Tiempo de lectura\" \/>\n\t<meta name=\"twitter:data1\" content=\"2 minutos\" \/>\n<script type=\"application\/ld+json\" class=\"yoast-schema-graph\">{\"@context\":\"https:\/\/schema.org\",\"@graph\":[{\"@type\":\"WebPage\",\"@id\":\"https:\/\/store.eventsmtb.com\/es\/produto\/meltonic-gel-energetico-resistencia-miel-naranja-20g\/\",\"url\":\"https:\/\/store.eventsmtb.com\/es\/produto\/meltonic-gel-energetico-resistencia-miel-naranja-20g\/\",\"name\":\"MelTonic \u2013 Gel Energ\u00e9tico, Resistencia, Miel, Naranja - Store.Eventsmtb\",\"isPartOf\":{\"@id\":\"https:\/\/store.eventsmtb.com\/es\/#website\"},\"primaryImageOfPage\":{\"@id\":\"https:\/\/store.eventsmtb.com\/es\/produto\/meltonic-gel-energetico-resistencia-miel-naranja-20g\/#primaryimage\"},\"image\":{\"@id\":\"https:\/\/store.eventsmtb.com\/es\/produto\/meltonic-gel-energetico-resistencia-miel-naranja-20g\/#primaryimage\"},\"thumbnailUrl\":\"https:\/\/store.eventsmtb.com\/wp-content\/uploads\/2025\/02\/Design-sem-nome-6.png\",\"datePublished\":\"2025-02-04T15:03:52+00:00\",\"dateModified\":\"2026-01-15T15:30:07+00:00\",\"description\":\"Meltonic Endurance Energy Gel est\u00e1 dise\u00f1ado para atletas que buscan energ\u00eda duradera y resistencia prolongada durante los entrenamientos y las competiciones.\",\"breadcrumb\":{\"@id\":\"https:\/\/store.eventsmtb.com\/es\/produto\/meltonic-gel-energetico-resistencia-miel-naranja-20g\/#breadcrumb\"},\"inLanguage\":\"es\",\"potentialAction\":[{\"@type\":\"ReadAction\",\"target\":[\"https:\/\/store.eventsmtb.com\/es\/produto\/meltonic-gel-energetico-resistencia-miel-naranja-20g\/\"]}]},{\"@type\":\"ImageObject\",\"inLanguage\":\"es\",\"@id\":\"https:\/\/store.eventsmtb.com\/es\/produto\/meltonic-gel-energetico-resistencia-miel-naranja-20g\/#primaryimage\",\"url\":\"https:\/\/store.eventsmtb.com\/wp-content\/uploads\/2025\/02\/Design-sem-nome-6.png\",\"contentUrl\":\"https:\/\/store.eventsmtb.com\/wp-content\/uploads\/2025\/02\/Design-sem-nome-6.png\",\"width\":810,\"height\":810,\"caption\":\"Gel energ\u00e9tico Meltonic Endurance\"},{\"@type\":\"BreadcrumbList\",\"@id\":\"https:\/\/store.eventsmtb.com\/es\/produto\/meltonic-gel-energetico-resistencia-miel-naranja-20g\/#breadcrumb\",\"itemListElement\":[{\"@type\":\"ListItem\",\"position\":1,\"name\":\"In\u00edcio\",\"item\":\"https:\/\/store.eventsmtb.com\/es\/\"},{\"@type\":\"ListItem\",\"position\":2,\"name\":\"Tienda\",\"item\":\"https:\/\/store.eventsmtb.com\/es\/tienda\/\"},{\"@type\":\"ListItem\",\"position\":3,\"name\":\"MelTonic \u2013 Gel Energ\u00e9tico, Resistencia, Miel\"}]},{\"@type\":\"WebSite\",\"@id\":\"https:\/\/store.eventsmtb.com\/es\/#website\",\"url\":\"https:\/\/store.eventsmtb.com\/es\/\",\"name\":\"Store.Eventsmtb\",\"description\":\"Boost Yourself\",\"publisher\":{\"@id\":\"https:\/\/store.eventsmtb.com\/es\/#organization\"},\"potentialAction\":[{\"@type\":\"SearchAction\",\"target\":{\"@type\":\"EntryPoint\",\"urlTemplate\":\"https:\/\/store.eventsmtb.com\/es\/?s={search_term_string}\"},\"query-input\":{\"@type\":\"PropertyValueSpecification\",\"valueRequired\":true,\"valueName\":\"search_term_string\"}}],\"inLanguage\":\"es\"},{\"@type\":\"Organization\",\"@id\":\"https:\/\/store.eventsmtb.com\/es\/#organization\",\"name\":\"Store.Eventsmtb\",\"url\":\"https:\/\/store.eventsmtb.com\/es\/\",\"logo\":{\"@type\":\"ImageObject\",\"inLanguage\":\"es\",\"@id\":\"https:\/\/store.eventsmtb.com\/es\/#\/schema\/logo\/image\/\",\"url\":\"https:\/\/store.eventsmtb.com\/wp-content\/uploads\/2024\/08\/mtbstore-02-e1723109277246.png\",\"contentUrl\":\"https:\/\/store.eventsmtb.com\/wp-content\/uploads\/2024\/08\/mtbstore-02-e1723109277246.png\",\"width\":1925,\"height\":1765,\"caption\":\"Store.Eventsmtb\"},\"image\":{\"@id\":\"https:\/\/store.eventsmtb.com\/es\/#\/schema\/logo\/image\/\"},\"sameAs\":[\"https:\/\/www.facebook.com\/profile.php?id=100083151405925&locale=pt_PT\"]}]}<\/script>\n<!-- \/ Yoast SEO plugin. -->","yoast_head_json":{"title":"MelTonic \u2013 Gel Energ\u00e9tico, Resistencia, Miel, Naranja - Store.Eventsmtb","description":"Meltonic Endurance Energy Gel est\u00e1 dise\u00f1ado para atletas que buscan energ\u00eda duradera y resistencia prolongada durante los entrenamientos y las competiciones.","robots":{"index":"index","follow":"follow","max-snippet":"max-snippet:-1","max-image-preview":"max-image-preview:large","max-video-preview":"max-video-preview:-1"},"canonical":"https:\/\/store.eventsmtb.com\/es\/produto\/meltonic-gel-energetico-resistencia-miel-naranja-20g\/","og_locale":"es_ES","og_type":"article","og_title":"MelTonic \u2013 Gel Energ\u00e9tico, Resistencia, Miel, Naranja - Store.Eventsmtb","og_description":"Meltonic Endurance Energy Gel est\u00e1 dise\u00f1ado para atletas que buscan energ\u00eda duradera y resistencia prolongada durante los entrenamientos y las competiciones.","og_url":"https:\/\/store.eventsmtb.com\/es\/produto\/meltonic-gel-energetico-resistencia-miel-naranja-20g\/","og_site_name":"Store.Eventsmtb","article_publisher":"https:\/\/www.facebook.com\/profile.php?id=100083151405925&locale=pt_PT","article_modified_time":"2026-01-15T15:30:07+00:00","og_image":[{"width":810,"height":810,"url":"https:\/\/store.eventsmtb.com\/wp-content\/uploads\/2025\/02\/Design-sem-nome-6.png","type":"image\/png"}],"twitter_card":"summary_large_image","twitter_misc":{"Tiempo de lectura":"2 minutos"},"schema":{"@context":"https:\/\/schema.org","@graph":[{"@type":"WebPage","@id":"https:\/\/store.eventsmtb.com\/es\/produto\/meltonic-gel-energetico-resistencia-miel-naranja-20g\/","url":"https:\/\/store.eventsmtb.com\/es\/produto\/meltonic-gel-energetico-resistencia-miel-naranja-20g\/","name":"MelTonic \u2013 Gel Energ\u00e9tico, Resistencia, Miel, Naranja - Store.Eventsmtb","isPartOf":{"@id":"https:\/\/store.eventsmtb.com\/es\/#website"},"primaryImageOfPage":{"@id":"https:\/\/store.eventsmtb.com\/es\/produto\/meltonic-gel-energetico-resistencia-miel-naranja-20g\/#primaryimage"},"image":{"@id":"https:\/\/store.eventsmtb.com\/es\/produto\/meltonic-gel-energetico-resistencia-miel-naranja-20g\/#primaryimage"},"thumbnailUrl":"https:\/\/store.eventsmtb.com\/wp-content\/uploads\/2025\/02\/Design-sem-nome-6.png","datePublished":"2025-02-04T15:03:52+00:00","dateModified":"2026-01-15T15:30:07+00:00","description":"Meltonic Endurance Energy Gel est\u00e1 dise\u00f1ado para atletas que buscan energ\u00eda duradera y resistencia prolongada durante los entrenamientos y las competiciones.","breadcrumb":{"@id":"https:\/\/store.eventsmtb.com\/es\/produto\/meltonic-gel-energetico-resistencia-miel-naranja-20g\/#breadcrumb"},"inLanguage":"es","potentialAction":[{"@type":"ReadAction","target":["https:\/\/store.eventsmtb.com\/es\/produto\/meltonic-gel-energetico-resistencia-miel-naranja-20g\/"]}]},{"@type":"ImageObject","inLanguage":"es","@id":"https:\/\/store.eventsmtb.com\/es\/produto\/meltonic-gel-energetico-resistencia-miel-naranja-20g\/#primaryimage","url":"https:\/\/store.eventsmtb.com\/wp-content\/uploads\/2025\/02\/Design-sem-nome-6.png","contentUrl":"https:\/\/store.eventsmtb.com\/wp-content\/uploads\/2025\/02\/Design-sem-nome-6.png","width":810,"height":810,"caption":"Gel energ\u00e9tico Meltonic Endurance"},{"@type":"BreadcrumbList","@id":"https:\/\/store.eventsmtb.com\/es\/produto\/meltonic-gel-energetico-resistencia-miel-naranja-20g\/#breadcrumb","itemListElement":[{"@type":"ListItem","position":1,"name":"In\u00edcio","item":"https:\/\/store.eventsmtb.com\/es\/"},{"@type":"ListItem","position":2,"name":"Tienda","item":"https:\/\/store.eventsmtb.com\/es\/tienda\/"},{"@type":"ListItem","position":3,"name":"MelTonic \u2013 Gel Energ\u00e9tico, Resistencia, Miel"}]},{"@type":"WebSite","@id":"https:\/\/store.eventsmtb.com\/es\/#website","url":"https:\/\/store.eventsmtb.com\/es\/","name":"Store.Eventsmtb","description":"Boost Yourself","publisher":{"@id":"https:\/\/store.eventsmtb.com\/es\/#organization"},"potentialAction":[{"@type":"SearchAction","target":{"@type":"EntryPoint","urlTemplate":"https:\/\/store.eventsmtb.com\/es\/?s={search_term_string}"},"query-input":{"@type":"PropertyValueSpecification","valueRequired":true,"valueName":"search_term_string"}}],"inLanguage":"es"},{"@type":"Organization","@id":"https:\/\/store.eventsmtb.com\/es\/#organization","name":"Store.Eventsmtb","url":"https:\/\/store.eventsmtb.com\/es\/","logo":{"@type":"ImageObject","inLanguage":"es","@id":"https:\/\/store.eventsmtb.com\/es\/#\/schema\/logo\/image\/","url":"https:\/\/store.eventsmtb.com\/wp-content\/uploads\/2024\/08\/mtbstore-02-e1723109277246.png","contentUrl":"https:\/\/store.eventsmtb.com\/wp-content\/uploads\/2024\/08\/mtbstore-02-e1723109277246.png","width":1925,"height":1765,"caption":"Store.Eventsmtb"},"image":{"@id":"https:\/\/store.eventsmtb.com\/es\/#\/schema\/logo\/image\/"},"sameAs":["https:\/\/www.facebook.com\/profile.php?id=100083151405925&locale=pt_PT"]}]}},"_links":{"self":[{"href":"https:\/\/store.eventsmtb.com\/es\/wp-json\/wp\/v2\/product\/8456","targetHints":{"allow":["GET"]}}],"collection":[{"href":"https:\/\/store.eventsmtb.com\/es\/wp-json\/wp\/v2\/product"}],"about":[{"href":"https:\/\/store.eventsmtb.com\/es\/wp-json\/wp\/v2\/types\/product"}],"replies":[{"embeddable":true,"href":"https:\/\/store.eventsmtb.com\/es\/wp-json\/wp\/v2\/comments?post=8456"}],"wp:featuredmedia":[{"embeddable":true,"href":"https:\/\/store.eventsmtb.com\/es\/wp-json\/wp\/v2\/media\/7688"}],"wp:attachment":[{"href":"https:\/\/store.eventsmtb.com\/es\/wp-json\/wp\/v2\/media?parent=8456"}],"wp:term":[{"taxonomy":"product_cat","embeddable":true,"href":"https:\/\/store.eventsmtb.com\/es\/wp-json\/wp\/v2\/product_cat?post=8456"},{"taxonomy":"product_tag","embeddable":true,"href":"https:\/\/store.eventsmtb.com\/es\/wp-json\/wp\/v2\/product_tag?post=8456"}],"curies":[{"name":"wp","href":"https:\/\/api.w.org\/{rel}","templated":true}]}}