{"id":8461,"date":"2025-02-12T10:47:47","date_gmt":"2025-02-12T10:47:47","guid":{"rendered":"https:\/\/store.eventsmtb.com\/produto\/meltonic-barrita-energetica-bayas-de-goji-25g\/"},"modified":"2025-10-07T15:24:35","modified_gmt":"2025-10-07T15:24:35","slug":"meltonic-barrita-energetica-bayas-de-goji-25g","status":"publish","type":"product","link":"https:\/\/store.eventsmtb.com\/es\/produto\/meltonic-barrita-energetica-bayas-de-goji-25g\/","title":{"rendered":"MelTonic &#8211; Barrita energ\u00e9tica, bayas de..."},"content":{"rendered":"<p data-start=\"100\" data-end=\"533\"><strong data-start=\"102\" data-end=\"145\">MelTonic Goji Berries Energy Bar<\/strong> combina ingredientes org\u00e1nicos y un sabor naturalmente afrutado para proporcionar <strong data-start=\"224\" data-end=\"266\">energ\u00eda sostenida y una nutrici\u00f3n completa<\/strong> durante los entrenamientos y las competiciones. Elaborada con una base <strong data-start=\"323\" data-end=\"397\">de miel de naranjo (6%), bayas de goji (6,8%) y ar\u00e1ndanos secos (22%),<\/strong> esta barrita ofrece un impulso de energ\u00eda equilibrado, ideal para <strong data-start=\"464\" data-end=\"530\">deportistas de resistencia como ciclistas, corredores y triatletas<\/strong>. <\/p>\n<p data-start=\"535\" data-end=\"681\">Con una <strong data-start=\"543\" data-end=\"572\">textura suave y fundida,<\/strong> esta barra es <strong data-start=\"587\" data-end=\"607\">f\u00e1cil de digerir<\/strong> y te ayuda a mantenerte motivado gracias a su sabor refrescante y afrutado.<\/p>\n<hr data-start=\"683\" data-end=\"688\">\n<h2 data-start=\"690\" data-end=\"757\"><strong data-start=\"693\" data-end=\"755\">\u00bfPor qu\u00e9 elegir la barrita energ\u00e9tica MelTonic Goji Berry?<\/strong><\/h2>\n<p data-start=\"759\" data-end=\"1676\">\u2705 <strong data-start=\"761\" data-end=\"793\">Energ\u00eda natural y sostenida<\/strong> : la <strong data-start=\"798\" data-end=\"865\">pasta de d\u00e1tiles, las hojuelas de espelta (12,9%) y la miel de naranja<\/strong> garantizan la absorci\u00f3n gradual de los carbohidratos para un rendimiento constante.<br data-start=\"944\" data-end=\"947\">\u2705 <strong data-start=\"949\" data-end=\"987\">Fuente de antioxidantes y vitaminas<\/strong> : rico en <strong data-start=\"998\" data-end=\"1039\">vitamina E (2,4 mg\/100 g = 20% de VRN),<\/strong> ayuda a reducir el estr\u00e9s oxidativo.<br data-start=\"1076\" data-end=\"1079\">\u2705 <strong data-start=\"1081\" data-end=\"1110\">Recuperaci\u00f3n y resistencia<\/strong> : la <strong data-start=\"1115\" data-end=\"1137\">jalea real (0,3%)<\/strong> apoya el sistema inmunol\u00f3gico y combate la fatiga.<br data-start=\"1184\" data-end=\"1187\">\u2705 <strong data-start=\"1189\" data-end=\"1220\">Sabor afrutado y refrescante<\/strong> : la <strong data-start=\"1225\" data-end=\"1295\">combinaci\u00f3n de bayas de goji, ar\u00e1ndanos y aroma natural de cereza<\/strong> proporciona un toque dulce y \u00e1cido equilibrado.<br data-start=\"1342\" data-end=\"1345\">\u2705 <strong data-start=\"1347\" data-end=\"1381\">F\u00e1cil digesti\u00f3n y textura suave<\/strong> \u2013 Perfecto para consumir durante el esfuerzo, sin causar molestias g\u00e1stricas.<br data-start=\"1457\" data-end=\"1460\">\u2705 <strong data-start=\"1462\" data-end=\"1505\">Ingredientes 100% org\u00e1nicos y naturales<\/strong> \u2013 Sin aditivos artificiales, respeta el cuerpo y el medio ambiente.<br data-start=\"1569\" data-end=\"1572\">\u2705 <strong data-start=\"1574\" data-end=\"1600\">Pr\u00e1ctico formato de 25g<\/strong> \u2013 Peque\u00f1o, f\u00e1cil de transportar y consumir en cualquier momento del entrenamiento.<\/p>\n<hr data-start=\"1678\" data-end=\"1683\">\n<h2 data-start=\"1685\" data-end=\"1749\"><strong data-start=\"1688\" data-end=\"1747\">Ingredientes de MelTonic Goji Berries Energy Bar<\/strong><\/h2>\n<p data-start=\"1751\" data-end=\"2294\">\ud83c\udf6f <strong data-start=\"1754\" data-end=\"1790\">Miel de naranjo org\u00e1nica (6%)<\/strong> \u2013 Fuente de energ\u00eda natural y liberaci\u00f3n progresiva.<br data-start=\"1846\" data-end=\"1849\">\ud83c\udf52 <strong data-start=\"1852\" data-end=\"1887\">Bayas de Goji org\u00e1nicas (6,8%<\/strong> ): ricas en amino\u00e1cidos esenciales y minerales.<br data-start=\"1933\" data-end=\"1936\">\ud83c\udf3e <strong data-start=\"1939\" data-end=\"1979\">Escamas de espelta org\u00e1nica (12,9%<\/strong> ): energ\u00eda de liberaci\u00f3n gradual y rica en fibra.<br data-start=\"2029\" data-end=\"2032\">\ud83c\udf47 <strong data-start=\"2035\" data-end=\"2073\">Ar\u00e1ndanos secos org\u00e1nicos (22%)<\/strong> \u2013 Sabor refrescante y alto poder antioxidante.<br data-start=\"2120\" data-end=\"2123\">\ud83d\udc1d <strong data-start=\"2126\" data-end=\"2158\">Jalea real org\u00e1nica (0,3%<\/strong> ): apoya la recuperaci\u00f3n y fortalece el sistema inmunol\u00f3gico.<br data-start=\"2212\" data-end=\"2215\">\ud83c\udf52 <strong data-start=\"2218\" data-end=\"2245\">Aroma natural de cereza<\/strong> \u2013 Intensifica el sabor afrutado y revitalizante.<\/p>\n<hr data-start=\"2630\" data-end=\"2635\">\n<h2 data-start=\"2637\" data-end=\"2693\"><strong data-start=\"2640\" data-end=\"2691\">Ideal para deportes de resistencia y resistencia<\/strong><\/h2>\n<p data-start=\"2695\" data-end=\"2956\"><strong data-start=\"2697\" data-end=\"2740\">MelTonic Goji Berry Energy Bar<\/strong> es perfecta para <strong data-start=\"2757\" data-end=\"2831\">correr, montar en bicicleta, trail running, triatl\u00f3n y deportes de larga duraci\u00f3n<\/strong>, ya que garantiza un <strong data-start=\"2847\" data-end=\"2921\">suministro estable de energ\u00eda y una experiencia de sabor refrescante<\/strong> para optimizar tu rendimiento.<\/p>\n<p data-start=\"2958\" data-end=\"3069\">\ud83d\udd25 <strong data-start=\"2961\" data-end=\"3064\">\u00a1Pru\u00e9balo ahora y mantente en la cima de tu rendimiento con energ\u00eda natural y poderosos antioxidantes!<\/strong> \ud83d\ude80<\/p>\n","protected":false},"excerpt":{"rendered":"<p>MelTonic<\/p>\n","protected":false},"featured_media":7789,"comment_status":"open","ping_status":"closed","template":"","meta":[],"product_cat":[236,217],"product_tag":[],"class_list":{"0":"post-8461","1":"product","2":"type-product","3":"status-publish","4":"has-post-thumbnail","6":"product_brand-meltonic-es","7":"product_cat-barritas-energeticas","8":"product_cat-nutricion-de-rendimiento","10":"first","11":"instock","12":"taxable","13":"shipping-taxable","14":"purchasable","15":"product-type-simple"},"yoast_head":"<!-- This site is optimized with the Yoast SEO plugin v27.2 - https:\/\/yoast.com\/product\/yoast-seo-wordpress\/ -->\n<title>MelTonic - Barrita energ\u00e9tica, bayas de Goji - Store.Eventsmtb<\/title>\n<meta name=\"description\" content=\"MelTonic Goji Berry Energy Bar combina ingredientes org\u00e1nicos y un sabor naturalmente afrutado para proporcionar energ\u00eda sostenida\" \/>\n<meta name=\"robots\" content=\"index, follow, max-snippet:-1, max-image-preview:large, max-video-preview:-1\" \/>\n<link rel=\"canonical\" href=\"https:\/\/store.eventsmtb.com\/es\/produto\/meltonic-barrita-energetica-bayas-de-goji-25g\/\" \/>\n<meta property=\"og:locale\" content=\"es_ES\" \/>\n<meta property=\"og:type\" content=\"article\" \/>\n<meta property=\"og:title\" content=\"MelTonic - Barrita energ\u00e9tica, bayas de Goji - Store.Eventsmtb\" \/>\n<meta property=\"og:description\" content=\"MelTonic Goji Berry Energy Bar combina ingredientes org\u00e1nicos y un sabor naturalmente afrutado para proporcionar energ\u00eda sostenida\" \/>\n<meta property=\"og:url\" content=\"https:\/\/store.eventsmtb.com\/es\/produto\/meltonic-barrita-energetica-bayas-de-goji-25g\/\" \/>\n<meta property=\"og:site_name\" content=\"Store.Eventsmtb\" \/>\n<meta property=\"article:publisher\" content=\"https:\/\/www.facebook.com\/profile.php?id=100083151405925&amp;locale=pt_PT\" \/>\n<meta property=\"article:modified_time\" content=\"2025-10-07T15:24:35+00:00\" \/>\n<meta property=\"og:image\" content=\"https:\/\/store.eventsmtb.com\/wp-content\/uploads\/2025\/02\/Design-sem-nome-9.png\" \/>\n\t<meta property=\"og:image:width\" content=\"1080\" \/>\n\t<meta property=\"og:image:height\" content=\"1080\" \/>\n\t<meta property=\"og:image:type\" content=\"image\/png\" \/>\n<meta name=\"twitter:card\" content=\"summary_large_image\" \/>\n<meta name=\"twitter:label1\" content=\"Tiempo de lectura\" \/>\n\t<meta name=\"twitter:data1\" content=\"2 minutos\" \/>\n<script type=\"application\/ld+json\" class=\"yoast-schema-graph\">{\"@context\":\"https:\/\/schema.org\",\"@graph\":[{\"@type\":\"WebPage\",\"@id\":\"https:\/\/store.eventsmtb.com\/es\/produto\/meltonic-barrita-energetica-bayas-de-goji-25g\/\",\"url\":\"https:\/\/store.eventsmtb.com\/es\/produto\/meltonic-barrita-energetica-bayas-de-goji-25g\/\",\"name\":\"MelTonic - Barrita energ\u00e9tica, bayas de Goji - Store.Eventsmtb\",\"isPartOf\":{\"@id\":\"https:\/\/store.eventsmtb.com\/es\/#website\"},\"primaryImageOfPage\":{\"@id\":\"https:\/\/store.eventsmtb.com\/es\/produto\/meltonic-barrita-energetica-bayas-de-goji-25g\/#primaryimage\"},\"image\":{\"@id\":\"https:\/\/store.eventsmtb.com\/es\/produto\/meltonic-barrita-energetica-bayas-de-goji-25g\/#primaryimage\"},\"thumbnailUrl\":\"https:\/\/store.eventsmtb.com\/wp-content\/uploads\/2025\/02\/Design-sem-nome-9.png\",\"datePublished\":\"2025-02-12T10:47:47+00:00\",\"dateModified\":\"2025-10-07T15:24:35+00:00\",\"description\":\"MelTonic Goji Berry Energy Bar combina ingredientes org\u00e1nicos y un sabor naturalmente afrutado para proporcionar energ\u00eda sostenida\",\"breadcrumb\":{\"@id\":\"https:\/\/store.eventsmtb.com\/es\/produto\/meltonic-barrita-energetica-bayas-de-goji-25g\/#breadcrumb\"},\"inLanguage\":\"es\",\"potentialAction\":[{\"@type\":\"ReadAction\",\"target\":[\"https:\/\/store.eventsmtb.com\/es\/produto\/meltonic-barrita-energetica-bayas-de-goji-25g\/\"]}]},{\"@type\":\"ImageObject\",\"inLanguage\":\"es\",\"@id\":\"https:\/\/store.eventsmtb.com\/es\/produto\/meltonic-barrita-energetica-bayas-de-goji-25g\/#primaryimage\",\"url\":\"https:\/\/store.eventsmtb.com\/wp-content\/uploads\/2025\/02\/Design-sem-nome-9.png\",\"contentUrl\":\"https:\/\/store.eventsmtb.com\/wp-content\/uploads\/2025\/02\/Design-sem-nome-9.png\",\"width\":1080,\"height\":1080,\"caption\":\"MelTonic Goji Berries Barrita Energ\u00e9tica\"},{\"@type\":\"BreadcrumbList\",\"@id\":\"https:\/\/store.eventsmtb.com\/es\/produto\/meltonic-barrita-energetica-bayas-de-goji-25g\/#breadcrumb\",\"itemListElement\":[{\"@type\":\"ListItem\",\"position\":1,\"name\":\"In\u00edcio\",\"item\":\"https:\/\/store.eventsmtb.com\/es\/\"},{\"@type\":\"ListItem\",\"position\":2,\"name\":\"Tienda\",\"item\":\"https:\/\/store.eventsmtb.com\/es\/tienda\/\"},{\"@type\":\"ListItem\",\"position\":3,\"name\":\"MelTonic &#8211; Barrita energ\u00e9tica, bayas de...\"}]},{\"@type\":\"WebSite\",\"@id\":\"https:\/\/store.eventsmtb.com\/es\/#website\",\"url\":\"https:\/\/store.eventsmtb.com\/es\/\",\"name\":\"Store.Eventsmtb\",\"description\":\"Boost Yourself\",\"publisher\":{\"@id\":\"https:\/\/store.eventsmtb.com\/es\/#organization\"},\"potentialAction\":[{\"@type\":\"SearchAction\",\"target\":{\"@type\":\"EntryPoint\",\"urlTemplate\":\"https:\/\/store.eventsmtb.com\/es\/?s={search_term_string}\"},\"query-input\":{\"@type\":\"PropertyValueSpecification\",\"valueRequired\":true,\"valueName\":\"search_term_string\"}}],\"inLanguage\":\"es\"},{\"@type\":\"Organization\",\"@id\":\"https:\/\/store.eventsmtb.com\/es\/#organization\",\"name\":\"Store.Eventsmtb\",\"url\":\"https:\/\/store.eventsmtb.com\/es\/\",\"logo\":{\"@type\":\"ImageObject\",\"inLanguage\":\"es\",\"@id\":\"https:\/\/store.eventsmtb.com\/es\/#\/schema\/logo\/image\/\",\"url\":\"https:\/\/store.eventsmtb.com\/wp-content\/uploads\/2024\/08\/mtbstore-02-e1723109277246.png\",\"contentUrl\":\"https:\/\/store.eventsmtb.com\/wp-content\/uploads\/2024\/08\/mtbstore-02-e1723109277246.png\",\"width\":1925,\"height\":1765,\"caption\":\"Store.Eventsmtb\"},\"image\":{\"@id\":\"https:\/\/store.eventsmtb.com\/es\/#\/schema\/logo\/image\/\"},\"sameAs\":[\"https:\/\/www.facebook.com\/profile.php?id=100083151405925&locale=pt_PT\"]}]}<\/script>\n<!-- \/ Yoast SEO plugin. -->","yoast_head_json":{"title":"MelTonic - Barrita energ\u00e9tica, bayas de Goji - Store.Eventsmtb","description":"MelTonic Goji Berry Energy Bar combina ingredientes org\u00e1nicos y un sabor naturalmente afrutado para proporcionar energ\u00eda sostenida","robots":{"index":"index","follow":"follow","max-snippet":"max-snippet:-1","max-image-preview":"max-image-preview:large","max-video-preview":"max-video-preview:-1"},"canonical":"https:\/\/store.eventsmtb.com\/es\/produto\/meltonic-barrita-energetica-bayas-de-goji-25g\/","og_locale":"es_ES","og_type":"article","og_title":"MelTonic - Barrita energ\u00e9tica, bayas de Goji - Store.Eventsmtb","og_description":"MelTonic Goji Berry Energy Bar combina ingredientes org\u00e1nicos y un sabor naturalmente afrutado para proporcionar energ\u00eda sostenida","og_url":"https:\/\/store.eventsmtb.com\/es\/produto\/meltonic-barrita-energetica-bayas-de-goji-25g\/","og_site_name":"Store.Eventsmtb","article_publisher":"https:\/\/www.facebook.com\/profile.php?id=100083151405925&locale=pt_PT","article_modified_time":"2025-10-07T15:24:35+00:00","og_image":[{"width":1080,"height":1080,"url":"https:\/\/store.eventsmtb.com\/wp-content\/uploads\/2025\/02\/Design-sem-nome-9.png","type":"image\/png"}],"twitter_card":"summary_large_image","twitter_misc":{"Tiempo de lectura":"2 minutos"},"schema":{"@context":"https:\/\/schema.org","@graph":[{"@type":"WebPage","@id":"https:\/\/store.eventsmtb.com\/es\/produto\/meltonic-barrita-energetica-bayas-de-goji-25g\/","url":"https:\/\/store.eventsmtb.com\/es\/produto\/meltonic-barrita-energetica-bayas-de-goji-25g\/","name":"MelTonic - Barrita energ\u00e9tica, bayas de Goji - Store.Eventsmtb","isPartOf":{"@id":"https:\/\/store.eventsmtb.com\/es\/#website"},"primaryImageOfPage":{"@id":"https:\/\/store.eventsmtb.com\/es\/produto\/meltonic-barrita-energetica-bayas-de-goji-25g\/#primaryimage"},"image":{"@id":"https:\/\/store.eventsmtb.com\/es\/produto\/meltonic-barrita-energetica-bayas-de-goji-25g\/#primaryimage"},"thumbnailUrl":"https:\/\/store.eventsmtb.com\/wp-content\/uploads\/2025\/02\/Design-sem-nome-9.png","datePublished":"2025-02-12T10:47:47+00:00","dateModified":"2025-10-07T15:24:35+00:00","description":"MelTonic Goji Berry Energy Bar combina ingredientes org\u00e1nicos y un sabor naturalmente afrutado para proporcionar energ\u00eda sostenida","breadcrumb":{"@id":"https:\/\/store.eventsmtb.com\/es\/produto\/meltonic-barrita-energetica-bayas-de-goji-25g\/#breadcrumb"},"inLanguage":"es","potentialAction":[{"@type":"ReadAction","target":["https:\/\/store.eventsmtb.com\/es\/produto\/meltonic-barrita-energetica-bayas-de-goji-25g\/"]}]},{"@type":"ImageObject","inLanguage":"es","@id":"https:\/\/store.eventsmtb.com\/es\/produto\/meltonic-barrita-energetica-bayas-de-goji-25g\/#primaryimage","url":"https:\/\/store.eventsmtb.com\/wp-content\/uploads\/2025\/02\/Design-sem-nome-9.png","contentUrl":"https:\/\/store.eventsmtb.com\/wp-content\/uploads\/2025\/02\/Design-sem-nome-9.png","width":1080,"height":1080,"caption":"MelTonic Goji Berries Barrita Energ\u00e9tica"},{"@type":"BreadcrumbList","@id":"https:\/\/store.eventsmtb.com\/es\/produto\/meltonic-barrita-energetica-bayas-de-goji-25g\/#breadcrumb","itemListElement":[{"@type":"ListItem","position":1,"name":"In\u00edcio","item":"https:\/\/store.eventsmtb.com\/es\/"},{"@type":"ListItem","position":2,"name":"Tienda","item":"https:\/\/store.eventsmtb.com\/es\/tienda\/"},{"@type":"ListItem","position":3,"name":"MelTonic &#8211; Barrita energ\u00e9tica, bayas de..."}]},{"@type":"WebSite","@id":"https:\/\/store.eventsmtb.com\/es\/#website","url":"https:\/\/store.eventsmtb.com\/es\/","name":"Store.Eventsmtb","description":"Boost Yourself","publisher":{"@id":"https:\/\/store.eventsmtb.com\/es\/#organization"},"potentialAction":[{"@type":"SearchAction","target":{"@type":"EntryPoint","urlTemplate":"https:\/\/store.eventsmtb.com\/es\/?s={search_term_string}"},"query-input":{"@type":"PropertyValueSpecification","valueRequired":true,"valueName":"search_term_string"}}],"inLanguage":"es"},{"@type":"Organization","@id":"https:\/\/store.eventsmtb.com\/es\/#organization","name":"Store.Eventsmtb","url":"https:\/\/store.eventsmtb.com\/es\/","logo":{"@type":"ImageObject","inLanguage":"es","@id":"https:\/\/store.eventsmtb.com\/es\/#\/schema\/logo\/image\/","url":"https:\/\/store.eventsmtb.com\/wp-content\/uploads\/2024\/08\/mtbstore-02-e1723109277246.png","contentUrl":"https:\/\/store.eventsmtb.com\/wp-content\/uploads\/2024\/08\/mtbstore-02-e1723109277246.png","width":1925,"height":1765,"caption":"Store.Eventsmtb"},"image":{"@id":"https:\/\/store.eventsmtb.com\/es\/#\/schema\/logo\/image\/"},"sameAs":["https:\/\/www.facebook.com\/profile.php?id=100083151405925&locale=pt_PT"]}]}},"_links":{"self":[{"href":"https:\/\/store.eventsmtb.com\/es\/wp-json\/wp\/v2\/product\/8461","targetHints":{"allow":["GET"]}}],"collection":[{"href":"https:\/\/store.eventsmtb.com\/es\/wp-json\/wp\/v2\/product"}],"about":[{"href":"https:\/\/store.eventsmtb.com\/es\/wp-json\/wp\/v2\/types\/product"}],"replies":[{"embeddable":true,"href":"https:\/\/store.eventsmtb.com\/es\/wp-json\/wp\/v2\/comments?post=8461"}],"wp:featuredmedia":[{"embeddable":true,"href":"https:\/\/store.eventsmtb.com\/es\/wp-json\/wp\/v2\/media\/7789"}],"wp:attachment":[{"href":"https:\/\/store.eventsmtb.com\/es\/wp-json\/wp\/v2\/media?parent=8461"}],"wp:term":[{"taxonomy":"product_cat","embeddable":true,"href":"https:\/\/store.eventsmtb.com\/es\/wp-json\/wp\/v2\/product_cat?post=8461"},{"taxonomy":"product_tag","embeddable":true,"href":"https:\/\/store.eventsmtb.com\/es\/wp-json\/wp\/v2\/product_tag?post=8461"}],"curies":[{"name":"wp","href":"https:\/\/api.w.org\/{rel}","templated":true}]}}