{"id":8463,"date":"2025-02-17T11:25:51","date_gmt":"2025-02-17T11:25:51","guid":{"rendered":"https:\/\/store.eventsmtb.com\/produto\/meltonic-barrita-energetica-anacardo-y-sal-50g\/"},"modified":"2025-10-07T15:24:32","modified_gmt":"2025-10-07T15:24:32","slug":"meltonic-barrita-energetica-anacardo-y-sal-50g","status":"publish","type":"product","link":"https:\/\/store.eventsmtb.com\/es\/produto\/meltonic-barrita-energetica-anacardo-y-sal-50g\/","title":{"rendered":"MelTonic &#8211; Barra energ\u00e9tica, anacardo y..."},"content":{"rendered":"<p data-start=\"248\" data-end=\"609\"><strong data-start=\"250\" data-end=\"290\">La Barrita Energ\u00e9tica de Anacardo y Sal MelTonic<\/strong> es la opci\u00f3n ideal para aquellos que buscan <strong data-start=\"327\" data-end=\"367\">energ\u00eda natural con un toque salado<\/strong>. Elaborada con <strong data-start=\"379\" data-end=\"419\">ingredientes ecol\u00f3gicos y sin gluten<\/strong>, esta barrita es perfecta para deportistas y aventureros que quieran una alternativa a los aperitivos dulces, aportando <strong data-start=\"532\" data-end=\"576\">energ\u00eda duradera y una nutrici\u00f3n equilibrada<\/strong> durante los entrenamientos y las competiciones. <\/p>\n<p data-start=\"611\" data-end=\"830\">Con <strong data-start=\"615\" data-end=\"639\">anacardo org\u00e1nico (20%),<\/strong> una fuente natural de <strong data-start=\"662\" data-end=\"683\">prote\u00ednas y fibra<\/strong>, y <strong data-start=\"687\" data-end=\"709\">flor de sal (0,8%),<\/strong> que ayuda en <strong data-start=\"724\" data-end=\"752\">la reposici\u00f3n de electrolitos<\/strong>, esta barra garantiza un <strong data-start=\"776\" data-end=\"827\">rendimiento constante y una digesti\u00f3n optimizada<\/strong>.<\/p>\n<hr data-start=\"832\" data-end=\"837\">\n<h2 data-start=\"839\" data-end=\"903\"><strong data-start=\"842\" data-end=\"901\">\u00bfPor qu\u00e9 elegir la Barrita Energ\u00e9tica MelTonic de Anacardo y Sal?<\/strong><\/h2>\n<p data-start=\"905\" data-end=\"1700\">\u2705 <strong data-start=\"907\" data-end=\"939\">Energ\u00eda natural y sostenida:<\/strong> la pasta de d\u00e1tiles <strong data-start=\"952\" data-end=\"990\">y la base de copos de avena<\/strong> proporcionan carbohidratos que se absorben gradualmente para una mayor resistencia.<br data-start=\"1062\" data-end=\"1065\">\u2705 <strong data-start=\"1067\" data-end=\"1099\">Fuente de prote\u00ednas y minerales<\/strong> : <strong data-start=\"1104\" data-end=\"1118\">los anacardos (20%)<\/strong> son ricos en <strong data-start=\"1129\" data-end=\"1170\">magnesio, fibra y grasas saludables<\/strong>, lo que ayuda a la recuperaci\u00f3n muscular.<br data-start=\"1205\" data-end=\"1208\">\u2705 <strong data-start=\"1210\" data-end=\"1238\">Reemplazo de electrolitos<\/strong> \u2013 <strong data-start=\"1243\" data-end=\"1265\">La flor de sal (0,8%)<\/strong> favorece la hidrataci\u00f3n y la recuperaci\u00f3n durante el esfuerzo.<br data-start=\"1322\" data-end=\"1325\">\u2705 <strong data-start=\"1327\" data-end=\"1354\">Delicioso sabor salado<\/strong> : ideal para aquellos que buscan una alternativa a las barras dulces.<br data-start=\"1413\" data-end=\"1416\">\u2705 <strong data-start=\"1418\" data-end=\"1454\">Digesti\u00f3n \u00f3ptima y energ\u00eda estable<\/strong> : \u00edndice gluc\u00e9mico moderado, sin picos de az\u00facar.<br data-start=\"1504\" data-end=\"1507\">\u2705 <strong data-start=\"1509\" data-end=\"1554\">Ingredientes 100% org\u00e1nicos y sin gluten<\/strong> : sin aditivos artificiales, respeta el cuerpo y el medio ambiente.<br data-start=\"1618\" data-end=\"1621\">\u2705 <strong data-start=\"1623\" data-end=\"1649\">Pr\u00e1ctico formato de 50 g<\/strong> \u2013 \u00a1F\u00e1cil de transportar y consumir donde quieras!<\/p>\n<hr data-start=\"1702\" data-end=\"1707\">\n<h2 data-start=\"1709\" data-end=\"1770\"><strong data-start=\"1712\" data-end=\"1768\">Ingredientes de la barra energ\u00e9tica MelTonic de anacardo y sal<\/strong><\/h2>\n<p data-start=\"1772\" data-end=\"2318\">\ud83e\udd5c <strong data-start=\"1775\" data-end=\"1799\">Anacardo org\u00e1nico (20%<\/strong> ): fuente de prote\u00ednas vegetales, grasas saludables y magnesio.<br data-start=\"1861\" data-end=\"1864\">\ud83c\udf6f <strong data-start=\"1867\" data-end=\"1897\">Pasta de d\u00e1tiles org\u00e1nica<\/strong> \u2013 Energ\u00eda de liberaci\u00f3n progresiva y textura suave.<br data-start=\"1950\" data-end=\"1953\">\ud83c\udf3e <strong data-start=\"1956\" data-end=\"1986\">Copos de avena org\u00e1nicos<\/strong> : energ\u00eda de absorci\u00f3n gradual y ricos en fibra.<br data-start=\"2034\" data-end=\"2037\">\ud83e\uddc2 <strong data-start=\"2040\" data-end=\"2072\">Flor de sal org\u00e1nica (0,8%<\/strong> ): ayuda en la hidrataci\u00f3n y la reposici\u00f3n de minerales.<br data-start=\"2122\" data-end=\"2125\">\ud83d\udc1d <strong data-start=\"2128\" data-end=\"2171\">Miel org\u00e1nica (2%) y jalea real (0,2%<\/strong> ): poder antioxidante y revitalizante.<br data-start=\"2209\" data-end=\"2212\">\ud83c\udf3f <strong data-start=\"2215\" data-end=\"2245\">Aceite de oliva org\u00e1nico<\/strong> : contribuye a una textura suave y proporciona \u00e1cidos grasos esenciales.<\/p>\n<hr data-start=\"2623\" data-end=\"2628\">\n<h2 data-start=\"2630\" data-end=\"2673\"><strong data-start=\"2633\" data-end=\"2671\">\u00a1Ideal para deportistas y aventureros!<\/strong><\/h2>\n<p data-start=\"2675\" data-end=\"2891\"><strong data-start=\"2677\" data-end=\"2717\">La barrita energ\u00e9tica MelTonic Cashew &amp; Salt<\/strong> es perfecta para <strong data-start=\"2734\" data-end=\"2817\">el ciclismo, el trail running, el triatl\u00f3n, el senderismo y cualquier deporte de resistencia<\/strong>, ya que garantiza un <strong data-start=\"2833\" data-end=\"2888\">suministro estable de energ\u00eda y un sabor innovador<\/strong>.<\/p>\n<p data-start=\"2893\" data-end=\"3007\">\ud83d\udd25 <strong data-start=\"2896\" data-end=\"3002\">\u00a1Pru\u00e9balo ahora y mantente en la cima de tu rendimiento con energ\u00eda natural y un delicioso toque salado!<\/strong> \ud83d\ude80<\/p>\n","protected":false},"excerpt":{"rendered":"<p>MelTonic<\/p>\n","protected":false},"featured_media":10401,"comment_status":"open","ping_status":"closed","template":"","meta":[],"product_cat":[236,217],"product_tag":[],"class_list":{"0":"post-8463","1":"product","2":"type-product","3":"status-publish","4":"has-post-thumbnail","6":"product_brand-meltonic-es","7":"product_cat-barritas-energeticas","8":"product_cat-nutricion-de-rendimiento","10":"first","11":"instock","12":"taxable","13":"shipping-taxable","14":"purchasable","15":"product-type-simple"},"yoast_head":"<!-- This site is optimized with the Yoast SEO plugin v27.2 - https:\/\/yoast.com\/product\/yoast-seo-wordpress\/ -->\n<title>Barrita energ\u00e9tica - MelTonic - Anacardo y Sal<\/title>\n<meta name=\"description\" content=\"La Barrita Energ\u00e9tica de Anacardo y Sal MelTonic es la opci\u00f3n ideal para aquellos que buscan energ\u00eda natural con un toque salado. Ingredientes ecol\u00f3gicos y sin gluten\" \/>\n<meta name=\"robots\" content=\"index, follow, max-snippet:-1, max-image-preview:large, max-video-preview:-1\" \/>\n<link rel=\"canonical\" href=\"https:\/\/store.eventsmtb.com\/es\/produto\/meltonic-barrita-energetica-anacardo-y-sal-50g\/\" \/>\n<meta property=\"og:locale\" content=\"es_ES\" \/>\n<meta property=\"og:type\" content=\"article\" \/>\n<meta property=\"og:title\" content=\"Barrita energ\u00e9tica - MelTonic - Anacardo y Sal\" \/>\n<meta property=\"og:description\" content=\"La Barrita Energ\u00e9tica de Anacardo y Sal MelTonic es la opci\u00f3n ideal para aquellos que buscan energ\u00eda natural con un toque salado. Ingredientes ecol\u00f3gicos y sin gluten\" \/>\n<meta property=\"og:url\" content=\"https:\/\/store.eventsmtb.com\/es\/produto\/meltonic-barrita-energetica-anacardo-y-sal-50g\/\" \/>\n<meta property=\"og:site_name\" content=\"Store.Eventsmtb\" \/>\n<meta property=\"article:publisher\" content=\"https:\/\/www.facebook.com\/profile.php?id=100083151405925&amp;locale=pt_PT\" \/>\n<meta property=\"article:modified_time\" content=\"2025-10-07T15:24:32+00:00\" \/>\n<meta property=\"og:image\" content=\"https:\/\/store.eventsmtb.com\/wp-content\/uploads\/2025\/02\/Design-sem-nome.png\" \/>\n\t<meta property=\"og:image:width\" content=\"1080\" \/>\n\t<meta property=\"og:image:height\" content=\"1080\" \/>\n\t<meta property=\"og:image:type\" content=\"image\/png\" \/>\n<meta name=\"twitter:card\" content=\"summary_large_image\" \/>\n<meta name=\"twitter:label1\" content=\"Tiempo de lectura\" \/>\n\t<meta name=\"twitter:data1\" content=\"2 minutos\" \/>\n<script type=\"application\/ld+json\" class=\"yoast-schema-graph\">{\"@context\":\"https:\/\/schema.org\",\"@graph\":[{\"@type\":\"WebPage\",\"@id\":\"https:\/\/store.eventsmtb.com\/es\/produto\/meltonic-barrita-energetica-anacardo-y-sal-50g\/\",\"url\":\"https:\/\/store.eventsmtb.com\/es\/produto\/meltonic-barrita-energetica-anacardo-y-sal-50g\/\",\"name\":\"Barrita energ\u00e9tica - MelTonic - Anacardo y Sal\",\"isPartOf\":{\"@id\":\"https:\/\/store.eventsmtb.com\/es\/#website\"},\"primaryImageOfPage\":{\"@id\":\"https:\/\/store.eventsmtb.com\/es\/produto\/meltonic-barrita-energetica-anacardo-y-sal-50g\/#primaryimage\"},\"image\":{\"@id\":\"https:\/\/store.eventsmtb.com\/es\/produto\/meltonic-barrita-energetica-anacardo-y-sal-50g\/#primaryimage\"},\"thumbnailUrl\":\"https:\/\/store.eventsmtb.com\/wp-content\/uploads\/2025\/02\/16.png\",\"datePublished\":\"2025-02-17T11:25:51+00:00\",\"dateModified\":\"2025-10-07T15:24:32+00:00\",\"description\":\"La Barrita Energ\u00e9tica de Anacardo y Sal MelTonic es la opci\u00f3n ideal para aquellos que buscan energ\u00eda natural con un toque salado. Ingredientes ecol\u00f3gicos y sin gluten\",\"breadcrumb\":{\"@id\":\"https:\/\/store.eventsmtb.com\/es\/produto\/meltonic-barrita-energetica-anacardo-y-sal-50g\/#breadcrumb\"},\"inLanguage\":\"es\",\"potentialAction\":[{\"@type\":\"ReadAction\",\"target\":[\"https:\/\/store.eventsmtb.com\/es\/produto\/meltonic-barrita-energetica-anacardo-y-sal-50g\/\"]}]},{\"@type\":\"ImageObject\",\"inLanguage\":\"es\",\"@id\":\"https:\/\/store.eventsmtb.com\/es\/produto\/meltonic-barrita-energetica-anacardo-y-sal-50g\/#primaryimage\",\"url\":\"https:\/\/store.eventsmtb.com\/wp-content\/uploads\/2025\/02\/16.png\",\"contentUrl\":\"https:\/\/store.eventsmtb.com\/wp-content\/uploads\/2025\/02\/16.png\",\"width\":1080,\"height\":1080,\"caption\":\"MelTonic - Barra Energ\u00e9tica, Caju e Sal, 50g\"},{\"@type\":\"BreadcrumbList\",\"@id\":\"https:\/\/store.eventsmtb.com\/es\/produto\/meltonic-barrita-energetica-anacardo-y-sal-50g\/#breadcrumb\",\"itemListElement\":[{\"@type\":\"ListItem\",\"position\":1,\"name\":\"In\u00edcio\",\"item\":\"https:\/\/store.eventsmtb.com\/es\/\"},{\"@type\":\"ListItem\",\"position\":2,\"name\":\"Tienda\",\"item\":\"https:\/\/store.eventsmtb.com\/es\/tienda\/\"},{\"@type\":\"ListItem\",\"position\":3,\"name\":\"MelTonic &#8211; Barra energ\u00e9tica, anacardo y...\"}]},{\"@type\":\"WebSite\",\"@id\":\"https:\/\/store.eventsmtb.com\/es\/#website\",\"url\":\"https:\/\/store.eventsmtb.com\/es\/\",\"name\":\"Store.Eventsmtb\",\"description\":\"Boost Yourself\",\"publisher\":{\"@id\":\"https:\/\/store.eventsmtb.com\/es\/#organization\"},\"potentialAction\":[{\"@type\":\"SearchAction\",\"target\":{\"@type\":\"EntryPoint\",\"urlTemplate\":\"https:\/\/store.eventsmtb.com\/es\/?s={search_term_string}\"},\"query-input\":{\"@type\":\"PropertyValueSpecification\",\"valueRequired\":true,\"valueName\":\"search_term_string\"}}],\"inLanguage\":\"es\"},{\"@type\":\"Organization\",\"@id\":\"https:\/\/store.eventsmtb.com\/es\/#organization\",\"name\":\"Store.Eventsmtb\",\"url\":\"https:\/\/store.eventsmtb.com\/es\/\",\"logo\":{\"@type\":\"ImageObject\",\"inLanguage\":\"es\",\"@id\":\"https:\/\/store.eventsmtb.com\/es\/#\/schema\/logo\/image\/\",\"url\":\"https:\/\/store.eventsmtb.com\/wp-content\/uploads\/2024\/08\/mtbstore-02-e1723109277246.png\",\"contentUrl\":\"https:\/\/store.eventsmtb.com\/wp-content\/uploads\/2024\/08\/mtbstore-02-e1723109277246.png\",\"width\":1925,\"height\":1765,\"caption\":\"Store.Eventsmtb\"},\"image\":{\"@id\":\"https:\/\/store.eventsmtb.com\/es\/#\/schema\/logo\/image\/\"},\"sameAs\":[\"https:\/\/www.facebook.com\/profile.php?id=100083151405925&locale=pt_PT\"]}]}<\/script>\n<!-- \/ Yoast SEO plugin. -->","yoast_head_json":{"title":"Barrita energ\u00e9tica - MelTonic - Anacardo y Sal","description":"La Barrita Energ\u00e9tica de Anacardo y Sal MelTonic es la opci\u00f3n ideal para aquellos que buscan energ\u00eda natural con un toque salado. Ingredientes ecol\u00f3gicos y sin gluten","robots":{"index":"index","follow":"follow","max-snippet":"max-snippet:-1","max-image-preview":"max-image-preview:large","max-video-preview":"max-video-preview:-1"},"canonical":"https:\/\/store.eventsmtb.com\/es\/produto\/meltonic-barrita-energetica-anacardo-y-sal-50g\/","og_locale":"es_ES","og_type":"article","og_title":"Barrita energ\u00e9tica - MelTonic - Anacardo y Sal","og_description":"La Barrita Energ\u00e9tica de Anacardo y Sal MelTonic es la opci\u00f3n ideal para aquellos que buscan energ\u00eda natural con un toque salado. Ingredientes ecol\u00f3gicos y sin gluten","og_url":"https:\/\/store.eventsmtb.com\/es\/produto\/meltonic-barrita-energetica-anacardo-y-sal-50g\/","og_site_name":"Store.Eventsmtb","article_publisher":"https:\/\/www.facebook.com\/profile.php?id=100083151405925&locale=pt_PT","article_modified_time":"2025-10-07T15:24:32+00:00","og_image":[{"width":1080,"height":1080,"url":"https:\/\/store.eventsmtb.com\/wp-content\/uploads\/2025\/02\/Design-sem-nome.png","type":"image\/png"}],"twitter_card":"summary_large_image","twitter_misc":{"Tiempo de lectura":"2 minutos"},"schema":{"@context":"https:\/\/schema.org","@graph":[{"@type":"WebPage","@id":"https:\/\/store.eventsmtb.com\/es\/produto\/meltonic-barrita-energetica-anacardo-y-sal-50g\/","url":"https:\/\/store.eventsmtb.com\/es\/produto\/meltonic-barrita-energetica-anacardo-y-sal-50g\/","name":"Barrita energ\u00e9tica - MelTonic - Anacardo y Sal","isPartOf":{"@id":"https:\/\/store.eventsmtb.com\/es\/#website"},"primaryImageOfPage":{"@id":"https:\/\/store.eventsmtb.com\/es\/produto\/meltonic-barrita-energetica-anacardo-y-sal-50g\/#primaryimage"},"image":{"@id":"https:\/\/store.eventsmtb.com\/es\/produto\/meltonic-barrita-energetica-anacardo-y-sal-50g\/#primaryimage"},"thumbnailUrl":"https:\/\/store.eventsmtb.com\/wp-content\/uploads\/2025\/02\/16.png","datePublished":"2025-02-17T11:25:51+00:00","dateModified":"2025-10-07T15:24:32+00:00","description":"La Barrita Energ\u00e9tica de Anacardo y Sal MelTonic es la opci\u00f3n ideal para aquellos que buscan energ\u00eda natural con un toque salado. Ingredientes ecol\u00f3gicos y sin gluten","breadcrumb":{"@id":"https:\/\/store.eventsmtb.com\/es\/produto\/meltonic-barrita-energetica-anacardo-y-sal-50g\/#breadcrumb"},"inLanguage":"es","potentialAction":[{"@type":"ReadAction","target":["https:\/\/store.eventsmtb.com\/es\/produto\/meltonic-barrita-energetica-anacardo-y-sal-50g\/"]}]},{"@type":"ImageObject","inLanguage":"es","@id":"https:\/\/store.eventsmtb.com\/es\/produto\/meltonic-barrita-energetica-anacardo-y-sal-50g\/#primaryimage","url":"https:\/\/store.eventsmtb.com\/wp-content\/uploads\/2025\/02\/16.png","contentUrl":"https:\/\/store.eventsmtb.com\/wp-content\/uploads\/2025\/02\/16.png","width":1080,"height":1080,"caption":"MelTonic - Barra Energ\u00e9tica, Caju e Sal, 50g"},{"@type":"BreadcrumbList","@id":"https:\/\/store.eventsmtb.com\/es\/produto\/meltonic-barrita-energetica-anacardo-y-sal-50g\/#breadcrumb","itemListElement":[{"@type":"ListItem","position":1,"name":"In\u00edcio","item":"https:\/\/store.eventsmtb.com\/es\/"},{"@type":"ListItem","position":2,"name":"Tienda","item":"https:\/\/store.eventsmtb.com\/es\/tienda\/"},{"@type":"ListItem","position":3,"name":"MelTonic &#8211; Barra energ\u00e9tica, anacardo y..."}]},{"@type":"WebSite","@id":"https:\/\/store.eventsmtb.com\/es\/#website","url":"https:\/\/store.eventsmtb.com\/es\/","name":"Store.Eventsmtb","description":"Boost Yourself","publisher":{"@id":"https:\/\/store.eventsmtb.com\/es\/#organization"},"potentialAction":[{"@type":"SearchAction","target":{"@type":"EntryPoint","urlTemplate":"https:\/\/store.eventsmtb.com\/es\/?s={search_term_string}"},"query-input":{"@type":"PropertyValueSpecification","valueRequired":true,"valueName":"search_term_string"}}],"inLanguage":"es"},{"@type":"Organization","@id":"https:\/\/store.eventsmtb.com\/es\/#organization","name":"Store.Eventsmtb","url":"https:\/\/store.eventsmtb.com\/es\/","logo":{"@type":"ImageObject","inLanguage":"es","@id":"https:\/\/store.eventsmtb.com\/es\/#\/schema\/logo\/image\/","url":"https:\/\/store.eventsmtb.com\/wp-content\/uploads\/2024\/08\/mtbstore-02-e1723109277246.png","contentUrl":"https:\/\/store.eventsmtb.com\/wp-content\/uploads\/2024\/08\/mtbstore-02-e1723109277246.png","width":1925,"height":1765,"caption":"Store.Eventsmtb"},"image":{"@id":"https:\/\/store.eventsmtb.com\/es\/#\/schema\/logo\/image\/"},"sameAs":["https:\/\/www.facebook.com\/profile.php?id=100083151405925&locale=pt_PT"]}]}},"_links":{"self":[{"href":"https:\/\/store.eventsmtb.com\/es\/wp-json\/wp\/v2\/product\/8463","targetHints":{"allow":["GET"]}}],"collection":[{"href":"https:\/\/store.eventsmtb.com\/es\/wp-json\/wp\/v2\/product"}],"about":[{"href":"https:\/\/store.eventsmtb.com\/es\/wp-json\/wp\/v2\/types\/product"}],"replies":[{"embeddable":true,"href":"https:\/\/store.eventsmtb.com\/es\/wp-json\/wp\/v2\/comments?post=8463"}],"wp:featuredmedia":[{"embeddable":true,"href":"https:\/\/store.eventsmtb.com\/es\/wp-json\/wp\/v2\/media\/10401"}],"wp:attachment":[{"href":"https:\/\/store.eventsmtb.com\/es\/wp-json\/wp\/v2\/media?parent=8463"}],"wp:term":[{"taxonomy":"product_cat","embeddable":true,"href":"https:\/\/store.eventsmtb.com\/es\/wp-json\/wp\/v2\/product_cat?post=8463"},{"taxonomy":"product_tag","embeddable":true,"href":"https:\/\/store.eventsmtb.com\/es\/wp-json\/wp\/v2\/product_tag?post=8463"}],"curies":[{"name":"wp","href":"https:\/\/api.w.org\/{rel}","templated":true}]}}