{"id":8465,"date":"2025-02-11T11:43:27","date_gmt":"2025-02-11T11:43:27","guid":{"rendered":"https:\/\/store.eventsmtb.com\/produto\/meltonic-barrita-energetica-miel-limon-y-fresa-25g\/"},"modified":"2025-10-07T15:24:39","modified_gmt":"2025-10-07T15:24:39","slug":"meltonic-barrita-energetica-miel-limon-y-fresa-25g","status":"publish","type":"product","link":"https:\/\/store.eventsmtb.com\/es\/produto\/meltonic-barrita-energetica-miel-limon-y-fresa-25g\/","title":{"rendered":"MelTonic &#8211; Barra energ\u00e9tica, miel, lim\u00f3n..."},"content":{"rendered":"<h1 data-start=\"103\" data-end=\"431\"><\/h1>\n<p data-start=\"103\" data-end=\"431\">Descubre la <strong data-start=\"114\" data-end=\"164\">Barrita Energ\u00e9tica MelTonic de Miel, Lim\u00f3n y Fresa<\/strong>, \u00a1una explosi\u00f3n de sabor y energ\u00eda para tus entrenamientos y aventuras! Elaborada con <strong data-start=\"242\" data-end=\"274\">ingredientes 100% ecol\u00f3gicos<\/strong>, esta barrita combina el dulzor natural <strong data-start=\"315\" data-end=\"335\">de la miel y la fresa<\/strong> con el toque c\u00edtrico del <strong data-start=\"359\" data-end=\"368\">lim\u00f3n<\/strong>, creando un equilibrio perfecto entre <strong data-start=\"407\" data-end=\"428\">nutrici\u00f3n y placer<\/strong>. <\/p>\n<p data-start=\"433\" data-end=\"622\">Ideal para <strong data-start=\"444\" data-end=\"495\">deportistas exigentes y amantes de los snacks saludables<\/strong>, esta <strong data-start=\"502\" data-end=\"522\">barrita energ\u00e9tica<\/strong> proporciona <strong data-start=\"531\" data-end=\"552\">energ\u00eda duradera<\/strong>, asegurando tu resistencia y concentraci\u00f3n durante los entrenamientos y las competiciones.<\/p>\n<hr data-start=\"624\" data-end=\"629\">\n<h2 data-start=\"631\" data-end=\"684\"><strong data-start=\"634\" data-end=\"682\">\u00bfPor qu\u00e9 elegir la Barrita Energ\u00e9tica MelTonic Miel Lim\u00f3n y Fresa?<\/strong><\/h2>\n<p data-start=\"686\" data-end=\"1459\">\u2705 <strong data-start=\"688\" data-end=\"710\">Energ\u00eda sostenida<\/strong> \u2013 A base <strong data-start=\"723\" data-end=\"763\">de d\u00e1tiles, avena sin gluten y miel (5%),<\/strong> aporta <strong data-start=\"773\" data-end=\"805\">hidratos de carbono naturales<\/strong> para mantener tu rendimiento.<br data-start=\"836\" data-end=\"839\">\u2705 <strong data-start=\"841\" data-end=\"863\">Poder antioxidante<\/strong> : el <strong data-start=\"868\" data-end=\"894\">lim\u00f3n (4%) y la acerola<\/strong> son ricos en vitamina C, lo que ayuda a combatir el estr\u00e9s oxidativo.<br data-start=\"959\" data-end=\"962\">\u2705 <strong data-start=\"964\" data-end=\"992\">Recuperaci\u00f3n y vitalidad<\/strong> : la <strong data-start=\"997\" data-end=\"1019\">jalea real (0,3%)<\/strong> apoya la inmunidad y la regeneraci\u00f3n muscular.<br data-start=\"1063\" data-end=\"1066\">\u2705 <strong data-start=\"1068\" data-end=\"1097\">Sabor delicioso y natural<\/strong> \u2013 Combinaci\u00f3n equilibrada de <strong data-start=\"1126\" data-end=\"1155\">fresa (5%), lim\u00f3n y miel<\/strong>, sin sabores artificiales.<br data-start=\"1180\" data-end=\"1183\">\u2705 <strong data-start=\"1185\" data-end=\"1217\">Ingredientes 100% org\u00e1nicos<\/strong> : sin aditivos innecesarios, respeta tu cuerpo y el medio ambiente.<br data-start=\"1288\" data-end=\"1291\">\u2705 <strong data-start=\"1293\" data-end=\"1316\">Made in France<\/strong> \u2013 Calidad garantizada, con producci\u00f3n local y sostenible.<br data-start=\"1373\" data-end=\"1376\">\u2705 <strong data-start=\"1378\" data-end=\"1404\">Pr\u00e1ctico formato de 25 g<\/strong> \u2013 \u00a1F\u00e1cil de transportar y consumir en cualquier lugar!<\/p>\n<hr data-start=\"1461\" data-end=\"1466\">\n<h2 data-start=\"1468\" data-end=\"1539\"><strong data-start=\"1471\" data-end=\"1537\">Ingredientes de la barrita energ\u00e9tica MelTonic Miel, lim\u00f3n y fresa<\/strong><\/h2>\n<p data-start=\"1541\" data-end=\"2049\">\ud83c\udf6f <strong data-start=\"1544\" data-end=\"1566\">Miel org\u00e1nica (5%)<\/strong> \u2013 Energ\u00eda natural y sabor suave.<br data-start=\"1599\" data-end=\"1602\">\ud83c\udf53 <strong data-start=\"1605\" data-end=\"1643\">Pepites de fresa org\u00e1nicos (5%)<\/strong> \u2013 Dulzura natural y fuente de antioxidantes.<br data-start=\"1686\" data-end=\"1689\">\ud83c\udf4b <strong data-start=\"1692\" data-end=\"1722\">Polvo de lim\u00f3n org\u00e1nico (4%)<\/strong> \u2013 Rico en vitamina C, mejora la recuperaci\u00f3n y le da frescura al sabor.<br data-start=\"1790\" data-end=\"1793\">\ud83c\udf3e <strong data-start=\"1796\" data-end=\"1833\">Avena y crema de arroz sin gluten<\/strong> : proporciona energ\u00eda de liberaci\u00f3n gradual.<br data-start=\"1874\" data-end=\"1877\">\ud83c\udf30 <strong data-start=\"1880\" data-end=\"1913\">Avellanas y almendras peladas<\/strong> : fuente de grasas saludables y prote\u00ednas vegetales.<br data-start=\"1965\" data-end=\"1968\">\ud83d\udc1d <strong data-start=\"1971\" data-end=\"2003\">Jalea real org\u00e1nica (0,3%<\/strong> ): fortalece el cuerpo y combate la fatiga.<\/p>\n<hr data-start=\"2316\" data-end=\"2321\">\n<h2 data-start=\"2323\" data-end=\"2375\"><strong data-start=\"2326\" data-end=\"2373\">\u00a1Ideal para todos los deportistas!<\/strong><\/h2>\n<p data-start=\"2377\" data-end=\"2595\">Ya <strong data-start=\"2387\" data-end=\"2437\">sea para ciclismo, trail running, triatl\u00f3n o senderismo<\/strong>, esta <strong data-start=\"2441\" data-end=\"2491\">barrita energ\u00e9tica <\/strong> es la elecci\u00f3n perfecta para cualquiera que busque <strong data-start=\"2531\" data-end=\"2592\">energ\u00eda duradera, un sabor incre\u00edble e ingredientes naturales<\/strong>.<\/p>\n<p data-start=\"2597\" data-end=\"2663\">\ud83d\udd25 <strong data-start=\"2600\" data-end=\"2658\">\u00a1Pru\u00e9balo ahora y siente la diferencia en tu rendimiento!<\/strong> \ud83d\ude80<\/p>\n","protected":false},"excerpt":{"rendered":"<p>MelTonic<\/p>\n","protected":false},"featured_media":7754,"comment_status":"open","ping_status":"closed","template":"","meta":[],"product_cat":[236,217],"product_tag":[],"class_list":{"0":"post-8465","1":"product","2":"type-product","3":"status-publish","4":"has-post-thumbnail","6":"product_brand-meltonic-es","7":"product_cat-barritas-energeticas","8":"product_cat-nutricion-de-rendimiento","10":"first","11":"instock","12":"taxable","13":"shipping-taxable","14":"purchasable","15":"product-type-simple"},"yoast_head":"<!-- This site is optimized with the Yoast SEO plugin v27.2 - https:\/\/yoast.com\/product\/yoast-seo-wordpress\/ -->\n<title>MelTonic - Barra energ\u00e9tica, miel, lim\u00f3n y fresa - Store.Eventsmtb<\/title>\n<meta name=\"description\" content=\"Descubre la Barrita Energ\u00e9tica MelTonic de Miel, Lim\u00f3n y Fresa, \u00a1una explosi\u00f3n de sabor! Elaborado con ingredientes 100% org\u00e1nicos para una energ\u00eda duradera.\" \/>\n<meta name=\"robots\" content=\"index, follow, max-snippet:-1, max-image-preview:large, max-video-preview:-1\" \/>\n<link rel=\"canonical\" href=\"https:\/\/store.eventsmtb.com\/es\/produto\/meltonic-barrita-energetica-miel-limon-y-fresa-25g\/\" \/>\n<meta property=\"og:locale\" content=\"es_ES\" \/>\n<meta property=\"og:type\" content=\"article\" \/>\n<meta property=\"og:title\" content=\"MelTonic - Barra energ\u00e9tica, miel, lim\u00f3n y fresa - Store.Eventsmtb\" \/>\n<meta property=\"og:description\" content=\"Descubre la Barrita Energ\u00e9tica MelTonic de Miel, Lim\u00f3n y Fresa, \u00a1una explosi\u00f3n de sabor! Elaborado con ingredientes 100% org\u00e1nicos para una energ\u00eda duradera.\" \/>\n<meta property=\"og:url\" content=\"https:\/\/store.eventsmtb.com\/es\/produto\/meltonic-barrita-energetica-miel-limon-y-fresa-25g\/\" \/>\n<meta property=\"og:site_name\" content=\"Store.Eventsmtb\" \/>\n<meta property=\"article:publisher\" content=\"https:\/\/www.facebook.com\/profile.php?id=100083151405925&amp;locale=pt_PT\" \/>\n<meta property=\"article:modified_time\" content=\"2025-10-07T15:24:39+00:00\" \/>\n<meta property=\"og:image\" content=\"https:\/\/store.eventsmtb.com\/wp-content\/uploads\/2025\/02\/Design-sem-nome-6-1.png\" \/>\n\t<meta property=\"og:image:width\" content=\"1080\" \/>\n\t<meta property=\"og:image:height\" content=\"1080\" \/>\n\t<meta property=\"og:image:type\" content=\"image\/png\" \/>\n<meta name=\"twitter:card\" content=\"summary_large_image\" \/>\n<meta name=\"twitter:label1\" content=\"Tiempo de lectura\" \/>\n\t<meta name=\"twitter:data1\" content=\"3 minutos\" \/>\n<script type=\"application\/ld+json\" class=\"yoast-schema-graph\">{\"@context\":\"https:\/\/schema.org\",\"@graph\":[{\"@type\":\"WebPage\",\"@id\":\"https:\/\/store.eventsmtb.com\/es\/produto\/meltonic-barrita-energetica-miel-limon-y-fresa-25g\/\",\"url\":\"https:\/\/store.eventsmtb.com\/es\/produto\/meltonic-barrita-energetica-miel-limon-y-fresa-25g\/\",\"name\":\"MelTonic - Barra energ\u00e9tica, miel, lim\u00f3n y fresa - Store.Eventsmtb\",\"isPartOf\":{\"@id\":\"https:\/\/store.eventsmtb.com\/es\/#website\"},\"primaryImageOfPage\":{\"@id\":\"https:\/\/store.eventsmtb.com\/es\/produto\/meltonic-barrita-energetica-miel-limon-y-fresa-25g\/#primaryimage\"},\"image\":{\"@id\":\"https:\/\/store.eventsmtb.com\/es\/produto\/meltonic-barrita-energetica-miel-limon-y-fresa-25g\/#primaryimage\"},\"thumbnailUrl\":\"https:\/\/store.eventsmtb.com\/wp-content\/uploads\/2025\/02\/Design-sem-nome-6-1.png\",\"datePublished\":\"2025-02-11T11:43:27+00:00\",\"dateModified\":\"2025-10-07T15:24:39+00:00\",\"description\":\"Descubre la Barrita Energ\u00e9tica MelTonic de Miel, Lim\u00f3n y Fresa, \u00a1una explosi\u00f3n de sabor! Elaborado con ingredientes 100% org\u00e1nicos para una energ\u00eda duradera.\",\"breadcrumb\":{\"@id\":\"https:\/\/store.eventsmtb.com\/es\/produto\/meltonic-barrita-energetica-miel-limon-y-fresa-25g\/#breadcrumb\"},\"inLanguage\":\"es\",\"potentialAction\":[{\"@type\":\"ReadAction\",\"target\":[\"https:\/\/store.eventsmtb.com\/es\/produto\/meltonic-barrita-energetica-miel-limon-y-fresa-25g\/\"]}]},{\"@type\":\"ImageObject\",\"inLanguage\":\"es\",\"@id\":\"https:\/\/store.eventsmtb.com\/es\/produto\/meltonic-barrita-energetica-miel-limon-y-fresa-25g\/#primaryimage\",\"url\":\"https:\/\/store.eventsmtb.com\/wp-content\/uploads\/2025\/02\/Design-sem-nome-6-1.png\",\"contentUrl\":\"https:\/\/store.eventsmtb.com\/wp-content\/uploads\/2025\/02\/Design-sem-nome-6-1.png\",\"width\":1080,\"height\":1080,\"caption\":\"MelTonic- Barrita Energ\u00e9tica, Miel, Lim\u00f3n y Fresa, 25g\"},{\"@type\":\"BreadcrumbList\",\"@id\":\"https:\/\/store.eventsmtb.com\/es\/produto\/meltonic-barrita-energetica-miel-limon-y-fresa-25g\/#breadcrumb\",\"itemListElement\":[{\"@type\":\"ListItem\",\"position\":1,\"name\":\"In\u00edcio\",\"item\":\"https:\/\/store.eventsmtb.com\/es\/\"},{\"@type\":\"ListItem\",\"position\":2,\"name\":\"Tienda\",\"item\":\"https:\/\/store.eventsmtb.com\/es\/tienda\/\"},{\"@type\":\"ListItem\",\"position\":3,\"name\":\"MelTonic &#8211; Barra energ\u00e9tica, miel, lim\u00f3n...\"}]},{\"@type\":\"WebSite\",\"@id\":\"https:\/\/store.eventsmtb.com\/es\/#website\",\"url\":\"https:\/\/store.eventsmtb.com\/es\/\",\"name\":\"Store.Eventsmtb\",\"description\":\"Boost Yourself\",\"publisher\":{\"@id\":\"https:\/\/store.eventsmtb.com\/es\/#organization\"},\"potentialAction\":[{\"@type\":\"SearchAction\",\"target\":{\"@type\":\"EntryPoint\",\"urlTemplate\":\"https:\/\/store.eventsmtb.com\/es\/?s={search_term_string}\"},\"query-input\":{\"@type\":\"PropertyValueSpecification\",\"valueRequired\":true,\"valueName\":\"search_term_string\"}}],\"inLanguage\":\"es\"},{\"@type\":\"Organization\",\"@id\":\"https:\/\/store.eventsmtb.com\/es\/#organization\",\"name\":\"Store.Eventsmtb\",\"url\":\"https:\/\/store.eventsmtb.com\/es\/\",\"logo\":{\"@type\":\"ImageObject\",\"inLanguage\":\"es\",\"@id\":\"https:\/\/store.eventsmtb.com\/es\/#\/schema\/logo\/image\/\",\"url\":\"https:\/\/store.eventsmtb.com\/wp-content\/uploads\/2024\/08\/mtbstore-02-e1723109277246.png\",\"contentUrl\":\"https:\/\/store.eventsmtb.com\/wp-content\/uploads\/2024\/08\/mtbstore-02-e1723109277246.png\",\"width\":1925,\"height\":1765,\"caption\":\"Store.Eventsmtb\"},\"image\":{\"@id\":\"https:\/\/store.eventsmtb.com\/es\/#\/schema\/logo\/image\/\"},\"sameAs\":[\"https:\/\/www.facebook.com\/profile.php?id=100083151405925&locale=pt_PT\"]}]}<\/script>\n<!-- \/ Yoast SEO plugin. -->","yoast_head_json":{"title":"MelTonic - Barra energ\u00e9tica, miel, lim\u00f3n y fresa - Store.Eventsmtb","description":"Descubre la Barrita Energ\u00e9tica MelTonic de Miel, Lim\u00f3n y Fresa, \u00a1una explosi\u00f3n de sabor! Elaborado con ingredientes 100% org\u00e1nicos para una energ\u00eda duradera.","robots":{"index":"index","follow":"follow","max-snippet":"max-snippet:-1","max-image-preview":"max-image-preview:large","max-video-preview":"max-video-preview:-1"},"canonical":"https:\/\/store.eventsmtb.com\/es\/produto\/meltonic-barrita-energetica-miel-limon-y-fresa-25g\/","og_locale":"es_ES","og_type":"article","og_title":"MelTonic - Barra energ\u00e9tica, miel, lim\u00f3n y fresa - Store.Eventsmtb","og_description":"Descubre la Barrita Energ\u00e9tica MelTonic de Miel, Lim\u00f3n y Fresa, \u00a1una explosi\u00f3n de sabor! Elaborado con ingredientes 100% org\u00e1nicos para una energ\u00eda duradera.","og_url":"https:\/\/store.eventsmtb.com\/es\/produto\/meltonic-barrita-energetica-miel-limon-y-fresa-25g\/","og_site_name":"Store.Eventsmtb","article_publisher":"https:\/\/www.facebook.com\/profile.php?id=100083151405925&locale=pt_PT","article_modified_time":"2025-10-07T15:24:39+00:00","og_image":[{"width":1080,"height":1080,"url":"https:\/\/store.eventsmtb.com\/wp-content\/uploads\/2025\/02\/Design-sem-nome-6-1.png","type":"image\/png"}],"twitter_card":"summary_large_image","twitter_misc":{"Tiempo de lectura":"3 minutos"},"schema":{"@context":"https:\/\/schema.org","@graph":[{"@type":"WebPage","@id":"https:\/\/store.eventsmtb.com\/es\/produto\/meltonic-barrita-energetica-miel-limon-y-fresa-25g\/","url":"https:\/\/store.eventsmtb.com\/es\/produto\/meltonic-barrita-energetica-miel-limon-y-fresa-25g\/","name":"MelTonic - Barra energ\u00e9tica, miel, lim\u00f3n y fresa - Store.Eventsmtb","isPartOf":{"@id":"https:\/\/store.eventsmtb.com\/es\/#website"},"primaryImageOfPage":{"@id":"https:\/\/store.eventsmtb.com\/es\/produto\/meltonic-barrita-energetica-miel-limon-y-fresa-25g\/#primaryimage"},"image":{"@id":"https:\/\/store.eventsmtb.com\/es\/produto\/meltonic-barrita-energetica-miel-limon-y-fresa-25g\/#primaryimage"},"thumbnailUrl":"https:\/\/store.eventsmtb.com\/wp-content\/uploads\/2025\/02\/Design-sem-nome-6-1.png","datePublished":"2025-02-11T11:43:27+00:00","dateModified":"2025-10-07T15:24:39+00:00","description":"Descubre la Barrita Energ\u00e9tica MelTonic de Miel, Lim\u00f3n y Fresa, \u00a1una explosi\u00f3n de sabor! Elaborado con ingredientes 100% org\u00e1nicos para una energ\u00eda duradera.","breadcrumb":{"@id":"https:\/\/store.eventsmtb.com\/es\/produto\/meltonic-barrita-energetica-miel-limon-y-fresa-25g\/#breadcrumb"},"inLanguage":"es","potentialAction":[{"@type":"ReadAction","target":["https:\/\/store.eventsmtb.com\/es\/produto\/meltonic-barrita-energetica-miel-limon-y-fresa-25g\/"]}]},{"@type":"ImageObject","inLanguage":"es","@id":"https:\/\/store.eventsmtb.com\/es\/produto\/meltonic-barrita-energetica-miel-limon-y-fresa-25g\/#primaryimage","url":"https:\/\/store.eventsmtb.com\/wp-content\/uploads\/2025\/02\/Design-sem-nome-6-1.png","contentUrl":"https:\/\/store.eventsmtb.com\/wp-content\/uploads\/2025\/02\/Design-sem-nome-6-1.png","width":1080,"height":1080,"caption":"MelTonic- Barrita Energ\u00e9tica, Miel, Lim\u00f3n y Fresa, 25g"},{"@type":"BreadcrumbList","@id":"https:\/\/store.eventsmtb.com\/es\/produto\/meltonic-barrita-energetica-miel-limon-y-fresa-25g\/#breadcrumb","itemListElement":[{"@type":"ListItem","position":1,"name":"In\u00edcio","item":"https:\/\/store.eventsmtb.com\/es\/"},{"@type":"ListItem","position":2,"name":"Tienda","item":"https:\/\/store.eventsmtb.com\/es\/tienda\/"},{"@type":"ListItem","position":3,"name":"MelTonic &#8211; Barra energ\u00e9tica, miel, lim\u00f3n..."}]},{"@type":"WebSite","@id":"https:\/\/store.eventsmtb.com\/es\/#website","url":"https:\/\/store.eventsmtb.com\/es\/","name":"Store.Eventsmtb","description":"Boost Yourself","publisher":{"@id":"https:\/\/store.eventsmtb.com\/es\/#organization"},"potentialAction":[{"@type":"SearchAction","target":{"@type":"EntryPoint","urlTemplate":"https:\/\/store.eventsmtb.com\/es\/?s={search_term_string}"},"query-input":{"@type":"PropertyValueSpecification","valueRequired":true,"valueName":"search_term_string"}}],"inLanguage":"es"},{"@type":"Organization","@id":"https:\/\/store.eventsmtb.com\/es\/#organization","name":"Store.Eventsmtb","url":"https:\/\/store.eventsmtb.com\/es\/","logo":{"@type":"ImageObject","inLanguage":"es","@id":"https:\/\/store.eventsmtb.com\/es\/#\/schema\/logo\/image\/","url":"https:\/\/store.eventsmtb.com\/wp-content\/uploads\/2024\/08\/mtbstore-02-e1723109277246.png","contentUrl":"https:\/\/store.eventsmtb.com\/wp-content\/uploads\/2024\/08\/mtbstore-02-e1723109277246.png","width":1925,"height":1765,"caption":"Store.Eventsmtb"},"image":{"@id":"https:\/\/store.eventsmtb.com\/es\/#\/schema\/logo\/image\/"},"sameAs":["https:\/\/www.facebook.com\/profile.php?id=100083151405925&locale=pt_PT"]}]}},"_links":{"self":[{"href":"https:\/\/store.eventsmtb.com\/es\/wp-json\/wp\/v2\/product\/8465","targetHints":{"allow":["GET"]}}],"collection":[{"href":"https:\/\/store.eventsmtb.com\/es\/wp-json\/wp\/v2\/product"}],"about":[{"href":"https:\/\/store.eventsmtb.com\/es\/wp-json\/wp\/v2\/types\/product"}],"replies":[{"embeddable":true,"href":"https:\/\/store.eventsmtb.com\/es\/wp-json\/wp\/v2\/comments?post=8465"}],"wp:featuredmedia":[{"embeddable":true,"href":"https:\/\/store.eventsmtb.com\/es\/wp-json\/wp\/v2\/media\/7754"}],"wp:attachment":[{"href":"https:\/\/store.eventsmtb.com\/es\/wp-json\/wp\/v2\/media?parent=8465"}],"wp:term":[{"taxonomy":"product_cat","embeddable":true,"href":"https:\/\/store.eventsmtb.com\/es\/wp-json\/wp\/v2\/product_cat?post=8465"},{"taxonomy":"product_tag","embeddable":true,"href":"https:\/\/store.eventsmtb.com\/es\/wp-json\/wp\/v2\/product_tag?post=8465"}],"curies":[{"name":"wp","href":"https:\/\/api.w.org\/{rel}","templated":true}]}}