{"id":8468,"date":"2025-02-17T12:57:05","date_gmt":"2025-02-17T12:57:05","guid":{"rendered":"https:\/\/store.eventsmtb.com\/produto\/naak-ultra-energy-pure-energetico-manzana-y-jarabe-de-arce-90g\/"},"modified":"2026-03-29T16:38:13","modified_gmt":"2026-03-29T16:38:13","slug":"naak-ultra-energy-pure-energetico-manzana-y-jarabe-de-arce-90g","status":"publish","type":"product","link":"https:\/\/store.eventsmtb.com\/es\/produto\/naak-ultra-energy-pure-energetico-manzana-y-jarabe-de-arce-90g\/","title":{"rendered":"N\u00e4ak Ultra Energy\u2122 &#8211; Pur\u00e9 energ\u00e9tico"},"content":{"rendered":"<h3 data-start=\"242\" data-end=\"289\">N\u00e4ak Ultra Energy\u2122 &#8211; Pur\u00e9 Energ\u00e9tico<\/h3>\n<p data-start=\"291\" data-end=\"780\">Cuando tu cuerpo necesita energ\u00eda estable y f\u00e1cilmente digerible, <strong data-start=\"355\" data-end=\"393\">N\u00e4ak Ultra Energy\u2122 Puree<\/strong> es la soluci\u00f3n ideal. Desarrollado espec\u00edficamente para <g id=\"gid_1\">deportes de ultra resistencia<\/g>, este pur\u00e9 ofrece <g id=\"gid_2\">200 calor\u00edas por porci\u00f3n<\/g>, lo que garantiza una ingesta energ\u00e9tica eficiente sin comprometer la digesti\u00f3n. Su <strong data-start=\"604\" data-end=\"627\">textura semil\u00edquida<\/strong>, similar a las gachas para beb\u00e9s, es m\u00e1s f\u00e1cil de consumir que las barritas energ\u00e9ticas o los geles, lo que te ayuda a mantener la energ\u00eda sin sobrecargar tu est\u00f3mago.  <\/p>\n<p data-start=\"782\" data-end=\"1120\">Elaborado con <strong data-start=\"792\" data-end=\"842\">un 54% de manzana ecol\u00f3gica y un 15% de jarabe de arce<\/strong>, este pur\u00e9 proporciona un sabor naturalmente dulce y refrescante sin aditivos artificiales. La combinaci\u00f3n de ingredientes org\u00e1nicos y reutilizados hace de N\u00e4ak Ultra Energy\u2122 una opci\u00f3n sostenible para los atletas que buscan el m\u00e1ximo rendimiento sin comprometer el medio ambiente. <\/p>\n<hr data-start=\"1122\" data-end=\"1125\">\n<h3 data-start=\"1127\" data-end=\"1186\">\u00bfPor qu\u00e9 elegir N\u00e4ak Ultra Energy\u2122 &#8211; Energy Puree?<\/h3>\n<p data-start=\"1188\" data-end=\"1862\">\u2714 <strong data-start=\"1190\" data-end=\"1230\">Energ\u00eda estable y absorci\u00f3n eficiente<\/strong> : f\u00f3rmula equilibrada para prevenir picos de energ\u00eda y descansos durante el ejercicio.<br data-start=\"1312\" data-end=\"1315\">\u2714 <strong data-start=\"1317\" data-end=\"1345\">Textura f\u00e1cil de ingerir<\/strong> : m\u00e1s suave que las barras y m\u00e1s c\u00f3moda para el est\u00f3mago que los geles.<br data-start=\"1420\" data-end=\"1423\">\u2714 <strong data-start=\"1425\" data-end=\"1442\">Rico en BCAA<\/strong> \u2013 Contiene amino\u00e1cidos esenciales (Leucina, Isoleucina y Valina) que ayudan a reducir la fatiga muscular y optimizar las reservas de energ\u00eda.<br data-start=\"1579\" data-end=\"1582\">\u2714 <strong data-start=\"1584\" data-end=\"1626\">Ingredientes org\u00e1nicos y sostenibles<\/strong> : producidos con ingredientes rastreables y de origen local, utilizando procesos que minimizan el impacto ambiental.<br data-start=\"1742\" data-end=\"1745\">\u2714 <strong data-start=\"1747\" data-end=\"1769\">Producci\u00f3n ecol\u00f3gica<\/strong> \u2013 Fabricado en una unidad que utiliza energ\u00eda verde, promoviendo pr\u00e1cticas m\u00e1s sostenibles.<\/p>\n<hr data-start=\"1864\" data-end=\"1867\">\n<h3 data-start=\"1869\" data-end=\"1909\">Ingredientes naturales y ecol\u00f3gicos<\/h3>\n<ul data-start=\"1911\" data-end=\"2232\">\n<li data-start=\"1911\" data-end=\"1930\"><em data-start=\"1913\" data-end=\"1927\">Manzana (54%)<\/em>*<\/li>\n<li data-start=\"1931\" data-end=\"1961\"><em data-start=\"1933\" data-end=\"1958\">Jarabe de arce (15%)*<\/em><\/li>\n<li data-start=\"1962\" data-end=\"1997\">*<em data-start=\"1965\" data-end=\"1995\">Harina de avena hidrolizada<\/em><\/li>\n<li data-start=\"1998\" data-end=\"2017\">Aceite de canola*<\/li>\n<li data-start=\"2018\" data-end=\"2026\">Agua<\/li>\n<li data-start=\"2027\" data-end=\"2056\">Prote\u00edna de guisante* (2%)<\/li>\n<li data-start=\"2057\" data-end=\"2108\">Prote\u00edna de cebada y arroz (contiene gluten) (2%)<\/li>\n<li data-start=\"2109\" data-end=\"2148\">Corrector de acidez (\u00e1cido c\u00edtrico)<\/li>\n<li data-start=\"2149\" data-end=\"2164\">Sal marina<\/li>\n<li data-start=\"2165\" data-end=\"2213\">Antioxidante natural (mezcla de tocoferol)<\/li>\n<li data-start=\"2214\" data-end=\"2232\">Aroma natural*<\/li>\n<\/ul>\n<p data-start=\"2234\" data-end=\"2262\">(*Ingredientes org\u00e1nicos)<\/p>\n<p data-start=\"2264\" data-end=\"2318\">Sin colorantes, conservantes ni edulcorantes artificiales.<\/p>\n<hr data-start=\"2320\" data-end=\"2323\">\n<h3 data-start=\"2325\" data-end=\"2354\">\u00bfC\u00f3mo y cu\u00e1ndo consumir?<\/h3>\n<p data-start=\"2356\" data-end=\"2449\">Para obtener el mejor rendimiento durante tus entrenamientos y carreras, sigue estas recomendaciones:<\/p>\n<p data-start=\"2451\" data-end=\"2766\">\ud83c\udfc3 <strong data-start=\"2454\" data-end=\"2497\">Entrenamientos y competiciones de corta\/media duraci\u00f3n<\/strong>: Consumir <strong data-start=\"2507\" data-end=\"2538\">1 pur\u00e9 cada 45-60 minutos<\/strong> de ejercicio.<br data-start=\"2552\" data-end=\"2555\">\u26f0\ufe0f <strong data-start=\"2558\" data-end=\"2602\">Ultramaratones y carreras de larga duraci\u00f3n<\/strong>: Para una energ\u00eda constante, ajuste la ingesta a un total de <strong data-start=\"2667\" data-end=\"2692\">300-350 kcal por hora<\/strong>, combinando el pur\u00e9 con otros productos de la l\u00ednea <strong data-start=\"2741\" data-end=\"2763\">N\u00e4ak Ultra Energy\u2122<\/strong>.<\/p>\n<p data-start=\"2768\" data-end=\"2843\">\u00a1Dile adi\u00f3s a la fatiga y mant\u00e9n tu est\u00f3mago feliz todo el tiempo!<\/p>\n<hr data-start=\"2845\" data-end=\"2848\">\n<h3 data-start=\"2850\" data-end=\"2892\">Sostenibilidad e impacto ambiental<\/h3>\n<p data-start=\"2894\" data-end=\"3273\">N\u00e4ak Ultra Energy\u2122 &#8211; Energy Puree va m\u00e1s all\u00e1 del rendimiento deportivo: es una elecci\u00f3n consciente para el planeta. Cada paquete est\u00e1 hecho con <g id=\"gid_0\">ingredientes org\u00e1nicos y reutilizados<\/g>, lo que reduce el desperdicio de alimentos y promueve pr\u00e1cticas sostenibles. Adem\u00e1s, todo el proceso de producci\u00f3n se lleva a cabo en una <strong data-start=\"3209\" data-end=\"3237\">f\u00e1brica de energ\u00eda verde<\/strong>, minimizando la huella de carbono.  <\/p>\n<p data-start=\"3275\" data-end=\"3384\">Si est\u00e1s buscando un suplemento energ\u00e9tico <strong data-start=\"3312\" data-end=\"3351\">eficaz, natural y respetuoso con el medio ambiente<\/strong>, esta es la opci\u00f3n ideal para ti.<\/p>\n","protected":false},"excerpt":{"rendered":"<p>N\u00e4ak Ultra Energy\u2122<\/p>\n","protected":false},"featured_media":7831,"comment_status":"open","ping_status":"closed","template":"","meta":[],"product_cat":[217,278],"product_tag":[],"class_list":{"0":"post-8468","1":"product","2":"type-product","3":"status-publish","4":"has-post-thumbnail","6":"product_brand-naak-ultra-energy-es","7":"product_cat-nutricion-de-rendimiento","8":"product_cat-pures-es","10":"first","11":"instock","12":"taxable","13":"shipping-taxable","14":"purchasable","15":"product-type-simple"},"yoast_head":"<!-- This site is optimized with the Yoast SEO plugin v27.2 - https:\/\/yoast.com\/product\/yoast-seo-wordpress\/ -->\n<title>N\u00e4ak Ultra Energy\u2122 Pur\u00e9 Energ\u00e9tico Maza y Jarabe de Arce<\/title>\n<meta name=\"description\" content=\"Cuando tu cuerpo necesita energ\u00eda estable y f\u00e1cilmente digerible, N\u00e4ak Ultra Energy\u2122 Puree es la soluci\u00f3n ideal. Desarrollado espec\u00edficamente para ti.\" \/>\n<meta name=\"robots\" content=\"index, follow, max-snippet:-1, max-image-preview:large, max-video-preview:-1\" \/>\n<link rel=\"canonical\" href=\"https:\/\/store.eventsmtb.com\/es\/produto\/naak-ultra-energy-pure-energetico-manzana-y-jarabe-de-arce-90g\/\" \/>\n<meta property=\"og:locale\" content=\"es_ES\" \/>\n<meta property=\"og:type\" content=\"article\" \/>\n<meta property=\"og:title\" content=\"N\u00e4ak Ultra Energy\u2122 Pur\u00e9 Energ\u00e9tico Maza y Jarabe de Arce\" \/>\n<meta property=\"og:description\" content=\"Cuando tu cuerpo necesita energ\u00eda estable y f\u00e1cilmente digerible, N\u00e4ak Ultra Energy\u2122 Puree es la soluci\u00f3n ideal. Desarrollado espec\u00edficamente para ti.\" \/>\n<meta property=\"og:url\" content=\"https:\/\/store.eventsmtb.com\/es\/produto\/naak-ultra-energy-pure-energetico-manzana-y-jarabe-de-arce-90g\/\" \/>\n<meta property=\"og:site_name\" content=\"Store.Eventsmtb\" \/>\n<meta property=\"article:publisher\" content=\"https:\/\/www.facebook.com\/profile.php?id=100083151405925&amp;locale=pt_PT\" \/>\n<meta property=\"article:modified_time\" content=\"2026-03-29T16:38:13+00:00\" \/>\n<meta property=\"og:image\" content=\"https:\/\/store.eventsmtb.com\/wp-content\/uploads\/2025\/02\/naak-energy-puree-energy-puree-apple-maple-syrup-42225757651248_600x.webp\" \/>\n\t<meta property=\"og:image:width\" content=\"600\" \/>\n\t<meta property=\"og:image:height\" content=\"600\" \/>\n\t<meta property=\"og:image:type\" content=\"image\/webp\" \/>\n<meta name=\"twitter:card\" content=\"summary_large_image\" \/>\n<meta name=\"twitter:label1\" content=\"Tiempo de lectura\" \/>\n\t<meta name=\"twitter:data1\" content=\"3 minutos\" \/>\n<script type=\"application\/ld+json\" class=\"yoast-schema-graph\">{\"@context\":\"https:\/\/schema.org\",\"@graph\":[{\"@type\":\"WebPage\",\"@id\":\"https:\/\/store.eventsmtb.com\/es\/produto\/naak-ultra-energy-pure-energetico-manzana-y-jarabe-de-arce-90g\/\",\"url\":\"https:\/\/store.eventsmtb.com\/es\/produto\/naak-ultra-energy-pure-energetico-manzana-y-jarabe-de-arce-90g\/\",\"name\":\"N\u00e4ak Ultra Energy\u2122 Pur\u00e9 Energ\u00e9tico Maza y Jarabe de Arce\",\"isPartOf\":{\"@id\":\"https:\/\/store.eventsmtb.com\/es\/#website\"},\"primaryImageOfPage\":{\"@id\":\"https:\/\/store.eventsmtb.com\/es\/produto\/naak-ultra-energy-pure-energetico-manzana-y-jarabe-de-arce-90g\/#primaryimage\"},\"image\":{\"@id\":\"https:\/\/store.eventsmtb.com\/es\/produto\/naak-ultra-energy-pure-energetico-manzana-y-jarabe-de-arce-90g\/#primaryimage\"},\"thumbnailUrl\":\"https:\/\/store.eventsmtb.com\/wp-content\/uploads\/2025\/02\/naak-energy-puree-energy-puree-apple-maple-syrup-42225757651248_600x.webp\",\"datePublished\":\"2025-02-17T12:57:05+00:00\",\"dateModified\":\"2026-03-29T16:38:13+00:00\",\"description\":\"Cuando tu cuerpo necesita energ\u00eda estable y f\u00e1cilmente digerible, N\u00e4ak Ultra Energy\u2122 Puree es la soluci\u00f3n ideal. Desarrollado espec\u00edficamente para ti.\",\"breadcrumb\":{\"@id\":\"https:\/\/store.eventsmtb.com\/es\/produto\/naak-ultra-energy-pure-energetico-manzana-y-jarabe-de-arce-90g\/#breadcrumb\"},\"inLanguage\":\"es\",\"potentialAction\":[{\"@type\":\"ReadAction\",\"target\":[\"https:\/\/store.eventsmtb.com\/es\/produto\/naak-ultra-energy-pure-energetico-manzana-y-jarabe-de-arce-90g\/\"]}]},{\"@type\":\"ImageObject\",\"inLanguage\":\"es\",\"@id\":\"https:\/\/store.eventsmtb.com\/es\/produto\/naak-ultra-energy-pure-energetico-manzana-y-jarabe-de-arce-90g\/#primaryimage\",\"url\":\"https:\/\/store.eventsmtb.com\/wp-content\/uploads\/2025\/02\/naak-energy-puree-energy-puree-apple-maple-syrup-42225757651248_600x.webp\",\"contentUrl\":\"https:\/\/store.eventsmtb.com\/wp-content\/uploads\/2025\/02\/naak-energy-puree-energy-puree-apple-maple-syrup-42225757651248_600x.webp\",\"width\":600,\"height\":600,\"caption\":\"N\u00e4ak Ultra Energy\u2122 - Pur\u00e9 energ\u00e9tico, manzana y jarabe de arce, 90g\"},{\"@type\":\"BreadcrumbList\",\"@id\":\"https:\/\/store.eventsmtb.com\/es\/produto\/naak-ultra-energy-pure-energetico-manzana-y-jarabe-de-arce-90g\/#breadcrumb\",\"itemListElement\":[{\"@type\":\"ListItem\",\"position\":1,\"name\":\"In\u00edcio\",\"item\":\"https:\/\/store.eventsmtb.com\/es\/\"},{\"@type\":\"ListItem\",\"position\":2,\"name\":\"Tienda\",\"item\":\"https:\/\/store.eventsmtb.com\/es\/tienda\/\"},{\"@type\":\"ListItem\",\"position\":3,\"name\":\"N\u00e4ak Ultra Energy\u2122 &#8211; Pur\u00e9 energ\u00e9tico\"}]},{\"@type\":\"WebSite\",\"@id\":\"https:\/\/store.eventsmtb.com\/es\/#website\",\"url\":\"https:\/\/store.eventsmtb.com\/es\/\",\"name\":\"Store.Eventsmtb\",\"description\":\"Boost Yourself\",\"publisher\":{\"@id\":\"https:\/\/store.eventsmtb.com\/es\/#organization\"},\"potentialAction\":[{\"@type\":\"SearchAction\",\"target\":{\"@type\":\"EntryPoint\",\"urlTemplate\":\"https:\/\/store.eventsmtb.com\/es\/?s={search_term_string}\"},\"query-input\":{\"@type\":\"PropertyValueSpecification\",\"valueRequired\":true,\"valueName\":\"search_term_string\"}}],\"inLanguage\":\"es\"},{\"@type\":\"Organization\",\"@id\":\"https:\/\/store.eventsmtb.com\/es\/#organization\",\"name\":\"Store.Eventsmtb\",\"url\":\"https:\/\/store.eventsmtb.com\/es\/\",\"logo\":{\"@type\":\"ImageObject\",\"inLanguage\":\"es\",\"@id\":\"https:\/\/store.eventsmtb.com\/es\/#\/schema\/logo\/image\/\",\"url\":\"https:\/\/store.eventsmtb.com\/wp-content\/uploads\/2024\/08\/mtbstore-02-e1723109277246.png\",\"contentUrl\":\"https:\/\/store.eventsmtb.com\/wp-content\/uploads\/2024\/08\/mtbstore-02-e1723109277246.png\",\"width\":1925,\"height\":1765,\"caption\":\"Store.Eventsmtb\"},\"image\":{\"@id\":\"https:\/\/store.eventsmtb.com\/es\/#\/schema\/logo\/image\/\"},\"sameAs\":[\"https:\/\/www.facebook.com\/profile.php?id=100083151405925&locale=pt_PT\"]}]}<\/script>\n<!-- \/ Yoast SEO plugin. -->","yoast_head_json":{"title":"N\u00e4ak Ultra Energy\u2122 Pur\u00e9 Energ\u00e9tico Maza y Jarabe de Arce","description":"Cuando tu cuerpo necesita energ\u00eda estable y f\u00e1cilmente digerible, N\u00e4ak Ultra Energy\u2122 Puree es la soluci\u00f3n ideal. Desarrollado espec\u00edficamente para ti.","robots":{"index":"index","follow":"follow","max-snippet":"max-snippet:-1","max-image-preview":"max-image-preview:large","max-video-preview":"max-video-preview:-1"},"canonical":"https:\/\/store.eventsmtb.com\/es\/produto\/naak-ultra-energy-pure-energetico-manzana-y-jarabe-de-arce-90g\/","og_locale":"es_ES","og_type":"article","og_title":"N\u00e4ak Ultra Energy\u2122 Pur\u00e9 Energ\u00e9tico Maza y Jarabe de Arce","og_description":"Cuando tu cuerpo necesita energ\u00eda estable y f\u00e1cilmente digerible, N\u00e4ak Ultra Energy\u2122 Puree es la soluci\u00f3n ideal. Desarrollado espec\u00edficamente para ti.","og_url":"https:\/\/store.eventsmtb.com\/es\/produto\/naak-ultra-energy-pure-energetico-manzana-y-jarabe-de-arce-90g\/","og_site_name":"Store.Eventsmtb","article_publisher":"https:\/\/www.facebook.com\/profile.php?id=100083151405925&locale=pt_PT","article_modified_time":"2026-03-29T16:38:13+00:00","og_image":[{"width":600,"height":600,"url":"https:\/\/store.eventsmtb.com\/wp-content\/uploads\/2025\/02\/naak-energy-puree-energy-puree-apple-maple-syrup-42225757651248_600x.webp","type":"image\/webp"}],"twitter_card":"summary_large_image","twitter_misc":{"Tiempo de lectura":"3 minutos"},"schema":{"@context":"https:\/\/schema.org","@graph":[{"@type":"WebPage","@id":"https:\/\/store.eventsmtb.com\/es\/produto\/naak-ultra-energy-pure-energetico-manzana-y-jarabe-de-arce-90g\/","url":"https:\/\/store.eventsmtb.com\/es\/produto\/naak-ultra-energy-pure-energetico-manzana-y-jarabe-de-arce-90g\/","name":"N\u00e4ak Ultra Energy\u2122 Pur\u00e9 Energ\u00e9tico Maza y Jarabe de Arce","isPartOf":{"@id":"https:\/\/store.eventsmtb.com\/es\/#website"},"primaryImageOfPage":{"@id":"https:\/\/store.eventsmtb.com\/es\/produto\/naak-ultra-energy-pure-energetico-manzana-y-jarabe-de-arce-90g\/#primaryimage"},"image":{"@id":"https:\/\/store.eventsmtb.com\/es\/produto\/naak-ultra-energy-pure-energetico-manzana-y-jarabe-de-arce-90g\/#primaryimage"},"thumbnailUrl":"https:\/\/store.eventsmtb.com\/wp-content\/uploads\/2025\/02\/naak-energy-puree-energy-puree-apple-maple-syrup-42225757651248_600x.webp","datePublished":"2025-02-17T12:57:05+00:00","dateModified":"2026-03-29T16:38:13+00:00","description":"Cuando tu cuerpo necesita energ\u00eda estable y f\u00e1cilmente digerible, N\u00e4ak Ultra Energy\u2122 Puree es la soluci\u00f3n ideal. Desarrollado espec\u00edficamente para ti.","breadcrumb":{"@id":"https:\/\/store.eventsmtb.com\/es\/produto\/naak-ultra-energy-pure-energetico-manzana-y-jarabe-de-arce-90g\/#breadcrumb"},"inLanguage":"es","potentialAction":[{"@type":"ReadAction","target":["https:\/\/store.eventsmtb.com\/es\/produto\/naak-ultra-energy-pure-energetico-manzana-y-jarabe-de-arce-90g\/"]}]},{"@type":"ImageObject","inLanguage":"es","@id":"https:\/\/store.eventsmtb.com\/es\/produto\/naak-ultra-energy-pure-energetico-manzana-y-jarabe-de-arce-90g\/#primaryimage","url":"https:\/\/store.eventsmtb.com\/wp-content\/uploads\/2025\/02\/naak-energy-puree-energy-puree-apple-maple-syrup-42225757651248_600x.webp","contentUrl":"https:\/\/store.eventsmtb.com\/wp-content\/uploads\/2025\/02\/naak-energy-puree-energy-puree-apple-maple-syrup-42225757651248_600x.webp","width":600,"height":600,"caption":"N\u00e4ak Ultra Energy\u2122 - Pur\u00e9 energ\u00e9tico, manzana y jarabe de arce, 90g"},{"@type":"BreadcrumbList","@id":"https:\/\/store.eventsmtb.com\/es\/produto\/naak-ultra-energy-pure-energetico-manzana-y-jarabe-de-arce-90g\/#breadcrumb","itemListElement":[{"@type":"ListItem","position":1,"name":"In\u00edcio","item":"https:\/\/store.eventsmtb.com\/es\/"},{"@type":"ListItem","position":2,"name":"Tienda","item":"https:\/\/store.eventsmtb.com\/es\/tienda\/"},{"@type":"ListItem","position":3,"name":"N\u00e4ak Ultra Energy\u2122 &#8211; Pur\u00e9 energ\u00e9tico"}]},{"@type":"WebSite","@id":"https:\/\/store.eventsmtb.com\/es\/#website","url":"https:\/\/store.eventsmtb.com\/es\/","name":"Store.Eventsmtb","description":"Boost Yourself","publisher":{"@id":"https:\/\/store.eventsmtb.com\/es\/#organization"},"potentialAction":[{"@type":"SearchAction","target":{"@type":"EntryPoint","urlTemplate":"https:\/\/store.eventsmtb.com\/es\/?s={search_term_string}"},"query-input":{"@type":"PropertyValueSpecification","valueRequired":true,"valueName":"search_term_string"}}],"inLanguage":"es"},{"@type":"Organization","@id":"https:\/\/store.eventsmtb.com\/es\/#organization","name":"Store.Eventsmtb","url":"https:\/\/store.eventsmtb.com\/es\/","logo":{"@type":"ImageObject","inLanguage":"es","@id":"https:\/\/store.eventsmtb.com\/es\/#\/schema\/logo\/image\/","url":"https:\/\/store.eventsmtb.com\/wp-content\/uploads\/2024\/08\/mtbstore-02-e1723109277246.png","contentUrl":"https:\/\/store.eventsmtb.com\/wp-content\/uploads\/2024\/08\/mtbstore-02-e1723109277246.png","width":1925,"height":1765,"caption":"Store.Eventsmtb"},"image":{"@id":"https:\/\/store.eventsmtb.com\/es\/#\/schema\/logo\/image\/"},"sameAs":["https:\/\/www.facebook.com\/profile.php?id=100083151405925&locale=pt_PT"]}]}},"_links":{"self":[{"href":"https:\/\/store.eventsmtb.com\/es\/wp-json\/wp\/v2\/product\/8468","targetHints":{"allow":["GET"]}}],"collection":[{"href":"https:\/\/store.eventsmtb.com\/es\/wp-json\/wp\/v2\/product"}],"about":[{"href":"https:\/\/store.eventsmtb.com\/es\/wp-json\/wp\/v2\/types\/product"}],"replies":[{"embeddable":true,"href":"https:\/\/store.eventsmtb.com\/es\/wp-json\/wp\/v2\/comments?post=8468"}],"wp:featuredmedia":[{"embeddable":true,"href":"https:\/\/store.eventsmtb.com\/es\/wp-json\/wp\/v2\/media\/7831"}],"wp:attachment":[{"href":"https:\/\/store.eventsmtb.com\/es\/wp-json\/wp\/v2\/media?parent=8468"}],"wp:term":[{"taxonomy":"product_cat","embeddable":true,"href":"https:\/\/store.eventsmtb.com\/es\/wp-json\/wp\/v2\/product_cat?post=8468"},{"taxonomy":"product_tag","embeddable":true,"href":"https:\/\/store.eventsmtb.com\/es\/wp-json\/wp\/v2\/product_tag?post=8468"}],"curies":[{"name":"wp","href":"https:\/\/api.w.org\/{rel}","templated":true}]}}