{"id":8576,"date":"2022-11-29T18:24:15","date_gmt":"2022-11-29T18:24:15","guid":{"rendered":"https:\/\/store.eventsmtb.com\/produto\/pulpa-de-fruta-vegana-energetica-pina-y-coco-65g\/"},"modified":"2025-10-07T15:27:08","modified_gmt":"2025-10-07T15:27:08","slug":"pulpa-de-fruta-vegana-energetica-pina-y-coco-65g","status":"publish","type":"product","link":"https:\/\/store.eventsmtb.com\/es\/produto\/pulpa-de-fruta-vegana-energetica-pina-y-coco-65g\/","title":{"rendered":"Pulpa de Fruta Vegana Energ\u00e9tica &#8211;..."},"content":{"rendered":"<p>\u00bfNecesitas una explosi\u00f3n de energ\u00eda natural y tropical para tus entrenamientos o aventuras? \u00a1La <strong>pulpa de fruta vegana de pi\u00f1a y coco con energ\u00eda<\/strong> de Mulebar es la elecci\u00f3n perfecta para ti! Con ingredientes 100% naturales, esta pulpa te proporciona la deliciosa combinaci\u00f3n de pi\u00f1a y coco, ideal para reponer energ\u00eda de forma sana y sabrosa.  <\/p>\n<h4>Beneficios clave:<\/h4>\n<ul>\n<li><strong>Energ\u00eda r\u00e1pida y natural<\/strong>: Cada sobre de 65 g te ofrece la cantidad perfecta de hidratos de carbono para darte un impulso de energ\u00eda inmediato.<\/li>\n<li><strong>Sabor Tropical a Pi\u00f1a y Coco: Disfruta<\/strong> del sabor ex\u00f3tico y refrescante de la pi\u00f1a combinado con la suavidad del coco, sin aditivos artificiales.<\/li>\n<li><strong>Vegana y sin gluten<\/strong>: Apta para dietas veganas y sin gluten, esta pulpa es una opci\u00f3n saludable y nutritiva para todos.<\/li>\n<li><strong>F\u00e1cil de transportar<\/strong>: Ll\u00e9vate esta pr\u00e1ctica bolsita para tus entrenamientos, caminatas o simplemente como un tentempi\u00e9 r\u00e1pido y saludable a lo largo del d\u00eda.<\/li>\n<\/ul>\n<h4>Ingredientes naturales:<\/h4>\n<p>Esta pulpa est\u00e1 compuesta por pur\u00e9 de pi\u00f1a y coco, complementado con jarabe de arroz y una pizca de sal marina, creando la combinaci\u00f3n ideal de sabor y energ\u00eda.<\/p>\n<p>Si est\u00e1s buscando una forma pr\u00e1ctica, sabrosa y natural de mantener tu energ\u00eda, prueba la <strong>Pulpa de Fruta Vegana Energy &#8211; Pi\u00f1a y Coco<\/strong> y siente la diferencia en tu rendimiento.<\/p>\n","protected":false},"excerpt":{"rendered":"<p>Mulebar<\/p>\n","protected":false},"featured_media":7044,"comment_status":"open","ping_status":"closed","template":"","meta":[],"product_cat":[217,252],"product_tag":[],"class_list":{"0":"post-8576","1":"product","2":"type-product","3":"status-publish","4":"has-post-thumbnail","6":"product_cat-nutricion-de-rendimiento","7":"product_cat-pulpa-de-fruta","8":"pa_quantidade-caja10","9":"pa_quantidade-unidad1","11":"first","12":"outofstock","13":"taxable","14":"shipping-taxable","15":"purchasable","16":"product-type-simple"},"yoast_head":"<!-- This site is optimized with the Yoast SEO plugin v27.2 - https:\/\/yoast.com\/product\/yoast-seo-wordpress\/ -->\n<title>Pulpa de Fruta Vegana Energ\u00e9tica - Pi\u00f1a y Coco 65g - Store.Eventsmtb<\/title>\n<meta name=\"description\" content=\"Pulpa de Fruta Vegana Energ\u00e9tica - Pi\u00f1a y Coco 65g - \u00bfNecesitas una explosi\u00f3n de energ\u00eda natural y tropical para tus entrenamientos o aventuras? \u00a1La\" \/>\n<meta name=\"robots\" content=\"index, follow, max-snippet:-1, max-image-preview:large, max-video-preview:-1\" \/>\n<link rel=\"canonical\" href=\"https:\/\/store.eventsmtb.com\/es\/produto\/pulpa-de-fruta-vegana-energetica-pina-y-coco-65g\/\" \/>\n<meta property=\"og:locale\" content=\"es_ES\" \/>\n<meta property=\"og:type\" content=\"article\" \/>\n<meta property=\"og:title\" content=\"Pulpa de Fruta Vegana Energ\u00e9tica - Pi\u00f1a y Coco 65g - Store.Eventsmtb\" \/>\n<meta property=\"og:description\" content=\"Pulpa de Fruta Vegana Energ\u00e9tica - Pi\u00f1a y Coco 65g - \u00bfNecesitas una explosi\u00f3n de energ\u00eda natural y tropical para tus entrenamientos o aventuras? \u00a1La\" \/>\n<meta property=\"og:url\" content=\"https:\/\/store.eventsmtb.com\/es\/produto\/pulpa-de-fruta-vegana-energetica-pina-y-coco-65g\/\" \/>\n<meta property=\"og:site_name\" content=\"Store.Eventsmtb\" \/>\n<meta property=\"article:publisher\" content=\"https:\/\/www.facebook.com\/profile.php?id=100083151405925&amp;locale=pt_PT\" \/>\n<meta property=\"article:modified_time\" content=\"2025-10-07T15:27:08+00:00\" \/>\n<meta property=\"og:image\" content=\"https:\/\/store.eventsmtb.com\/wp-content\/uploads\/2022\/11\/10801654598339.png\" \/>\n\t<meta property=\"og:image:width\" content=\"500\" \/>\n\t<meta property=\"og:image:height\" content=\"500\" \/>\n\t<meta property=\"og:image:type\" content=\"image\/png\" \/>\n<meta name=\"twitter:card\" content=\"summary_large_image\" \/>\n<meta name=\"twitter:label1\" content=\"Tiempo de lectura\" \/>\n\t<meta name=\"twitter:data1\" content=\"1 minuto\" \/>\n<script type=\"application\/ld+json\" class=\"yoast-schema-graph\">{\"@context\":\"https:\/\/schema.org\",\"@graph\":[{\"@type\":\"WebPage\",\"@id\":\"https:\/\/store.eventsmtb.com\/es\/produto\/pulpa-de-fruta-vegana-energetica-pina-y-coco-65g\/\",\"url\":\"https:\/\/store.eventsmtb.com\/es\/produto\/pulpa-de-fruta-vegana-energetica-pina-y-coco-65g\/\",\"name\":\"Pulpa de Fruta Vegana Energ\u00e9tica - Pi\u00f1a y Coco 65g - Store.Eventsmtb\",\"isPartOf\":{\"@id\":\"https:\/\/store.eventsmtb.com\/es\/#website\"},\"primaryImageOfPage\":{\"@id\":\"https:\/\/store.eventsmtb.com\/es\/produto\/pulpa-de-fruta-vegana-energetica-pina-y-coco-65g\/#primaryimage\"},\"image\":{\"@id\":\"https:\/\/store.eventsmtb.com\/es\/produto\/pulpa-de-fruta-vegana-energetica-pina-y-coco-65g\/#primaryimage\"},\"thumbnailUrl\":\"https:\/\/store.eventsmtb.com\/wp-content\/uploads\/2022\/11\/10801654598339.png\",\"datePublished\":\"2022-11-29T18:24:15+00:00\",\"dateModified\":\"2025-10-07T15:27:08+00:00\",\"description\":\"Pulpa de Fruta Vegana Energ\u00e9tica - Pi\u00f1a y Coco 65g - \u00bfNecesitas una explosi\u00f3n de energ\u00eda natural y tropical para tus entrenamientos o aventuras? \u00a1La\",\"breadcrumb\":{\"@id\":\"https:\/\/store.eventsmtb.com\/es\/produto\/pulpa-de-fruta-vegana-energetica-pina-y-coco-65g\/#breadcrumb\"},\"inLanguage\":\"es\",\"potentialAction\":[{\"@type\":\"ReadAction\",\"target\":[\"https:\/\/store.eventsmtb.com\/es\/produto\/pulpa-de-fruta-vegana-energetica-pina-y-coco-65g\/\"]}]},{\"@type\":\"ImageObject\",\"inLanguage\":\"es\",\"@id\":\"https:\/\/store.eventsmtb.com\/es\/produto\/pulpa-de-fruta-vegana-energetica-pina-y-coco-65g\/#primaryimage\",\"url\":\"https:\/\/store.eventsmtb.com\/wp-content\/uploads\/2022\/11\/10801654598339.png\",\"contentUrl\":\"https:\/\/store.eventsmtb.com\/wp-content\/uploads\/2022\/11\/10801654598339.png\",\"width\":500,\"height\":500},{\"@type\":\"BreadcrumbList\",\"@id\":\"https:\/\/store.eventsmtb.com\/es\/produto\/pulpa-de-fruta-vegana-energetica-pina-y-coco-65g\/#breadcrumb\",\"itemListElement\":[{\"@type\":\"ListItem\",\"position\":1,\"name\":\"In\u00edcio\",\"item\":\"https:\/\/store.eventsmtb.com\/es\/\"},{\"@type\":\"ListItem\",\"position\":2,\"name\":\"Tienda\",\"item\":\"https:\/\/store.eventsmtb.com\/es\/tienda\/\"},{\"@type\":\"ListItem\",\"position\":3,\"name\":\"Pulpa de Fruta Vegana Energ\u00e9tica &#8211; Pi\u00f1a y Coco 65g\"}]},{\"@type\":\"WebSite\",\"@id\":\"https:\/\/store.eventsmtb.com\/es\/#website\",\"url\":\"https:\/\/store.eventsmtb.com\/es\/\",\"name\":\"Store.Eventsmtb\",\"description\":\"Boost Yourself\",\"publisher\":{\"@id\":\"https:\/\/store.eventsmtb.com\/es\/#organization\"},\"potentialAction\":[{\"@type\":\"SearchAction\",\"target\":{\"@type\":\"EntryPoint\",\"urlTemplate\":\"https:\/\/store.eventsmtb.com\/es\/?s={search_term_string}\"},\"query-input\":{\"@type\":\"PropertyValueSpecification\",\"valueRequired\":true,\"valueName\":\"search_term_string\"}}],\"inLanguage\":\"es\"},{\"@type\":\"Organization\",\"@id\":\"https:\/\/store.eventsmtb.com\/es\/#organization\",\"name\":\"Store.Eventsmtb\",\"url\":\"https:\/\/store.eventsmtb.com\/es\/\",\"logo\":{\"@type\":\"ImageObject\",\"inLanguage\":\"es\",\"@id\":\"https:\/\/store.eventsmtb.com\/es\/#\/schema\/logo\/image\/\",\"url\":\"https:\/\/store.eventsmtb.com\/wp-content\/uploads\/2024\/08\/mtbstore-02-e1723109277246.png\",\"contentUrl\":\"https:\/\/store.eventsmtb.com\/wp-content\/uploads\/2024\/08\/mtbstore-02-e1723109277246.png\",\"width\":1925,\"height\":1765,\"caption\":\"Store.Eventsmtb\"},\"image\":{\"@id\":\"https:\/\/store.eventsmtb.com\/es\/#\/schema\/logo\/image\/\"},\"sameAs\":[\"https:\/\/www.facebook.com\/profile.php?id=100083151405925&locale=pt_PT\"]}]}<\/script>\n<!-- \/ Yoast SEO plugin. -->","yoast_head_json":{"title":"Pulpa de Fruta Vegana Energ\u00e9tica - Pi\u00f1a y Coco 65g - Store.Eventsmtb","description":"Pulpa de Fruta Vegana Energ\u00e9tica - Pi\u00f1a y Coco 65g - \u00bfNecesitas una explosi\u00f3n de energ\u00eda natural y tropical para tus entrenamientos o aventuras? \u00a1La","robots":{"index":"index","follow":"follow","max-snippet":"max-snippet:-1","max-image-preview":"max-image-preview:large","max-video-preview":"max-video-preview:-1"},"canonical":"https:\/\/store.eventsmtb.com\/es\/produto\/pulpa-de-fruta-vegana-energetica-pina-y-coco-65g\/","og_locale":"es_ES","og_type":"article","og_title":"Pulpa de Fruta Vegana Energ\u00e9tica - Pi\u00f1a y Coco 65g - Store.Eventsmtb","og_description":"Pulpa de Fruta Vegana Energ\u00e9tica - Pi\u00f1a y Coco 65g - \u00bfNecesitas una explosi\u00f3n de energ\u00eda natural y tropical para tus entrenamientos o aventuras? \u00a1La","og_url":"https:\/\/store.eventsmtb.com\/es\/produto\/pulpa-de-fruta-vegana-energetica-pina-y-coco-65g\/","og_site_name":"Store.Eventsmtb","article_publisher":"https:\/\/www.facebook.com\/profile.php?id=100083151405925&locale=pt_PT","article_modified_time":"2025-10-07T15:27:08+00:00","og_image":[{"width":500,"height":500,"url":"https:\/\/store.eventsmtb.com\/wp-content\/uploads\/2022\/11\/10801654598339.png","type":"image\/png"}],"twitter_card":"summary_large_image","twitter_misc":{"Tiempo de lectura":"1 minuto"},"schema":{"@context":"https:\/\/schema.org","@graph":[{"@type":"WebPage","@id":"https:\/\/store.eventsmtb.com\/es\/produto\/pulpa-de-fruta-vegana-energetica-pina-y-coco-65g\/","url":"https:\/\/store.eventsmtb.com\/es\/produto\/pulpa-de-fruta-vegana-energetica-pina-y-coco-65g\/","name":"Pulpa de Fruta Vegana Energ\u00e9tica - Pi\u00f1a y Coco 65g - Store.Eventsmtb","isPartOf":{"@id":"https:\/\/store.eventsmtb.com\/es\/#website"},"primaryImageOfPage":{"@id":"https:\/\/store.eventsmtb.com\/es\/produto\/pulpa-de-fruta-vegana-energetica-pina-y-coco-65g\/#primaryimage"},"image":{"@id":"https:\/\/store.eventsmtb.com\/es\/produto\/pulpa-de-fruta-vegana-energetica-pina-y-coco-65g\/#primaryimage"},"thumbnailUrl":"https:\/\/store.eventsmtb.com\/wp-content\/uploads\/2022\/11\/10801654598339.png","datePublished":"2022-11-29T18:24:15+00:00","dateModified":"2025-10-07T15:27:08+00:00","description":"Pulpa de Fruta Vegana Energ\u00e9tica - Pi\u00f1a y Coco 65g - \u00bfNecesitas una explosi\u00f3n de energ\u00eda natural y tropical para tus entrenamientos o aventuras? \u00a1La","breadcrumb":{"@id":"https:\/\/store.eventsmtb.com\/es\/produto\/pulpa-de-fruta-vegana-energetica-pina-y-coco-65g\/#breadcrumb"},"inLanguage":"es","potentialAction":[{"@type":"ReadAction","target":["https:\/\/store.eventsmtb.com\/es\/produto\/pulpa-de-fruta-vegana-energetica-pina-y-coco-65g\/"]}]},{"@type":"ImageObject","inLanguage":"es","@id":"https:\/\/store.eventsmtb.com\/es\/produto\/pulpa-de-fruta-vegana-energetica-pina-y-coco-65g\/#primaryimage","url":"https:\/\/store.eventsmtb.com\/wp-content\/uploads\/2022\/11\/10801654598339.png","contentUrl":"https:\/\/store.eventsmtb.com\/wp-content\/uploads\/2022\/11\/10801654598339.png","width":500,"height":500},{"@type":"BreadcrumbList","@id":"https:\/\/store.eventsmtb.com\/es\/produto\/pulpa-de-fruta-vegana-energetica-pina-y-coco-65g\/#breadcrumb","itemListElement":[{"@type":"ListItem","position":1,"name":"In\u00edcio","item":"https:\/\/store.eventsmtb.com\/es\/"},{"@type":"ListItem","position":2,"name":"Tienda","item":"https:\/\/store.eventsmtb.com\/es\/tienda\/"},{"@type":"ListItem","position":3,"name":"Pulpa de Fruta Vegana Energ\u00e9tica &#8211; Pi\u00f1a y Coco 65g"}]},{"@type":"WebSite","@id":"https:\/\/store.eventsmtb.com\/es\/#website","url":"https:\/\/store.eventsmtb.com\/es\/","name":"Store.Eventsmtb","description":"Boost Yourself","publisher":{"@id":"https:\/\/store.eventsmtb.com\/es\/#organization"},"potentialAction":[{"@type":"SearchAction","target":{"@type":"EntryPoint","urlTemplate":"https:\/\/store.eventsmtb.com\/es\/?s={search_term_string}"},"query-input":{"@type":"PropertyValueSpecification","valueRequired":true,"valueName":"search_term_string"}}],"inLanguage":"es"},{"@type":"Organization","@id":"https:\/\/store.eventsmtb.com\/es\/#organization","name":"Store.Eventsmtb","url":"https:\/\/store.eventsmtb.com\/es\/","logo":{"@type":"ImageObject","inLanguage":"es","@id":"https:\/\/store.eventsmtb.com\/es\/#\/schema\/logo\/image\/","url":"https:\/\/store.eventsmtb.com\/wp-content\/uploads\/2024\/08\/mtbstore-02-e1723109277246.png","contentUrl":"https:\/\/store.eventsmtb.com\/wp-content\/uploads\/2024\/08\/mtbstore-02-e1723109277246.png","width":1925,"height":1765,"caption":"Store.Eventsmtb"},"image":{"@id":"https:\/\/store.eventsmtb.com\/es\/#\/schema\/logo\/image\/"},"sameAs":["https:\/\/www.facebook.com\/profile.php?id=100083151405925&locale=pt_PT"]}]}},"_links":{"self":[{"href":"https:\/\/store.eventsmtb.com\/es\/wp-json\/wp\/v2\/product\/8576","targetHints":{"allow":["GET"]}}],"collection":[{"href":"https:\/\/store.eventsmtb.com\/es\/wp-json\/wp\/v2\/product"}],"about":[{"href":"https:\/\/store.eventsmtb.com\/es\/wp-json\/wp\/v2\/types\/product"}],"replies":[{"embeddable":true,"href":"https:\/\/store.eventsmtb.com\/es\/wp-json\/wp\/v2\/comments?post=8576"}],"wp:featuredmedia":[{"embeddable":true,"href":"https:\/\/store.eventsmtb.com\/es\/wp-json\/wp\/v2\/media\/7044"}],"wp:attachment":[{"href":"https:\/\/store.eventsmtb.com\/es\/wp-json\/wp\/v2\/media?parent=8576"}],"wp:term":[{"taxonomy":"product_cat","embeddable":true,"href":"https:\/\/store.eventsmtb.com\/es\/wp-json\/wp\/v2\/product_cat?post=8576"},{"taxonomy":"product_tag","embeddable":true,"href":"https:\/\/store.eventsmtb.com\/es\/wp-json\/wp\/v2\/product_tag?post=8576"}],"curies":[{"name":"wp","href":"https:\/\/api.w.org\/{rel}","templated":true}]}}