{"id":8598,"date":"2024-07-17T10:21:19","date_gmt":"2024-07-17T10:21:19","guid":{"rendered":"https:\/\/store.eventsmtb.com\/produto\/naak-ultra-energy-proteina-vainilla-500g\/"},"modified":"2025-10-29T20:53:32","modified_gmt":"2025-10-29T20:53:32","slug":"naak-ultra-energy-proteina-vainilla-500g","status":"publish","type":"product","link":"https:\/\/store.eventsmtb.com\/es\/produto\/naak-ultra-energy-proteina-vainilla-500g\/","title":{"rendered":"N\u00e4ak Ultra Energy\u2122- Prote\u00edna, Vainilla, 500g"},"content":{"rendered":"<p>Un polvo rico en prote\u00ednas dise\u00f1ado para mejorar la recuperaci\u00f3n de los atletas de resistencia. Ayuda a desarrollar m\u00fasculo, disminuir el dolor muscular y ayudar en la rehidrataci\u00f3n. <\/p>\n<p>Con 25 g de prote\u00edna completa y 4 g de amino\u00e1cidos de cadena ramificada (BCAA) por raci\u00f3n, te ayuda a reconstruir, recargar energ\u00edas y rehidratarte despu\u00e9s de un entrenamiento agotador para recuperarte m\u00e1s fuerte al d\u00eda siguiente.<\/p>\n<p>&#8211; 25 g de prote\u00edna completa: construye y repara los m\u00fasculos despu\u00e9s del entrenamiento<br \/>\n&#8211; 4 g de BCAA: reduce<br \/>\n el da\u00f1o muscular y el dolor- 430 mg de electrolitos: repone los minerales perdidos en el sudor<br \/>\n&#8211; 1 g de carbohidratos: sin az\u00facares a\u00f1adidos<\/p>\n","protected":false},"excerpt":{"rendered":"<p>Energ\u00eda Naak<\/p>\n","protected":false},"featured_media":7182,"comment_status":"open","ping_status":"closed","template":"","meta":[],"product_cat":[222,217,271,224],"product_tag":[225],"class_list":{"0":"post-8598","1":"product","2":"type-product","3":"status-publish","4":"has-post-thumbnail","6":"product_brand-naak-ultra-energy-es","7":"product_cat-mezcla-de-bebidas","8":"product_cat-nutricion-de-rendimiento","9":"product_cat-proteina-es","10":"product_cat-recuperacion","11":"product_tag-viernes-negro","13":"first","14":"outofstock","15":"taxable","16":"shipping-taxable","17":"purchasable","18":"product-type-simple"},"yoast_head":"<!-- This site is optimized with the Yoast SEO plugin v27.2 - https:\/\/yoast.com\/product\/yoast-seo-wordpress\/ -->\n<title>N\u00e4ak Ultra Energy\u2122- Prote\u00edna, Vainilla, 500g - Store.Eventsmtb<\/title>\n<meta name=\"description\" content=\"N\u00e4ak Ultra Energy\u2122- Prote\u00edna, Vainilla, 500g - Un polvo rico en prote\u00ednas dise\u00f1ado para mejorar la recuperaci\u00f3n de los atletas de resistencia. Ayuda ...\" \/>\n<meta name=\"robots\" content=\"index, follow, max-snippet:-1, max-image-preview:large, max-video-preview:-1\" \/>\n<link rel=\"canonical\" href=\"https:\/\/store.eventsmtb.com\/es\/produto\/naak-ultra-energy-proteina-vainilla-500g\/\" \/>\n<meta property=\"og:locale\" content=\"es_ES\" \/>\n<meta property=\"og:type\" content=\"article\" \/>\n<meta property=\"og:title\" content=\"N\u00e4ak Ultra Energy\u2122- Prote\u00edna, Vainilla, 500g - Store.Eventsmtb\" \/>\n<meta property=\"og:description\" content=\"N\u00e4ak Ultra Energy\u2122- Prote\u00edna, Vainilla, 500g - Un polvo rico en prote\u00ednas dise\u00f1ado para mejorar la recuperaci\u00f3n de los atletas de resistencia. Ayuda ...\" \/>\n<meta property=\"og:url\" content=\"https:\/\/store.eventsmtb.com\/es\/produto\/naak-ultra-energy-proteina-vainilla-500g\/\" \/>\n<meta property=\"og:site_name\" content=\"Store.Eventsmtb\" \/>\n<meta property=\"article:publisher\" content=\"https:\/\/www.facebook.com\/profile.php?id=100083151405925&amp;locale=pt_PT\" \/>\n<meta property=\"article:modified_time\" content=\"2025-10-29T20:53:32+00:00\" \/>\n<meta property=\"og:image\" content=\"https:\/\/store.eventsmtb.com\/wp-content\/uploads\/2024\/07\/proteina-naak-baunilha-destaque.png\" \/>\n\t<meta property=\"og:image:width\" content=\"500\" \/>\n\t<meta property=\"og:image:height\" content=\"500\" \/>\n\t<meta property=\"og:image:type\" content=\"image\/png\" \/>\n<meta name=\"twitter:card\" content=\"summary_large_image\" \/>\n<meta name=\"twitter:label1\" content=\"Tiempo de lectura\" \/>\n\t<meta name=\"twitter:data1\" content=\"1 minuto\" \/>\n<script type=\"application\/ld+json\" class=\"yoast-schema-graph\">{\"@context\":\"https:\/\/schema.org\",\"@graph\":[{\"@type\":\"WebPage\",\"@id\":\"https:\/\/store.eventsmtb.com\/es\/produto\/naak-ultra-energy-proteina-vainilla-500g\/\",\"url\":\"https:\/\/store.eventsmtb.com\/es\/produto\/naak-ultra-energy-proteina-vainilla-500g\/\",\"name\":\"N\u00e4ak Ultra Energy\u2122- Prote\u00edna, Vainilla, 500g - Store.Eventsmtb\",\"isPartOf\":{\"@id\":\"https:\/\/store.eventsmtb.com\/es\/#website\"},\"primaryImageOfPage\":{\"@id\":\"https:\/\/store.eventsmtb.com\/es\/produto\/naak-ultra-energy-proteina-vainilla-500g\/#primaryimage\"},\"image\":{\"@id\":\"https:\/\/store.eventsmtb.com\/es\/produto\/naak-ultra-energy-proteina-vainilla-500g\/#primaryimage\"},\"thumbnailUrl\":\"https:\/\/store.eventsmtb.com\/wp-content\/uploads\/2024\/07\/proteina-naak-baunilha-destaque.png\",\"datePublished\":\"2024-07-17T10:21:19+00:00\",\"dateModified\":\"2025-10-29T20:53:32+00:00\",\"description\":\"N\u00e4ak Ultra Energy\u2122- Prote\u00edna, Vainilla, 500g - Un polvo rico en prote\u00ednas dise\u00f1ado para mejorar la recuperaci\u00f3n de los atletas de resistencia. Ayuda ...\",\"breadcrumb\":{\"@id\":\"https:\/\/store.eventsmtb.com\/es\/produto\/naak-ultra-energy-proteina-vainilla-500g\/#breadcrumb\"},\"inLanguage\":\"es\",\"potentialAction\":[{\"@type\":\"ReadAction\",\"target\":[\"https:\/\/store.eventsmtb.com\/es\/produto\/naak-ultra-energy-proteina-vainilla-500g\/\"]}]},{\"@type\":\"ImageObject\",\"inLanguage\":\"es\",\"@id\":\"https:\/\/store.eventsmtb.com\/es\/produto\/naak-ultra-energy-proteina-vainilla-500g\/#primaryimage\",\"url\":\"https:\/\/store.eventsmtb.com\/wp-content\/uploads\/2024\/07\/proteina-naak-baunilha-destaque.png\",\"contentUrl\":\"https:\/\/store.eventsmtb.com\/wp-content\/uploads\/2024\/07\/proteina-naak-baunilha-destaque.png\",\"width\":500,\"height\":500,\"caption\":\"Naak Energy Prote\u00edna de Vainilla en Polvo\"},{\"@type\":\"BreadcrumbList\",\"@id\":\"https:\/\/store.eventsmtb.com\/es\/produto\/naak-ultra-energy-proteina-vainilla-500g\/#breadcrumb\",\"itemListElement\":[{\"@type\":\"ListItem\",\"position\":1,\"name\":\"In\u00edcio\",\"item\":\"https:\/\/store.eventsmtb.com\/es\/\"},{\"@type\":\"ListItem\",\"position\":2,\"name\":\"Tienda\",\"item\":\"https:\/\/store.eventsmtb.com\/es\/tienda\/\"},{\"@type\":\"ListItem\",\"position\":3,\"name\":\"N\u00e4ak Ultra Energy\u2122- Prote\u00edna, Vainilla, 500g\"}]},{\"@type\":\"WebSite\",\"@id\":\"https:\/\/store.eventsmtb.com\/es\/#website\",\"url\":\"https:\/\/store.eventsmtb.com\/es\/\",\"name\":\"Store.Eventsmtb\",\"description\":\"Boost Yourself\",\"publisher\":{\"@id\":\"https:\/\/store.eventsmtb.com\/es\/#organization\"},\"potentialAction\":[{\"@type\":\"SearchAction\",\"target\":{\"@type\":\"EntryPoint\",\"urlTemplate\":\"https:\/\/store.eventsmtb.com\/es\/?s={search_term_string}\"},\"query-input\":{\"@type\":\"PropertyValueSpecification\",\"valueRequired\":true,\"valueName\":\"search_term_string\"}}],\"inLanguage\":\"es\"},{\"@type\":\"Organization\",\"@id\":\"https:\/\/store.eventsmtb.com\/es\/#organization\",\"name\":\"Store.Eventsmtb\",\"url\":\"https:\/\/store.eventsmtb.com\/es\/\",\"logo\":{\"@type\":\"ImageObject\",\"inLanguage\":\"es\",\"@id\":\"https:\/\/store.eventsmtb.com\/es\/#\/schema\/logo\/image\/\",\"url\":\"https:\/\/store.eventsmtb.com\/wp-content\/uploads\/2024\/08\/mtbstore-02-e1723109277246.png\",\"contentUrl\":\"https:\/\/store.eventsmtb.com\/wp-content\/uploads\/2024\/08\/mtbstore-02-e1723109277246.png\",\"width\":1925,\"height\":1765,\"caption\":\"Store.Eventsmtb\"},\"image\":{\"@id\":\"https:\/\/store.eventsmtb.com\/es\/#\/schema\/logo\/image\/\"},\"sameAs\":[\"https:\/\/www.facebook.com\/profile.php?id=100083151405925&locale=pt_PT\"]}]}<\/script>\n<!-- \/ Yoast SEO plugin. -->","yoast_head_json":{"title":"N\u00e4ak Ultra Energy\u2122- Prote\u00edna, Vainilla, 500g - Store.Eventsmtb","description":"N\u00e4ak Ultra Energy\u2122- Prote\u00edna, Vainilla, 500g - Un polvo rico en prote\u00ednas dise\u00f1ado para mejorar la recuperaci\u00f3n de los atletas de resistencia. Ayuda ...","robots":{"index":"index","follow":"follow","max-snippet":"max-snippet:-1","max-image-preview":"max-image-preview:large","max-video-preview":"max-video-preview:-1"},"canonical":"https:\/\/store.eventsmtb.com\/es\/produto\/naak-ultra-energy-proteina-vainilla-500g\/","og_locale":"es_ES","og_type":"article","og_title":"N\u00e4ak Ultra Energy\u2122- Prote\u00edna, Vainilla, 500g - Store.Eventsmtb","og_description":"N\u00e4ak Ultra Energy\u2122- Prote\u00edna, Vainilla, 500g - Un polvo rico en prote\u00ednas dise\u00f1ado para mejorar la recuperaci\u00f3n de los atletas de resistencia. Ayuda ...","og_url":"https:\/\/store.eventsmtb.com\/es\/produto\/naak-ultra-energy-proteina-vainilla-500g\/","og_site_name":"Store.Eventsmtb","article_publisher":"https:\/\/www.facebook.com\/profile.php?id=100083151405925&locale=pt_PT","article_modified_time":"2025-10-29T20:53:32+00:00","og_image":[{"width":500,"height":500,"url":"https:\/\/store.eventsmtb.com\/wp-content\/uploads\/2024\/07\/proteina-naak-baunilha-destaque.png","type":"image\/png"}],"twitter_card":"summary_large_image","twitter_misc":{"Tiempo de lectura":"1 minuto"},"schema":{"@context":"https:\/\/schema.org","@graph":[{"@type":"WebPage","@id":"https:\/\/store.eventsmtb.com\/es\/produto\/naak-ultra-energy-proteina-vainilla-500g\/","url":"https:\/\/store.eventsmtb.com\/es\/produto\/naak-ultra-energy-proteina-vainilla-500g\/","name":"N\u00e4ak Ultra Energy\u2122- Prote\u00edna, Vainilla, 500g - Store.Eventsmtb","isPartOf":{"@id":"https:\/\/store.eventsmtb.com\/es\/#website"},"primaryImageOfPage":{"@id":"https:\/\/store.eventsmtb.com\/es\/produto\/naak-ultra-energy-proteina-vainilla-500g\/#primaryimage"},"image":{"@id":"https:\/\/store.eventsmtb.com\/es\/produto\/naak-ultra-energy-proteina-vainilla-500g\/#primaryimage"},"thumbnailUrl":"https:\/\/store.eventsmtb.com\/wp-content\/uploads\/2024\/07\/proteina-naak-baunilha-destaque.png","datePublished":"2024-07-17T10:21:19+00:00","dateModified":"2025-10-29T20:53:32+00:00","description":"N\u00e4ak Ultra Energy\u2122- Prote\u00edna, Vainilla, 500g - Un polvo rico en prote\u00ednas dise\u00f1ado para mejorar la recuperaci\u00f3n de los atletas de resistencia. Ayuda ...","breadcrumb":{"@id":"https:\/\/store.eventsmtb.com\/es\/produto\/naak-ultra-energy-proteina-vainilla-500g\/#breadcrumb"},"inLanguage":"es","potentialAction":[{"@type":"ReadAction","target":["https:\/\/store.eventsmtb.com\/es\/produto\/naak-ultra-energy-proteina-vainilla-500g\/"]}]},{"@type":"ImageObject","inLanguage":"es","@id":"https:\/\/store.eventsmtb.com\/es\/produto\/naak-ultra-energy-proteina-vainilla-500g\/#primaryimage","url":"https:\/\/store.eventsmtb.com\/wp-content\/uploads\/2024\/07\/proteina-naak-baunilha-destaque.png","contentUrl":"https:\/\/store.eventsmtb.com\/wp-content\/uploads\/2024\/07\/proteina-naak-baunilha-destaque.png","width":500,"height":500,"caption":"Naak Energy Prote\u00edna de Vainilla en Polvo"},{"@type":"BreadcrumbList","@id":"https:\/\/store.eventsmtb.com\/es\/produto\/naak-ultra-energy-proteina-vainilla-500g\/#breadcrumb","itemListElement":[{"@type":"ListItem","position":1,"name":"In\u00edcio","item":"https:\/\/store.eventsmtb.com\/es\/"},{"@type":"ListItem","position":2,"name":"Tienda","item":"https:\/\/store.eventsmtb.com\/es\/tienda\/"},{"@type":"ListItem","position":3,"name":"N\u00e4ak Ultra Energy\u2122- Prote\u00edna, Vainilla, 500g"}]},{"@type":"WebSite","@id":"https:\/\/store.eventsmtb.com\/es\/#website","url":"https:\/\/store.eventsmtb.com\/es\/","name":"Store.Eventsmtb","description":"Boost Yourself","publisher":{"@id":"https:\/\/store.eventsmtb.com\/es\/#organization"},"potentialAction":[{"@type":"SearchAction","target":{"@type":"EntryPoint","urlTemplate":"https:\/\/store.eventsmtb.com\/es\/?s={search_term_string}"},"query-input":{"@type":"PropertyValueSpecification","valueRequired":true,"valueName":"search_term_string"}}],"inLanguage":"es"},{"@type":"Organization","@id":"https:\/\/store.eventsmtb.com\/es\/#organization","name":"Store.Eventsmtb","url":"https:\/\/store.eventsmtb.com\/es\/","logo":{"@type":"ImageObject","inLanguage":"es","@id":"https:\/\/store.eventsmtb.com\/es\/#\/schema\/logo\/image\/","url":"https:\/\/store.eventsmtb.com\/wp-content\/uploads\/2024\/08\/mtbstore-02-e1723109277246.png","contentUrl":"https:\/\/store.eventsmtb.com\/wp-content\/uploads\/2024\/08\/mtbstore-02-e1723109277246.png","width":1925,"height":1765,"caption":"Store.Eventsmtb"},"image":{"@id":"https:\/\/store.eventsmtb.com\/es\/#\/schema\/logo\/image\/"},"sameAs":["https:\/\/www.facebook.com\/profile.php?id=100083151405925&locale=pt_PT"]}]}},"_links":{"self":[{"href":"https:\/\/store.eventsmtb.com\/es\/wp-json\/wp\/v2\/product\/8598","targetHints":{"allow":["GET"]}}],"collection":[{"href":"https:\/\/store.eventsmtb.com\/es\/wp-json\/wp\/v2\/product"}],"about":[{"href":"https:\/\/store.eventsmtb.com\/es\/wp-json\/wp\/v2\/types\/product"}],"replies":[{"embeddable":true,"href":"https:\/\/store.eventsmtb.com\/es\/wp-json\/wp\/v2\/comments?post=8598"}],"wp:featuredmedia":[{"embeddable":true,"href":"https:\/\/store.eventsmtb.com\/es\/wp-json\/wp\/v2\/media\/7182"}],"wp:attachment":[{"href":"https:\/\/store.eventsmtb.com\/es\/wp-json\/wp\/v2\/media?parent=8598"}],"wp:term":[{"taxonomy":"product_cat","embeddable":true,"href":"https:\/\/store.eventsmtb.com\/es\/wp-json\/wp\/v2\/product_cat?post=8598"},{"taxonomy":"product_tag","embeddable":true,"href":"https:\/\/store.eventsmtb.com\/es\/wp-json\/wp\/v2\/product_tag?post=8598"}],"curies":[{"name":"wp","href":"https:\/\/api.w.org\/{rel}","templated":true}]}}