{"id":8615,"date":"2022-12-09T10:56:21","date_gmt":"2022-12-09T10:56:21","guid":{"rendered":"https:\/\/store.eventsmtb.com\/produto\/calcetines-pixel\/"},"modified":"2025-12-29T17:06:09","modified_gmt":"2025-12-29T17:06:09","slug":"calcetines-pixel","status":"publish","type":"product","link":"https:\/\/store.eventsmtb.com\/es\/produto\/calcetines-pixel\/","title":{"rendered":"Calcetines Pixel"},"content":{"rendered":"<p>\u00a1Eh! \u00bfEst\u00e1s buscando los mejores calcetines para dar ese impulso a tus entrenamientos? \u00a1Nuestros calcetines deportivos EventsMTB son justo lo que necesitas! Adem\u00e1s de ser s\u00faper c\u00f3modas y estar confeccionadas con material transpirable que mantiene los pies secos, tambi\u00e9n vienen con p\u00edxeles dise\u00f1ados que agregar\u00e1n ese toque de estilo a tu look deportivo.   <\/p>\n<p>Imag\u00ednate corriendo, montando en bicicleta o incluso haciendo yoga con estos calcetines: te sentir\u00e1s lleno de energ\u00eda y con un estilo \u00fanico. \u00bfY lo mejor? Son perfectas para cualquier tipo de deporte, desde running hasta crossfit.  <\/p>\n<h3>Caracter\u00edsticas de nuestros calcetines con p\u00edxeles:<\/h3>\n<ul>\n<li><strong>Total Comfort<\/strong>: Material suave y transpirable para garantizar que tus pies se mantengan frescos y secos, incluso en los entrenamientos m\u00e1s intensos.<\/li>\n<li><strong>Durabilidad<\/strong>: Hecho para soportar todos tus desaf\u00edos, desde los entrenamientos m\u00e1s ligeros hasta los m\u00e1s duros.<\/li>\n<li><strong>Versatilidad<\/strong>: Perfecto para cualquier deporte: correr, andar en bicicleta, ir al gimnasio o cualquier otra cosa que te guste hacer.<\/li>\n<\/ul>\n","protected":false},"excerpt":{"rendered":"<p>Eventsmtb<\/p>\n","protected":false},"featured_media":7120,"comment_status":"open","ping_status":"closed","template":"","meta":[],"product_cat":[301,304,281],"product_tag":[225],"class_list":{"0":"post-8615","1":"product","2":"type-product","3":"status-publish","4":"has-post-thumbnail","6":"product_brand-eventsmtb-es","7":"product_cat-calcetines","8":"product_cat-ciclismo-es","9":"product_cat-ropa-deportiva","10":"product_tag-viernes-negro","11":"pa_tamanho-35-40-es","12":"pa_tamanho-40-45-es","14":"first","15":"instock","16":"taxable","17":"shipping-taxable","18":"purchasable","19":"product-type-variable","20":"rtwpvs-product"},"yoast_head":"<!-- This site is optimized with the Yoast SEO plugin v27.2 - https:\/\/yoast.com\/product\/yoast-seo-wordpress\/ -->\n<title>Calcetines Pixel - Store.Eventsmtb<\/title>\n<meta name=\"description\" content=\"Calcetines Pixel - \u00a1Eh! \u00bfEst\u00e1s buscando los mejores calcetines para dar ese impulso a tus entrenamientos? \u00a1Nuestros calcetines deportivos EventsMTB son ...\" \/>\n<meta name=\"robots\" content=\"index, follow, max-snippet:-1, max-image-preview:large, max-video-preview:-1\" \/>\n<link rel=\"canonical\" href=\"https:\/\/store.eventsmtb.com\/es\/produto\/calcetines-pixel\/\" \/>\n<meta property=\"og:locale\" content=\"es_ES\" \/>\n<meta property=\"og:type\" content=\"article\" \/>\n<meta property=\"og:title\" content=\"Calcetines Pixel - Store.Eventsmtb\" \/>\n<meta property=\"og:description\" content=\"Calcetines Pixel - \u00a1Eh! \u00bfEst\u00e1s buscando los mejores calcetines para dar ese impulso a tus entrenamientos? \u00a1Nuestros calcetines deportivos EventsMTB son ...\" \/>\n<meta property=\"og:url\" content=\"https:\/\/store.eventsmtb.com\/es\/produto\/calcetines-pixel\/\" \/>\n<meta property=\"og:site_name\" content=\"Store.Eventsmtb\" \/>\n<meta property=\"article:publisher\" content=\"https:\/\/www.facebook.com\/profile.php?id=100083151405925&amp;locale=pt_PT\" \/>\n<meta property=\"article:modified_time\" content=\"2025-12-29T17:06:09+00:00\" \/>\n<meta property=\"og:image\" content=\"https:\/\/store.eventsmtb.com\/wp-content\/uploads\/2022\/12\/meias-eventsmtb-pixel-x2.png\" \/>\n\t<meta property=\"og:image:width\" content=\"1000\" \/>\n\t<meta property=\"og:image:height\" content=\"1000\" \/>\n\t<meta property=\"og:image:type\" content=\"image\/png\" \/>\n<meta name=\"twitter:card\" content=\"summary_large_image\" \/>\n<meta name=\"twitter:label1\" content=\"Tiempo de lectura\" \/>\n\t<meta name=\"twitter:data1\" content=\"1 minuto\" \/>\n<script type=\"application\/ld+json\" class=\"yoast-schema-graph\">{\"@context\":\"https:\/\/schema.org\",\"@graph\":[{\"@type\":\"WebPage\",\"@id\":\"https:\/\/store.eventsmtb.com\/es\/produto\/calcetines-pixel\/\",\"url\":\"https:\/\/store.eventsmtb.com\/es\/produto\/calcetines-pixel\/\",\"name\":\"Calcetines Pixel - Store.Eventsmtb\",\"isPartOf\":{\"@id\":\"https:\/\/store.eventsmtb.com\/es\/#website\"},\"primaryImageOfPage\":{\"@id\":\"https:\/\/store.eventsmtb.com\/es\/produto\/calcetines-pixel\/#primaryimage\"},\"image\":{\"@id\":\"https:\/\/store.eventsmtb.com\/es\/produto\/calcetines-pixel\/#primaryimage\"},\"thumbnailUrl\":\"https:\/\/store.eventsmtb.com\/wp-content\/uploads\/2022\/12\/meias-eventsmtb-pixel-x2.png\",\"datePublished\":\"2022-12-09T10:56:21+00:00\",\"dateModified\":\"2025-12-29T17:06:09+00:00\",\"description\":\"Calcetines Pixel - \u00a1Eh! \u00bfEst\u00e1s buscando los mejores calcetines para dar ese impulso a tus entrenamientos? \u00a1Nuestros calcetines deportivos EventsMTB son ...\",\"breadcrumb\":{\"@id\":\"https:\/\/store.eventsmtb.com\/es\/produto\/calcetines-pixel\/#breadcrumb\"},\"inLanguage\":\"es\",\"potentialAction\":[{\"@type\":\"ReadAction\",\"target\":[\"https:\/\/store.eventsmtb.com\/es\/produto\/calcetines-pixel\/\"]}]},{\"@type\":\"ImageObject\",\"inLanguage\":\"es\",\"@id\":\"https:\/\/store.eventsmtb.com\/es\/produto\/calcetines-pixel\/#primaryimage\",\"url\":\"https:\/\/store.eventsmtb.com\/wp-content\/uploads\/2022\/12\/meias-eventsmtb-pixel-x2.png\",\"contentUrl\":\"https:\/\/store.eventsmtb.com\/wp-content\/uploads\/2022\/12\/meias-eventsmtb-pixel-x2.png\",\"width\":1000,\"height\":1000},{\"@type\":\"BreadcrumbList\",\"@id\":\"https:\/\/store.eventsmtb.com\/es\/produto\/calcetines-pixel\/#breadcrumb\",\"itemListElement\":[{\"@type\":\"ListItem\",\"position\":1,\"name\":\"In\u00edcio\",\"item\":\"https:\/\/store.eventsmtb.com\/es\/\"},{\"@type\":\"ListItem\",\"position\":2,\"name\":\"Tienda\",\"item\":\"https:\/\/store.eventsmtb.com\/es\/tienda\/\"},{\"@type\":\"ListItem\",\"position\":3,\"name\":\"Calcetines Pixel\"}]},{\"@type\":\"WebSite\",\"@id\":\"https:\/\/store.eventsmtb.com\/es\/#website\",\"url\":\"https:\/\/store.eventsmtb.com\/es\/\",\"name\":\"Store.Eventsmtb\",\"description\":\"Boost Yourself\",\"publisher\":{\"@id\":\"https:\/\/store.eventsmtb.com\/es\/#organization\"},\"potentialAction\":[{\"@type\":\"SearchAction\",\"target\":{\"@type\":\"EntryPoint\",\"urlTemplate\":\"https:\/\/store.eventsmtb.com\/es\/?s={search_term_string}\"},\"query-input\":{\"@type\":\"PropertyValueSpecification\",\"valueRequired\":true,\"valueName\":\"search_term_string\"}}],\"inLanguage\":\"es\"},{\"@type\":\"Organization\",\"@id\":\"https:\/\/store.eventsmtb.com\/es\/#organization\",\"name\":\"Store.Eventsmtb\",\"url\":\"https:\/\/store.eventsmtb.com\/es\/\",\"logo\":{\"@type\":\"ImageObject\",\"inLanguage\":\"es\",\"@id\":\"https:\/\/store.eventsmtb.com\/es\/#\/schema\/logo\/image\/\",\"url\":\"https:\/\/store.eventsmtb.com\/wp-content\/uploads\/2024\/08\/mtbstore-02-e1723109277246.png\",\"contentUrl\":\"https:\/\/store.eventsmtb.com\/wp-content\/uploads\/2024\/08\/mtbstore-02-e1723109277246.png\",\"width\":1925,\"height\":1765,\"caption\":\"Store.Eventsmtb\"},\"image\":{\"@id\":\"https:\/\/store.eventsmtb.com\/es\/#\/schema\/logo\/image\/\"},\"sameAs\":[\"https:\/\/www.facebook.com\/profile.php?id=100083151405925&locale=pt_PT\"]}]}<\/script>\n<!-- \/ Yoast SEO plugin. -->","yoast_head_json":{"title":"Calcetines Pixel - Store.Eventsmtb","description":"Calcetines Pixel - \u00a1Eh! \u00bfEst\u00e1s buscando los mejores calcetines para dar ese impulso a tus entrenamientos? \u00a1Nuestros calcetines deportivos EventsMTB son ...","robots":{"index":"index","follow":"follow","max-snippet":"max-snippet:-1","max-image-preview":"max-image-preview:large","max-video-preview":"max-video-preview:-1"},"canonical":"https:\/\/store.eventsmtb.com\/es\/produto\/calcetines-pixel\/","og_locale":"es_ES","og_type":"article","og_title":"Calcetines Pixel - Store.Eventsmtb","og_description":"Calcetines Pixel - \u00a1Eh! \u00bfEst\u00e1s buscando los mejores calcetines para dar ese impulso a tus entrenamientos? \u00a1Nuestros calcetines deportivos EventsMTB son ...","og_url":"https:\/\/store.eventsmtb.com\/es\/produto\/calcetines-pixel\/","og_site_name":"Store.Eventsmtb","article_publisher":"https:\/\/www.facebook.com\/profile.php?id=100083151405925&locale=pt_PT","article_modified_time":"2025-12-29T17:06:09+00:00","og_image":[{"width":1000,"height":1000,"url":"https:\/\/store.eventsmtb.com\/wp-content\/uploads\/2022\/12\/meias-eventsmtb-pixel-x2.png","type":"image\/png"}],"twitter_card":"summary_large_image","twitter_misc":{"Tiempo de lectura":"1 minuto"},"schema":{"@context":"https:\/\/schema.org","@graph":[{"@type":"WebPage","@id":"https:\/\/store.eventsmtb.com\/es\/produto\/calcetines-pixel\/","url":"https:\/\/store.eventsmtb.com\/es\/produto\/calcetines-pixel\/","name":"Calcetines Pixel - Store.Eventsmtb","isPartOf":{"@id":"https:\/\/store.eventsmtb.com\/es\/#website"},"primaryImageOfPage":{"@id":"https:\/\/store.eventsmtb.com\/es\/produto\/calcetines-pixel\/#primaryimage"},"image":{"@id":"https:\/\/store.eventsmtb.com\/es\/produto\/calcetines-pixel\/#primaryimage"},"thumbnailUrl":"https:\/\/store.eventsmtb.com\/wp-content\/uploads\/2022\/12\/meias-eventsmtb-pixel-x2.png","datePublished":"2022-12-09T10:56:21+00:00","dateModified":"2025-12-29T17:06:09+00:00","description":"Calcetines Pixel - \u00a1Eh! \u00bfEst\u00e1s buscando los mejores calcetines para dar ese impulso a tus entrenamientos? \u00a1Nuestros calcetines deportivos EventsMTB son ...","breadcrumb":{"@id":"https:\/\/store.eventsmtb.com\/es\/produto\/calcetines-pixel\/#breadcrumb"},"inLanguage":"es","potentialAction":[{"@type":"ReadAction","target":["https:\/\/store.eventsmtb.com\/es\/produto\/calcetines-pixel\/"]}]},{"@type":"ImageObject","inLanguage":"es","@id":"https:\/\/store.eventsmtb.com\/es\/produto\/calcetines-pixel\/#primaryimage","url":"https:\/\/store.eventsmtb.com\/wp-content\/uploads\/2022\/12\/meias-eventsmtb-pixel-x2.png","contentUrl":"https:\/\/store.eventsmtb.com\/wp-content\/uploads\/2022\/12\/meias-eventsmtb-pixel-x2.png","width":1000,"height":1000},{"@type":"BreadcrumbList","@id":"https:\/\/store.eventsmtb.com\/es\/produto\/calcetines-pixel\/#breadcrumb","itemListElement":[{"@type":"ListItem","position":1,"name":"In\u00edcio","item":"https:\/\/store.eventsmtb.com\/es\/"},{"@type":"ListItem","position":2,"name":"Tienda","item":"https:\/\/store.eventsmtb.com\/es\/tienda\/"},{"@type":"ListItem","position":3,"name":"Calcetines Pixel"}]},{"@type":"WebSite","@id":"https:\/\/store.eventsmtb.com\/es\/#website","url":"https:\/\/store.eventsmtb.com\/es\/","name":"Store.Eventsmtb","description":"Boost Yourself","publisher":{"@id":"https:\/\/store.eventsmtb.com\/es\/#organization"},"potentialAction":[{"@type":"SearchAction","target":{"@type":"EntryPoint","urlTemplate":"https:\/\/store.eventsmtb.com\/es\/?s={search_term_string}"},"query-input":{"@type":"PropertyValueSpecification","valueRequired":true,"valueName":"search_term_string"}}],"inLanguage":"es"},{"@type":"Organization","@id":"https:\/\/store.eventsmtb.com\/es\/#organization","name":"Store.Eventsmtb","url":"https:\/\/store.eventsmtb.com\/es\/","logo":{"@type":"ImageObject","inLanguage":"es","@id":"https:\/\/store.eventsmtb.com\/es\/#\/schema\/logo\/image\/","url":"https:\/\/store.eventsmtb.com\/wp-content\/uploads\/2024\/08\/mtbstore-02-e1723109277246.png","contentUrl":"https:\/\/store.eventsmtb.com\/wp-content\/uploads\/2024\/08\/mtbstore-02-e1723109277246.png","width":1925,"height":1765,"caption":"Store.Eventsmtb"},"image":{"@id":"https:\/\/store.eventsmtb.com\/es\/#\/schema\/logo\/image\/"},"sameAs":["https:\/\/www.facebook.com\/profile.php?id=100083151405925&locale=pt_PT"]}]}},"_links":{"self":[{"href":"https:\/\/store.eventsmtb.com\/es\/wp-json\/wp\/v2\/product\/8615","targetHints":{"allow":["GET"]}}],"collection":[{"href":"https:\/\/store.eventsmtb.com\/es\/wp-json\/wp\/v2\/product"}],"about":[{"href":"https:\/\/store.eventsmtb.com\/es\/wp-json\/wp\/v2\/types\/product"}],"replies":[{"embeddable":true,"href":"https:\/\/store.eventsmtb.com\/es\/wp-json\/wp\/v2\/comments?post=8615"}],"wp:featuredmedia":[{"embeddable":true,"href":"https:\/\/store.eventsmtb.com\/es\/wp-json\/wp\/v2\/media\/7120"}],"wp:attachment":[{"href":"https:\/\/store.eventsmtb.com\/es\/wp-json\/wp\/v2\/media?parent=8615"}],"wp:term":[{"taxonomy":"product_cat","embeddable":true,"href":"https:\/\/store.eventsmtb.com\/es\/wp-json\/wp\/v2\/product_cat?post=8615"},{"taxonomy":"product_tag","embeddable":true,"href":"https:\/\/store.eventsmtb.com\/es\/wp-json\/wp\/v2\/product_tag?post=8615"}],"curies":[{"name":"wp","href":"https:\/\/api.w.org\/{rel}","templated":true}]}}