{"id":8626,"date":"2024-07-18T11:08:08","date_gmt":"2024-07-18T11:08:08","guid":{"rendered":"https:\/\/store.eventsmtb.com\/produto\/pure-energetico-boniato-y-calabaza-90g\/"},"modified":"2026-03-29T16:38:13","modified_gmt":"2026-03-29T16:38:13","slug":"pure-energetico-boniato-y-calabaza-90g","status":"publish","type":"product","link":"https:\/\/store.eventsmtb.com\/es\/produto\/pure-energetico-boniato-y-calabaza-90g\/","title":{"rendered":"Pur\u00e9 Energ\u00e9tico &#8211; Boniato y Calabaza"},"content":{"rendered":"<p>Si est\u00e1s buscando una fuente de energ\u00eda natural y nutritiva para mantenerte colocado durante los entrenamientos o las competiciones, el <strong>pur\u00e9 de boniato y calabaza de<\/strong> N\u00e4ak&#8217;s Energy es tu opci\u00f3n ideal. Con una mezcla equilibrada de ingredientes 100% naturales, este pur\u00e9 te proporciona hidratos de carbono de absorci\u00f3n lenta, garantizando una energ\u00eda constante y sostenible durante toda tu actividad f\u00edsica. <\/p>\n<h4>Beneficios de Energy Pur\u00e9 de Boniato y Calabaza 90g:<\/h4>\n<ul>\n<li><strong>Energ\u00eda sostenida<\/strong>: La combinaci\u00f3n de batata y calabaza ofrece carbohidratos de larga duraci\u00f3n, lo que lo ayuda a mantener la energ\u00eda durante actividades prolongadas.<\/li>\n<li><strong>Fuente natural de nutrientes<\/strong>: Rico en fibra, vitaminas y minerales esenciales para la recuperaci\u00f3n muscular y la salud digestiva.<\/li>\n<li><strong>100% vegano y sin gluten<\/strong>: Ideal para quienes siguen una dieta vegana o tienen restricciones diet\u00e9ticas, este pur\u00e9 est\u00e1 elaborado \u00fanicamente con ingredientes naturales y saludables.<\/li>\n<li><strong>F\u00e1cil de consumir<\/strong>: La textura suave y el empaque conveniente hacen de este pur\u00e9 una excelente opci\u00f3n para entrenar, correr o como un refrigerio nutritivo durante todo el d\u00eda.<\/li>\n<\/ul>\n<h4>Ingredientes naturales:<\/h4>\n<ul>\n<li><strong>Batata y calabaza<\/strong>: Conocidas por sus propiedades nutritivas, estas fuentes naturales de carbohidratos son esenciales para mantener la energ\u00eda y ayudar a la recuperaci\u00f3n muscular.<\/li>\n<\/ul>\n<p>Si est\u00e1 buscando una soluci\u00f3n energ\u00e9tica limpia y natural, pruebe el <strong>Pur\u00e9 Energ\u00e9tico de Boniato y Calabaza 90g<\/strong> y mantenga su rendimiento al m\u00e1ximo.<\/p>\n","protected":false},"excerpt":{"rendered":"<p>N\u00e4ak Ultra Energy\u2122<\/p>\n","protected":false},"featured_media":7252,"comment_status":"open","ping_status":"closed","template":"","meta":[],"product_cat":[217,278],"product_tag":[225],"class_list":{"0":"post-8626","1":"product","2":"type-product","3":"status-publish","4":"has-post-thumbnail","6":"product_brand-naak-ultra-energy-es","7":"product_cat-nutricion-de-rendimiento","8":"product_cat-pures-es","9":"product_tag-viernes-negro","11":"first","12":"instock","13":"taxable","14":"shipping-taxable","15":"purchasable","16":"product-type-simple"},"yoast_head":"<!-- This site is optimized with the Yoast SEO plugin v27.2 - https:\/\/yoast.com\/product\/yoast-seo-wordpress\/ -->\n<title>Pur\u00e9 Energ\u00e9tico - Boniato y Calabaza - Store.Eventsmtb<\/title>\n<meta name=\"description\" content=\"Pur\u00e9 Energ\u00e9tico - Boniato y Calabaza - Si est\u00e1s buscando una fuente de energ\u00eda natural y nutritiva para mantenerte colocado durante los entrenamientos o...\" \/>\n<meta name=\"robots\" content=\"index, follow, max-snippet:-1, max-image-preview:large, max-video-preview:-1\" \/>\n<link rel=\"canonical\" href=\"https:\/\/store.eventsmtb.com\/es\/produto\/pure-energetico-boniato-y-calabaza-90g\/\" \/>\n<meta property=\"og:locale\" content=\"es_ES\" \/>\n<meta property=\"og:type\" content=\"article\" \/>\n<meta property=\"og:title\" content=\"Pur\u00e9 Energ\u00e9tico - Boniato y Calabaza - Store.Eventsmtb\" \/>\n<meta property=\"og:description\" content=\"Pur\u00e9 Energ\u00e9tico - Boniato y Calabaza - Si est\u00e1s buscando una fuente de energ\u00eda natural y nutritiva para mantenerte colocado durante los entrenamientos o...\" \/>\n<meta property=\"og:url\" content=\"https:\/\/store.eventsmtb.com\/es\/produto\/pure-energetico-boniato-y-calabaza-90g\/\" \/>\n<meta property=\"og:site_name\" content=\"Store.Eventsmtb\" \/>\n<meta property=\"article:publisher\" content=\"https:\/\/www.facebook.com\/profile.php?id=100083151405925&amp;locale=pt_PT\" \/>\n<meta property=\"article:modified_time\" content=\"2026-03-29T16:38:13+00:00\" \/>\n<meta property=\"og:image\" content=\"https:\/\/store.eventsmtb.com\/wp-content\/uploads\/2024\/07\/naak-energy-puree-sweet-potatoes-butternut-destaque.png\" \/>\n\t<meta property=\"og:image:width\" content=\"500\" \/>\n\t<meta property=\"og:image:height\" content=\"500\" \/>\n\t<meta property=\"og:image:type\" content=\"image\/png\" \/>\n<meta name=\"twitter:card\" content=\"summary_large_image\" \/>\n<meta name=\"twitter:label1\" content=\"Tiempo de lectura\" \/>\n\t<meta name=\"twitter:data1\" content=\"1 minuto\" \/>\n<script type=\"application\/ld+json\" class=\"yoast-schema-graph\">{\"@context\":\"https:\/\/schema.org\",\"@graph\":[{\"@type\":\"WebPage\",\"@id\":\"https:\/\/store.eventsmtb.com\/es\/produto\/pure-energetico-boniato-y-calabaza-90g\/\",\"url\":\"https:\/\/store.eventsmtb.com\/es\/produto\/pure-energetico-boniato-y-calabaza-90g\/\",\"name\":\"Pur\u00e9 Energ\u00e9tico - Boniato y Calabaza - Store.Eventsmtb\",\"isPartOf\":{\"@id\":\"https:\/\/store.eventsmtb.com\/es\/#website\"},\"primaryImageOfPage\":{\"@id\":\"https:\/\/store.eventsmtb.com\/es\/produto\/pure-energetico-boniato-y-calabaza-90g\/#primaryimage\"},\"image\":{\"@id\":\"https:\/\/store.eventsmtb.com\/es\/produto\/pure-energetico-boniato-y-calabaza-90g\/#primaryimage\"},\"thumbnailUrl\":\"https:\/\/store.eventsmtb.com\/wp-content\/uploads\/2024\/07\/naak-energy-puree-sweet-potatoes-butternut-destaque.png\",\"datePublished\":\"2024-07-18T11:08:08+00:00\",\"dateModified\":\"2026-03-29T16:38:13+00:00\",\"description\":\"Pur\u00e9 Energ\u00e9tico - Boniato y Calabaza - Si est\u00e1s buscando una fuente de energ\u00eda natural y nutritiva para mantenerte colocado durante los entrenamientos o...\",\"breadcrumb\":{\"@id\":\"https:\/\/store.eventsmtb.com\/es\/produto\/pure-energetico-boniato-y-calabaza-90g\/#breadcrumb\"},\"inLanguage\":\"es\",\"potentialAction\":[{\"@type\":\"ReadAction\",\"target\":[\"https:\/\/store.eventsmtb.com\/es\/produto\/pure-energetico-boniato-y-calabaza-90g\/\"]}]},{\"@type\":\"ImageObject\",\"inLanguage\":\"es\",\"@id\":\"https:\/\/store.eventsmtb.com\/es\/produto\/pure-energetico-boniato-y-calabaza-90g\/#primaryimage\",\"url\":\"https:\/\/store.eventsmtb.com\/wp-content\/uploads\/2024\/07\/naak-energy-puree-sweet-potatoes-butternut-destaque.png\",\"contentUrl\":\"https:\/\/store.eventsmtb.com\/wp-content\/uploads\/2024\/07\/naak-energy-puree-sweet-potatoes-butternut-destaque.png\",\"width\":500,\"height\":500,\"caption\":\"Pur\u00e9 energ\u00e9tico Naak - Boniato y calabaza\"},{\"@type\":\"BreadcrumbList\",\"@id\":\"https:\/\/store.eventsmtb.com\/es\/produto\/pure-energetico-boniato-y-calabaza-90g\/#breadcrumb\",\"itemListElement\":[{\"@type\":\"ListItem\",\"position\":1,\"name\":\"In\u00edcio\",\"item\":\"https:\/\/store.eventsmtb.com\/es\/\"},{\"@type\":\"ListItem\",\"position\":2,\"name\":\"Tienda\",\"item\":\"https:\/\/store.eventsmtb.com\/es\/tienda\/\"},{\"@type\":\"ListItem\",\"position\":3,\"name\":\"Pur\u00e9 Energ\u00e9tico &#8211; Boniato y Calabaza\"}]},{\"@type\":\"WebSite\",\"@id\":\"https:\/\/store.eventsmtb.com\/es\/#website\",\"url\":\"https:\/\/store.eventsmtb.com\/es\/\",\"name\":\"Store.Eventsmtb\",\"description\":\"Boost Yourself\",\"publisher\":{\"@id\":\"https:\/\/store.eventsmtb.com\/es\/#organization\"},\"potentialAction\":[{\"@type\":\"SearchAction\",\"target\":{\"@type\":\"EntryPoint\",\"urlTemplate\":\"https:\/\/store.eventsmtb.com\/es\/?s={search_term_string}\"},\"query-input\":{\"@type\":\"PropertyValueSpecification\",\"valueRequired\":true,\"valueName\":\"search_term_string\"}}],\"inLanguage\":\"es\"},{\"@type\":\"Organization\",\"@id\":\"https:\/\/store.eventsmtb.com\/es\/#organization\",\"name\":\"Store.Eventsmtb\",\"url\":\"https:\/\/store.eventsmtb.com\/es\/\",\"logo\":{\"@type\":\"ImageObject\",\"inLanguage\":\"es\",\"@id\":\"https:\/\/store.eventsmtb.com\/es\/#\/schema\/logo\/image\/\",\"url\":\"https:\/\/store.eventsmtb.com\/wp-content\/uploads\/2024\/08\/mtbstore-02-e1723109277246.png\",\"contentUrl\":\"https:\/\/store.eventsmtb.com\/wp-content\/uploads\/2024\/08\/mtbstore-02-e1723109277246.png\",\"width\":1925,\"height\":1765,\"caption\":\"Store.Eventsmtb\"},\"image\":{\"@id\":\"https:\/\/store.eventsmtb.com\/es\/#\/schema\/logo\/image\/\"},\"sameAs\":[\"https:\/\/www.facebook.com\/profile.php?id=100083151405925&locale=pt_PT\"]}]}<\/script>\n<!-- \/ Yoast SEO plugin. -->","yoast_head_json":{"title":"Pur\u00e9 Energ\u00e9tico - Boniato y Calabaza - Store.Eventsmtb","description":"Pur\u00e9 Energ\u00e9tico - Boniato y Calabaza - Si est\u00e1s buscando una fuente de energ\u00eda natural y nutritiva para mantenerte colocado durante los entrenamientos o...","robots":{"index":"index","follow":"follow","max-snippet":"max-snippet:-1","max-image-preview":"max-image-preview:large","max-video-preview":"max-video-preview:-1"},"canonical":"https:\/\/store.eventsmtb.com\/es\/produto\/pure-energetico-boniato-y-calabaza-90g\/","og_locale":"es_ES","og_type":"article","og_title":"Pur\u00e9 Energ\u00e9tico - Boniato y Calabaza - Store.Eventsmtb","og_description":"Pur\u00e9 Energ\u00e9tico - Boniato y Calabaza - Si est\u00e1s buscando una fuente de energ\u00eda natural y nutritiva para mantenerte colocado durante los entrenamientos o...","og_url":"https:\/\/store.eventsmtb.com\/es\/produto\/pure-energetico-boniato-y-calabaza-90g\/","og_site_name":"Store.Eventsmtb","article_publisher":"https:\/\/www.facebook.com\/profile.php?id=100083151405925&locale=pt_PT","article_modified_time":"2026-03-29T16:38:13+00:00","og_image":[{"width":500,"height":500,"url":"https:\/\/store.eventsmtb.com\/wp-content\/uploads\/2024\/07\/naak-energy-puree-sweet-potatoes-butternut-destaque.png","type":"image\/png"}],"twitter_card":"summary_large_image","twitter_misc":{"Tiempo de lectura":"1 minuto"},"schema":{"@context":"https:\/\/schema.org","@graph":[{"@type":"WebPage","@id":"https:\/\/store.eventsmtb.com\/es\/produto\/pure-energetico-boniato-y-calabaza-90g\/","url":"https:\/\/store.eventsmtb.com\/es\/produto\/pure-energetico-boniato-y-calabaza-90g\/","name":"Pur\u00e9 Energ\u00e9tico - Boniato y Calabaza - Store.Eventsmtb","isPartOf":{"@id":"https:\/\/store.eventsmtb.com\/es\/#website"},"primaryImageOfPage":{"@id":"https:\/\/store.eventsmtb.com\/es\/produto\/pure-energetico-boniato-y-calabaza-90g\/#primaryimage"},"image":{"@id":"https:\/\/store.eventsmtb.com\/es\/produto\/pure-energetico-boniato-y-calabaza-90g\/#primaryimage"},"thumbnailUrl":"https:\/\/store.eventsmtb.com\/wp-content\/uploads\/2024\/07\/naak-energy-puree-sweet-potatoes-butternut-destaque.png","datePublished":"2024-07-18T11:08:08+00:00","dateModified":"2026-03-29T16:38:13+00:00","description":"Pur\u00e9 Energ\u00e9tico - Boniato y Calabaza - Si est\u00e1s buscando una fuente de energ\u00eda natural y nutritiva para mantenerte colocado durante los entrenamientos o...","breadcrumb":{"@id":"https:\/\/store.eventsmtb.com\/es\/produto\/pure-energetico-boniato-y-calabaza-90g\/#breadcrumb"},"inLanguage":"es","potentialAction":[{"@type":"ReadAction","target":["https:\/\/store.eventsmtb.com\/es\/produto\/pure-energetico-boniato-y-calabaza-90g\/"]}]},{"@type":"ImageObject","inLanguage":"es","@id":"https:\/\/store.eventsmtb.com\/es\/produto\/pure-energetico-boniato-y-calabaza-90g\/#primaryimage","url":"https:\/\/store.eventsmtb.com\/wp-content\/uploads\/2024\/07\/naak-energy-puree-sweet-potatoes-butternut-destaque.png","contentUrl":"https:\/\/store.eventsmtb.com\/wp-content\/uploads\/2024\/07\/naak-energy-puree-sweet-potatoes-butternut-destaque.png","width":500,"height":500,"caption":"Pur\u00e9 energ\u00e9tico Naak - Boniato y calabaza"},{"@type":"BreadcrumbList","@id":"https:\/\/store.eventsmtb.com\/es\/produto\/pure-energetico-boniato-y-calabaza-90g\/#breadcrumb","itemListElement":[{"@type":"ListItem","position":1,"name":"In\u00edcio","item":"https:\/\/store.eventsmtb.com\/es\/"},{"@type":"ListItem","position":2,"name":"Tienda","item":"https:\/\/store.eventsmtb.com\/es\/tienda\/"},{"@type":"ListItem","position":3,"name":"Pur\u00e9 Energ\u00e9tico &#8211; Boniato y Calabaza"}]},{"@type":"WebSite","@id":"https:\/\/store.eventsmtb.com\/es\/#website","url":"https:\/\/store.eventsmtb.com\/es\/","name":"Store.Eventsmtb","description":"Boost Yourself","publisher":{"@id":"https:\/\/store.eventsmtb.com\/es\/#organization"},"potentialAction":[{"@type":"SearchAction","target":{"@type":"EntryPoint","urlTemplate":"https:\/\/store.eventsmtb.com\/es\/?s={search_term_string}"},"query-input":{"@type":"PropertyValueSpecification","valueRequired":true,"valueName":"search_term_string"}}],"inLanguage":"es"},{"@type":"Organization","@id":"https:\/\/store.eventsmtb.com\/es\/#organization","name":"Store.Eventsmtb","url":"https:\/\/store.eventsmtb.com\/es\/","logo":{"@type":"ImageObject","inLanguage":"es","@id":"https:\/\/store.eventsmtb.com\/es\/#\/schema\/logo\/image\/","url":"https:\/\/store.eventsmtb.com\/wp-content\/uploads\/2024\/08\/mtbstore-02-e1723109277246.png","contentUrl":"https:\/\/store.eventsmtb.com\/wp-content\/uploads\/2024\/08\/mtbstore-02-e1723109277246.png","width":1925,"height":1765,"caption":"Store.Eventsmtb"},"image":{"@id":"https:\/\/store.eventsmtb.com\/es\/#\/schema\/logo\/image\/"},"sameAs":["https:\/\/www.facebook.com\/profile.php?id=100083151405925&locale=pt_PT"]}]}},"_links":{"self":[{"href":"https:\/\/store.eventsmtb.com\/es\/wp-json\/wp\/v2\/product\/8626","targetHints":{"allow":["GET"]}}],"collection":[{"href":"https:\/\/store.eventsmtb.com\/es\/wp-json\/wp\/v2\/product"}],"about":[{"href":"https:\/\/store.eventsmtb.com\/es\/wp-json\/wp\/v2\/types\/product"}],"replies":[{"embeddable":true,"href":"https:\/\/store.eventsmtb.com\/es\/wp-json\/wp\/v2\/comments?post=8626"}],"wp:featuredmedia":[{"embeddable":true,"href":"https:\/\/store.eventsmtb.com\/es\/wp-json\/wp\/v2\/media\/7252"}],"wp:attachment":[{"href":"https:\/\/store.eventsmtb.com\/es\/wp-json\/wp\/v2\/media?parent=8626"}],"wp:term":[{"taxonomy":"product_cat","embeddable":true,"href":"https:\/\/store.eventsmtb.com\/es\/wp-json\/wp\/v2\/product_cat?post=8626"},{"taxonomy":"product_tag","embeddable":true,"href":"https:\/\/store.eventsmtb.com\/es\/wp-json\/wp\/v2\/product_tag?post=8626"}],"curies":[{"name":"wp","href":"https:\/\/api.w.org\/{rel}","templated":true}]}}