{"id":8803,"date":"2024-08-13T14:59:16","date_gmt":"2024-08-13T14:59:16","guid":{"rendered":"https:\/\/store.eventsmtb.com\/produto\/naak-ultra-energy-gel-energetico-chocolate-57g\/"},"modified":"2026-02-04T16:01:57","modified_gmt":"2026-02-04T16:01:57","slug":"naak-ultra-energy-gel-energetico-chocolate-57g","status":"publish","type":"product","link":"https:\/\/store.eventsmtb.com\/es\/produto\/naak-ultra-energy-gel-energetico-chocolate-57g\/","title":{"rendered":"N\u00e4ak Ultra Energy\u2122- Gel Energ\u00e9tico, Chocolate"},"content":{"rendered":"<p>N\u00e4ak Ultra Energy\u2122 Gel est\u00e1 dise\u00f1ado espec\u00edficamente para esfuerzos de ultra resistencia.<\/p>\n<p>Elaborado con un 37% de ingredientes reciclados, aporta 200 calor\u00edas por raci\u00f3n.<\/p>\n<p>Equilibrado con hidratos de carbono cortos y complejos, BCAA y electrolitos, este gel proporciona una fuente completa de energ\u00eda para tus actividades de ultra resistencia. Su textura semil\u00edquida asegura una f\u00e1cil absorci\u00f3n, y la baja carga gluc\u00e9mica ayuda a prevenir problemas intestinales. T\u00f3malo cuando necesites un impulso extra durante los esfuerzos de alta intensidad.  <\/p>\n<p>Con 90 kcal por raci\u00f3n, este gel est\u00e1 formulado para una absorci\u00f3n r\u00e1pida y eficaz de los hidratos de carbono, lo que ayuda a mantener estables los niveles de energ\u00eda durante las actividades intensas. Elaborado con ingredientes naturales y no transg\u00e9nicos, ofrece el rico sabor del chocolate, haciendo que el consumo sea agradable y f\u00e1cil incluso en momentos de esfuerzo. Compacto y pr\u00e1ctico, es ideal para transportar y consumir durante el ejercicio, garantizando un impulso de energ\u00eda inmediato.  <\/p>\n","protected":false},"excerpt":{"rendered":"<p>N\u00e4ak Ultra Energy\u2122<\/p>\n","protected":false},"featured_media":7345,"comment_status":"open","ping_status":"closed","template":"","meta":[],"product_cat":[223,217],"product_tag":[225],"class_list":{"0":"post-8803","1":"product","2":"type-product","3":"status-publish","4":"has-post-thumbnail","6":"product_brand-naak-ultra-energy-es","7":"product_cat-geles-energeticos","8":"product_cat-nutricion-de-rendimiento","9":"product_tag-viernes-negro","11":"first","12":"instock","13":"taxable","14":"shipping-taxable","15":"purchasable","16":"product-type-simple"},"yoast_head":"<!-- This site is optimized with the Yoast SEO plugin v27.2 - https:\/\/yoast.com\/product\/yoast-seo-wordpress\/ -->\n<title>N\u00e4ak Ultra Energy\u2122- Gel Energ\u00e9tico, Chocolate, 57g - Store.Eventsmtb<\/title>\n<meta name=\"description\" content=\"N\u00e4ak Ultra Energy\u2122- Gel Energ\u00e9tico, Chocolate, 57g - N\u00e4ak Ultra Energy\u2122 Gel est\u00e1 dise\u00f1ado espec\u00edficamente para esfuerzos de ultra resistencia. El...\" \/>\n<meta name=\"robots\" content=\"index, follow, max-snippet:-1, max-image-preview:large, max-video-preview:-1\" \/>\n<link rel=\"canonical\" href=\"https:\/\/store.eventsmtb.com\/es\/produto\/naak-ultra-energy-gel-energetico-chocolate-57g\/\" \/>\n<meta property=\"og:locale\" content=\"es_ES\" \/>\n<meta property=\"og:type\" content=\"article\" \/>\n<meta property=\"og:title\" content=\"N\u00e4ak Ultra Energy\u2122- Gel Energ\u00e9tico, Chocolate, 57g - Store.Eventsmtb\" \/>\n<meta property=\"og:description\" content=\"N\u00e4ak Ultra Energy\u2122- Gel Energ\u00e9tico, Chocolate, 57g - N\u00e4ak Ultra Energy\u2122 Gel est\u00e1 dise\u00f1ado espec\u00edficamente para esfuerzos de ultra resistencia. El...\" \/>\n<meta property=\"og:url\" content=\"https:\/\/store.eventsmtb.com\/es\/produto\/naak-ultra-energy-gel-energetico-chocolate-57g\/\" \/>\n<meta property=\"og:site_name\" content=\"Store.Eventsmtb\" \/>\n<meta property=\"article:publisher\" content=\"https:\/\/www.facebook.com\/profile.php?id=100083151405925&amp;locale=pt_PT\" \/>\n<meta property=\"article:modified_time\" content=\"2026-02-04T16:01:57+00:00\" \/>\n<meta property=\"og:image\" content=\"https:\/\/store.eventsmtb.com\/wp-content\/uploads\/2024\/08\/1-Photoroom.png\" \/>\n\t<meta property=\"og:image:width\" content=\"600\" \/>\n\t<meta property=\"og:image:height\" content=\"600\" \/>\n\t<meta property=\"og:image:type\" content=\"image\/png\" \/>\n<meta name=\"twitter:card\" content=\"summary_large_image\" \/>\n<meta name=\"twitter:label1\" content=\"Tiempo de lectura\" \/>\n\t<meta name=\"twitter:data1\" content=\"1 minuto\" \/>\n<script type=\"application\/ld+json\" class=\"yoast-schema-graph\">{\"@context\":\"https:\/\/schema.org\",\"@graph\":[{\"@type\":\"WebPage\",\"@id\":\"https:\/\/store.eventsmtb.com\/es\/produto\/naak-ultra-energy-gel-energetico-chocolate-57g\/\",\"url\":\"https:\/\/store.eventsmtb.com\/es\/produto\/naak-ultra-energy-gel-energetico-chocolate-57g\/\",\"name\":\"N\u00e4ak Ultra Energy\u2122- Gel Energ\u00e9tico, Chocolate, 57g - Store.Eventsmtb\",\"isPartOf\":{\"@id\":\"https:\/\/store.eventsmtb.com\/es\/#website\"},\"primaryImageOfPage\":{\"@id\":\"https:\/\/store.eventsmtb.com\/es\/produto\/naak-ultra-energy-gel-energetico-chocolate-57g\/#primaryimage\"},\"image\":{\"@id\":\"https:\/\/store.eventsmtb.com\/es\/produto\/naak-ultra-energy-gel-energetico-chocolate-57g\/#primaryimage\"},\"thumbnailUrl\":\"https:\/\/store.eventsmtb.com\/wp-content\/uploads\/2024\/08\/1-Photoroom.png\",\"datePublished\":\"2024-08-13T14:59:16+00:00\",\"dateModified\":\"2026-02-04T16:01:57+00:00\",\"description\":\"N\u00e4ak Ultra Energy\u2122- Gel Energ\u00e9tico, Chocolate, 57g - N\u00e4ak Ultra Energy\u2122 Gel est\u00e1 dise\u00f1ado espec\u00edficamente para esfuerzos de ultra resistencia. El...\",\"breadcrumb\":{\"@id\":\"https:\/\/store.eventsmtb.com\/es\/produto\/naak-ultra-energy-gel-energetico-chocolate-57g\/#breadcrumb\"},\"inLanguage\":\"es\",\"potentialAction\":[{\"@type\":\"ReadAction\",\"target\":[\"https:\/\/store.eventsmtb.com\/es\/produto\/naak-ultra-energy-gel-energetico-chocolate-57g\/\"]}]},{\"@type\":\"ImageObject\",\"inLanguage\":\"es\",\"@id\":\"https:\/\/store.eventsmtb.com\/es\/produto\/naak-ultra-energy-gel-energetico-chocolate-57g\/#primaryimage\",\"url\":\"https:\/\/store.eventsmtb.com\/wp-content\/uploads\/2024\/08\/1-Photoroom.png\",\"contentUrl\":\"https:\/\/store.eventsmtb.com\/wp-content\/uploads\/2024\/08\/1-Photoroom.png\",\"width\":600,\"height\":600},{\"@type\":\"BreadcrumbList\",\"@id\":\"https:\/\/store.eventsmtb.com\/es\/produto\/naak-ultra-energy-gel-energetico-chocolate-57g\/#breadcrumb\",\"itemListElement\":[{\"@type\":\"ListItem\",\"position\":1,\"name\":\"In\u00edcio\",\"item\":\"https:\/\/store.eventsmtb.com\/es\/\"},{\"@type\":\"ListItem\",\"position\":2,\"name\":\"Tienda\",\"item\":\"https:\/\/store.eventsmtb.com\/es\/tienda\/\"},{\"@type\":\"ListItem\",\"position\":3,\"name\":\"N\u00e4ak Ultra Energy\u2122- Gel Energ\u00e9tico, Chocolate, 57g\"}]},{\"@type\":\"WebSite\",\"@id\":\"https:\/\/store.eventsmtb.com\/es\/#website\",\"url\":\"https:\/\/store.eventsmtb.com\/es\/\",\"name\":\"Store.Eventsmtb\",\"description\":\"Boost Yourself\",\"publisher\":{\"@id\":\"https:\/\/store.eventsmtb.com\/es\/#organization\"},\"potentialAction\":[{\"@type\":\"SearchAction\",\"target\":{\"@type\":\"EntryPoint\",\"urlTemplate\":\"https:\/\/store.eventsmtb.com\/es\/?s={search_term_string}\"},\"query-input\":{\"@type\":\"PropertyValueSpecification\",\"valueRequired\":true,\"valueName\":\"search_term_string\"}}],\"inLanguage\":\"es\"},{\"@type\":\"Organization\",\"@id\":\"https:\/\/store.eventsmtb.com\/es\/#organization\",\"name\":\"Store.Eventsmtb\",\"url\":\"https:\/\/store.eventsmtb.com\/es\/\",\"logo\":{\"@type\":\"ImageObject\",\"inLanguage\":\"es\",\"@id\":\"https:\/\/store.eventsmtb.com\/es\/#\/schema\/logo\/image\/\",\"url\":\"https:\/\/store.eventsmtb.com\/wp-content\/uploads\/2024\/08\/mtbstore-02-e1723109277246.png\",\"contentUrl\":\"https:\/\/store.eventsmtb.com\/wp-content\/uploads\/2024\/08\/mtbstore-02-e1723109277246.png\",\"width\":1925,\"height\":1765,\"caption\":\"Store.Eventsmtb\"},\"image\":{\"@id\":\"https:\/\/store.eventsmtb.com\/es\/#\/schema\/logo\/image\/\"},\"sameAs\":[\"https:\/\/www.facebook.com\/profile.php?id=100083151405925&locale=pt_PT\"]}]}<\/script>\n<!-- \/ Yoast SEO plugin. -->","yoast_head_json":{"title":"N\u00e4ak Ultra Energy\u2122- Gel Energ\u00e9tico, Chocolate, 57g - Store.Eventsmtb","description":"N\u00e4ak Ultra Energy\u2122- Gel Energ\u00e9tico, Chocolate, 57g - N\u00e4ak Ultra Energy\u2122 Gel est\u00e1 dise\u00f1ado espec\u00edficamente para esfuerzos de ultra resistencia. El...","robots":{"index":"index","follow":"follow","max-snippet":"max-snippet:-1","max-image-preview":"max-image-preview:large","max-video-preview":"max-video-preview:-1"},"canonical":"https:\/\/store.eventsmtb.com\/es\/produto\/naak-ultra-energy-gel-energetico-chocolate-57g\/","og_locale":"es_ES","og_type":"article","og_title":"N\u00e4ak Ultra Energy\u2122- Gel Energ\u00e9tico, Chocolate, 57g - Store.Eventsmtb","og_description":"N\u00e4ak Ultra Energy\u2122- Gel Energ\u00e9tico, Chocolate, 57g - N\u00e4ak Ultra Energy\u2122 Gel est\u00e1 dise\u00f1ado espec\u00edficamente para esfuerzos de ultra resistencia. El...","og_url":"https:\/\/store.eventsmtb.com\/es\/produto\/naak-ultra-energy-gel-energetico-chocolate-57g\/","og_site_name":"Store.Eventsmtb","article_publisher":"https:\/\/www.facebook.com\/profile.php?id=100083151405925&locale=pt_PT","article_modified_time":"2026-02-04T16:01:57+00:00","og_image":[{"width":600,"height":600,"url":"https:\/\/store.eventsmtb.com\/wp-content\/uploads\/2024\/08\/1-Photoroom.png","type":"image\/png"}],"twitter_card":"summary_large_image","twitter_misc":{"Tiempo de lectura":"1 minuto"},"schema":{"@context":"https:\/\/schema.org","@graph":[{"@type":"WebPage","@id":"https:\/\/store.eventsmtb.com\/es\/produto\/naak-ultra-energy-gel-energetico-chocolate-57g\/","url":"https:\/\/store.eventsmtb.com\/es\/produto\/naak-ultra-energy-gel-energetico-chocolate-57g\/","name":"N\u00e4ak Ultra Energy\u2122- Gel Energ\u00e9tico, Chocolate, 57g - Store.Eventsmtb","isPartOf":{"@id":"https:\/\/store.eventsmtb.com\/es\/#website"},"primaryImageOfPage":{"@id":"https:\/\/store.eventsmtb.com\/es\/produto\/naak-ultra-energy-gel-energetico-chocolate-57g\/#primaryimage"},"image":{"@id":"https:\/\/store.eventsmtb.com\/es\/produto\/naak-ultra-energy-gel-energetico-chocolate-57g\/#primaryimage"},"thumbnailUrl":"https:\/\/store.eventsmtb.com\/wp-content\/uploads\/2024\/08\/1-Photoroom.png","datePublished":"2024-08-13T14:59:16+00:00","dateModified":"2026-02-04T16:01:57+00:00","description":"N\u00e4ak Ultra Energy\u2122- Gel Energ\u00e9tico, Chocolate, 57g - N\u00e4ak Ultra Energy\u2122 Gel est\u00e1 dise\u00f1ado espec\u00edficamente para esfuerzos de ultra resistencia. El...","breadcrumb":{"@id":"https:\/\/store.eventsmtb.com\/es\/produto\/naak-ultra-energy-gel-energetico-chocolate-57g\/#breadcrumb"},"inLanguage":"es","potentialAction":[{"@type":"ReadAction","target":["https:\/\/store.eventsmtb.com\/es\/produto\/naak-ultra-energy-gel-energetico-chocolate-57g\/"]}]},{"@type":"ImageObject","inLanguage":"es","@id":"https:\/\/store.eventsmtb.com\/es\/produto\/naak-ultra-energy-gel-energetico-chocolate-57g\/#primaryimage","url":"https:\/\/store.eventsmtb.com\/wp-content\/uploads\/2024\/08\/1-Photoroom.png","contentUrl":"https:\/\/store.eventsmtb.com\/wp-content\/uploads\/2024\/08\/1-Photoroom.png","width":600,"height":600},{"@type":"BreadcrumbList","@id":"https:\/\/store.eventsmtb.com\/es\/produto\/naak-ultra-energy-gel-energetico-chocolate-57g\/#breadcrumb","itemListElement":[{"@type":"ListItem","position":1,"name":"In\u00edcio","item":"https:\/\/store.eventsmtb.com\/es\/"},{"@type":"ListItem","position":2,"name":"Tienda","item":"https:\/\/store.eventsmtb.com\/es\/tienda\/"},{"@type":"ListItem","position":3,"name":"N\u00e4ak Ultra Energy\u2122- Gel Energ\u00e9tico, Chocolate, 57g"}]},{"@type":"WebSite","@id":"https:\/\/store.eventsmtb.com\/es\/#website","url":"https:\/\/store.eventsmtb.com\/es\/","name":"Store.Eventsmtb","description":"Boost Yourself","publisher":{"@id":"https:\/\/store.eventsmtb.com\/es\/#organization"},"potentialAction":[{"@type":"SearchAction","target":{"@type":"EntryPoint","urlTemplate":"https:\/\/store.eventsmtb.com\/es\/?s={search_term_string}"},"query-input":{"@type":"PropertyValueSpecification","valueRequired":true,"valueName":"search_term_string"}}],"inLanguage":"es"},{"@type":"Organization","@id":"https:\/\/store.eventsmtb.com\/es\/#organization","name":"Store.Eventsmtb","url":"https:\/\/store.eventsmtb.com\/es\/","logo":{"@type":"ImageObject","inLanguage":"es","@id":"https:\/\/store.eventsmtb.com\/es\/#\/schema\/logo\/image\/","url":"https:\/\/store.eventsmtb.com\/wp-content\/uploads\/2024\/08\/mtbstore-02-e1723109277246.png","contentUrl":"https:\/\/store.eventsmtb.com\/wp-content\/uploads\/2024\/08\/mtbstore-02-e1723109277246.png","width":1925,"height":1765,"caption":"Store.Eventsmtb"},"image":{"@id":"https:\/\/store.eventsmtb.com\/es\/#\/schema\/logo\/image\/"},"sameAs":["https:\/\/www.facebook.com\/profile.php?id=100083151405925&locale=pt_PT"]}]}},"_links":{"self":[{"href":"https:\/\/store.eventsmtb.com\/es\/wp-json\/wp\/v2\/product\/8803","targetHints":{"allow":["GET"]}}],"collection":[{"href":"https:\/\/store.eventsmtb.com\/es\/wp-json\/wp\/v2\/product"}],"about":[{"href":"https:\/\/store.eventsmtb.com\/es\/wp-json\/wp\/v2\/types\/product"}],"replies":[{"embeddable":true,"href":"https:\/\/store.eventsmtb.com\/es\/wp-json\/wp\/v2\/comments?post=8803"}],"wp:featuredmedia":[{"embeddable":true,"href":"https:\/\/store.eventsmtb.com\/es\/wp-json\/wp\/v2\/media\/7345"}],"wp:attachment":[{"href":"https:\/\/store.eventsmtb.com\/es\/wp-json\/wp\/v2\/media?parent=8803"}],"wp:term":[{"taxonomy":"product_cat","embeddable":true,"href":"https:\/\/store.eventsmtb.com\/es\/wp-json\/wp\/v2\/product_cat?post=8803"},{"taxonomy":"product_tag","embeddable":true,"href":"https:\/\/store.eventsmtb.com\/es\/wp-json\/wp\/v2\/product_tag?post=8803"}],"curies":[{"name":"wp","href":"https:\/\/api.w.org\/{rel}","templated":true}]}}