{"id":8804,"date":"2024-08-21T15:01:32","date_gmt":"2024-08-21T15:01:32","guid":{"rendered":"https:\/\/store.eventsmtb.com\/produto\/226ers-gel-de-alta-energia-varios-sabores-76g\/"},"modified":"2026-02-13T17:57:27","modified_gmt":"2026-02-13T17:57:27","slug":"226ers-gel-de-alta-energia-varios-sabores-76g","status":"publish","type":"product","link":"https:\/\/store.eventsmtb.com\/es\/produto\/226ers-gel-de-alta-energia-varios-sabores-76g\/","title":{"rendered":"226ers &#8211; GEL DE ALTA ENERG\u00cdA"},"content":{"rendered":"<h2>226ers \u2013 GEL DE ALTA ENERG\u00cdA<\/h2>\n<p>226ers \u2013 HIGH ENERGY GEL es un gel energ\u00e9tico cuya principal fuente de hidratos de carbono es la dextrina c\u00edclica, un carbohidrato avanzado que proporciona una reposici\u00f3n de gluc\u00f3geno m\u00e1s eficaz y mejorada. Ofrece una liberaci\u00f3n prolongada de energ\u00eda, ideal durante y despu\u00e9s del entrenamiento\/competici\u00f3n. <\/p>\n<p>Debido a su alto peso molecular y baja osmolalidad, permite un r\u00e1pido vaciado g\u00e1strico y reduce la posibilidad de problemas digestivos. El gel energ\u00e9tico contiene 50 g de carbohidratos en una proporci\u00f3n de 1:1.<\/p>\n<p>La matriz de hidrataci\u00f3n est\u00e1 compuesta por una mezcla de carbohidratos simples y complejos, a saber, dextrina c\u00edclica, maltodextrina DE15, maltodextrina DE6, glucosa y sacarosa (un disac\u00e1rido compuesto por glucosa y fructosa). Los geles energ\u00e9ticos contienen solo aromas naturales y tambi\u00e9n son aptos para veganos y vegetarianos. <\/p>\n<p>Los sabores de naranja y mora contienen 1 g de amino\u00e1cidos BCAA en una proporci\u00f3n de 8:1:1. Los amino\u00e1cidos BCAA previenen la descomposici\u00f3n del tejido muscular durante el ejercicio y reducen la sensaci\u00f3n de esfuerzo percibido. El sabor espresso contiene 80 mg de cafe\u00edna, mientras que el sabor cereza contiene 160 mg de cafe\u00edna.  <\/p>\n<p>La cafe\u00edna ayuda a aumentar la fuerza, la concentraci\u00f3n y el rendimiento. Ayuda a reducir la fatiga durante el entrenamiento\/competici\u00f3n. Los sabores de fresa y miel de man\u00ed contienen 250 mg de sodio. El sodio favorece la absorci\u00f3n de l\u00edquidos.   <\/p>\n","protected":false},"excerpt":{"rendered":"<p>226 Jugadores<\/p>\n","protected":false},"featured_media":7352,"comment_status":"open","ping_status":"closed","template":"","meta":[],"product_cat":[223,217],"product_tag":[225],"class_list":{"0":"post-8804","1":"product","2":"type-product","3":"status-publish","4":"has-post-thumbnail","6":"product_brand-226ers-es","7":"product_cat-geles-energeticos","8":"product_cat-nutricion-de-rendimiento","9":"product_tag-viernes-negro","10":"pa_sabor-cacahuetes-salados-miel","11":"pa_sabor-cafe-es","12":"pa_sabor-cereza-cafeina","13":"pa_sabor-fresa-salada","14":"pa_sabor-grosella-negra","15":"pa_sabor-limon","16":"pa_sabor-naranja-bcaa","17":"pa_sabor-neutral","18":"pa_sabor-platano","20":"first","21":"outofstock","22":"taxable","23":"shipping-taxable","24":"purchasable","25":"product-type-variable","26":"rtwpvs-product"},"yoast_head":"<!-- This site is optimized with the Yoast SEO plugin v27.2 - https:\/\/yoast.com\/product\/yoast-seo-wordpress\/ -->\n<title>226ers - GEL DE ALTA ENERG\u00cdA, Varios Sabores, 76g - Store.Eventsmtb<\/title>\n<meta name=\"description\" content=\"226ers \u2013 HIGH ENERGY GEL es un gel energ\u00e9tico cuya principal fuente de hidratos de carbono es la dextrina c\u00edclica, \u00a1un carbohidrato avanzado!\" \/>\n<meta name=\"robots\" content=\"index, follow, max-snippet:-1, max-image-preview:large, max-video-preview:-1\" \/>\n<link rel=\"canonical\" href=\"https:\/\/store.eventsmtb.com\/es\/produto\/226ers-gel-de-alta-energia-varios-sabores-76g\/\" \/>\n<meta property=\"og:locale\" content=\"es_ES\" \/>\n<meta property=\"og:type\" content=\"article\" \/>\n<meta property=\"og:title\" content=\"226ers - GEL DE ALTA ENERG\u00cdA, Varios Sabores, 76g - Store.Eventsmtb\" \/>\n<meta property=\"og:description\" content=\"226ers \u2013 HIGH ENERGY GEL es un gel energ\u00e9tico cuya principal fuente de hidratos de carbono es la dextrina c\u00edclica, \u00a1un carbohidrato avanzado!\" \/>\n<meta property=\"og:url\" content=\"https:\/\/store.eventsmtb.com\/es\/produto\/226ers-gel-de-alta-energia-varios-sabores-76g\/\" \/>\n<meta property=\"og:site_name\" content=\"Store.Eventsmtb\" \/>\n<meta property=\"article:publisher\" content=\"https:\/\/www.facebook.com\/profile.php?id=100083151405925&amp;locale=pt_PT\" \/>\n<meta property=\"article:modified_time\" content=\"2026-02-13T17:57:27+00:00\" \/>\n<meta property=\"og:image\" content=\"https:\/\/store.eventsmtb.com\/wp-content\/uploads\/2024\/08\/Design-sem-nome.png\" \/>\n\t<meta property=\"og:image:width\" content=\"500\" \/>\n\t<meta property=\"og:image:height\" content=\"500\" \/>\n\t<meta property=\"og:image:type\" content=\"image\/png\" \/>\n<meta name=\"twitter:card\" content=\"summary_large_image\" \/>\n<meta name=\"twitter:label1\" content=\"Tiempo de lectura\" \/>\n\t<meta name=\"twitter:data1\" content=\"1 minuto\" \/>\n<script type=\"application\/ld+json\" class=\"yoast-schema-graph\">{\"@context\":\"https:\/\/schema.org\",\"@graph\":[{\"@type\":\"WebPage\",\"@id\":\"https:\/\/store.eventsmtb.com\/es\/produto\/226ers-gel-de-alta-energia-varios-sabores-76g\/\",\"url\":\"https:\/\/store.eventsmtb.com\/es\/produto\/226ers-gel-de-alta-energia-varios-sabores-76g\/\",\"name\":\"226ers - GEL DE ALTA ENERG\u00cdA, Varios Sabores, 76g - Store.Eventsmtb\",\"isPartOf\":{\"@id\":\"https:\/\/store.eventsmtb.com\/es\/#website\"},\"primaryImageOfPage\":{\"@id\":\"https:\/\/store.eventsmtb.com\/es\/produto\/226ers-gel-de-alta-energia-varios-sabores-76g\/#primaryimage\"},\"image\":{\"@id\":\"https:\/\/store.eventsmtb.com\/es\/produto\/226ers-gel-de-alta-energia-varios-sabores-76g\/#primaryimage\"},\"thumbnailUrl\":\"https:\/\/store.eventsmtb.com\/wp-content\/uploads\/2024\/08\/Design-sem-nome.png\",\"datePublished\":\"2024-08-21T15:01:32+00:00\",\"dateModified\":\"2026-02-13T17:57:27+00:00\",\"description\":\"226ers \u2013 HIGH ENERGY GEL es un gel energ\u00e9tico cuya principal fuente de hidratos de carbono es la dextrina c\u00edclica, \u00a1un carbohidrato avanzado!\",\"breadcrumb\":{\"@id\":\"https:\/\/store.eventsmtb.com\/es\/produto\/226ers-gel-de-alta-energia-varios-sabores-76g\/#breadcrumb\"},\"inLanguage\":\"es\",\"potentialAction\":[{\"@type\":\"ReadAction\",\"target\":[\"https:\/\/store.eventsmtb.com\/es\/produto\/226ers-gel-de-alta-energia-varios-sabores-76g\/\"]}]},{\"@type\":\"ImageObject\",\"inLanguage\":\"es\",\"@id\":\"https:\/\/store.eventsmtb.com\/es\/produto\/226ers-gel-de-alta-energia-varios-sabores-76g\/#primaryimage\",\"url\":\"https:\/\/store.eventsmtb.com\/wp-content\/uploads\/2024\/08\/Design-sem-nome.png\",\"contentUrl\":\"https:\/\/store.eventsmtb.com\/wp-content\/uploads\/2024\/08\/Design-sem-nome.png\",\"width\":500,\"height\":500,\"caption\":\"Gel Energ\u00e9tico 226ers\"},{\"@type\":\"BreadcrumbList\",\"@id\":\"https:\/\/store.eventsmtb.com\/es\/produto\/226ers-gel-de-alta-energia-varios-sabores-76g\/#breadcrumb\",\"itemListElement\":[{\"@type\":\"ListItem\",\"position\":1,\"name\":\"In\u00edcio\",\"item\":\"https:\/\/store.eventsmtb.com\/es\/\"},{\"@type\":\"ListItem\",\"position\":2,\"name\":\"Tienda\",\"item\":\"https:\/\/store.eventsmtb.com\/es\/tienda\/\"},{\"@type\":\"ListItem\",\"position\":3,\"name\":\"226ers &#8211; GEL DE ALTA ENERG\u00cdA\"}]},{\"@type\":\"WebSite\",\"@id\":\"https:\/\/store.eventsmtb.com\/es\/#website\",\"url\":\"https:\/\/store.eventsmtb.com\/es\/\",\"name\":\"Store.Eventsmtb\",\"description\":\"Boost Yourself\",\"publisher\":{\"@id\":\"https:\/\/store.eventsmtb.com\/es\/#organization\"},\"potentialAction\":[{\"@type\":\"SearchAction\",\"target\":{\"@type\":\"EntryPoint\",\"urlTemplate\":\"https:\/\/store.eventsmtb.com\/es\/?s={search_term_string}\"},\"query-input\":{\"@type\":\"PropertyValueSpecification\",\"valueRequired\":true,\"valueName\":\"search_term_string\"}}],\"inLanguage\":\"es\"},{\"@type\":\"Organization\",\"@id\":\"https:\/\/store.eventsmtb.com\/es\/#organization\",\"name\":\"Store.Eventsmtb\",\"url\":\"https:\/\/store.eventsmtb.com\/es\/\",\"logo\":{\"@type\":\"ImageObject\",\"inLanguage\":\"es\",\"@id\":\"https:\/\/store.eventsmtb.com\/es\/#\/schema\/logo\/image\/\",\"url\":\"https:\/\/store.eventsmtb.com\/wp-content\/uploads\/2024\/08\/mtbstore-02-e1723109277246.png\",\"contentUrl\":\"https:\/\/store.eventsmtb.com\/wp-content\/uploads\/2024\/08\/mtbstore-02-e1723109277246.png\",\"width\":1925,\"height\":1765,\"caption\":\"Store.Eventsmtb\"},\"image\":{\"@id\":\"https:\/\/store.eventsmtb.com\/es\/#\/schema\/logo\/image\/\"},\"sameAs\":[\"https:\/\/www.facebook.com\/profile.php?id=100083151405925&locale=pt_PT\"]}]}<\/script>\n<!-- \/ Yoast SEO plugin. -->","yoast_head_json":{"title":"226ers - GEL DE ALTA ENERG\u00cdA, Varios Sabores, 76g - Store.Eventsmtb","description":"226ers \u2013 HIGH ENERGY GEL es un gel energ\u00e9tico cuya principal fuente de hidratos de carbono es la dextrina c\u00edclica, \u00a1un carbohidrato avanzado!","robots":{"index":"index","follow":"follow","max-snippet":"max-snippet:-1","max-image-preview":"max-image-preview:large","max-video-preview":"max-video-preview:-1"},"canonical":"https:\/\/store.eventsmtb.com\/es\/produto\/226ers-gel-de-alta-energia-varios-sabores-76g\/","og_locale":"es_ES","og_type":"article","og_title":"226ers - GEL DE ALTA ENERG\u00cdA, Varios Sabores, 76g - Store.Eventsmtb","og_description":"226ers \u2013 HIGH ENERGY GEL es un gel energ\u00e9tico cuya principal fuente de hidratos de carbono es la dextrina c\u00edclica, \u00a1un carbohidrato avanzado!","og_url":"https:\/\/store.eventsmtb.com\/es\/produto\/226ers-gel-de-alta-energia-varios-sabores-76g\/","og_site_name":"Store.Eventsmtb","article_publisher":"https:\/\/www.facebook.com\/profile.php?id=100083151405925&locale=pt_PT","article_modified_time":"2026-02-13T17:57:27+00:00","og_image":[{"width":500,"height":500,"url":"https:\/\/store.eventsmtb.com\/wp-content\/uploads\/2024\/08\/Design-sem-nome.png","type":"image\/png"}],"twitter_card":"summary_large_image","twitter_misc":{"Tiempo de lectura":"1 minuto"},"schema":{"@context":"https:\/\/schema.org","@graph":[{"@type":"WebPage","@id":"https:\/\/store.eventsmtb.com\/es\/produto\/226ers-gel-de-alta-energia-varios-sabores-76g\/","url":"https:\/\/store.eventsmtb.com\/es\/produto\/226ers-gel-de-alta-energia-varios-sabores-76g\/","name":"226ers - GEL DE ALTA ENERG\u00cdA, Varios Sabores, 76g - Store.Eventsmtb","isPartOf":{"@id":"https:\/\/store.eventsmtb.com\/es\/#website"},"primaryImageOfPage":{"@id":"https:\/\/store.eventsmtb.com\/es\/produto\/226ers-gel-de-alta-energia-varios-sabores-76g\/#primaryimage"},"image":{"@id":"https:\/\/store.eventsmtb.com\/es\/produto\/226ers-gel-de-alta-energia-varios-sabores-76g\/#primaryimage"},"thumbnailUrl":"https:\/\/store.eventsmtb.com\/wp-content\/uploads\/2024\/08\/Design-sem-nome.png","datePublished":"2024-08-21T15:01:32+00:00","dateModified":"2026-02-13T17:57:27+00:00","description":"226ers \u2013 HIGH ENERGY GEL es un gel energ\u00e9tico cuya principal fuente de hidratos de carbono es la dextrina c\u00edclica, \u00a1un carbohidrato avanzado!","breadcrumb":{"@id":"https:\/\/store.eventsmtb.com\/es\/produto\/226ers-gel-de-alta-energia-varios-sabores-76g\/#breadcrumb"},"inLanguage":"es","potentialAction":[{"@type":"ReadAction","target":["https:\/\/store.eventsmtb.com\/es\/produto\/226ers-gel-de-alta-energia-varios-sabores-76g\/"]}]},{"@type":"ImageObject","inLanguage":"es","@id":"https:\/\/store.eventsmtb.com\/es\/produto\/226ers-gel-de-alta-energia-varios-sabores-76g\/#primaryimage","url":"https:\/\/store.eventsmtb.com\/wp-content\/uploads\/2024\/08\/Design-sem-nome.png","contentUrl":"https:\/\/store.eventsmtb.com\/wp-content\/uploads\/2024\/08\/Design-sem-nome.png","width":500,"height":500,"caption":"Gel Energ\u00e9tico 226ers"},{"@type":"BreadcrumbList","@id":"https:\/\/store.eventsmtb.com\/es\/produto\/226ers-gel-de-alta-energia-varios-sabores-76g\/#breadcrumb","itemListElement":[{"@type":"ListItem","position":1,"name":"In\u00edcio","item":"https:\/\/store.eventsmtb.com\/es\/"},{"@type":"ListItem","position":2,"name":"Tienda","item":"https:\/\/store.eventsmtb.com\/es\/tienda\/"},{"@type":"ListItem","position":3,"name":"226ers &#8211; GEL DE ALTA ENERG\u00cdA"}]},{"@type":"WebSite","@id":"https:\/\/store.eventsmtb.com\/es\/#website","url":"https:\/\/store.eventsmtb.com\/es\/","name":"Store.Eventsmtb","description":"Boost Yourself","publisher":{"@id":"https:\/\/store.eventsmtb.com\/es\/#organization"},"potentialAction":[{"@type":"SearchAction","target":{"@type":"EntryPoint","urlTemplate":"https:\/\/store.eventsmtb.com\/es\/?s={search_term_string}"},"query-input":{"@type":"PropertyValueSpecification","valueRequired":true,"valueName":"search_term_string"}}],"inLanguage":"es"},{"@type":"Organization","@id":"https:\/\/store.eventsmtb.com\/es\/#organization","name":"Store.Eventsmtb","url":"https:\/\/store.eventsmtb.com\/es\/","logo":{"@type":"ImageObject","inLanguage":"es","@id":"https:\/\/store.eventsmtb.com\/es\/#\/schema\/logo\/image\/","url":"https:\/\/store.eventsmtb.com\/wp-content\/uploads\/2024\/08\/mtbstore-02-e1723109277246.png","contentUrl":"https:\/\/store.eventsmtb.com\/wp-content\/uploads\/2024\/08\/mtbstore-02-e1723109277246.png","width":1925,"height":1765,"caption":"Store.Eventsmtb"},"image":{"@id":"https:\/\/store.eventsmtb.com\/es\/#\/schema\/logo\/image\/"},"sameAs":["https:\/\/www.facebook.com\/profile.php?id=100083151405925&locale=pt_PT"]}]}},"_links":{"self":[{"href":"https:\/\/store.eventsmtb.com\/es\/wp-json\/wp\/v2\/product\/8804","targetHints":{"allow":["GET"]}}],"collection":[{"href":"https:\/\/store.eventsmtb.com\/es\/wp-json\/wp\/v2\/product"}],"about":[{"href":"https:\/\/store.eventsmtb.com\/es\/wp-json\/wp\/v2\/types\/product"}],"replies":[{"embeddable":true,"href":"https:\/\/store.eventsmtb.com\/es\/wp-json\/wp\/v2\/comments?post=8804"}],"wp:featuredmedia":[{"embeddable":true,"href":"https:\/\/store.eventsmtb.com\/es\/wp-json\/wp\/v2\/media\/7352"}],"wp:attachment":[{"href":"https:\/\/store.eventsmtb.com\/es\/wp-json\/wp\/v2\/media?parent=8804"}],"wp:term":[{"taxonomy":"product_cat","embeddable":true,"href":"https:\/\/store.eventsmtb.com\/es\/wp-json\/wp\/v2\/product_cat?post=8804"},{"taxonomy":"product_tag","embeddable":true,"href":"https:\/\/store.eventsmtb.com\/es\/wp-json\/wp\/v2\/product_tag?post=8804"}],"curies":[{"name":"wp","href":"https:\/\/api.w.org\/{rel}","templated":true}]}}