{"id":8984,"date":"2025-05-22T13:47:41","date_gmt":"2025-05-22T13:47:41","guid":{"rendered":"https:\/\/store.eventsmtb.com\/?post_type=product&#038;p=8984"},"modified":"2025-10-07T15:25:57","modified_gmt":"2025-10-07T15:25:57","slug":"camiseta-sao-silvestre-2024-impulsate-a-ti-mismo-exclusivo-copia","status":"publish","type":"product","link":"https:\/\/store.eventsmtb.com\/es\/produto\/camiseta-sao-silvestre-2024-impulsate-a-ti-mismo-exclusivo-copia\/","title":{"rendered":"Camiseta &#8211; Monstrinho &#8211; Blanco |..."},"content":{"rendered":"<p><strong>Camiseta Monster &#8211; Blanco | Pedido<\/strong>anticipado exclusivo de Boost Yourself<br \/>\n: \u00a1no te pierdas esta oportunidad \u00fanica!<\/p>\n<p>Esta camiseta est\u00e1 dise\u00f1ada para atletas de <strong>resistencia<\/strong>, como t\u00fa, que valoran la calidad del equipo tanto como la experiencia de correr. Fabricado con materiales de \u00faltima generaci\u00f3n, ofrece un equilibrio perfecto entre comodidad, durabilidad y estilo.   <strong>Caracter\u00edsticas t\u00e9cnicas y beneficios:<\/strong><\/p>\n<ol>\n<li><strong>Ligero y transpirable:<\/strong><br \/>\nEl tejido ligero y altamente transpirable de esta camiseta garantiza que te mantengas c\u00f3modo, incluso en las carreras m\u00e1s exigentes.<\/li>\n<li><strong>Construcci\u00f3n duradera:<\/strong><br \/>\nCada detalle de esta camiseta ha sido dise\u00f1ado para soportar los desaf\u00edos de las largas distancias. Los materiales de alta calidad garantizan una durabilidad superior, lo que hace que la camiseta siga ofreciendo el m\u00e1ximo rendimiento carrera tras carrera. <\/li>\n<li><strong>Tejidos t\u00e9cnicos antiolor:<\/strong><br \/>\nDesarrollada con materiales que eliminan los malos olores, esta camiseta es la opci\u00f3n ideal para quienes practican deportes de alta intensidad. Ya sea que est\u00e9s en un marat\u00f3n o en un entrenamiento largo, te sentir\u00e1s fresco durante toda la actividad. <\/li>\n<li><strong>Tratamiento con Aloe Vera:<\/strong><br \/>\nLa camiseta contiene un tratamiento especial con <strong>Aloe Vera<\/strong>, que ofrece beneficios \u00fanicos para tu piel, contribuyendo al control de la fatiga y el olor, adem\u00e1s de ayudar a que la piel se regenere despu\u00e9s del ejercicio intenso.<\/li>\n<li><strong>Absorci\u00f3n superior de humedad:<\/strong><br \/>\nEl tejido t\u00e9cnico de \u00faltima generaci\u00f3n absorbe r\u00e1pidamente la humedad, permitiendo que tu piel respire y se mantenga seca, incluso en los entrenamientos m\u00e1s intensos. Con la camiseta <strong>S\u00e3o Silvestre<\/strong>, nunca te sentir\u00e1s inc\u00f3modo, incluso cuando la carrera se calienta.<\/li>\n<li><strong>Dise\u00f1o \u00fanico:<\/strong><br \/>\nEsta camiseta tiene un dise\u00f1o \u00fanico, que no encontrar\u00e1s en ning\u00fan otro lugar.<\/li>\n<\/ol>\n<h3><strong>Gu\u00eda de tallas<\/strong><\/h3>\n<p>Para asegurarte de que tu camiseta te queda perfectamente, consulta nuestra <strong>gu\u00eda de tallas<\/strong> antes de realizar tu pedido. Disponible en tallas S, M, L y XL, hay una opci\u00f3n para cada tipo de corredor. Si tienes dudas sobre qu\u00e9 talla es mejor para ti, \u00a1estamos aqu\u00ed para ayudarte!  <\/p>\n<hr>\n<p><strong>Especificaciones t\u00e9cnicas:<\/strong><\/p>\n<ul>\n<li>Tejido transpirable y ligero<\/li>\n<li>Tratamiento con Aloe Vera<\/li>\n<li>Material antiolor<\/li>\n<li>Construcci\u00f3n duradera<\/li>\n<li>Absorci\u00f3n superior de la humedad<\/li>\n<\/ul>\n<p><span data-teams=\"true\"><span class=\"ui-provider a b c d e f g h i j k l m n o p q r s t u v w x y z ab ac ae af ag ah ai aj ak\" dir=\"ltr\">Dise\u00f1o de eventsmtb y fabricado por Fyke<\/span><\/span><\/p>\n","protected":false},"excerpt":{"rendered":"<p>Eventsmtb y Fyke<\/p>\n","protected":false},"featured_media":8991,"comment_status":"open","ping_status":"closed","template":"","meta":[],"product_cat":[264,281],"product_tag":[267],"class_list":{"0":"post-8984","1":"product","2":"type-product","3":"status-publish","4":"has-post-thumbnail","6":"product_brand-eventsmtb-es","7":"product_brand-fyke-es","8":"product_cat-camisetas","9":"product_cat-ropa-deportiva","10":"product_tag-camiseta-sao-silvestre-2024","11":"pa_tamanho-l-es","12":"pa_tamanho-m-es","13":"pa_tamanho-s-es","14":"pa_tamanho-xl-es","15":"pa_tamanho-xs-es","17":"first","18":"onbackorder","19":"taxable","20":"shipping-taxable","21":"purchasable","22":"product-type-variable","23":"rtwpvs-product"},"yoast_head":"<!-- This site is optimized with the Yoast SEO plugin v27.2 - https:\/\/yoast.com\/product\/yoast-seo-wordpress\/ -->\n<title>Camiseta - Monstrinho - Blanco | Impulsarte a ti mismo - Store.Eventsmtb<\/title>\n<meta name=\"description\" content=\"Camiseta - Monstrinho - Blanco | Impulsarte a ti mismo - Camiseta Monster - Blanco | Pedidoanticipado exclusivo de Boost Yourself : \u00a1no te...\" \/>\n<meta name=\"robots\" content=\"index, follow, max-snippet:-1, max-image-preview:large, max-video-preview:-1\" \/>\n<link rel=\"canonical\" href=\"https:\/\/store.eventsmtb.com\/es\/produto\/camiseta-sao-silvestre-2024-impulsate-a-ti-mismo-exclusivo-copia\/\" \/>\n<meta property=\"og:locale\" content=\"es_ES\" \/>\n<meta property=\"og:type\" content=\"article\" \/>\n<meta property=\"og:title\" content=\"Camiseta - Monstrinho - Blanco | Impulsarte a ti mismo - Store.Eventsmtb\" \/>\n<meta property=\"og:description\" content=\"Camiseta - Monstrinho - Blanco | Impulsarte a ti mismo - Camiseta Monster - Blanco | Pedidoanticipado exclusivo de Boost Yourself : \u00a1no te...\" \/>\n<meta property=\"og:url\" content=\"https:\/\/store.eventsmtb.com\/es\/produto\/camiseta-sao-silvestre-2024-impulsate-a-ti-mismo-exclusivo-copia\/\" \/>\n<meta property=\"og:site_name\" content=\"Store.Eventsmtb\" \/>\n<meta property=\"article:publisher\" content=\"https:\/\/www.facebook.com\/profile.php?id=100083151405925&amp;locale=pt_PT\" \/>\n<meta property=\"article:modified_time\" content=\"2025-10-07T15:25:57+00:00\" \/>\n<meta property=\"og:image\" content=\"https:\/\/store.eventsmtb.com\/wp-content\/uploads\/2025\/05\/1.jpg\" \/>\n\t<meta property=\"og:image:width\" content=\"1000\" \/>\n\t<meta property=\"og:image:height\" content=\"1000\" \/>\n\t<meta property=\"og:image:type\" content=\"image\/jpeg\" \/>\n<meta name=\"twitter:card\" content=\"summary_large_image\" \/>\n<meta name=\"twitter:label1\" content=\"Tiempo de lectura\" \/>\n\t<meta name=\"twitter:data1\" content=\"2 minutos\" \/>\n<script type=\"application\/ld+json\" class=\"yoast-schema-graph\">{\"@context\":\"https:\/\/schema.org\",\"@graph\":[{\"@type\":\"WebPage\",\"@id\":\"https:\/\/store.eventsmtb.com\/es\/produto\/camiseta-sao-silvestre-2024-impulsate-a-ti-mismo-exclusivo-copia\/\",\"url\":\"https:\/\/store.eventsmtb.com\/es\/produto\/camiseta-sao-silvestre-2024-impulsate-a-ti-mismo-exclusivo-copia\/\",\"name\":\"Camiseta - Monstrinho - Blanco | Impulsarte a ti mismo - Store.Eventsmtb\",\"isPartOf\":{\"@id\":\"https:\/\/store.eventsmtb.com\/es\/#website\"},\"primaryImageOfPage\":{\"@id\":\"https:\/\/store.eventsmtb.com\/es\/produto\/camiseta-sao-silvestre-2024-impulsate-a-ti-mismo-exclusivo-copia\/#primaryimage\"},\"image\":{\"@id\":\"https:\/\/store.eventsmtb.com\/es\/produto\/camiseta-sao-silvestre-2024-impulsate-a-ti-mismo-exclusivo-copia\/#primaryimage\"},\"thumbnailUrl\":\"https:\/\/store.eventsmtb.com\/wp-content\/uploads\/2025\/05\/1.jpg\",\"datePublished\":\"2025-05-22T13:47:41+00:00\",\"dateModified\":\"2025-10-07T15:25:57+00:00\",\"description\":\"Camiseta - Monstrinho - Blanco | Impulsarte a ti mismo - Camiseta Monster - Blanco | Pedidoanticipado exclusivo de Boost Yourself : \u00a1no te...\",\"breadcrumb\":{\"@id\":\"https:\/\/store.eventsmtb.com\/es\/produto\/camiseta-sao-silvestre-2024-impulsate-a-ti-mismo-exclusivo-copia\/#breadcrumb\"},\"inLanguage\":\"es\",\"potentialAction\":[{\"@type\":\"ReadAction\",\"target\":[\"https:\/\/store.eventsmtb.com\/es\/produto\/camiseta-sao-silvestre-2024-impulsate-a-ti-mismo-exclusivo-copia\/\"]}]},{\"@type\":\"ImageObject\",\"inLanguage\":\"es\",\"@id\":\"https:\/\/store.eventsmtb.com\/es\/produto\/camiseta-sao-silvestre-2024-impulsate-a-ti-mismo-exclusivo-copia\/#primaryimage\",\"url\":\"https:\/\/store.eventsmtb.com\/wp-content\/uploads\/2025\/05\/1.jpg\",\"contentUrl\":\"https:\/\/store.eventsmtb.com\/wp-content\/uploads\/2025\/05\/1.jpg\",\"width\":1000,\"height\":1000},{\"@type\":\"BreadcrumbList\",\"@id\":\"https:\/\/store.eventsmtb.com\/es\/produto\/camiseta-sao-silvestre-2024-impulsate-a-ti-mismo-exclusivo-copia\/#breadcrumb\",\"itemListElement\":[{\"@type\":\"ListItem\",\"position\":1,\"name\":\"In\u00edcio\",\"item\":\"https:\/\/store.eventsmtb.com\/es\/\"},{\"@type\":\"ListItem\",\"position\":2,\"name\":\"Tienda\",\"item\":\"https:\/\/store.eventsmtb.com\/es\/tienda\/\"},{\"@type\":\"ListItem\",\"position\":3,\"name\":\"Camiseta &#8211; Monstrinho &#8211; Blanco | Impulsarte a ti mismo\"}]},{\"@type\":\"WebSite\",\"@id\":\"https:\/\/store.eventsmtb.com\/es\/#website\",\"url\":\"https:\/\/store.eventsmtb.com\/es\/\",\"name\":\"Store.Eventsmtb\",\"description\":\"Boost Yourself\",\"publisher\":{\"@id\":\"https:\/\/store.eventsmtb.com\/es\/#organization\"},\"potentialAction\":[{\"@type\":\"SearchAction\",\"target\":{\"@type\":\"EntryPoint\",\"urlTemplate\":\"https:\/\/store.eventsmtb.com\/es\/?s={search_term_string}\"},\"query-input\":{\"@type\":\"PropertyValueSpecification\",\"valueRequired\":true,\"valueName\":\"search_term_string\"}}],\"inLanguage\":\"es\"},{\"@type\":\"Organization\",\"@id\":\"https:\/\/store.eventsmtb.com\/es\/#organization\",\"name\":\"Store.Eventsmtb\",\"url\":\"https:\/\/store.eventsmtb.com\/es\/\",\"logo\":{\"@type\":\"ImageObject\",\"inLanguage\":\"es\",\"@id\":\"https:\/\/store.eventsmtb.com\/es\/#\/schema\/logo\/image\/\",\"url\":\"https:\/\/store.eventsmtb.com\/wp-content\/uploads\/2024\/08\/mtbstore-02-e1723109277246.png\",\"contentUrl\":\"https:\/\/store.eventsmtb.com\/wp-content\/uploads\/2024\/08\/mtbstore-02-e1723109277246.png\",\"width\":1925,\"height\":1765,\"caption\":\"Store.Eventsmtb\"},\"image\":{\"@id\":\"https:\/\/store.eventsmtb.com\/es\/#\/schema\/logo\/image\/\"},\"sameAs\":[\"https:\/\/www.facebook.com\/profile.php?id=100083151405925&locale=pt_PT\"]}]}<\/script>\n<!-- \/ Yoast SEO plugin. -->","yoast_head_json":{"title":"Camiseta - Monstrinho - Blanco | Impulsarte a ti mismo - Store.Eventsmtb","description":"Camiseta - Monstrinho - Blanco | Impulsarte a ti mismo - Camiseta Monster - Blanco | Pedidoanticipado exclusivo de Boost Yourself : \u00a1no te...","robots":{"index":"index","follow":"follow","max-snippet":"max-snippet:-1","max-image-preview":"max-image-preview:large","max-video-preview":"max-video-preview:-1"},"canonical":"https:\/\/store.eventsmtb.com\/es\/produto\/camiseta-sao-silvestre-2024-impulsate-a-ti-mismo-exclusivo-copia\/","og_locale":"es_ES","og_type":"article","og_title":"Camiseta - Monstrinho - Blanco | Impulsarte a ti mismo - Store.Eventsmtb","og_description":"Camiseta - Monstrinho - Blanco | Impulsarte a ti mismo - Camiseta Monster - Blanco | Pedidoanticipado exclusivo de Boost Yourself : \u00a1no te...","og_url":"https:\/\/store.eventsmtb.com\/es\/produto\/camiseta-sao-silvestre-2024-impulsate-a-ti-mismo-exclusivo-copia\/","og_site_name":"Store.Eventsmtb","article_publisher":"https:\/\/www.facebook.com\/profile.php?id=100083151405925&locale=pt_PT","article_modified_time":"2025-10-07T15:25:57+00:00","og_image":[{"width":1000,"height":1000,"url":"https:\/\/store.eventsmtb.com\/wp-content\/uploads\/2025\/05\/1.jpg","type":"image\/jpeg"}],"twitter_card":"summary_large_image","twitter_misc":{"Tiempo de lectura":"2 minutos"},"schema":{"@context":"https:\/\/schema.org","@graph":[{"@type":"WebPage","@id":"https:\/\/store.eventsmtb.com\/es\/produto\/camiseta-sao-silvestre-2024-impulsate-a-ti-mismo-exclusivo-copia\/","url":"https:\/\/store.eventsmtb.com\/es\/produto\/camiseta-sao-silvestre-2024-impulsate-a-ti-mismo-exclusivo-copia\/","name":"Camiseta - Monstrinho - Blanco | Impulsarte a ti mismo - Store.Eventsmtb","isPartOf":{"@id":"https:\/\/store.eventsmtb.com\/es\/#website"},"primaryImageOfPage":{"@id":"https:\/\/store.eventsmtb.com\/es\/produto\/camiseta-sao-silvestre-2024-impulsate-a-ti-mismo-exclusivo-copia\/#primaryimage"},"image":{"@id":"https:\/\/store.eventsmtb.com\/es\/produto\/camiseta-sao-silvestre-2024-impulsate-a-ti-mismo-exclusivo-copia\/#primaryimage"},"thumbnailUrl":"https:\/\/store.eventsmtb.com\/wp-content\/uploads\/2025\/05\/1.jpg","datePublished":"2025-05-22T13:47:41+00:00","dateModified":"2025-10-07T15:25:57+00:00","description":"Camiseta - Monstrinho - Blanco | Impulsarte a ti mismo - Camiseta Monster - Blanco | Pedidoanticipado exclusivo de Boost Yourself : \u00a1no te...","breadcrumb":{"@id":"https:\/\/store.eventsmtb.com\/es\/produto\/camiseta-sao-silvestre-2024-impulsate-a-ti-mismo-exclusivo-copia\/#breadcrumb"},"inLanguage":"es","potentialAction":[{"@type":"ReadAction","target":["https:\/\/store.eventsmtb.com\/es\/produto\/camiseta-sao-silvestre-2024-impulsate-a-ti-mismo-exclusivo-copia\/"]}]},{"@type":"ImageObject","inLanguage":"es","@id":"https:\/\/store.eventsmtb.com\/es\/produto\/camiseta-sao-silvestre-2024-impulsate-a-ti-mismo-exclusivo-copia\/#primaryimage","url":"https:\/\/store.eventsmtb.com\/wp-content\/uploads\/2025\/05\/1.jpg","contentUrl":"https:\/\/store.eventsmtb.com\/wp-content\/uploads\/2025\/05\/1.jpg","width":1000,"height":1000},{"@type":"BreadcrumbList","@id":"https:\/\/store.eventsmtb.com\/es\/produto\/camiseta-sao-silvestre-2024-impulsate-a-ti-mismo-exclusivo-copia\/#breadcrumb","itemListElement":[{"@type":"ListItem","position":1,"name":"In\u00edcio","item":"https:\/\/store.eventsmtb.com\/es\/"},{"@type":"ListItem","position":2,"name":"Tienda","item":"https:\/\/store.eventsmtb.com\/es\/tienda\/"},{"@type":"ListItem","position":3,"name":"Camiseta &#8211; Monstrinho &#8211; Blanco | Impulsarte a ti mismo"}]},{"@type":"WebSite","@id":"https:\/\/store.eventsmtb.com\/es\/#website","url":"https:\/\/store.eventsmtb.com\/es\/","name":"Store.Eventsmtb","description":"Boost Yourself","publisher":{"@id":"https:\/\/store.eventsmtb.com\/es\/#organization"},"potentialAction":[{"@type":"SearchAction","target":{"@type":"EntryPoint","urlTemplate":"https:\/\/store.eventsmtb.com\/es\/?s={search_term_string}"},"query-input":{"@type":"PropertyValueSpecification","valueRequired":true,"valueName":"search_term_string"}}],"inLanguage":"es"},{"@type":"Organization","@id":"https:\/\/store.eventsmtb.com\/es\/#organization","name":"Store.Eventsmtb","url":"https:\/\/store.eventsmtb.com\/es\/","logo":{"@type":"ImageObject","inLanguage":"es","@id":"https:\/\/store.eventsmtb.com\/es\/#\/schema\/logo\/image\/","url":"https:\/\/store.eventsmtb.com\/wp-content\/uploads\/2024\/08\/mtbstore-02-e1723109277246.png","contentUrl":"https:\/\/store.eventsmtb.com\/wp-content\/uploads\/2024\/08\/mtbstore-02-e1723109277246.png","width":1925,"height":1765,"caption":"Store.Eventsmtb"},"image":{"@id":"https:\/\/store.eventsmtb.com\/es\/#\/schema\/logo\/image\/"},"sameAs":["https:\/\/www.facebook.com\/profile.php?id=100083151405925&locale=pt_PT"]}]}},"_links":{"self":[{"href":"https:\/\/store.eventsmtb.com\/es\/wp-json\/wp\/v2\/product\/8984","targetHints":{"allow":["GET"]}}],"collection":[{"href":"https:\/\/store.eventsmtb.com\/es\/wp-json\/wp\/v2\/product"}],"about":[{"href":"https:\/\/store.eventsmtb.com\/es\/wp-json\/wp\/v2\/types\/product"}],"replies":[{"embeddable":true,"href":"https:\/\/store.eventsmtb.com\/es\/wp-json\/wp\/v2\/comments?post=8984"}],"wp:featuredmedia":[{"embeddable":true,"href":"https:\/\/store.eventsmtb.com\/es\/wp-json\/wp\/v2\/media\/8991"}],"wp:attachment":[{"href":"https:\/\/store.eventsmtb.com\/es\/wp-json\/wp\/v2\/media?parent=8984"}],"wp:term":[{"taxonomy":"product_cat","embeddable":true,"href":"https:\/\/store.eventsmtb.com\/es\/wp-json\/wp\/v2\/product_cat?post=8984"},{"taxonomy":"product_tag","embeddable":true,"href":"https:\/\/store.eventsmtb.com\/es\/wp-json\/wp\/v2\/product_tag?post=8984"}],"curies":[{"name":"wp","href":"https:\/\/api.w.org\/{rel}","templated":true}]}}