{"id":9341,"date":"2025-05-26T10:40:19","date_gmt":"2025-05-26T10:40:19","guid":{"rendered":"https:\/\/store.eventsmtb.com\/produto\/naak-boost-energy-mezcla-de-bebida-neutra-60-960g\/"},"modified":"2025-10-07T15:22:52","modified_gmt":"2025-10-07T15:22:52","slug":"naak-boost-energy-mezcla-de-bebida-neutra-60-960g","status":"publish","type":"product","link":"https:\/\/store.eventsmtb.com\/es\/produto\/naak-boost-energy-mezcla-de-bebida-neutra-60-960g\/","title":{"rendered":"N\u00e4ak Boost Energy\u2122 &#8211; Mezcla de..."},"content":{"rendered":"<p class=\"mb-2 whitespace-pre-line last:mb-0\"><strong>Mezcla de bebidas Neutral 60: energ\u00eda sin complicaciones<\/strong><\/p>\n<p class=\"mb-2 whitespace-pre-line last:mb-0\">\u00bfQuieres entrenar o competir sin preocuparte por los sabores artificiales o empalagosos? Neutral 60 Beverage Mix es la elecci\u00f3n correcta para aquellos que necesitan energ\u00eda constante durante horas. Cada raci\u00f3n te garantiza 60 g de hidratos de carbono para una absorci\u00f3n r\u00e1pida y prolongada, as\u00ed como 400 mg de electrolitos esenciales para reponer lo que pierdes con el sudor.  <\/p>\n<p class=\"mb-2 whitespace-pre-line last:mb-0\">\u00bfLo mejor? \u00a1No tiene sabor! De esta forma, podr\u00e1s beberlo durante todo tu entrenamiento o carrera sin cansarte.  <\/p>\n<p class=\"mb-2 whitespace-pre-line last:mb-0\"><strong>Ventajas de la mezcla de bebidas Neutral 60:<\/strong><\/p>\n<ul>\n<li><strong>Energ\u00eda prolongada:<\/strong> 60g de hidratos de carbono en una combinaci\u00f3n perfecta entre simple y complejo.<\/li>\n<li><strong>Absorci\u00f3n optimizada:<\/strong> Relaci\u00f3n glucosa-fructosa 2:1 para una m\u00e1xima eficacia y menos molestias digestivas.<\/li>\n<li><strong>Reposici\u00f3n completa:<\/strong> 400 mg de electrolitos (sodio y potasio) para seguir adelante y evitar calambres.<\/li>\n<li><strong>Confort total:<\/strong> pH alcalino que ayuda a neutralizar la acidez estomacal.<\/li>\n<li><strong>Sostenibilidad:<\/strong> Ingredientes naturales como la Palatinosa\u2122 (az\u00facar de remolacha) y el almid\u00f3n de tapioca, as\u00ed como envases 100% reciclables.<\/li>\n<\/ul>\n<p class=\"mb-2 whitespace-pre-line last:mb-0\"><strong>Modo de empleo:<\/strong> Mezclar una raci\u00f3n (64 g) en 500-750 ml de agua y beber cada hora de ejercicio intenso. Una bolsa rinde 15 dosis: \u00a1energ\u00eda garantizada para muchos entrenamientos! <\/p>\n<p class=\"mb-2 whitespace-pre-line last:mb-0\">En definitiva, si buscas una mezcla de bebidas neutra, ins\u00edpida y respetuosa con el medio ambiente, esta es la opci\u00f3n ideal para acompa\u00f1arte en todos los retos. \u00bfExperimentar\u00e1s y sentir\u00e1s la diferencia? <\/p>\n","protected":false},"excerpt":{"rendered":"<p>Mezcla de bebidas Neutral 60: energ\u00eda sin complicaciones \u00bfQuieres entrenar o competir sin preocuparte por los sabores artificiales o empalagosos? Neutral 60 Beverage Mix es la elecci\u00f3n correcta para aquellos que necesitan energ\u00eda constante durante horas. Cada raci\u00f3n te garantiza 60 g de hidratos de carbono para una absorci\u00f3n r\u00e1pida y prolongada, as\u00ed como 400 [&hellip;]<\/p>\n","protected":false},"featured_media":9037,"comment_status":"open","ping_status":"closed","template":"","meta":[],"product_cat":[222,217,232],"product_tag":[],"class_list":{"0":"post-9341","1":"product","2":"type-product","3":"status-publish","4":"has-post-thumbnail","6":"product_brand-naak-ultra-energy-es","7":"product_cat-mezcla-de-bebidas","8":"product_cat-nutricion-de-rendimiento","9":"product_cat-resistencia","11":"first","12":"instock","13":"taxable","14":"shipping-taxable","15":"purchasable","16":"product-type-simple"},"yoast_head":"<!-- This site is optimized with the Yoast SEO plugin v27.2 - https:\/\/yoast.com\/product\/yoast-seo-wordpress\/ -->\n<title>N\u00e4ak Boost Energy\u2122 - Mezcla de Bebida Neutra 60, 960g - Store.Eventsmtb<\/title>\n<meta name=\"description\" content=\"Mezcla de 60 bebidas neutras: energ\u00eda sin complicaciones\u00bfQuieres entrenar o competir sin preocuparte por los sabores artificiales o empalagosos?\" \/>\n<meta name=\"robots\" content=\"index, follow, max-snippet:-1, max-image-preview:large, max-video-preview:-1\" \/>\n<link rel=\"canonical\" href=\"https:\/\/store.eventsmtb.com\/es\/produto\/naak-boost-energy-mezcla-de-bebida-neutra-60-960g\/\" \/>\n<meta property=\"og:locale\" content=\"es_ES\" \/>\n<meta property=\"og:type\" content=\"article\" \/>\n<meta property=\"og:title\" content=\"N\u00e4ak Boost Energy\u2122 - Mezcla de Bebida Neutra 60, 960g - Store.Eventsmtb\" \/>\n<meta property=\"og:description\" content=\"Mezcla de 60 bebidas neutras: energ\u00eda sin complicaciones\u00bfQuieres entrenar o competir sin preocuparte por los sabores artificiales o empalagosos?\" \/>\n<meta property=\"og:url\" content=\"https:\/\/store.eventsmtb.com\/es\/produto\/naak-boost-energy-mezcla-de-bebida-neutra-60-960g\/\" \/>\n<meta property=\"og:site_name\" content=\"Store.Eventsmtb\" \/>\n<meta property=\"article:publisher\" content=\"https:\/\/www.facebook.com\/profile.php?id=100083151405925&amp;locale=pt_PT\" \/>\n<meta property=\"article:modified_time\" content=\"2025-10-07T15:22:52+00:00\" \/>\n<meta property=\"og:image\" content=\"https:\/\/store.eventsmtb.com\/wp-content\/uploads\/2025\/05\/3-1.png\" \/>\n\t<meta property=\"og:image:width\" content=\"1000\" \/>\n\t<meta property=\"og:image:height\" content=\"1000\" \/>\n\t<meta property=\"og:image:type\" content=\"image\/png\" \/>\n<meta name=\"twitter:card\" content=\"summary_large_image\" \/>\n<meta name=\"twitter:label1\" content=\"Tiempo de lectura\" \/>\n\t<meta name=\"twitter:data1\" content=\"2 minutos\" \/>\n<script type=\"application\/ld+json\" class=\"yoast-schema-graph\">{\"@context\":\"https:\/\/schema.org\",\"@graph\":[{\"@type\":\"WebPage\",\"@id\":\"https:\/\/store.eventsmtb.com\/es\/produto\/naak-boost-energy-mezcla-de-bebida-neutra-60-960g\/\",\"url\":\"https:\/\/store.eventsmtb.com\/es\/produto\/naak-boost-energy-mezcla-de-bebida-neutra-60-960g\/\",\"name\":\"N\u00e4ak Boost Energy\u2122 - Mezcla de Bebida Neutra 60, 960g - Store.Eventsmtb\",\"isPartOf\":{\"@id\":\"https:\/\/store.eventsmtb.com\/es\/#website\"},\"primaryImageOfPage\":{\"@id\":\"https:\/\/store.eventsmtb.com\/es\/produto\/naak-boost-energy-mezcla-de-bebida-neutra-60-960g\/#primaryimage\"},\"image\":{\"@id\":\"https:\/\/store.eventsmtb.com\/es\/produto\/naak-boost-energy-mezcla-de-bebida-neutra-60-960g\/#primaryimage\"},\"thumbnailUrl\":\"https:\/\/store.eventsmtb.com\/wp-content\/uploads\/2025\/05\/3-1.png\",\"datePublished\":\"2025-05-26T10:40:19+00:00\",\"dateModified\":\"2025-10-07T15:22:52+00:00\",\"description\":\"Mezcla de 60 bebidas neutras: energ\u00eda sin complicaciones\u00bfQuieres entrenar o competir sin preocuparte por los sabores artificiales o empalagosos?\",\"breadcrumb\":{\"@id\":\"https:\/\/store.eventsmtb.com\/es\/produto\/naak-boost-energy-mezcla-de-bebida-neutra-60-960g\/#breadcrumb\"},\"inLanguage\":\"es\",\"potentialAction\":[{\"@type\":\"ReadAction\",\"target\":[\"https:\/\/store.eventsmtb.com\/es\/produto\/naak-boost-energy-mezcla-de-bebida-neutra-60-960g\/\"]}]},{\"@type\":\"ImageObject\",\"inLanguage\":\"es\",\"@id\":\"https:\/\/store.eventsmtb.com\/es\/produto\/naak-boost-energy-mezcla-de-bebida-neutra-60-960g\/#primaryimage\",\"url\":\"https:\/\/store.eventsmtb.com\/wp-content\/uploads\/2025\/05\/3-1.png\",\"contentUrl\":\"https:\/\/store.eventsmtb.com\/wp-content\/uploads\/2025\/05\/3-1.png\",\"width\":1000,\"height\":1000},{\"@type\":\"BreadcrumbList\",\"@id\":\"https:\/\/store.eventsmtb.com\/es\/produto\/naak-boost-energy-mezcla-de-bebida-neutra-60-960g\/#breadcrumb\",\"itemListElement\":[{\"@type\":\"ListItem\",\"position\":1,\"name\":\"In\u00edcio\",\"item\":\"https:\/\/store.eventsmtb.com\/es\/\"},{\"@type\":\"ListItem\",\"position\":2,\"name\":\"Tienda\",\"item\":\"https:\/\/store.eventsmtb.com\/es\/tienda\/\"},{\"@type\":\"ListItem\",\"position\":3,\"name\":\"N\u00e4ak Boost Energy\u2122 &#8211; Mezcla de...\"}]},{\"@type\":\"WebSite\",\"@id\":\"https:\/\/store.eventsmtb.com\/es\/#website\",\"url\":\"https:\/\/store.eventsmtb.com\/es\/\",\"name\":\"Store.Eventsmtb\",\"description\":\"Boost Yourself\",\"publisher\":{\"@id\":\"https:\/\/store.eventsmtb.com\/es\/#organization\"},\"potentialAction\":[{\"@type\":\"SearchAction\",\"target\":{\"@type\":\"EntryPoint\",\"urlTemplate\":\"https:\/\/store.eventsmtb.com\/es\/?s={search_term_string}\"},\"query-input\":{\"@type\":\"PropertyValueSpecification\",\"valueRequired\":true,\"valueName\":\"search_term_string\"}}],\"inLanguage\":\"es\"},{\"@type\":\"Organization\",\"@id\":\"https:\/\/store.eventsmtb.com\/es\/#organization\",\"name\":\"Store.Eventsmtb\",\"url\":\"https:\/\/store.eventsmtb.com\/es\/\",\"logo\":{\"@type\":\"ImageObject\",\"inLanguage\":\"es\",\"@id\":\"https:\/\/store.eventsmtb.com\/es\/#\/schema\/logo\/image\/\",\"url\":\"https:\/\/store.eventsmtb.com\/wp-content\/uploads\/2024\/08\/mtbstore-02-e1723109277246.png\",\"contentUrl\":\"https:\/\/store.eventsmtb.com\/wp-content\/uploads\/2024\/08\/mtbstore-02-e1723109277246.png\",\"width\":1925,\"height\":1765,\"caption\":\"Store.Eventsmtb\"},\"image\":{\"@id\":\"https:\/\/store.eventsmtb.com\/es\/#\/schema\/logo\/image\/\"},\"sameAs\":[\"https:\/\/www.facebook.com\/profile.php?id=100083151405925&locale=pt_PT\"]}]}<\/script>\n<!-- \/ Yoast SEO plugin. -->","yoast_head_json":{"title":"N\u00e4ak Boost Energy\u2122 - Mezcla de Bebida Neutra 60, 960g - Store.Eventsmtb","description":"Mezcla de 60 bebidas neutras: energ\u00eda sin complicaciones\u00bfQuieres entrenar o competir sin preocuparte por los sabores artificiales o empalagosos?","robots":{"index":"index","follow":"follow","max-snippet":"max-snippet:-1","max-image-preview":"max-image-preview:large","max-video-preview":"max-video-preview:-1"},"canonical":"https:\/\/store.eventsmtb.com\/es\/produto\/naak-boost-energy-mezcla-de-bebida-neutra-60-960g\/","og_locale":"es_ES","og_type":"article","og_title":"N\u00e4ak Boost Energy\u2122 - Mezcla de Bebida Neutra 60, 960g - Store.Eventsmtb","og_description":"Mezcla de 60 bebidas neutras: energ\u00eda sin complicaciones\u00bfQuieres entrenar o competir sin preocuparte por los sabores artificiales o empalagosos?","og_url":"https:\/\/store.eventsmtb.com\/es\/produto\/naak-boost-energy-mezcla-de-bebida-neutra-60-960g\/","og_site_name":"Store.Eventsmtb","article_publisher":"https:\/\/www.facebook.com\/profile.php?id=100083151405925&locale=pt_PT","article_modified_time":"2025-10-07T15:22:52+00:00","og_image":[{"width":1000,"height":1000,"url":"https:\/\/store.eventsmtb.com\/wp-content\/uploads\/2025\/05\/3-1.png","type":"image\/png"}],"twitter_card":"summary_large_image","twitter_misc":{"Tiempo de lectura":"2 minutos"},"schema":{"@context":"https:\/\/schema.org","@graph":[{"@type":"WebPage","@id":"https:\/\/store.eventsmtb.com\/es\/produto\/naak-boost-energy-mezcla-de-bebida-neutra-60-960g\/","url":"https:\/\/store.eventsmtb.com\/es\/produto\/naak-boost-energy-mezcla-de-bebida-neutra-60-960g\/","name":"N\u00e4ak Boost Energy\u2122 - Mezcla de Bebida Neutra 60, 960g - Store.Eventsmtb","isPartOf":{"@id":"https:\/\/store.eventsmtb.com\/es\/#website"},"primaryImageOfPage":{"@id":"https:\/\/store.eventsmtb.com\/es\/produto\/naak-boost-energy-mezcla-de-bebida-neutra-60-960g\/#primaryimage"},"image":{"@id":"https:\/\/store.eventsmtb.com\/es\/produto\/naak-boost-energy-mezcla-de-bebida-neutra-60-960g\/#primaryimage"},"thumbnailUrl":"https:\/\/store.eventsmtb.com\/wp-content\/uploads\/2025\/05\/3-1.png","datePublished":"2025-05-26T10:40:19+00:00","dateModified":"2025-10-07T15:22:52+00:00","description":"Mezcla de 60 bebidas neutras: energ\u00eda sin complicaciones\u00bfQuieres entrenar o competir sin preocuparte por los sabores artificiales o empalagosos?","breadcrumb":{"@id":"https:\/\/store.eventsmtb.com\/es\/produto\/naak-boost-energy-mezcla-de-bebida-neutra-60-960g\/#breadcrumb"},"inLanguage":"es","potentialAction":[{"@type":"ReadAction","target":["https:\/\/store.eventsmtb.com\/es\/produto\/naak-boost-energy-mezcla-de-bebida-neutra-60-960g\/"]}]},{"@type":"ImageObject","inLanguage":"es","@id":"https:\/\/store.eventsmtb.com\/es\/produto\/naak-boost-energy-mezcla-de-bebida-neutra-60-960g\/#primaryimage","url":"https:\/\/store.eventsmtb.com\/wp-content\/uploads\/2025\/05\/3-1.png","contentUrl":"https:\/\/store.eventsmtb.com\/wp-content\/uploads\/2025\/05\/3-1.png","width":1000,"height":1000},{"@type":"BreadcrumbList","@id":"https:\/\/store.eventsmtb.com\/es\/produto\/naak-boost-energy-mezcla-de-bebida-neutra-60-960g\/#breadcrumb","itemListElement":[{"@type":"ListItem","position":1,"name":"In\u00edcio","item":"https:\/\/store.eventsmtb.com\/es\/"},{"@type":"ListItem","position":2,"name":"Tienda","item":"https:\/\/store.eventsmtb.com\/es\/tienda\/"},{"@type":"ListItem","position":3,"name":"N\u00e4ak Boost Energy\u2122 &#8211; Mezcla de..."}]},{"@type":"WebSite","@id":"https:\/\/store.eventsmtb.com\/es\/#website","url":"https:\/\/store.eventsmtb.com\/es\/","name":"Store.Eventsmtb","description":"Boost Yourself","publisher":{"@id":"https:\/\/store.eventsmtb.com\/es\/#organization"},"potentialAction":[{"@type":"SearchAction","target":{"@type":"EntryPoint","urlTemplate":"https:\/\/store.eventsmtb.com\/es\/?s={search_term_string}"},"query-input":{"@type":"PropertyValueSpecification","valueRequired":true,"valueName":"search_term_string"}}],"inLanguage":"es"},{"@type":"Organization","@id":"https:\/\/store.eventsmtb.com\/es\/#organization","name":"Store.Eventsmtb","url":"https:\/\/store.eventsmtb.com\/es\/","logo":{"@type":"ImageObject","inLanguage":"es","@id":"https:\/\/store.eventsmtb.com\/es\/#\/schema\/logo\/image\/","url":"https:\/\/store.eventsmtb.com\/wp-content\/uploads\/2024\/08\/mtbstore-02-e1723109277246.png","contentUrl":"https:\/\/store.eventsmtb.com\/wp-content\/uploads\/2024\/08\/mtbstore-02-e1723109277246.png","width":1925,"height":1765,"caption":"Store.Eventsmtb"},"image":{"@id":"https:\/\/store.eventsmtb.com\/es\/#\/schema\/logo\/image\/"},"sameAs":["https:\/\/www.facebook.com\/profile.php?id=100083151405925&locale=pt_PT"]}]}},"_links":{"self":[{"href":"https:\/\/store.eventsmtb.com\/es\/wp-json\/wp\/v2\/product\/9341","targetHints":{"allow":["GET"]}}],"collection":[{"href":"https:\/\/store.eventsmtb.com\/es\/wp-json\/wp\/v2\/product"}],"about":[{"href":"https:\/\/store.eventsmtb.com\/es\/wp-json\/wp\/v2\/types\/product"}],"replies":[{"embeddable":true,"href":"https:\/\/store.eventsmtb.com\/es\/wp-json\/wp\/v2\/comments?post=9341"}],"wp:featuredmedia":[{"embeddable":true,"href":"https:\/\/store.eventsmtb.com\/es\/wp-json\/wp\/v2\/media\/9037"}],"wp:attachment":[{"href":"https:\/\/store.eventsmtb.com\/es\/wp-json\/wp\/v2\/media?parent=9341"}],"wp:term":[{"taxonomy":"product_cat","embeddable":true,"href":"https:\/\/store.eventsmtb.com\/es\/wp-json\/wp\/v2\/product_cat?post=9341"},{"taxonomy":"product_tag","embeddable":true,"href":"https:\/\/store.eventsmtb.com\/es\/wp-json\/wp\/v2\/product_tag?post=9341"}],"curies":[{"name":"wp","href":"https:\/\/api.w.org\/{rel}","templated":true}]}}