{"id":9345,"date":"2025-06-11T14:31:33","date_gmt":"2025-06-11T14:31:33","guid":{"rendered":"https:\/\/store.eventsmtb.com\/produto\/maurten-bebida-mix-160-42g\/"},"modified":"2025-10-07T15:22:34","modified_gmt":"2025-10-07T15:22:34","slug":"maurten-bebida-mix-160-42g","status":"publish","type":"product","link":"https:\/\/store.eventsmtb.com\/es\/produto\/maurten-bebida-mix-160-42g\/","title":{"rendered":"Maurten &#8211; Mezcla para bebidas 160"},"content":{"rendered":"<div class=\"mb-2 whitespace-pre-line last:mb-0\">Maurten Drink Mix 160 es una innovadora soluci\u00f3n de hidratos de carbono para deportes de resistencia, desarrollada con la exclusiva tecnolog\u00eda de hidrogel. Cada servicio, al disolverse en 500 ml de agua, aporta 40 gramos de hidratos de carbono, por lo que es ideal para entrenamientos y carreras de larga duraci\u00f3n e intensidad moderada. <\/div>\n<div><\/div>\n<div class=\"mb-2 whitespace-pre-line last:mb-0\">La tecnolog\u00eda de hidrogel permite encapsular los carbohidratos, facilitando su paso a trav\u00e9s del est\u00f3mago y promoviendo una absorci\u00f3n eficiente, reduciendo las molestias gastrointestinales que a menudo se asocian con el consumo de bebidas energ\u00e9ticas durante el ejercicio intenso. Este innovador mecanismo tambi\u00e9n contribuye a minimizar la sensaci\u00f3n de &#8220;temblor de l\u00edquido&#8221; en el est\u00f3mago, proporcionando un mayor confort durante el esfuerzo f\u00edsico. <\/div>\n<div><\/div>\n<div class=\"mb-2 whitespace-pre-line last:mb-0\"><strong>Principales ventajas:<\/strong><\/div>\n<ul>\n<li>Aporta 40 g de hidratos de carbono por raci\u00f3n (500 ml).<\/li>\n<li>Desarrollado para atletas de resistencia y deportes de larga duraci\u00f3n.<\/li>\n<li>Reduce las molestias gastrointestinales gracias a la tecnolog\u00eda Hydrogel.<\/li>\n<li>Ayuda a mantener los niveles \u00f3ptimos de energ\u00eda durante los entrenamientos y las competiciones.<\/li>\n<li>F\u00e1cil de preparar y combinar con otros productos de la gama Maurten 160 para una estrategia de nutrici\u00f3n personalizada.<\/li>\n<\/ul>\n<div class=\"mb-2 whitespace-pre-line last:mb-0\"><strong>Ingredientes:<\/strong><br \/>\nMaltodextrina, fructosa, gelificantes (algianato de sodio, pectina, bicarbonato de sodio), sal.<\/div>\n<div><\/div>\n<div class=\"mb-2 whitespace-pre-line last:mb-0\"><strong>Modo de empleo:<\/strong><br \/>\nDisolver el contenido de un sobre en 500 ml de agua y agitar hasta que se disuelva por completo. Consumir durante el ejercicio f\u00edsico seg\u00fan el plan de hidrataci\u00f3n y las necesidades energ\u00e9ticas. <\/div>\n<div><\/div>\n<div class=\"mb-2 whitespace-pre-line last:mb-0\"><strong>Informaci\u00f3n adicional:<\/strong><\/div>\n<ul>\n<li>Producto apto para deportistas de resistencia que quieran maximizar su ingesta de hidratos de carbono de forma eficiente y c\u00f3moda.<\/li>\n<li>Se puede utilizar junto con otros productos de Maurten para personalizar la estrategia de suministro de energ\u00eda.<\/li>\n<\/ul>\n<div class=\"mb-2 whitespace-pre-line last:mb-0\"><strong>Advertencias:<\/strong><br \/>\nNo exceder la dosis diaria recomendada. Mantener fuera del alcance de los ni\u00f1os.  Los complementos alimenticios no deben utilizarse como sustitutos de una dieta variada y equilibrada y de un estilo de vida saludable.<\/div>\n","protected":false},"excerpt":{"rendered":"<p>Maurten Drink Mix 160 es una innovadora soluci\u00f3n de hidratos de carbono para deportes de resistencia, desarrollada con la exclusiva tecnolog\u00eda de hidrogel. Cada servicio, al disolverse en 500 ml de agua, aporta 40 gramos de hidratos de carbono, por lo que es ideal para entrenamientos y carreras de larga duraci\u00f3n e intensidad moderada. La [&hellip;]<\/p>\n","protected":false},"featured_media":9126,"comment_status":"open","ping_status":"closed","template":"","meta":[],"product_cat":[222,217,233,224],"product_tag":[],"class_list":{"0":"post-9345","1":"product","2":"type-product","3":"status-publish","4":"has-post-thumbnail","6":"product_brand-maurten-es","7":"product_cat-mezcla-de-bebidas","8":"product_cat-nutricion-de-rendimiento","9":"product_cat-preparacion","10":"product_cat-recuperacion","12":"first","13":"instock","14":"taxable","15":"shipping-taxable","16":"purchasable","17":"product-type-simple"},"yoast_head":"<!-- This site is optimized with the Yoast SEO plugin v27.2 - https:\/\/yoast.com\/product\/yoast-seo-wordpress\/ -->\n<title>Maurten - Mezcla para bebidas 160, 42g - Store.Eventsmtb<\/title>\n<meta name=\"description\" content=\"Maurten - Mezcla para bebidas 160, 42g - Maurten Drink Mix 160 es una innovadora soluci\u00f3n de hidratos de ca...\" \/>\n<meta name=\"robots\" content=\"index, follow, max-snippet:-1, max-image-preview:large, max-video-preview:-1\" \/>\n<link rel=\"canonical\" href=\"https:\/\/store.eventsmtb.com\/es\/produto\/maurten-bebida-mix-160-42g\/\" \/>\n<meta property=\"og:locale\" content=\"es_ES\" \/>\n<meta property=\"og:type\" content=\"article\" \/>\n<meta property=\"og:title\" content=\"Maurten - Mezcla para bebidas 160, 42g - Store.Eventsmtb\" \/>\n<meta property=\"og:description\" content=\"Maurten - Mezcla para bebidas 160, 42g - Maurten Drink Mix 160 es una innovadora soluci\u00f3n de hidratos de ca...\" \/>\n<meta property=\"og:url\" content=\"https:\/\/store.eventsmtb.com\/es\/produto\/maurten-bebida-mix-160-42g\/\" \/>\n<meta property=\"og:site_name\" content=\"Store.Eventsmtb\" \/>\n<meta property=\"article:publisher\" content=\"https:\/\/www.facebook.com\/profile.php?id=100083151405925&amp;locale=pt_PT\" \/>\n<meta property=\"article:modified_time\" content=\"2025-10-07T15:22:34+00:00\" \/>\n<meta property=\"og:image\" content=\"https:\/\/store.eventsmtb.com\/wp-content\/uploads\/2025\/06\/Design-sem-nome-4.png\" \/>\n\t<meta property=\"og:image:width\" content=\"1000\" \/>\n\t<meta property=\"og:image:height\" content=\"1000\" \/>\n\t<meta property=\"og:image:type\" content=\"image\/png\" \/>\n<meta name=\"twitter:card\" content=\"summary_large_image\" \/>\n<meta name=\"twitter:label1\" content=\"Tiempo de lectura\" \/>\n\t<meta name=\"twitter:data1\" content=\"2 minutos\" \/>\n<script type=\"application\/ld+json\" class=\"yoast-schema-graph\">{\"@context\":\"https:\/\/schema.org\",\"@graph\":[{\"@type\":\"WebPage\",\"@id\":\"https:\/\/store.eventsmtb.com\/es\/produto\/maurten-bebida-mix-160-42g\/\",\"url\":\"https:\/\/store.eventsmtb.com\/es\/produto\/maurten-bebida-mix-160-42g\/\",\"name\":\"Maurten - Mezcla para bebidas 160, 42g - Store.Eventsmtb\",\"isPartOf\":{\"@id\":\"https:\/\/store.eventsmtb.com\/es\/#website\"},\"primaryImageOfPage\":{\"@id\":\"https:\/\/store.eventsmtb.com\/es\/produto\/maurten-bebida-mix-160-42g\/#primaryimage\"},\"image\":{\"@id\":\"https:\/\/store.eventsmtb.com\/es\/produto\/maurten-bebida-mix-160-42g\/#primaryimage\"},\"thumbnailUrl\":\"https:\/\/store.eventsmtb.com\/wp-content\/uploads\/2025\/06\/Design-sem-nome-4.png\",\"datePublished\":\"2025-06-11T14:31:33+00:00\",\"dateModified\":\"2025-10-07T15:22:34+00:00\",\"description\":\"Maurten - Mezcla para bebidas 160, 42g - Maurten Drink Mix 160 es una innovadora soluci\u00f3n de hidratos de ca...\",\"breadcrumb\":{\"@id\":\"https:\/\/store.eventsmtb.com\/es\/produto\/maurten-bebida-mix-160-42g\/#breadcrumb\"},\"inLanguage\":\"es\",\"potentialAction\":[{\"@type\":\"ReadAction\",\"target\":[\"https:\/\/store.eventsmtb.com\/es\/produto\/maurten-bebida-mix-160-42g\/\"]}]},{\"@type\":\"ImageObject\",\"inLanguage\":\"es\",\"@id\":\"https:\/\/store.eventsmtb.com\/es\/produto\/maurten-bebida-mix-160-42g\/#primaryimage\",\"url\":\"https:\/\/store.eventsmtb.com\/wp-content\/uploads\/2025\/06\/Design-sem-nome-4.png\",\"contentUrl\":\"https:\/\/store.eventsmtb.com\/wp-content\/uploads\/2025\/06\/Design-sem-nome-4.png\",\"width\":1000,\"height\":1000,\"caption\":\"Maurten \u2013 Bebida Mix 160, 42g\"},{\"@type\":\"BreadcrumbList\",\"@id\":\"https:\/\/store.eventsmtb.com\/es\/produto\/maurten-bebida-mix-160-42g\/#breadcrumb\",\"itemListElement\":[{\"@type\":\"ListItem\",\"position\":1,\"name\":\"In\u00edcio\",\"item\":\"https:\/\/store.eventsmtb.com\/es\/\"},{\"@type\":\"ListItem\",\"position\":2,\"name\":\"Tienda\",\"item\":\"https:\/\/store.eventsmtb.com\/es\/tienda\/\"},{\"@type\":\"ListItem\",\"position\":3,\"name\":\"Maurten &#8211; Mezcla para bebidas 160, 42g\"}]},{\"@type\":\"WebSite\",\"@id\":\"https:\/\/store.eventsmtb.com\/es\/#website\",\"url\":\"https:\/\/store.eventsmtb.com\/es\/\",\"name\":\"Store.Eventsmtb\",\"description\":\"Boost Yourself\",\"publisher\":{\"@id\":\"https:\/\/store.eventsmtb.com\/es\/#organization\"},\"potentialAction\":[{\"@type\":\"SearchAction\",\"target\":{\"@type\":\"EntryPoint\",\"urlTemplate\":\"https:\/\/store.eventsmtb.com\/es\/?s={search_term_string}\"},\"query-input\":{\"@type\":\"PropertyValueSpecification\",\"valueRequired\":true,\"valueName\":\"search_term_string\"}}],\"inLanguage\":\"es\"},{\"@type\":\"Organization\",\"@id\":\"https:\/\/store.eventsmtb.com\/es\/#organization\",\"name\":\"Store.Eventsmtb\",\"url\":\"https:\/\/store.eventsmtb.com\/es\/\",\"logo\":{\"@type\":\"ImageObject\",\"inLanguage\":\"es\",\"@id\":\"https:\/\/store.eventsmtb.com\/es\/#\/schema\/logo\/image\/\",\"url\":\"https:\/\/store.eventsmtb.com\/wp-content\/uploads\/2024\/08\/mtbstore-02-e1723109277246.png\",\"contentUrl\":\"https:\/\/store.eventsmtb.com\/wp-content\/uploads\/2024\/08\/mtbstore-02-e1723109277246.png\",\"width\":1925,\"height\":1765,\"caption\":\"Store.Eventsmtb\"},\"image\":{\"@id\":\"https:\/\/store.eventsmtb.com\/es\/#\/schema\/logo\/image\/\"},\"sameAs\":[\"https:\/\/www.facebook.com\/profile.php?id=100083151405925&locale=pt_PT\"]}]}<\/script>\n<!-- \/ Yoast SEO plugin. -->","yoast_head_json":{"title":"Maurten - Mezcla para bebidas 160, 42g - Store.Eventsmtb","description":"Maurten - Mezcla para bebidas 160, 42g - Maurten Drink Mix 160 es una innovadora soluci\u00f3n de hidratos de ca...","robots":{"index":"index","follow":"follow","max-snippet":"max-snippet:-1","max-image-preview":"max-image-preview:large","max-video-preview":"max-video-preview:-1"},"canonical":"https:\/\/store.eventsmtb.com\/es\/produto\/maurten-bebida-mix-160-42g\/","og_locale":"es_ES","og_type":"article","og_title":"Maurten - Mezcla para bebidas 160, 42g - Store.Eventsmtb","og_description":"Maurten - Mezcla para bebidas 160, 42g - Maurten Drink Mix 160 es una innovadora soluci\u00f3n de hidratos de ca...","og_url":"https:\/\/store.eventsmtb.com\/es\/produto\/maurten-bebida-mix-160-42g\/","og_site_name":"Store.Eventsmtb","article_publisher":"https:\/\/www.facebook.com\/profile.php?id=100083151405925&locale=pt_PT","article_modified_time":"2025-10-07T15:22:34+00:00","og_image":[{"width":1000,"height":1000,"url":"https:\/\/store.eventsmtb.com\/wp-content\/uploads\/2025\/06\/Design-sem-nome-4.png","type":"image\/png"}],"twitter_card":"summary_large_image","twitter_misc":{"Tiempo de lectura":"2 minutos"},"schema":{"@context":"https:\/\/schema.org","@graph":[{"@type":"WebPage","@id":"https:\/\/store.eventsmtb.com\/es\/produto\/maurten-bebida-mix-160-42g\/","url":"https:\/\/store.eventsmtb.com\/es\/produto\/maurten-bebida-mix-160-42g\/","name":"Maurten - Mezcla para bebidas 160, 42g - Store.Eventsmtb","isPartOf":{"@id":"https:\/\/store.eventsmtb.com\/es\/#website"},"primaryImageOfPage":{"@id":"https:\/\/store.eventsmtb.com\/es\/produto\/maurten-bebida-mix-160-42g\/#primaryimage"},"image":{"@id":"https:\/\/store.eventsmtb.com\/es\/produto\/maurten-bebida-mix-160-42g\/#primaryimage"},"thumbnailUrl":"https:\/\/store.eventsmtb.com\/wp-content\/uploads\/2025\/06\/Design-sem-nome-4.png","datePublished":"2025-06-11T14:31:33+00:00","dateModified":"2025-10-07T15:22:34+00:00","description":"Maurten - Mezcla para bebidas 160, 42g - Maurten Drink Mix 160 es una innovadora soluci\u00f3n de hidratos de ca...","breadcrumb":{"@id":"https:\/\/store.eventsmtb.com\/es\/produto\/maurten-bebida-mix-160-42g\/#breadcrumb"},"inLanguage":"es","potentialAction":[{"@type":"ReadAction","target":["https:\/\/store.eventsmtb.com\/es\/produto\/maurten-bebida-mix-160-42g\/"]}]},{"@type":"ImageObject","inLanguage":"es","@id":"https:\/\/store.eventsmtb.com\/es\/produto\/maurten-bebida-mix-160-42g\/#primaryimage","url":"https:\/\/store.eventsmtb.com\/wp-content\/uploads\/2025\/06\/Design-sem-nome-4.png","contentUrl":"https:\/\/store.eventsmtb.com\/wp-content\/uploads\/2025\/06\/Design-sem-nome-4.png","width":1000,"height":1000,"caption":"Maurten \u2013 Bebida Mix 160, 42g"},{"@type":"BreadcrumbList","@id":"https:\/\/store.eventsmtb.com\/es\/produto\/maurten-bebida-mix-160-42g\/#breadcrumb","itemListElement":[{"@type":"ListItem","position":1,"name":"In\u00edcio","item":"https:\/\/store.eventsmtb.com\/es\/"},{"@type":"ListItem","position":2,"name":"Tienda","item":"https:\/\/store.eventsmtb.com\/es\/tienda\/"},{"@type":"ListItem","position":3,"name":"Maurten &#8211; Mezcla para bebidas 160, 42g"}]},{"@type":"WebSite","@id":"https:\/\/store.eventsmtb.com\/es\/#website","url":"https:\/\/store.eventsmtb.com\/es\/","name":"Store.Eventsmtb","description":"Boost Yourself","publisher":{"@id":"https:\/\/store.eventsmtb.com\/es\/#organization"},"potentialAction":[{"@type":"SearchAction","target":{"@type":"EntryPoint","urlTemplate":"https:\/\/store.eventsmtb.com\/es\/?s={search_term_string}"},"query-input":{"@type":"PropertyValueSpecification","valueRequired":true,"valueName":"search_term_string"}}],"inLanguage":"es"},{"@type":"Organization","@id":"https:\/\/store.eventsmtb.com\/es\/#organization","name":"Store.Eventsmtb","url":"https:\/\/store.eventsmtb.com\/es\/","logo":{"@type":"ImageObject","inLanguage":"es","@id":"https:\/\/store.eventsmtb.com\/es\/#\/schema\/logo\/image\/","url":"https:\/\/store.eventsmtb.com\/wp-content\/uploads\/2024\/08\/mtbstore-02-e1723109277246.png","contentUrl":"https:\/\/store.eventsmtb.com\/wp-content\/uploads\/2024\/08\/mtbstore-02-e1723109277246.png","width":1925,"height":1765,"caption":"Store.Eventsmtb"},"image":{"@id":"https:\/\/store.eventsmtb.com\/es\/#\/schema\/logo\/image\/"},"sameAs":["https:\/\/www.facebook.com\/profile.php?id=100083151405925&locale=pt_PT"]}]}},"_links":{"self":[{"href":"https:\/\/store.eventsmtb.com\/es\/wp-json\/wp\/v2\/product\/9345","targetHints":{"allow":["GET"]}}],"collection":[{"href":"https:\/\/store.eventsmtb.com\/es\/wp-json\/wp\/v2\/product"}],"about":[{"href":"https:\/\/store.eventsmtb.com\/es\/wp-json\/wp\/v2\/types\/product"}],"replies":[{"embeddable":true,"href":"https:\/\/store.eventsmtb.com\/es\/wp-json\/wp\/v2\/comments?post=9345"}],"wp:featuredmedia":[{"embeddable":true,"href":"https:\/\/store.eventsmtb.com\/es\/wp-json\/wp\/v2\/media\/9126"}],"wp:attachment":[{"href":"https:\/\/store.eventsmtb.com\/es\/wp-json\/wp\/v2\/media?parent=9345"}],"wp:term":[{"taxonomy":"product_cat","embeddable":true,"href":"https:\/\/store.eventsmtb.com\/es\/wp-json\/wp\/v2\/product_cat?post=9345"},{"taxonomy":"product_tag","embeddable":true,"href":"https:\/\/store.eventsmtb.com\/es\/wp-json\/wp\/v2\/product_tag?post=9345"}],"curies":[{"name":"wp","href":"https:\/\/api.w.org\/{rel}","templated":true}]}}