{"id":9383,"date":"2025-07-23T16:00:34","date_gmt":"2025-07-23T16:00:34","guid":{"rendered":"https:\/\/store.eventsmtb.com\/produto\/scientific-nutrition-magnesio-liquido-limon-25ml\/"},"modified":"2025-10-07T15:22:26","modified_gmt":"2025-10-07T15:22:26","slug":"scientiffic-nutrition-magnesio-liquido-limon-25ml","status":"publish","type":"product","link":"https:\/\/store.eventsmtb.com\/es\/produto\/scientiffic-nutrition-magnesio-liquido-limon-25ml\/","title":{"rendered":"Scientific Nutrition Magnesio L\u00edquido &#8211; Lim\u00f3n"},"content":{"rendered":"<h2>Scientific Nutrition Magnesio L\u00edquido 25ml<\/h2>\n<div class=\"mb-2 whitespace-pre-line last:mb-0\" data-sentry-component=\"P\" data-sentry-source-file=\"p.tsx\">Si entrenas duro, \u00a1sabes que el magnesio no puede faltar! El magnesio l\u00edquido de Scientific Nutrition te ofrece la dosis adecuada de energ\u00eda y protecci\u00f3n muscular en c\u00f3modos viales de 25 ml, con sabor a lim\u00f3n para refrescarte. <\/div>\n<div class=\"mb-2 whitespace-pre-line last:mb-0\" data-sentry-component=\"P\" data-sentry-source-file=\"p.tsx\">Este suplemento utiliza citrato de magnesio, la forma m\u00e1s f\u00e1cil de absorber, para ayudar a combatir el cansancio, prevenir los calambres y darle a su sistema nervioso ese impulso. Sin efectos secundarios molestos y perfecto para aquellos que tienen dificultades para alcanzar las dosis recomendadas solo con alimentos. <\/div>\n<h3>Por qu\u00e9 querr\u00e1s intentarlo:<\/h3>\n<ul>\n<li>Reduce la fatiga, el cansancio y los calambres musculares<\/li>\n<li>Ayuda en el funcionamiento del sistema nervioso y el metabolismo energ\u00e9tico<\/li>\n<li>Favorece la recuperaci\u00f3n y protecci\u00f3n muscular<\/li>\n<li>1 vial al d\u00eda, f\u00e1cil de llevar a todas partes<\/li>\n<li>Ideal para atletas de resistencia y cualquier persona activa<\/li>\n<\/ul>\n<div class=\"mb-2 whitespace-pre-line last:mb-0\" data-sentry-component=\"P\" data-sentry-source-file=\"p.tsx\"><strong>Modo de consumo:<\/strong> 1 vial (25ml) al d\u00eda<br \/>\n<strong>Sabor:<\/strong> Lim\u00f3n<br \/>\n<strong>Presentaci\u00f3n:<\/strong> Caja con 20 viales de 25ml<\/div>\n<div class=\"mb-2 whitespace-pre-line last:mb-0\" data-sentry-component=\"P\" data-sentry-source-file=\"p.tsx\">Dale a tus m\u00fasculos lo que necesitan para rendir m\u00e1s: \u00a1prueba el magnesio l\u00edquido de Scientific Nutrition ahora y siente la diferencia!<\/div>\n<hr>\n","protected":false},"excerpt":{"rendered":"<p>Scientific Nutrition Magnesio L\u00edquido 25ml Si entrenas duro, \u00a1sabes que el magnesio no puede faltar! El magnesio l\u00edquido de Scientific Nutrition te ofrece la dosis adecuada de energ\u00eda y protecci\u00f3n muscular en c\u00f3modos viales de 25 ml, con sabor a lim\u00f3n para refrescarte. Este suplemento utiliza citrato de magnesio, la forma m\u00e1s f\u00e1cil de absorber, [&hellip;]<\/p>\n","protected":false},"featured_media":9376,"comment_status":"open","ping_status":"closed","template":"","meta":[],"product_cat":[217,232],"product_tag":[],"class_list":{"0":"post-9383","1":"product","2":"type-product","3":"status-publish","4":"has-post-thumbnail","6":"product_brand-scientiffic-nutrition-es","7":"product_cat-nutricion-de-rendimiento","8":"product_cat-resistencia","10":"first","11":"instock","12":"taxable","13":"shipping-taxable","14":"purchasable","15":"product-type-simple"},"yoast_head":"<!-- This site is optimized with the Yoast SEO plugin v27.2 - https:\/\/yoast.com\/product\/yoast-seo-wordpress\/ -->\n<title>Scientific Nutrition Magnesio L\u00edquido - Lim\u00f3n, 25ml - Store.Eventsmtb<\/title>\n<meta name=\"description\" content=\"Si entrenas duro, \u00a1sabes que el magnesio no puede faltar! El magnesio l\u00edquido de Scientific Nutrition te aporta la dosis adecuada de energ\u00eda.\" \/>\n<meta name=\"robots\" content=\"index, follow, max-snippet:-1, max-image-preview:large, max-video-preview:-1\" \/>\n<link rel=\"canonical\" href=\"https:\/\/store.eventsmtb.com\/es\/produto\/scientiffic-nutrition-magnesio-liquido-limon-25ml\/\" \/>\n<meta property=\"og:locale\" content=\"es_ES\" \/>\n<meta property=\"og:type\" content=\"article\" \/>\n<meta property=\"og:title\" content=\"Scientific Nutrition Magnesio L\u00edquido - Lim\u00f3n, 25ml - Store.Eventsmtb\" \/>\n<meta property=\"og:description\" content=\"Si entrenas duro, \u00a1sabes que el magnesio no puede faltar! El magnesio l\u00edquido de Scientific Nutrition te aporta la dosis adecuada de energ\u00eda.\" \/>\n<meta property=\"og:url\" content=\"https:\/\/store.eventsmtb.com\/es\/produto\/scientiffic-nutrition-magnesio-liquido-limon-25ml\/\" \/>\n<meta property=\"og:site_name\" content=\"Store.Eventsmtb\" \/>\n<meta property=\"article:publisher\" content=\"https:\/\/www.facebook.com\/profile.php?id=100083151405925&amp;locale=pt_PT\" \/>\n<meta property=\"article:modified_time\" content=\"2025-10-07T15:22:26+00:00\" \/>\n<meta property=\"og:image\" content=\"https:\/\/store.eventsmtb.com\/wp-content\/uploads\/2025\/07\/Design-sem-nome.png\" \/>\n\t<meta property=\"og:image:width\" content=\"1000\" \/>\n\t<meta property=\"og:image:height\" content=\"1000\" \/>\n\t<meta property=\"og:image:type\" content=\"image\/png\" \/>\n<meta name=\"twitter:card\" content=\"summary_large_image\" \/>\n<meta name=\"twitter:label1\" content=\"Tiempo de lectura\" \/>\n\t<meta name=\"twitter:data1\" content=\"2 minutos\" \/>\n<script type=\"application\/ld+json\" class=\"yoast-schema-graph\">{\"@context\":\"https:\/\/schema.org\",\"@graph\":[{\"@type\":\"WebPage\",\"@id\":\"https:\/\/store.eventsmtb.com\/es\/produto\/scientiffic-nutrition-magnesio-liquido-limon-25ml\/\",\"url\":\"https:\/\/store.eventsmtb.com\/es\/produto\/scientiffic-nutrition-magnesio-liquido-limon-25ml\/\",\"name\":\"Scientific Nutrition Magnesio L\u00edquido - Lim\u00f3n, 25ml - Store.Eventsmtb\",\"isPartOf\":{\"@id\":\"https:\/\/store.eventsmtb.com\/es\/#website\"},\"primaryImageOfPage\":{\"@id\":\"https:\/\/store.eventsmtb.com\/es\/produto\/scientiffic-nutrition-magnesio-liquido-limon-25ml\/#primaryimage\"},\"image\":{\"@id\":\"https:\/\/store.eventsmtb.com\/es\/produto\/scientiffic-nutrition-magnesio-liquido-limon-25ml\/#primaryimage\"},\"thumbnailUrl\":\"https:\/\/store.eventsmtb.com\/wp-content\/uploads\/2025\/07\/Design-sem-nome.png\",\"datePublished\":\"2025-07-23T16:00:34+00:00\",\"dateModified\":\"2025-10-07T15:22:26+00:00\",\"description\":\"Si entrenas duro, \u00a1sabes que el magnesio no puede faltar! El magnesio l\u00edquido de Scientific Nutrition te aporta la dosis adecuada de energ\u00eda.\",\"breadcrumb\":{\"@id\":\"https:\/\/store.eventsmtb.com\/es\/produto\/scientiffic-nutrition-magnesio-liquido-limon-25ml\/#breadcrumb\"},\"inLanguage\":\"es\",\"potentialAction\":[{\"@type\":\"ReadAction\",\"target\":[\"https:\/\/store.eventsmtb.com\/es\/produto\/scientiffic-nutrition-magnesio-liquido-limon-25ml\/\"]}]},{\"@type\":\"ImageObject\",\"inLanguage\":\"es\",\"@id\":\"https:\/\/store.eventsmtb.com\/es\/produto\/scientiffic-nutrition-magnesio-liquido-limon-25ml\/#primaryimage\",\"url\":\"https:\/\/store.eventsmtb.com\/wp-content\/uploads\/2025\/07\/Design-sem-nome.png\",\"contentUrl\":\"https:\/\/store.eventsmtb.com\/wp-content\/uploads\/2025\/07\/Design-sem-nome.png\",\"width\":1000,\"height\":1000,\"caption\":\"Scientific Nutrition Magnesio L\u00edquido 25ml\"},{\"@type\":\"BreadcrumbList\",\"@id\":\"https:\/\/store.eventsmtb.com\/es\/produto\/scientiffic-nutrition-magnesio-liquido-limon-25ml\/#breadcrumb\",\"itemListElement\":[{\"@type\":\"ListItem\",\"position\":1,\"name\":\"In\u00edcio\",\"item\":\"https:\/\/store.eventsmtb.com\/es\/\"},{\"@type\":\"ListItem\",\"position\":2,\"name\":\"Tienda\",\"item\":\"https:\/\/store.eventsmtb.com\/es\/tienda\/\"},{\"@type\":\"ListItem\",\"position\":3,\"name\":\"Scientific Nutrition Magnesio L\u00edquido &#8211; Lim\u00f3n\"}]},{\"@type\":\"WebSite\",\"@id\":\"https:\/\/store.eventsmtb.com\/es\/#website\",\"url\":\"https:\/\/store.eventsmtb.com\/es\/\",\"name\":\"Store.Eventsmtb\",\"description\":\"Boost Yourself\",\"publisher\":{\"@id\":\"https:\/\/store.eventsmtb.com\/es\/#organization\"},\"potentialAction\":[{\"@type\":\"SearchAction\",\"target\":{\"@type\":\"EntryPoint\",\"urlTemplate\":\"https:\/\/store.eventsmtb.com\/es\/?s={search_term_string}\"},\"query-input\":{\"@type\":\"PropertyValueSpecification\",\"valueRequired\":true,\"valueName\":\"search_term_string\"}}],\"inLanguage\":\"es\"},{\"@type\":\"Organization\",\"@id\":\"https:\/\/store.eventsmtb.com\/es\/#organization\",\"name\":\"Store.Eventsmtb\",\"url\":\"https:\/\/store.eventsmtb.com\/es\/\",\"logo\":{\"@type\":\"ImageObject\",\"inLanguage\":\"es\",\"@id\":\"https:\/\/store.eventsmtb.com\/es\/#\/schema\/logo\/image\/\",\"url\":\"https:\/\/store.eventsmtb.com\/wp-content\/uploads\/2024\/08\/mtbstore-02-e1723109277246.png\",\"contentUrl\":\"https:\/\/store.eventsmtb.com\/wp-content\/uploads\/2024\/08\/mtbstore-02-e1723109277246.png\",\"width\":1925,\"height\":1765,\"caption\":\"Store.Eventsmtb\"},\"image\":{\"@id\":\"https:\/\/store.eventsmtb.com\/es\/#\/schema\/logo\/image\/\"},\"sameAs\":[\"https:\/\/www.facebook.com\/profile.php?id=100083151405925&locale=pt_PT\"]}]}<\/script>\n<!-- \/ Yoast SEO plugin. -->","yoast_head_json":{"title":"Scientific Nutrition Magnesio L\u00edquido - Lim\u00f3n, 25ml - Store.Eventsmtb","description":"Si entrenas duro, \u00a1sabes que el magnesio no puede faltar! El magnesio l\u00edquido de Scientific Nutrition te aporta la dosis adecuada de energ\u00eda.","robots":{"index":"index","follow":"follow","max-snippet":"max-snippet:-1","max-image-preview":"max-image-preview:large","max-video-preview":"max-video-preview:-1"},"canonical":"https:\/\/store.eventsmtb.com\/es\/produto\/scientiffic-nutrition-magnesio-liquido-limon-25ml\/","og_locale":"es_ES","og_type":"article","og_title":"Scientific Nutrition Magnesio L\u00edquido - Lim\u00f3n, 25ml - Store.Eventsmtb","og_description":"Si entrenas duro, \u00a1sabes que el magnesio no puede faltar! El magnesio l\u00edquido de Scientific Nutrition te aporta la dosis adecuada de energ\u00eda.","og_url":"https:\/\/store.eventsmtb.com\/es\/produto\/scientiffic-nutrition-magnesio-liquido-limon-25ml\/","og_site_name":"Store.Eventsmtb","article_publisher":"https:\/\/www.facebook.com\/profile.php?id=100083151405925&locale=pt_PT","article_modified_time":"2025-10-07T15:22:26+00:00","og_image":[{"width":1000,"height":1000,"url":"https:\/\/store.eventsmtb.com\/wp-content\/uploads\/2025\/07\/Design-sem-nome.png","type":"image\/png"}],"twitter_card":"summary_large_image","twitter_misc":{"Tiempo de lectura":"2 minutos"},"schema":{"@context":"https:\/\/schema.org","@graph":[{"@type":"WebPage","@id":"https:\/\/store.eventsmtb.com\/es\/produto\/scientiffic-nutrition-magnesio-liquido-limon-25ml\/","url":"https:\/\/store.eventsmtb.com\/es\/produto\/scientiffic-nutrition-magnesio-liquido-limon-25ml\/","name":"Scientific Nutrition Magnesio L\u00edquido - Lim\u00f3n, 25ml - Store.Eventsmtb","isPartOf":{"@id":"https:\/\/store.eventsmtb.com\/es\/#website"},"primaryImageOfPage":{"@id":"https:\/\/store.eventsmtb.com\/es\/produto\/scientiffic-nutrition-magnesio-liquido-limon-25ml\/#primaryimage"},"image":{"@id":"https:\/\/store.eventsmtb.com\/es\/produto\/scientiffic-nutrition-magnesio-liquido-limon-25ml\/#primaryimage"},"thumbnailUrl":"https:\/\/store.eventsmtb.com\/wp-content\/uploads\/2025\/07\/Design-sem-nome.png","datePublished":"2025-07-23T16:00:34+00:00","dateModified":"2025-10-07T15:22:26+00:00","description":"Si entrenas duro, \u00a1sabes que el magnesio no puede faltar! El magnesio l\u00edquido de Scientific Nutrition te aporta la dosis adecuada de energ\u00eda.","breadcrumb":{"@id":"https:\/\/store.eventsmtb.com\/es\/produto\/scientiffic-nutrition-magnesio-liquido-limon-25ml\/#breadcrumb"},"inLanguage":"es","potentialAction":[{"@type":"ReadAction","target":["https:\/\/store.eventsmtb.com\/es\/produto\/scientiffic-nutrition-magnesio-liquido-limon-25ml\/"]}]},{"@type":"ImageObject","inLanguage":"es","@id":"https:\/\/store.eventsmtb.com\/es\/produto\/scientiffic-nutrition-magnesio-liquido-limon-25ml\/#primaryimage","url":"https:\/\/store.eventsmtb.com\/wp-content\/uploads\/2025\/07\/Design-sem-nome.png","contentUrl":"https:\/\/store.eventsmtb.com\/wp-content\/uploads\/2025\/07\/Design-sem-nome.png","width":1000,"height":1000,"caption":"Scientific Nutrition Magnesio L\u00edquido 25ml"},{"@type":"BreadcrumbList","@id":"https:\/\/store.eventsmtb.com\/es\/produto\/scientiffic-nutrition-magnesio-liquido-limon-25ml\/#breadcrumb","itemListElement":[{"@type":"ListItem","position":1,"name":"In\u00edcio","item":"https:\/\/store.eventsmtb.com\/es\/"},{"@type":"ListItem","position":2,"name":"Tienda","item":"https:\/\/store.eventsmtb.com\/es\/tienda\/"},{"@type":"ListItem","position":3,"name":"Scientific Nutrition Magnesio L\u00edquido &#8211; Lim\u00f3n"}]},{"@type":"WebSite","@id":"https:\/\/store.eventsmtb.com\/es\/#website","url":"https:\/\/store.eventsmtb.com\/es\/","name":"Store.Eventsmtb","description":"Boost Yourself","publisher":{"@id":"https:\/\/store.eventsmtb.com\/es\/#organization"},"potentialAction":[{"@type":"SearchAction","target":{"@type":"EntryPoint","urlTemplate":"https:\/\/store.eventsmtb.com\/es\/?s={search_term_string}"},"query-input":{"@type":"PropertyValueSpecification","valueRequired":true,"valueName":"search_term_string"}}],"inLanguage":"es"},{"@type":"Organization","@id":"https:\/\/store.eventsmtb.com\/es\/#organization","name":"Store.Eventsmtb","url":"https:\/\/store.eventsmtb.com\/es\/","logo":{"@type":"ImageObject","inLanguage":"es","@id":"https:\/\/store.eventsmtb.com\/es\/#\/schema\/logo\/image\/","url":"https:\/\/store.eventsmtb.com\/wp-content\/uploads\/2024\/08\/mtbstore-02-e1723109277246.png","contentUrl":"https:\/\/store.eventsmtb.com\/wp-content\/uploads\/2024\/08\/mtbstore-02-e1723109277246.png","width":1925,"height":1765,"caption":"Store.Eventsmtb"},"image":{"@id":"https:\/\/store.eventsmtb.com\/es\/#\/schema\/logo\/image\/"},"sameAs":["https:\/\/www.facebook.com\/profile.php?id=100083151405925&locale=pt_PT"]}]}},"_links":{"self":[{"href":"https:\/\/store.eventsmtb.com\/es\/wp-json\/wp\/v2\/product\/9383","targetHints":{"allow":["GET"]}}],"collection":[{"href":"https:\/\/store.eventsmtb.com\/es\/wp-json\/wp\/v2\/product"}],"about":[{"href":"https:\/\/store.eventsmtb.com\/es\/wp-json\/wp\/v2\/types\/product"}],"replies":[{"embeddable":true,"href":"https:\/\/store.eventsmtb.com\/es\/wp-json\/wp\/v2\/comments?post=9383"}],"wp:featuredmedia":[{"embeddable":true,"href":"https:\/\/store.eventsmtb.com\/es\/wp-json\/wp\/v2\/media\/9376"}],"wp:attachment":[{"href":"https:\/\/store.eventsmtb.com\/es\/wp-json\/wp\/v2\/media?parent=9383"}],"wp:term":[{"taxonomy":"product_cat","embeddable":true,"href":"https:\/\/store.eventsmtb.com\/es\/wp-json\/wp\/v2\/product_cat?post=9383"},{"taxonomy":"product_tag","embeddable":true,"href":"https:\/\/store.eventsmtb.com\/es\/wp-json\/wp\/v2\/product_tag?post=9383"}],"curies":[{"name":"wp","href":"https:\/\/api.w.org\/{rel}","templated":true}]}}